{"id":28009,"date":"2024-02-05T10:55:54","date_gmt":"2024-02-05T08:55:54","guid":{"rendered":"https:\/\/www.designenlassen.de\/blog\/?page_id=28009"},"modified":"2024-04-23T12:21:53","modified_gmt":"2024-04-23T10:21:53","slug":"aeg-logo","status":"publish","type":"page","link":"https:\/\/www.designenlassen.de\/blog\/bekannte-logos\/aeg-logo\/","title":{"rendered":"AEG Logo"},"content":{"rendered":"\n<figure class=\"wp-block-image size-large is-resized\"><img fetchpriority=\"high\" decoding=\"async\" width=\"1024\" height=\"390\" src=\"https:\/\/www.designenlassen.de\/blog\/wp-content\/uploads\/2024\/02\/AEG_Logo_Red_RGB-1024x390.jpg\" alt=\"\" class=\"wp-image-28029\" style=\"width:930px;height:auto\" srcset=\"https:\/\/www.designenlassen.de\/blog\/wp-content\/uploads\/2024\/02\/AEG_Logo_Red_RGB-1024x390.jpg 1024w, https:\/\/www.designenlassen.de\/blog\/wp-content\/uploads\/2024\/02\/AEG_Logo_Red_RGB-300x114.jpg 300w, https:\/\/www.designenlassen.de\/blog\/wp-content\/uploads\/2024\/02\/AEG_Logo_Red_RGB-768x292.jpg 768w, https:\/\/www.designenlassen.de\/blog\/wp-content\/uploads\/2024\/02\/AEG_Logo_Red_RGB-1536x584.jpg 1536w, https:\/\/www.designenlassen.de\/blog\/wp-content\/uploads\/2024\/02\/AEG_Logo_Red_RGB-2048x779.jpg 2048w\" sizes=\"(max-width: 1024px) 100vw, 1024px\" \/><figcaption class=\"wp-element-caption\"><strong>\u00a9<\/strong> AEG \/ aeg.de<\/figcaption><\/figure>\n\n\n\n<p>In der Welt der Elektroger\u00e4te und Technologie hat sich die Marke AEG als Synonym f\u00fcr Pioniergeist, Qualit\u00e4t und Innovation etabliert. Seit ihrer Gr\u00fcndung hat die Firma einen beeindruckenden Weg zur\u00fcckgelegt, der nicht nur die Geschichte eines Unternehmens, sondern auch die Evolution moderner Haushaltsger\u00e4te und Elektrotechnik widerspiegelt.<\/p>\n\n\n\n<div style=\"height:21px\" aria-hidden=\"true\" class=\"wp-block-spacer\"><\/div>\n\n\n\n<div class=\"wp-block-buttons is-content-justification-center is-layout-flex wp-container-core-buttons-is-layout-16018d1d wp-block-buttons-is-layout-flex\">\n<div class=\"wp-block-button is-style-fill\"><a class=\"wp-block-button__link has-white-color has-text-color has-background has-text-align-left wp-element-button\" href=\"https:\/\/www.designenlassen.de\/logo-design?utm_source=blog&amp;utm_medium=button&amp;utm_campaign=logo-sammlung\" style=\"background-color:#091182\">Jetzt Logo erstellen<\/a><\/div>\n<\/div>\n\n\n\n<div style=\"height:27px\" aria-hidden=\"true\" class=\"wp-block-spacer\"><\/div>\n\n\n\n\n\n<h2 class=\"wp-block-heading\">Ursprung<\/h2>\n\n\n\n<p>Die Wurzeln von AEG reichen zur\u00fcck bis ins 19. Jahrhundert. Im <strong>Jahr 1883 gr\u00fcndete der Unternehmer Emil Rathenau <\/strong>die &#8222;Deutsche Edison-Gesellschaft f\u00fcr angewandte Elektricit\u00e4t&#8220;, die sich sp\u00e4ter in die heute weltweit bekannte Marke AEG verwandelte. Die Firma war von Anfang an bestrebt, die Elektrifizierung in Deutschland voranzutreiben und trug ma\u00dfgeblich zur Entwicklung von elektrischen Haushaltsger\u00e4ten bei.<\/p>\n\n\n\n<h2 class=\"wp-block-heading\">Entwicklung <\/h2>\n\n\n\n<p>AEG hat im Laufe der Jahre eine beeindruckende Entwicklung durchlebt. Von den ersten elektrischen Leuchten und Generatoren bis hin zu modernen Haushaltsger\u00e4ten und Industriel\u00f6sungen \u2013 AEG war stets Vorreiter in der Elektrotechnik. <\/p>\n\n\n\n<p>In den 1920er Jahren brachte AEG den ersten elektrischen K\u00fchlschrank auf den Markt und revolutionierte so den Alltag vieler Haushalte. Die kontinuierliche Innovationskraft der Firma spiegelt sich auch heute in ihrem breiten Produktportfolio wider, das von Haushaltsger\u00e4ten \u00fcber Elektrowerkzeuge bis hin zu Industriel\u00f6sungen reicht.<\/p>\n\n\n\n<h2 class=\"wp-block-heading\">Bedeutung<\/h2>\n\n\n\n<p>Die Bedeutung von AEG erstreckt sich weit \u00fcber die Grenzen Deutschlands hinaus. Als eines der f\u00fchrenden Unternehmen im Bereich Elektroger\u00e4te und Technologie hat AEG nicht nur den Alltag unz\u00e4hliger Verbraucher gepr\u00e4gt, sondern auch die Industrie nachhaltig beeinflusst. Die Marke steht f\u00fcr Qualit\u00e4t, Zuverl\u00e4ssigkeit und Fortschritt \u2013 Eigenschaften, die AEG zu einem Vertrauensbegriff machen.<\/p>\n\n\n\n<div class=\"sof\">\n<h2>Individuelles Design oder Logo gesucht?<\/h2>\n<p>Bei designenlassen.de findest Du \u00fcber <b>100.000 Designer, die Dir ein einzigartiges Design nach Deinen W\u00fcnschen kreieren.<\/b> Starte jetzt Deinen eigenen Designwettbewerb und erhalte zahlreiche individuelle Vorschl\u00e4ge.<br><\/p>\n\n\n\n<\/div>\n\n\n\n<div class=\"wp-block-buttons is-content-justification-center is-layout-flex wp-container-core-buttons-is-layout-16018d1d wp-block-buttons-is-layout-flex\">\n<div class=\"wp-block-button is-style-fill\"><a class=\"wp-block-button__link has-white-color has-text-color has-background has-text-align-left wp-element-button\" href=\"https:\/\/www.designenlassen.de\/logo-design?utm_source=blog&amp;utm_medium=button&amp;utm_campaign=logo-sammlung\" style=\"background-color:#091182\">Jetzt Logo erstellen<\/a><\/div>\n<\/div>\n\n\n\n<div style=\"height:34px\" aria-hidden=\"true\" class=\"wp-block-spacer\"><\/div>\n\n\n\n<h2 class=\"wp-block-heading\">Von uns erstellte Logos<\/h2>\n\n\n\n<figure class=\"wp-block-gallery has-nested-images columns-default is-cropped wp-block-gallery-1 is-layout-flex wp-block-gallery-is-layout-flex\">\n<figure class=\"wp-block-image size-full\"><img decoding=\"async\" width=\"338\" height=\"338\" data-id=\"23296\" src=\"https:\/\/www.designenlassen.de\/blog\/wp-content\/uploads\/2021\/02\/Elektriker-Logo-Elektro-Motzkus-939516-davincho.png\" alt=\"Elektriker-Logo-Elektro-Motzkus\" class=\"wp-image-23296\" srcset=\"https:\/\/www.designenlassen.de\/blog\/wp-content\/uploads\/2021\/02\/Elektriker-Logo-Elektro-Motzkus-939516-davincho.png 338w, https:\/\/www.designenlassen.de\/blog\/wp-content\/uploads\/2021\/02\/Elektriker-Logo-Elektro-Motzkus-939516-davincho-300x300.png 300w, https:\/\/www.designenlassen.de\/blog\/wp-content\/uploads\/2021\/02\/Elektriker-Logo-Elektro-Motzkus-939516-davincho-150x150.png 150w\" sizes=\"(max-width: 338px) 100vw, 338px\" \/><figcaption class=\"wp-element-caption\">Logo-Design f\u00fcr Volleyballsportverein von Morar<\/figcaption><\/figure>\n\n\n\n<figure class=\"wp-block-image size-full\"><img decoding=\"async\" width=\"338\" height=\"338\" data-id=\"23283\" src=\"https:\/\/www.designenlassen.de\/blog\/wp-content\/uploads\/2021\/02\/Elektro-Logo-Kabel-Kontakt-323991-Lexlinx.png\" alt=\"\" class=\"wp-image-23283\" srcset=\"https:\/\/www.designenlassen.de\/blog\/wp-content\/uploads\/2021\/02\/Elektro-Logo-Kabel-Kontakt-323991-Lexlinx.png 338w, https:\/\/www.designenlassen.de\/blog\/wp-content\/uploads\/2021\/02\/Elektro-Logo-Kabel-Kontakt-323991-Lexlinx-300x300.png 300w, https:\/\/www.designenlassen.de\/blog\/wp-content\/uploads\/2021\/02\/Elektro-Logo-Kabel-Kontakt-323991-Lexlinx-150x150.png 150w\" sizes=\"(max-width: 338px) 100vw, 338px\" \/><\/figure>\n\n\n\n<figure class=\"wp-block-image size-full\"><img loading=\"lazy\" decoding=\"async\" width=\"338\" height=\"338\" data-id=\"23292\" src=\"https:\/\/www.designenlassen.de\/blog\/wp-content\/uploads\/2021\/02\/Elektriker-Logo-Stromimpuls-Elektrotechnik-977456-p-i-t-u-e.png\" alt=\"Elektriker-Logo-Stromimpuls-Elektrotechnik\" class=\"wp-image-23292\" srcset=\"https:\/\/www.designenlassen.de\/blog\/wp-content\/uploads\/2021\/02\/Elektriker-Logo-Stromimpuls-Elektrotechnik-977456-p-i-t-u-e.png 338w, https:\/\/www.designenlassen.de\/blog\/wp-content\/uploads\/2021\/02\/Elektriker-Logo-Stromimpuls-Elektrotechnik-977456-p-i-t-u-e-300x300.png 300w, https:\/\/www.designenlassen.de\/blog\/wp-content\/uploads\/2021\/02\/Elektriker-Logo-Stromimpuls-Elektrotechnik-977456-p-i-t-u-e-150x150.png 150w\" sizes=\"(max-width: 338px) 100vw, 338px\" \/><\/figure>\n\n\n\n<figure class=\"wp-block-image size-full\"><img loading=\"lazy\" decoding=\"async\" width=\"338\" height=\"338\" data-id=\"23282\" src=\"https:\/\/www.designenlassen.de\/blog\/wp-content\/uploads\/2021\/02\/etrio-Elektrotechnik-Logo-Design-Elektriker-618587-zisdsg.jpg\" alt=\"etrio-Elektrotechnik-Logo-Design-Elektriker\" class=\"wp-image-23282\" srcset=\"https:\/\/www.designenlassen.de\/blog\/wp-content\/uploads\/2021\/02\/etrio-Elektrotechnik-Logo-Design-Elektriker-618587-zisdsg.jpg 338w, https:\/\/www.designenlassen.de\/blog\/wp-content\/uploads\/2021\/02\/etrio-Elektrotechnik-Logo-Design-Elektriker-618587-zisdsg-300x300.jpg 300w, https:\/\/www.designenlassen.de\/blog\/wp-content\/uploads\/2021\/02\/etrio-Elektrotechnik-Logo-Design-Elektriker-618587-zisdsg-150x150.jpg 150w\" sizes=\"(max-width: 338px) 100vw, 338px\" \/><\/figure>\n\n\n\n<figure class=\"wp-block-image size-full\"><img loading=\"lazy\" decoding=\"async\" width=\"338\" height=\"338\" data-id=\"23281\" src=\"https:\/\/www.designenlassen.de\/blog\/wp-content\/uploads\/2021\/02\/Elektro-Logo-Herzberg-Industries-322261-arief-97.png\" alt=\"Elektro-Logo-Herzberg-Industries\" class=\"wp-image-23281\" srcset=\"https:\/\/www.designenlassen.de\/blog\/wp-content\/uploads\/2021\/02\/Elektro-Logo-Herzberg-Industries-322261-arief-97.png 338w, https:\/\/www.designenlassen.de\/blog\/wp-content\/uploads\/2021\/02\/Elektro-Logo-Herzberg-Industries-322261-arief-97-300x300.png 300w, https:\/\/www.designenlassen.de\/blog\/wp-content\/uploads\/2021\/02\/Elektro-Logo-Herzberg-Industries-322261-arief-97-150x150.png 150w\" sizes=\"(max-width: 338px) 100vw, 338px\" \/><\/figure>\n\n\n\n<figure class=\"wp-block-image size-full\"><img loading=\"lazy\" decoding=\"async\" width=\"800\" height=\"472\" data-id=\"23280\" src=\"https:\/\/www.designenlassen.de\/blog\/wp-content\/uploads\/2021\/02\/Elektro-Logo-Das-Werkzeughaus-129398-kraskosha.jpg\" alt=\"Elektro-Logo-Das-Werkzeughaus\" class=\"wp-image-23280\" srcset=\"https:\/\/www.designenlassen.de\/blog\/wp-content\/uploads\/2021\/02\/Elektro-Logo-Das-Werkzeughaus-129398-kraskosha.jpg 800w, https:\/\/www.designenlassen.de\/blog\/wp-content\/uploads\/2021\/02\/Elektro-Logo-Das-Werkzeughaus-129398-kraskosha-300x177.jpg 300w, https:\/\/www.designenlassen.de\/blog\/wp-content\/uploads\/2021\/02\/Elektro-Logo-Das-Werkzeughaus-129398-kraskosha-768x453.jpg 768w\" sizes=\"(max-width: 800px) 100vw, 800px\" \/><figcaption class=\"wp-element-caption\">T-Shirt-Design von j0815<\/figcaption><\/figure>\n\n\n\n<figure class=\"wp-block-image size-full\"><img loading=\"lazy\" decoding=\"async\" width=\"338\" height=\"338\" data-id=\"12651\" src=\"https:\/\/www.designenlassen.de\/blog\/wp-content\/uploads\/2015\/08\/Elektriker-Logo-Design-Elektrotechnik-Kowolik-554488.jpg\" alt=\"Elektriker Logo Design Elektrotechnik Kowolik 554488\" class=\"wp-image-12651\" srcset=\"https:\/\/www.designenlassen.de\/blog\/wp-content\/uploads\/2015\/08\/Elektriker-Logo-Design-Elektrotechnik-Kowolik-554488.jpg 338w, https:\/\/www.designenlassen.de\/blog\/wp-content\/uploads\/2015\/08\/Elektriker-Logo-Design-Elektrotechnik-Kowolik-554488-150x150.jpg 150w, https:\/\/www.designenlassen.de\/blog\/wp-content\/uploads\/2015\/08\/Elektriker-Logo-Design-Elektrotechnik-Kowolik-554488-300x300.jpg 300w\" sizes=\"(max-width: 338px) 100vw, 338px\" \/><figcaption class=\"wp-element-caption\">Logo-Design von WhoopWhoop<\/figcaption><\/figure>\n\n\n\n<figure class=\"wp-block-image size-full\"><img loading=\"lazy\" decoding=\"async\" width=\"338\" height=\"338\" data-id=\"12649\" src=\"https:\/\/www.designenlassen.de\/blog\/wp-content\/uploads\/2015\/08\/Elektriker-Logo-Design-Elektrotechnik-Schwarz-454991.png\" alt=\"Elektriker Logo Design Elektrotechnik Schwarz 454991\" class=\"wp-image-12649\" srcset=\"https:\/\/www.designenlassen.de\/blog\/wp-content\/uploads\/2015\/08\/Elektriker-Logo-Design-Elektrotechnik-Schwarz-454991.png 338w, https:\/\/www.designenlassen.de\/blog\/wp-content\/uploads\/2015\/08\/Elektriker-Logo-Design-Elektrotechnik-Schwarz-454991-150x150.png 150w, https:\/\/www.designenlassen.de\/blog\/wp-content\/uploads\/2015\/08\/Elektriker-Logo-Design-Elektrotechnik-Schwarz-454991-300x300.png 300w\" sizes=\"(max-width: 338px) 100vw, 338px\" \/><\/figure>\n\n\n\n<figure class=\"wp-block-image size-full\"><img loading=\"lazy\" decoding=\"async\" width=\"338\" height=\"338\" data-id=\"12522\" src=\"https:\/\/www.designenlassen.de\/blog\/wp-content\/uploads\/2018\/07\/Logo-Initialen-Herlan-Elektronik-338389.png\" alt=\"Logo Initialen Herlan Elektronik 338389\" class=\"wp-image-12522\" srcset=\"https:\/\/www.designenlassen.de\/blog\/wp-content\/uploads\/2018\/07\/Logo-Initialen-Herlan-Elektronik-338389.png 338w, https:\/\/www.designenlassen.de\/blog\/wp-content\/uploads\/2018\/07\/Logo-Initialen-Herlan-Elektronik-338389-150x150.png 150w, https:\/\/www.designenlassen.de\/blog\/wp-content\/uploads\/2018\/07\/Logo-Initialen-Herlan-Elektronik-338389-300x300.png 300w\" sizes=\"(max-width: 338px) 100vw, 338px\" \/><\/figure>\n<\/figure>\n\n\n\n<p class=\"has-text-align-center\"><a href=\"https:\/\/www.designenlassen.de\/blog\/category\/inspiration\/\">Mehr Designs entdecken<\/a><\/p>\n\n\n\n<h2 class=\"wp-block-heading\">FAQs: Die wichtigsten Fragen zum AEG Logo<\/h2>\n\n\n\n<div style=\"height:34px\" aria-hidden=\"true\" class=\"wp-block-spacer\"><\/div>\n\n\n\n<h3 class=\"wp-block-heading\">Was repr\u00e4sentiert das AEG-Logo?<\/h3>\n\n\n\n<p>Das <strong>AEG-Logo, bestehend aus den stilisierten Buchstaben A, E und G,<\/strong> repr\u00e4sentiert die Eleganz und Modernit\u00e4t der Marke. Die klaren Linien und das minimalistische Design spiegeln die Pr\u00e4zision und Qualit\u00e4t wider, f\u00fcr die AEG bekannt ist. Es ist zudem ein sehr <a href=\"https:\/\/www.designenlassen.de\/blog\/bekannte-logos\/\">bekanntes Logo<\/a> in Deutschland.<\/p>\n\n\n\n<h3 class=\"wp-block-heading\">Hat das AEG-Logo im Laufe der Zeit Ver\u00e4nderungen erfahren?<\/h3>\n\n\n\n<p>Ja, das AEG-Logo hat im Laufe der Jahre einige Ver\u00e4nderungen durchlaufen, um mit den sich wandelnden Designtrends Schritt zu halten. Dennoch wurde stets darauf geachtet, die Kernwerte der Marke beizubehalten und das Erbe von AEG zu bewahren.<\/p>\n\n\n\n<h3 class=\"wp-block-heading\">Ist AEG noch eine deutsche Firma?<\/h3>\n\n\n\n<p>Die Marke existiert bis heute dank mehrerer Lizenznehmer. Besonders hervorzuheben ist die Hausger\u00e4tesparte, die mittlerweile dem schwedischen Konzern Electrolux geh\u00f6rt, inklusive s\u00e4mtlicher Markenrechte. Die Deutschlandzentrale von Electrolux in N\u00fcrnberg verantwortet die Bereiche Verwaltung, Vertrieb und Kundendienst. Allerdings tragen nur noch wenige AEG-Ger\u00e4te das begehrte Siegel &#8222;Made in Germany&#8220;.<\/p>\n\n\n\n<h2 class=\"wp-block-heading\">Fazit<\/h2>\n\n\n\n<p>AEG bleibt auch nach \u00fcber einem Jahrhundert ein Symbol f\u00fcr Pioniergeist und Innovation. Die Firma hat nicht nur die Entwicklung der Elektrotechnik gepr\u00e4gt, sondern auch den Alltag unz\u00e4hliger Menschen weltweit verbessert. Mit einem klaren Bekenntnis zu Qualit\u00e4t und Fortschritt wird AEG auch in Zukunft eine Schl\u00fcsselrolle in der Welt der Elektroger\u00e4te spielen.<\/p>\n\n\n\n<div style=\"height:18px\" aria-hidden=\"true\" class=\"wp-block-spacer\"><\/div>\n\n\n\n<div class=\"wp-block-buttons is-content-justification-center is-layout-flex wp-container-core-buttons-is-layout-16018d1d wp-block-buttons-is-layout-flex\">\n<div class=\"wp-block-button is-style-fill\"><a class=\"wp-block-button__link has-white-color has-text-color has-background has-text-align-left wp-element-button\" href=\"https:\/\/www.designenlassen.de\/logo-design?utm_source=blog&amp;utm_medium=button&amp;utm_campaign=logo-sammlung\" style=\"background-color:#091182\">Jetzt Logo erstellen<\/a><\/div>\n<\/div>\n\n\n\n<div style=\"height:20px\" aria-hidden=\"true\" class=\"wp-block-spacer\"><\/div>\n\n\n\n<h2 class=\"wp-block-heading\">Weiterf\u00fchrende Informationen<\/h2>\n\n\n\n<ul class=\"wp-block-list\">\n<li><a href=\"https:\/\/de.wikipedia.org\/wiki\/AEG\">AEG<\/a><\/li>\n<\/ul>\n\n\n\n<p><strong>Bildquelle:<\/strong><\/p>\n\n\n\n<ul class=\"wp-block-list\">\n<li><a href=\"https:\/\/www.aeg-haustechnik.de\/de\/home\/unternehmen\/presse\/logos.html\">Foto von der offiziellen AEG-Unternehmensseite<\/a><\/li>\n<\/ul>\n","protected":false},"excerpt":{"rendered":"<p>In der Welt der Elektroger\u00e4te und Technologie hat sich die Marke AEG als Synonym f\u00fcr Pioniergeist,&hellip;<\/p>\n","protected":false},"author":24,"featured_media":27999,"parent":27972,"menu_order":0,"comment_status":"closed","ping_status":"closed","template":"","meta":{"_lmt_disableupdate":"","_lmt_disable":"","footnotes":""},"class_list":["post-28009","page","type-page","status-publish","has-post-thumbnail","hentry"],"yoast_head":"<!-- This site is optimized with the Yoast SEO plugin v27.5 - https:\/\/yoast.com\/product\/yoast-seo-wordpress\/ -->\n<title>AEG Logo \u25ba Bilder, Geschichte, Entwicklung &amp; u.v.m<\/title>\n<meta name=\"description\" content=\"Erfahre alles Wichtige \u00fcber das AEG-Logo: Geschichte \u2713 Ursprung \u2713 Entwicklung \u2713 Bedeutung \u2713 u.v.m. \u25ba Jetzt ansehen!\" \/>\n<meta name=\"robots\" content=\"index, follow, max-snippet:-1, max-image-preview:large, max-video-preview:-1\" \/>\n<link rel=\"canonical\" href=\"https:\/\/www.designenlassen.de\/blog\/bekannte-logos\/aeg-logo\/\" \/>\n<meta property=\"og:locale\" content=\"de_DE\" \/>\n<meta property=\"og:type\" content=\"article\" \/>\n<meta property=\"og:title\" content=\"AEG Logo \u25ba Bilder, Geschichte, Entwicklung &amp; u.v.m\" \/>\n<meta property=\"og:description\" content=\"Erfahre alles Wichtige \u00fcber das AEG-Logo: Geschichte \u2713 Ursprung \u2713 Entwicklung \u2713 Bedeutung \u2713 u.v.m. \u25ba Jetzt ansehen!\" \/>\n<meta property=\"og:url\" content=\"https:\/\/www.designenlassen.de\/blog\/bekannte-logos\/aeg-logo\/\" \/>\n<meta property=\"og:site_name\" content=\"designenlassen.de Blog\" \/>\n<meta property=\"article:modified_time\" content=\"2024-04-23T10:21:53+00:00\" \/>\n<meta property=\"og:image\" content=\"https:\/\/www.designenlassen.de\/blog\/wp-content\/uploads\/2024\/02\/ervan-m-wirawan-7irKimCkk6g-unsplash-scaled-e1706786924470.jpg\" \/>\n\t<meta property=\"og:image:width\" content=\"1587\" \/>\n\t<meta property=\"og:image:height\" content=\"742\" \/>\n\t<meta property=\"og:image:type\" content=\"image\/jpeg\" \/>\n<meta name=\"twitter:card\" content=\"summary_large_image\" \/>\n<meta name=\"twitter:label1\" content=\"Gesch\u00e4tzte Lesezeit\" \/>\n\t<meta name=\"twitter:data1\" content=\"6\u00a0Minuten\" \/>\n<script type=\"application\/ld+json\" class=\"yoast-schema-graph\">{\"@context\":\"https:\\\/\\\/schema.org\",\"@graph\":[{\"@type\":\"WebPage\",\"@id\":\"https:\\\/\\\/www.designenlassen.de\\\/blog\\\/bekannte-logos\\\/aeg-logo\\\/\",\"url\":\"https:\\\/\\\/www.designenlassen.de\\\/blog\\\/bekannte-logos\\\/aeg-logo\\\/\",\"name\":\"AEG Logo \u25ba Bilder, Geschichte, Entwicklung & u.v.m\",\"isPartOf\":{\"@id\":\"https:\\\/\\\/www.designenlassen.de\\\/blog\\\/#website\"},\"primaryImageOfPage\":{\"@id\":\"https:\\\/\\\/www.designenlassen.de\\\/blog\\\/bekannte-logos\\\/aeg-logo\\\/#primaryimage\"},\"image\":{\"@id\":\"https:\\\/\\\/www.designenlassen.de\\\/blog\\\/bekannte-logos\\\/aeg-logo\\\/#primaryimage\"},\"thumbnailUrl\":\"https:\\\/\\\/www.designenlassen.de\\\/blog\\\/wp-content\\\/uploads\\\/2024\\\/02\\\/ervan-m-wirawan-7irKimCkk6g-unsplash-scaled-e1706786924470.jpg\",\"datePublished\":\"2024-02-05T08:55:54+00:00\",\"dateModified\":\"2024-04-23T10:21:53+00:00\",\"description\":\"Erfahre alles Wichtige \u00fcber das AEG-Logo: Geschichte \u2713 Ursprung \u2713 Entwicklung \u2713 Bedeutung \u2713 u.v.m. \u25ba Jetzt ansehen!\",\"breadcrumb\":{\"@id\":\"https:\\\/\\\/www.designenlassen.de\\\/blog\\\/bekannte-logos\\\/aeg-logo\\\/#breadcrumb\"},\"inLanguage\":\"de\",\"potentialAction\":[{\"@type\":\"ReadAction\",\"target\":[\"https:\\\/\\\/www.designenlassen.de\\\/blog\\\/bekannte-logos\\\/aeg-logo\\\/\"]}]},{\"@type\":\"ImageObject\",\"inLanguage\":\"de\",\"@id\":\"https:\\\/\\\/www.designenlassen.de\\\/blog\\\/bekannte-logos\\\/aeg-logo\\\/#primaryimage\",\"url\":\"https:\\\/\\\/www.designenlassen.de\\\/blog\\\/wp-content\\\/uploads\\\/2024\\\/02\\\/ervan-m-wirawan-7irKimCkk6g-unsplash-scaled-e1706786924470.jpg\",\"contentUrl\":\"https:\\\/\\\/www.designenlassen.de\\\/blog\\\/wp-content\\\/uploads\\\/2024\\\/02\\\/ervan-m-wirawan-7irKimCkk6g-unsplash-scaled-e1706786924470.jpg\",\"width\":1587,\"height\":742},{\"@type\":\"BreadcrumbList\",\"@id\":\"https:\\\/\\\/www.designenlassen.de\\\/blog\\\/bekannte-logos\\\/aeg-logo\\\/#breadcrumb\",\"itemListElement\":[{\"@type\":\"ListItem\",\"position\":1,\"name\":\"Start\",\"item\":\"https:\\\/\\\/www.designenlassen.de\\\/blog\\\/\"},{\"@type\":\"ListItem\",\"position\":2,\"name\":\"Die 180 bekanntesten Logos im \u00dcberblick\",\"item\":\"https:\\\/\\\/www.designenlassen.de\\\/blog\\\/bekannte-logos\\\/\"},{\"@type\":\"ListItem\",\"position\":3,\"name\":\"AEG Logo\"}]},{\"@type\":\"WebSite\",\"@id\":\"https:\\\/\\\/www.designenlassen.de\\\/blog\\\/#website\",\"url\":\"https:\\\/\\\/www.designenlassen.de\\\/blog\\\/\",\"name\":\"designenlassen.de Blog\",\"description\":\"Inspirationen, Tipps und Ideen f\u00fcr Designer sowie Gr\u00fcnder und Kleinbetriebe.\",\"potentialAction\":[{\"@type\":\"SearchAction\",\"target\":{\"@type\":\"EntryPoint\",\"urlTemplate\":\"https:\\\/\\\/www.designenlassen.de\\\/blog\\\/?s={search_term_string}\"},\"query-input\":{\"@type\":\"PropertyValueSpecification\",\"valueRequired\":true,\"valueName\":\"search_term_string\"}}],\"inLanguage\":\"de\"}]}<\/script>\n<!-- \/ Yoast SEO plugin. -->","yoast_head_json":{"title":"AEG Logo \u25ba Bilder, Geschichte, Entwicklung & u.v.m","description":"Erfahre alles Wichtige \u00fcber das AEG-Logo: Geschichte \u2713 Ursprung \u2713 Entwicklung \u2713 Bedeutung \u2713 u.v.m. \u25ba Jetzt ansehen!","robots":{"index":"index","follow":"follow","max-snippet":"max-snippet:-1","max-image-preview":"max-image-preview:large","max-video-preview":"max-video-preview:-1"},"canonical":"https:\/\/www.designenlassen.de\/blog\/bekannte-logos\/aeg-logo\/","og_locale":"de_DE","og_type":"article","og_title":"AEG Logo \u25ba Bilder, Geschichte, Entwicklung & u.v.m","og_description":"Erfahre alles Wichtige \u00fcber das AEG-Logo: Geschichte \u2713 Ursprung \u2713 Entwicklung \u2713 Bedeutung \u2713 u.v.m. \u25ba Jetzt ansehen!","og_url":"https:\/\/www.designenlassen.de\/blog\/bekannte-logos\/aeg-logo\/","og_site_name":"designenlassen.de Blog","article_modified_time":"2024-04-23T10:21:53+00:00","og_image":[{"width":1587,"height":742,"url":"https:\/\/www.designenlassen.de\/blog\/wp-content\/uploads\/2024\/02\/ervan-m-wirawan-7irKimCkk6g-unsplash-scaled-e1706786924470.jpg","type":"image\/jpeg"}],"twitter_card":"summary_large_image","twitter_misc":{"Gesch\u00e4tzte Lesezeit":"6\u00a0Minuten"},"schema":{"@context":"https:\/\/schema.org","@graph":[{"@type":"WebPage","@id":"https:\/\/www.designenlassen.de\/blog\/bekannte-logos\/aeg-logo\/","url":"https:\/\/www.designenlassen.de\/blog\/bekannte-logos\/aeg-logo\/","name":"AEG Logo \u25ba Bilder, Geschichte, Entwicklung & u.v.m","isPartOf":{"@id":"https:\/\/www.designenlassen.de\/blog\/#website"},"primaryImageOfPage":{"@id":"https:\/\/www.designenlassen.de\/blog\/bekannte-logos\/aeg-logo\/#primaryimage"},"image":{"@id":"https:\/\/www.designenlassen.de\/blog\/bekannte-logos\/aeg-logo\/#primaryimage"},"thumbnailUrl":"https:\/\/www.designenlassen.de\/blog\/wp-content\/uploads\/2024\/02\/ervan-m-wirawan-7irKimCkk6g-unsplash-scaled-e1706786924470.jpg","datePublished":"2024-02-05T08:55:54+00:00","dateModified":"2024-04-23T10:21:53+00:00","description":"Erfahre alles Wichtige \u00fcber das AEG-Logo: Geschichte \u2713 Ursprung \u2713 Entwicklung \u2713 Bedeutung \u2713 u.v.m. \u25ba Jetzt ansehen!","breadcrumb":{"@id":"https:\/\/www.designenlassen.de\/blog\/bekannte-logos\/aeg-logo\/#breadcrumb"},"inLanguage":"de","potentialAction":[{"@type":"ReadAction","target":["https:\/\/www.designenlassen.de\/blog\/bekannte-logos\/aeg-logo\/"]}]},{"@type":"ImageObject","inLanguage":"de","@id":"https:\/\/www.designenlassen.de\/blog\/bekannte-logos\/aeg-logo\/#primaryimage","url":"https:\/\/www.designenlassen.de\/blog\/wp-content\/uploads\/2024\/02\/ervan-m-wirawan-7irKimCkk6g-unsplash-scaled-e1706786924470.jpg","contentUrl":"https:\/\/www.designenlassen.de\/blog\/wp-content\/uploads\/2024\/02\/ervan-m-wirawan-7irKimCkk6g-unsplash-scaled-e1706786924470.jpg","width":1587,"height":742},{"@type":"BreadcrumbList","@id":"https:\/\/www.designenlassen.de\/blog\/bekannte-logos\/aeg-logo\/#breadcrumb","itemListElement":[{"@type":"ListItem","position":1,"name":"Start","item":"https:\/\/www.designenlassen.de\/blog\/"},{"@type":"ListItem","position":2,"name":"Die 180 bekanntesten Logos im \u00dcberblick","item":"https:\/\/www.designenlassen.de\/blog\/bekannte-logos\/"},{"@type":"ListItem","position":3,"name":"AEG Logo"}]},{"@type":"WebSite","@id":"https:\/\/www.designenlassen.de\/blog\/#website","url":"https:\/\/www.designenlassen.de\/blog\/","name":"designenlassen.de Blog","description":"Inspirationen, Tipps und Ideen f\u00fcr Designer sowie Gr\u00fcnder und Kleinbetriebe.","potentialAction":[{"@type":"SearchAction","target":{"@type":"EntryPoint","urlTemplate":"https:\/\/www.designenlassen.de\/blog\/?s={search_term_string}"},"query-input":{"@type":"PropertyValueSpecification","valueRequired":true,"valueName":"search_term_string"}}],"inLanguage":"de"}]}},"_links":{"self":[{"href":"https:\/\/www.designenlassen.de\/blog\/wp-json\/wp\/v2\/pages\/28009","targetHints":{"allow":["GET"]}}],"collection":[{"href":"https:\/\/www.designenlassen.de\/blog\/wp-json\/wp\/v2\/pages"}],"about":[{"href":"https:\/\/www.designenlassen.de\/blog\/wp-json\/wp\/v2\/types\/page"}],"author":[{"embeddable":true,"href":"https:\/\/www.designenlassen.de\/blog\/wp-json\/wp\/v2\/users\/24"}],"replies":[{"embeddable":true,"href":"https:\/\/www.designenlassen.de\/blog\/wp-json\/wp\/v2\/comments?post=28009"}],"version-history":[{"count":19,"href":"https:\/\/www.designenlassen.de\/blog\/wp-json\/wp\/v2\/pages\/28009\/revisions"}],"predecessor-version":[{"id":31401,"href":"https:\/\/www.designenlassen.de\/blog\/wp-json\/wp\/v2\/pages\/28009\/revisions\/31401"}],"up":[{"embeddable":true,"href":"https:\/\/www.designenlassen.de\/blog\/wp-json\/wp\/v2\/pages\/27972"}],"wp:featuredmedia":[{"embeddable":true,"href":"https:\/\/www.designenlassen.de\/blog\/wp-json\/wp\/v2\/media\/27999"}],"wp:attachment":[{"href":"https:\/\/www.designenlassen.de\/blog\/wp-json\/wp\/v2\/media?parent=28009"}],"curies":[{"name":"wp","href":"https:\/\/api.w.org\/{rel}","templated":true}]}}