{"id":28065,"date":"2024-02-08T10:37:57","date_gmt":"2024-02-08T08:37:57","guid":{"rendered":"https:\/\/www.designenlassen.de\/blog\/?page_id=28065"},"modified":"2024-04-23T12:25:35","modified_gmt":"2024-04-23T10:25:35","slug":"android-logo","status":"publish","type":"page","link":"https:\/\/www.designenlassen.de\/blog\/bekannte-logos\/android-logo\/","title":{"rendered":"Android Logo"},"content":{"rendered":"\n<figure class=\"wp-block-image size-full is-resized\"><img fetchpriority=\"high\" decoding=\"async\" width=\"1024\" height=\"156\" src=\"https:\/\/www.designenlassen.de\/blog\/wp-content\/uploads\/2024\/02\/Android_logo_2019-2023.svg_.png\" alt=\"\" class=\"wp-image-28066\" style=\"width:635px;height:auto\" srcset=\"https:\/\/www.designenlassen.de\/blog\/wp-content\/uploads\/2024\/02\/Android_logo_2019-2023.svg_.png 1024w, https:\/\/www.designenlassen.de\/blog\/wp-content\/uploads\/2024\/02\/Android_logo_2019-2023.svg_-300x46.png 300w, https:\/\/www.designenlassen.de\/blog\/wp-content\/uploads\/2024\/02\/Android_logo_2019-2023.svg_-768x117.png 768w, https:\/\/www.designenlassen.de\/blog\/wp-content\/uploads\/2024\/02\/Android_logo_2019-2023.svg_-585x89.png 585w, https:\/\/www.designenlassen.de\/blog\/wp-content\/uploads\/2024\/02\/Android_logo_2019-2023.svg_-600x91.png 600w\" sizes=\"(max-width: 1024px) 100vw, 1024px\" \/><figcaption class=\"wp-element-caption\"><strong>\u00a9<\/strong> Android \/ android.com<\/figcaption><\/figure>\n\n\n\n<p>Das Android-Logo ist mehr als nur ein Bild &#8211; es ist ein Symbol f\u00fcr Innovation, Vielseitigkeit und die st\u00e4ndige Entwicklung in der Welt der mobilen Technologie. Dieses <a href=\"https:\/\/www.designenlassen.de\/blog\/bekannte-logos\/\">bekannte Logo<\/a> hat sich seit seiner Einf\u00fchrung tief in das Bewusstsein von Nutzern und Entwicklern eingebrannt und steht f\u00fcr eines der am weitesten verbreiteten Betriebssysteme der Welt.<\/p>\n\n\n\n<div class=\"wp-block-buttons is-content-justification-center is-layout-flex wp-container-core-buttons-is-layout-16018d1d wp-block-buttons-is-layout-flex\">\n<div class=\"wp-block-button is-style-fill\"><a class=\"wp-block-button__link has-white-color has-text-color has-background has-text-align-left wp-element-button\" href=\"https:\/\/www.designenlassen.de\/logo-design?utm_source=blog&amp;utm_medium=button&amp;utm_campaign=logo-sammlung\" style=\"background-color:#091182\">Jetzt Logo erstellen<\/a><\/div>\n<\/div>\n\n\n\n\n\n<h2 class=\"wp-block-heading\">Ursprung<\/h2>\n\n\n\n<p>Das Android-Logo, oft in einem lebhaften Gr\u00fcn dargestellt, zeigt die Silhouette eines Androiden. Das <a href=\"http:\/\/designenlassen.de\">Design<\/a> ist einfach, doch aussagekr\u00e4ftig und reflektiert die Kernphilosophie von Android: Offenheit, Zug\u00e4nglichkeit und die F\u00f6rderung von Innovation. <\/p>\n\n\n\n<p>Entworfen wurde es von Irina Blok im Jahr 2007, als Google das Android-Projekt offiziell vorstellte. Das Ziel war es, ein visuell ansprechendes und leicht erkennbares Symbol zu schaffen, das die Vielfalt und Anpassungsf\u00e4higkeit des Betriebssystems widerspiegelt.<\/p>\n\n\n\n<h2 class=\"wp-block-heading\">Entwicklung <\/h2>\n\n\n\n<p>Die Entwicklung von Android war gepr\u00e4gt von st\u00e4ndiger Innovation und Weiterentwicklung. Von den fr\u00fchen Versionen wie Cupcake und Donut bis hin zu den neuesten Versionen wie Android 12 hat sich das Betriebssystem kontinuierlich weiterentwickelt, um neue Funktionen, Verbesserungen der Benutzerfreundlichkeit und eine verbesserte Leistung zu bieten.<\/p>\n\n\n\n<p>Mit einer offenen Architektur und einer gro\u00dfen Gemeinschaft von Entwicklern hat Android eine Vielzahl von Anwendungen und Diensten erm\u00f6glicht, die das t\u00e4gliche Leben erleichtern und bereichern. Von sozialen Medien \u00fcber Spiele bis hin zu Produktivit\u00e4tsanwendungen bietet der Google Play Store eine schier endlose Auswahl an Apps f\u00fcr jeden Bedarf.<\/p>\n\n\n\n<h2 class=\"wp-block-heading\">Bedeutung<\/h2>\n\n\n\n<p>Die Bedeutung von Android in der Welt der mobilen Technologie kann nicht genug betont werden. Als eines der am weitesten verbreiteten Betriebssysteme der Welt ist Android zu einem integralen Bestandteil unseres t\u00e4glichen Lebens geworden. Von der Kommunikation \u00fcber die Unterhaltung bis hin zur Arbeit hat Android unser Verst\u00e4ndnis von Mobilit\u00e4t und Konnektivit\u00e4t neu definiert.<\/p>\n\n\n\n<div class=\"sof\">\n<h2>Individuelles Design oder Logo gesucht?<\/h2>\n<p>Bei designenlassen.de findest Du \u00fcber <b>100.000 Designer, die Dir ein einzigartiges Design nach Deinen W\u00fcnschen kreieren.<\/b> Starte jetzt Deinen eigenen Designwettbewerb und erhalte zahlreiche individuelle Vorschl\u00e4ge.<br><\/p>\n\n\n\n<\/div>\n\n\n\n<div class=\"wp-block-buttons is-content-justification-center is-layout-flex wp-container-core-buttons-is-layout-16018d1d wp-block-buttons-is-layout-flex\">\n<div class=\"wp-block-button is-style-fill\"><a class=\"wp-block-button__link has-white-color has-text-color has-background has-text-align-left wp-element-button\" href=\"https:\/\/www.designenlassen.de\/logo-design?utm_source=blog&amp;utm_medium=button&amp;utm_campaign=logo-sammlung\" style=\"background-color:#091182\">Jetzt Logo erstellen<\/a><\/div>\n<\/div>\n\n\n\n<div style=\"height:34px\" aria-hidden=\"true\" class=\"wp-block-spacer\"><\/div>\n\n\n\n<h2 class=\"wp-block-heading\">Von uns erstellte Logos<\/h2>\n\n\n\n<figure class=\"wp-block-gallery has-nested-images columns-default is-cropped wp-block-gallery-1 is-layout-flex wp-block-gallery-is-layout-flex\">\n<figure class=\"wp-block-image size-full\"><img decoding=\"async\" width=\"500\" height=\"375\" data-id=\"27850\" src=\"https:\/\/www.designenlassen.de\/blog\/wp-content\/uploads\/2024\/01\/designenlassen_fitness-logo-fitnessstudio-vitalo2.jpg\" alt=\"\" class=\"wp-image-27850\" srcset=\"https:\/\/www.designenlassen.de\/blog\/wp-content\/uploads\/2024\/01\/designenlassen_fitness-logo-fitnessstudio-vitalo2.jpg 500w, https:\/\/www.designenlassen.de\/blog\/wp-content\/uploads\/2024\/01\/designenlassen_fitness-logo-fitnessstudio-vitalo2-300x225.jpg 300w\" sizes=\"(max-width: 500px) 100vw, 500px\" \/><figcaption class=\"wp-element-caption\">eCommerce Logo von ichoomi<\/figcaption><\/figure>\n\n\n\n<figure class=\"wp-block-image size-full\"><img decoding=\"async\" width=\"500\" height=\"500\" data-id=\"27779\" src=\"https:\/\/www.designenlassen.de\/blog\/wp-content\/uploads\/2024\/01\/453847_elektriker-logo-huelscher.jpg\" alt=\"\" class=\"wp-image-27779\" srcset=\"https:\/\/www.designenlassen.de\/blog\/wp-content\/uploads\/2024\/01\/453847_elektriker-logo-huelscher.jpg 500w, https:\/\/www.designenlassen.de\/blog\/wp-content\/uploads\/2024\/01\/453847_elektriker-logo-huelscher-300x300.jpg 300w, https:\/\/www.designenlassen.de\/blog\/wp-content\/uploads\/2024\/01\/453847_elektriker-logo-huelscher-150x150.jpg 150w\" sizes=\"(max-width: 500px) 100vw, 500px\" \/><figcaption class=\"wp-element-caption\">eCommerce Logo von toutou1<\/figcaption><\/figure>\n\n\n\n<figure class=\"wp-block-image size-full\"><img loading=\"lazy\" decoding=\"async\" width=\"500\" height=\"375\" data-id=\"27860\" src=\"https:\/\/www.designenlassen.de\/blog\/wp-content\/uploads\/2024\/01\/fitness-logo-sport-meisen.jpg\" alt=\"\" class=\"wp-image-27860\" srcset=\"https:\/\/www.designenlassen.de\/blog\/wp-content\/uploads\/2024\/01\/fitness-logo-sport-meisen.jpg 500w, https:\/\/www.designenlassen.de\/blog\/wp-content\/uploads\/2024\/01\/fitness-logo-sport-meisen-300x225.jpg 300w\" sizes=\"(max-width: 500px) 100vw, 500px\" \/><figcaption class=\"wp-element-caption\">eCommerce Logo von BJ Habibie<\/figcaption><\/figure>\n\n\n\n<figure class=\"wp-block-image size-full\"><img loading=\"lazy\" decoding=\"async\" width=\"500\" height=\"500\" data-id=\"27858\" src=\"https:\/\/www.designenlassen.de\/blog\/wp-content\/uploads\/2024\/01\/fitness-logo-fitnessstudio-smartfit3.png\" alt=\"\" class=\"wp-image-27858\" srcset=\"https:\/\/www.designenlassen.de\/blog\/wp-content\/uploads\/2024\/01\/fitness-logo-fitnessstudio-smartfit3.png 500w, https:\/\/www.designenlassen.de\/blog\/wp-content\/uploads\/2024\/01\/fitness-logo-fitnessstudio-smartfit3-300x300.png 300w, https:\/\/www.designenlassen.de\/blog\/wp-content\/uploads\/2024\/01\/fitness-logo-fitnessstudio-smartfit3-150x150.png 150w\" sizes=\"(max-width: 500px) 100vw, 500px\" \/><figcaption class=\"wp-element-caption\">eCommerce Logo von CreativeLogo<\/figcaption><\/figure>\n\n\n\n<figure class=\"wp-block-image size-full\"><img loading=\"lazy\" decoding=\"async\" width=\"800\" height=\"600\" data-id=\"27259\" src=\"https:\/\/www.designenlassen.de\/blog\/wp-content\/uploads\/2018\/04\/designenlassen_cafe-logo_kempers.jpg\" alt=\"\" class=\"wp-image-27259\" srcset=\"https:\/\/www.designenlassen.de\/blog\/wp-content\/uploads\/2018\/04\/designenlassen_cafe-logo_kempers.jpg 800w, https:\/\/www.designenlassen.de\/blog\/wp-content\/uploads\/2018\/04\/designenlassen_cafe-logo_kempers-300x225.jpg 300w, https:\/\/www.designenlassen.de\/blog\/wp-content\/uploads\/2018\/04\/designenlassen_cafe-logo_kempers-768x576.jpg 768w\" sizes=\"(max-width: 800px) 100vw, 800px\" \/><\/figure>\n\n\n\n<figure class=\"wp-block-image size-full\"><img loading=\"lazy\" decoding=\"async\" width=\"800\" height=\"508\" data-id=\"26471\" src=\"https:\/\/www.designenlassen.de\/blog\/wp-content\/uploads\/2023\/05\/Farbverlauf-Logo-Insight-811355-Circle.jpg\" alt=\"\" class=\"wp-image-26471\" srcset=\"https:\/\/www.designenlassen.de\/blog\/wp-content\/uploads\/2023\/05\/Farbverlauf-Logo-Insight-811355-Circle.jpg 800w, https:\/\/www.designenlassen.de\/blog\/wp-content\/uploads\/2023\/05\/Farbverlauf-Logo-Insight-811355-Circle-300x191.jpg 300w, https:\/\/www.designenlassen.de\/blog\/wp-content\/uploads\/2023\/05\/Farbverlauf-Logo-Insight-811355-Circle-768x488.jpg 768w\" sizes=\"(max-width: 800px) 100vw, 800px\" \/><figcaption class=\"wp-element-caption\">eCommerce Logo von jhdesign<\/figcaption><\/figure>\n\n\n\n<figure class=\"wp-block-image size-full\"><img loading=\"lazy\" decoding=\"async\" width=\"500\" height=\"500\" data-id=\"27314\" src=\"https:\/\/www.designenlassen.de\/blog\/wp-content\/uploads\/2020\/05\/designenlassen_kegel-logo_tautropfen4.jpg\" alt=\"\" class=\"wp-image-27314\" srcset=\"https:\/\/www.designenlassen.de\/blog\/wp-content\/uploads\/2020\/05\/designenlassen_kegel-logo_tautropfen4.jpg 500w, https:\/\/www.designenlassen.de\/blog\/wp-content\/uploads\/2020\/05\/designenlassen_kegel-logo_tautropfen4-300x300.jpg 300w, https:\/\/www.designenlassen.de\/blog\/wp-content\/uploads\/2020\/05\/designenlassen_kegel-logo_tautropfen4-150x150.jpg 150w\" sizes=\"(max-width: 500px) 100vw, 500px\" \/><figcaption class=\"wp-element-caption\">eCommerce Logo von 2bcreativ<\/figcaption><\/figure>\n\n\n\n<figure class=\"wp-block-image size-full\"><img loading=\"lazy\" decoding=\"async\" width=\"338\" height=\"338\" data-id=\"26459\" src=\"https:\/\/www.designenlassen.de\/blog\/wp-content\/uploads\/2023\/05\/logo-art-infinity-arts.jpg\" alt=\"\" class=\"wp-image-26459\" srcset=\"https:\/\/www.designenlassen.de\/blog\/wp-content\/uploads\/2023\/05\/logo-art-infinity-arts.jpg 338w, https:\/\/www.designenlassen.de\/blog\/wp-content\/uploads\/2023\/05\/logo-art-infinity-arts-300x300.jpg 300w, https:\/\/www.designenlassen.de\/blog\/wp-content\/uploads\/2023\/05\/logo-art-infinity-arts-150x150.jpg 150w\" sizes=\"(max-width: 338px) 100vw, 338px\" \/><figcaption class=\"wp-element-caption\">eCommerce Logo f\u00fcr Agentur von Designer JSatuh<\/figcaption><\/figure>\n\n\n\n<figure class=\"wp-block-image size-full\"><img loading=\"lazy\" decoding=\"async\" width=\"1226\" height=\"944\" data-id=\"27111\" src=\"https:\/\/www.designenlassen.de\/blog\/wp-content\/uploads\/2023\/06\/designenlassen_aphotheken-logo_flora1.png\" alt=\"\" class=\"wp-image-27111\" srcset=\"https:\/\/www.designenlassen.de\/blog\/wp-content\/uploads\/2023\/06\/designenlassen_aphotheken-logo_flora1.png 1226w, https:\/\/www.designenlassen.de\/blog\/wp-content\/uploads\/2023\/06\/designenlassen_aphotheken-logo_flora1-300x231.png 300w, https:\/\/www.designenlassen.de\/blog\/wp-content\/uploads\/2023\/06\/designenlassen_aphotheken-logo_flora1-1024x788.png 1024w, https:\/\/www.designenlassen.de\/blog\/wp-content\/uploads\/2023\/06\/designenlassen_aphotheken-logo_flora1-768x591.png 768w\" sizes=\"(max-width: 1226px) 100vw, 1226px\" \/><\/figure>\n<\/figure>\n\n\n\n<p class=\"has-text-align-center\"><a href=\"https:\/\/www.designenlassen.de\/blog\/category\/inspiration\/\">Mehr Designs entdecken<\/a><\/p>\n\n\n\n<h2 class=\"wp-block-heading\">FAQs: Die wichtigsten Fragen zum Android Logo<\/h2>\n\n\n\n<div style=\"height:34px\" aria-hidden=\"true\" class=\"wp-block-spacer\"><\/div>\n\n\n\n<h3 class=\"wp-block-heading\">Was ist die Geschichte und Bedeutung des Android Logos?<\/h3>\n\n\n\n<p>Das Android Logo wurde im Jahr 2007 von der Designerin Irina Blok entworfen. Das <a href=\"https:\/\/www.designenlassen.de\/blog\/logo-erstellen-top-firmenlogo-einfach-entwerfen\/\">Logo<\/a> zeigt einen gr\u00fcnen Roboter, der die Form eines Androiden hat. Der Roboter soll die Offenheit und Vielfalt des Android-Betriebssystems symbolisieren, das auf verschiedenen Ger\u00e4ten und Plattformen l\u00e4uft.&nbsp;<a href=\"https:\/\/source.android.com\/docs\/setup\/about\/brands\">Das Logo ist unter der Creative Commons-Lizenz frei verwendbar und modifizierbar, solange die Urheberschaft von Google anerkannt wird<\/a>.<\/p>\n\n\n\n<h3 class=\"wp-block-heading\">Wie schreibt man Android richtig?<\/h3>\n\n\n\n<p>Android&#x2122; sollte beim ersten Mal, wenn es in einem Text erscheint, ein Markensymbol haben. Android sollte immer gro\u00dfgeschrieben werden und ist weder plural noch besitzbar. Android darf nicht in Namen von Produkten oder Dienstleistungen verwendet werden, sondern nur als Beschreibung f\u00fcr das Betriebssystem. Zum Beispiel: MediaPlayer f\u00fcr Android, nicht Android MediaPlayer.&nbsp;<a href=\"https:\/\/source.android.com\/docs\/setup\/about\/brands\">Au\u00dferdem muss jede Verwendung des Namens Android diese Zuschreibung in der Kommunikation enthalten: Android ist eine Marke von Google LLC<\/a>.<\/p>\n\n\n\n<h3 class=\"wp-block-heading\">Wie sieht das Android Wordmark aus? <\/h3>\n\n\n\n<p>Das Android Wordmark ist eine spezielle Schriftart, die f\u00fcr den Schriftzug \u201cAndroid\u201d verwendet wird. Die Schriftart ist eine modifizierte Version der Droid Sans, die von Ascender Corporation f\u00fcr Google entworfen wurde. Das Wordmark hat einige Besonderheiten, wie zum Beispiel den fehlenden Strich im Buchstaben \u201cD\u201d oder den schr\u00e4gen Schnitt im Buchstaben \u201cR\u201d.&nbsp;<a href=\"https:\/\/source.android.com\/docs\/setup\/about\/brands\">Das Wordmark darf nur mit ausdr\u00fccklicher schriftlicher Genehmigung von Google verwendet werden<\/a>.<\/p>\n\n\n\n<h2 class=\"wp-block-heading\">Fazit<\/h2>\n\n\n\n<p>Das Android-Logo steht nicht nur f\u00fcr das weltweit f\u00fchrende mobile Betriebssystem, sondern auch f\u00fcr eine Gemeinschaft, die st\u00e4ndig nach Innovation und Verbesserung strebt. Mit seiner offenen Natur, der Vielfalt an unterst\u00fctzten Ger\u00e4ten und der st\u00e4ndigen Einf\u00fchrung neuer Technologien bleibt Android an der Spitze der mobilen Technologie.<\/p>\n\n\n\n<div class=\"wp-block-buttons is-content-justification-center is-layout-flex wp-container-core-buttons-is-layout-16018d1d wp-block-buttons-is-layout-flex\">\n<div class=\"wp-block-button is-style-fill\"><a class=\"wp-block-button__link has-white-color has-text-color has-background has-text-align-left wp-element-button\" href=\"https:\/\/www.designenlassen.de\/logo-design?utm_source=blog&amp;utm_medium=button&amp;utm_campaign=logo-sammlung\" style=\"background-color:#091182\">Jetzt Logo erstellen<\/a><\/div>\n<\/div>\n\n\n\n<div style=\"height:26px\" aria-hidden=\"true\" class=\"wp-block-spacer\"><\/div>\n\n\n\n<h2 class=\"wp-block-heading\">Weiterf\u00fchrende Informationen<\/h2>\n\n\n\n<ul class=\"wp-block-list\">\n<li><a href=\"https:\/\/de.wikipedia.org\/wiki\/Android_(Betriebssystem)\">Geschichte<\/a><\/li>\n<\/ul>\n\n\n\n<p><strong>Bildquelle:<\/strong><\/p>\n\n\n\n<ul class=\"wp-block-list\">\n<li><a href=\"https:\/\/de.wikipedia.org\/wiki\/Datei:Android_logo_2023.svg\">Foto von Wikipedia<\/a><\/li>\n<\/ul>\n","protected":false},"excerpt":{"rendered":"<p>Das Android-Logo ist mehr als nur ein Bild &#8211; es ist ein Symbol f\u00fcr Innovation, Vielseitigkeit&hellip;<\/p>\n","protected":false},"author":27,"featured_media":28066,"parent":27972,"menu_order":0,"comment_status":"closed","ping_status":"closed","template":"","meta":{"_lmt_disableupdate":"","_lmt_disable":"","footnotes":""},"class_list":["post-28065","page","type-page","status-publish","has-post-thumbnail","hentry"],"yoast_head":"<!-- This site is optimized with the Yoast SEO plugin v27.5 - https:\/\/yoast.com\/product\/yoast-seo-wordpress\/ -->\n<title>Android Logo \u25ba Bilder, Geschichte, Entwicklung &amp; u.v.m<\/title>\n<meta name=\"description\" content=\"Erfahre alles Wichtige \u00fcber das Android-Logo: Geschichte \u2713 Ursprung \u2713 Entwicklung \u2713 Bedeutung \u2713 u.v.m. \u25ba Jetzt ansehen!\" \/>\n<meta name=\"robots\" content=\"index, follow, max-snippet:-1, max-image-preview:large, max-video-preview:-1\" \/>\n<link rel=\"canonical\" href=\"https:\/\/www.designenlassen.de\/blog\/bekannte-logos\/android-logo\/\" \/>\n<meta property=\"og:locale\" content=\"de_DE\" \/>\n<meta property=\"og:type\" content=\"article\" \/>\n<meta property=\"og:title\" content=\"Android Logo \u25ba Bilder, Geschichte, Entwicklung &amp; u.v.m\" \/>\n<meta property=\"og:description\" content=\"Erfahre alles Wichtige \u00fcber das Android-Logo: Geschichte \u2713 Ursprung \u2713 Entwicklung \u2713 Bedeutung \u2713 u.v.m. \u25ba Jetzt ansehen!\" \/>\n<meta property=\"og:url\" content=\"https:\/\/www.designenlassen.de\/blog\/bekannte-logos\/android-logo\/\" \/>\n<meta property=\"og:site_name\" content=\"designenlassen.de Blog\" \/>\n<meta property=\"article:modified_time\" content=\"2024-04-23T10:25:35+00:00\" \/>\n<meta property=\"og:image\" content=\"https:\/\/www.designenlassen.de\/blog\/wp-content\/uploads\/2024\/02\/Android_logo_2019-2023.svg_.png\" \/>\n\t<meta property=\"og:image:width\" content=\"1024\" \/>\n\t<meta property=\"og:image:height\" content=\"156\" \/>\n\t<meta property=\"og:image:type\" content=\"image\/png\" \/>\n<meta name=\"twitter:card\" content=\"summary_large_image\" \/>\n<meta name=\"twitter:label1\" content=\"Gesch\u00e4tzte Lesezeit\" \/>\n\t<meta name=\"twitter:data1\" content=\"6\u00a0Minuten\" \/>\n<script type=\"application\/ld+json\" class=\"yoast-schema-graph\">{\"@context\":\"https:\\\/\\\/schema.org\",\"@graph\":[{\"@type\":\"WebPage\",\"@id\":\"https:\\\/\\\/www.designenlassen.de\\\/blog\\\/bekannte-logos\\\/android-logo\\\/\",\"url\":\"https:\\\/\\\/www.designenlassen.de\\\/blog\\\/bekannte-logos\\\/android-logo\\\/\",\"name\":\"Android Logo \u25ba Bilder, Geschichte, Entwicklung & u.v.m\",\"isPartOf\":{\"@id\":\"https:\\\/\\\/www.designenlassen.de\\\/blog\\\/#website\"},\"primaryImageOfPage\":{\"@id\":\"https:\\\/\\\/www.designenlassen.de\\\/blog\\\/bekannte-logos\\\/android-logo\\\/#primaryimage\"},\"image\":{\"@id\":\"https:\\\/\\\/www.designenlassen.de\\\/blog\\\/bekannte-logos\\\/android-logo\\\/#primaryimage\"},\"thumbnailUrl\":\"https:\\\/\\\/www.designenlassen.de\\\/blog\\\/wp-content\\\/uploads\\\/2024\\\/02\\\/Android_logo_2019-2023.svg_.png\",\"datePublished\":\"2024-02-08T08:37:57+00:00\",\"dateModified\":\"2024-04-23T10:25:35+00:00\",\"description\":\"Erfahre alles Wichtige \u00fcber das Android-Logo: Geschichte \u2713 Ursprung \u2713 Entwicklung \u2713 Bedeutung \u2713 u.v.m. \u25ba Jetzt ansehen!\",\"breadcrumb\":{\"@id\":\"https:\\\/\\\/www.designenlassen.de\\\/blog\\\/bekannte-logos\\\/android-logo\\\/#breadcrumb\"},\"inLanguage\":\"de\",\"potentialAction\":[{\"@type\":\"ReadAction\",\"target\":[\"https:\\\/\\\/www.designenlassen.de\\\/blog\\\/bekannte-logos\\\/android-logo\\\/\"]}]},{\"@type\":\"ImageObject\",\"inLanguage\":\"de\",\"@id\":\"https:\\\/\\\/www.designenlassen.de\\\/blog\\\/bekannte-logos\\\/android-logo\\\/#primaryimage\",\"url\":\"https:\\\/\\\/www.designenlassen.de\\\/blog\\\/wp-content\\\/uploads\\\/2024\\\/02\\\/Android_logo_2019-2023.svg_.png\",\"contentUrl\":\"https:\\\/\\\/www.designenlassen.de\\\/blog\\\/wp-content\\\/uploads\\\/2024\\\/02\\\/Android_logo_2019-2023.svg_.png\",\"width\":1024,\"height\":156},{\"@type\":\"BreadcrumbList\",\"@id\":\"https:\\\/\\\/www.designenlassen.de\\\/blog\\\/bekannte-logos\\\/android-logo\\\/#breadcrumb\",\"itemListElement\":[{\"@type\":\"ListItem\",\"position\":1,\"name\":\"Start\",\"item\":\"https:\\\/\\\/www.designenlassen.de\\\/blog\\\/\"},{\"@type\":\"ListItem\",\"position\":2,\"name\":\"Die 180 bekanntesten Logos im \u00dcberblick\",\"item\":\"https:\\\/\\\/www.designenlassen.de\\\/blog\\\/bekannte-logos\\\/\"},{\"@type\":\"ListItem\",\"position\":3,\"name\":\"Android Logo\"}]},{\"@type\":\"WebSite\",\"@id\":\"https:\\\/\\\/www.designenlassen.de\\\/blog\\\/#website\",\"url\":\"https:\\\/\\\/www.designenlassen.de\\\/blog\\\/\",\"name\":\"designenlassen.de Blog\",\"description\":\"Inspirationen, Tipps und Ideen f\u00fcr Designer sowie Gr\u00fcnder und Kleinbetriebe.\",\"potentialAction\":[{\"@type\":\"SearchAction\",\"target\":{\"@type\":\"EntryPoint\",\"urlTemplate\":\"https:\\\/\\\/www.designenlassen.de\\\/blog\\\/?s={search_term_string}\"},\"query-input\":{\"@type\":\"PropertyValueSpecification\",\"valueRequired\":true,\"valueName\":\"search_term_string\"}}],\"inLanguage\":\"de\"}]}<\/script>\n<!-- \/ Yoast SEO plugin. -->","yoast_head_json":{"title":"Android Logo \u25ba Bilder, Geschichte, Entwicklung & u.v.m","description":"Erfahre alles Wichtige \u00fcber das Android-Logo: Geschichte \u2713 Ursprung \u2713 Entwicklung \u2713 Bedeutung \u2713 u.v.m. \u25ba Jetzt ansehen!","robots":{"index":"index","follow":"follow","max-snippet":"max-snippet:-1","max-image-preview":"max-image-preview:large","max-video-preview":"max-video-preview:-1"},"canonical":"https:\/\/www.designenlassen.de\/blog\/bekannte-logos\/android-logo\/","og_locale":"de_DE","og_type":"article","og_title":"Android Logo \u25ba Bilder, Geschichte, Entwicklung & u.v.m","og_description":"Erfahre alles Wichtige \u00fcber das Android-Logo: Geschichte \u2713 Ursprung \u2713 Entwicklung \u2713 Bedeutung \u2713 u.v.m. \u25ba Jetzt ansehen!","og_url":"https:\/\/www.designenlassen.de\/blog\/bekannte-logos\/android-logo\/","og_site_name":"designenlassen.de Blog","article_modified_time":"2024-04-23T10:25:35+00:00","og_image":[{"width":1024,"height":156,"url":"https:\/\/www.designenlassen.de\/blog\/wp-content\/uploads\/2024\/02\/Android_logo_2019-2023.svg_.png","type":"image\/png"}],"twitter_card":"summary_large_image","twitter_misc":{"Gesch\u00e4tzte Lesezeit":"6\u00a0Minuten"},"schema":{"@context":"https:\/\/schema.org","@graph":[{"@type":"WebPage","@id":"https:\/\/www.designenlassen.de\/blog\/bekannte-logos\/android-logo\/","url":"https:\/\/www.designenlassen.de\/blog\/bekannte-logos\/android-logo\/","name":"Android Logo \u25ba Bilder, Geschichte, Entwicklung & u.v.m","isPartOf":{"@id":"https:\/\/www.designenlassen.de\/blog\/#website"},"primaryImageOfPage":{"@id":"https:\/\/www.designenlassen.de\/blog\/bekannte-logos\/android-logo\/#primaryimage"},"image":{"@id":"https:\/\/www.designenlassen.de\/blog\/bekannte-logos\/android-logo\/#primaryimage"},"thumbnailUrl":"https:\/\/www.designenlassen.de\/blog\/wp-content\/uploads\/2024\/02\/Android_logo_2019-2023.svg_.png","datePublished":"2024-02-08T08:37:57+00:00","dateModified":"2024-04-23T10:25:35+00:00","description":"Erfahre alles Wichtige \u00fcber das Android-Logo: Geschichte \u2713 Ursprung \u2713 Entwicklung \u2713 Bedeutung \u2713 u.v.m. \u25ba Jetzt ansehen!","breadcrumb":{"@id":"https:\/\/www.designenlassen.de\/blog\/bekannte-logos\/android-logo\/#breadcrumb"},"inLanguage":"de","potentialAction":[{"@type":"ReadAction","target":["https:\/\/www.designenlassen.de\/blog\/bekannte-logos\/android-logo\/"]}]},{"@type":"ImageObject","inLanguage":"de","@id":"https:\/\/www.designenlassen.de\/blog\/bekannte-logos\/android-logo\/#primaryimage","url":"https:\/\/www.designenlassen.de\/blog\/wp-content\/uploads\/2024\/02\/Android_logo_2019-2023.svg_.png","contentUrl":"https:\/\/www.designenlassen.de\/blog\/wp-content\/uploads\/2024\/02\/Android_logo_2019-2023.svg_.png","width":1024,"height":156},{"@type":"BreadcrumbList","@id":"https:\/\/www.designenlassen.de\/blog\/bekannte-logos\/android-logo\/#breadcrumb","itemListElement":[{"@type":"ListItem","position":1,"name":"Start","item":"https:\/\/www.designenlassen.de\/blog\/"},{"@type":"ListItem","position":2,"name":"Die 180 bekanntesten Logos im \u00dcberblick","item":"https:\/\/www.designenlassen.de\/blog\/bekannte-logos\/"},{"@type":"ListItem","position":3,"name":"Android Logo"}]},{"@type":"WebSite","@id":"https:\/\/www.designenlassen.de\/blog\/#website","url":"https:\/\/www.designenlassen.de\/blog\/","name":"designenlassen.de Blog","description":"Inspirationen, Tipps und Ideen f\u00fcr Designer sowie Gr\u00fcnder und Kleinbetriebe.","potentialAction":[{"@type":"SearchAction","target":{"@type":"EntryPoint","urlTemplate":"https:\/\/www.designenlassen.de\/blog\/?s={search_term_string}"},"query-input":{"@type":"PropertyValueSpecification","valueRequired":true,"valueName":"search_term_string"}}],"inLanguage":"de"}]}},"_links":{"self":[{"href":"https:\/\/www.designenlassen.de\/blog\/wp-json\/wp\/v2\/pages\/28065","targetHints":{"allow":["GET"]}}],"collection":[{"href":"https:\/\/www.designenlassen.de\/blog\/wp-json\/wp\/v2\/pages"}],"about":[{"href":"https:\/\/www.designenlassen.de\/blog\/wp-json\/wp\/v2\/types\/page"}],"author":[{"embeddable":true,"href":"https:\/\/www.designenlassen.de\/blog\/wp-json\/wp\/v2\/users\/27"}],"replies":[{"embeddable":true,"href":"https:\/\/www.designenlassen.de\/blog\/wp-json\/wp\/v2\/comments?post=28065"}],"version-history":[{"count":8,"href":"https:\/\/www.designenlassen.de\/blog\/wp-json\/wp\/v2\/pages\/28065\/revisions"}],"predecessor-version":[{"id":31408,"href":"https:\/\/www.designenlassen.de\/blog\/wp-json\/wp\/v2\/pages\/28065\/revisions\/31408"}],"up":[{"embeddable":true,"href":"https:\/\/www.designenlassen.de\/blog\/wp-json\/wp\/v2\/pages\/27972"}],"wp:featuredmedia":[{"embeddable":true,"href":"https:\/\/www.designenlassen.de\/blog\/wp-json\/wp\/v2\/media\/28066"}],"wp:attachment":[{"href":"https:\/\/www.designenlassen.de\/blog\/wp-json\/wp\/v2\/media?parent=28065"}],"curies":[{"name":"wp","href":"https:\/\/api.w.org\/{rel}","templated":true}]}}