{"id":28074,"date":"2024-02-13T09:10:48","date_gmt":"2024-02-13T07:10:48","guid":{"rendered":"https:\/\/www.designenlassen.de\/blog\/?page_id=28074"},"modified":"2024-04-23T12:24:35","modified_gmt":"2024-04-23T10:24:35","slug":"audi-logo","status":"publish","type":"page","link":"https:\/\/www.designenlassen.de\/blog\/bekannte-logos\/audi-logo\/","title":{"rendered":"Audi Logo"},"content":{"rendered":"\n<figure class=\"wp-block-image size-full is-resized\"><img fetchpriority=\"high\" decoding=\"async\" width=\"1200\" height=\"675\" src=\"https:\/\/www.designenlassen.de\/blog\/wp-content\/uploads\/2024\/02\/AL090142_large-edited.jpg\" alt=\"\" class=\"wp-image-28076\" style=\"width:731px;height:auto\" srcset=\"https:\/\/www.designenlassen.de\/blog\/wp-content\/uploads\/2024\/02\/AL090142_large-edited.jpg 1200w, https:\/\/www.designenlassen.de\/blog\/wp-content\/uploads\/2024\/02\/AL090142_large-edited-300x169.jpg 300w, https:\/\/www.designenlassen.de\/blog\/wp-content\/uploads\/2024\/02\/AL090142_large-edited-1024x576.jpg 1024w, https:\/\/www.designenlassen.de\/blog\/wp-content\/uploads\/2024\/02\/AL090142_large-edited-768x432.jpg 768w\" sizes=\"(max-width: 1200px) 100vw, 1200px\" \/><figcaption class=\"wp-element-caption\"><strong>\u00a9<\/strong> Audi \/audi.de<\/figcaption><\/figure>\n\n\n\n<p>Audi ist weit mehr als nur eine Automarke &#8211; sie verk\u00f6rpert deutsche Ingenieurskunst, Innovation und Luxus. Seit mehr als einem Jahrhundert ist Audi f\u00fchrend in der Automobilindustrie und hat sich einen festen Platz in den Herzen von Autofahrern auf der ganzen Welt erobert.<\/p>\n\n\n\n<p>Erfahre in diesem Beitrag alles Wichtige, was Du \u00fcber das Audi-Logo wissen musst und wieso es zu den <a href=\"https:\/\/www.designenlassen.de\/blog\/bekannte-logos\/\">bekanntesten Logos<\/a> weltweit geh\u00f6rt.<\/p>\n\n\n\n<div class=\"wp-block-buttons is-content-justification-center is-layout-flex wp-container-core-buttons-is-layout-16018d1d wp-block-buttons-is-layout-flex\">\n<div class=\"wp-block-button is-style-fill\"><a class=\"wp-block-button__link has-white-color has-text-color has-background has-text-align-left wp-element-button\" href=\"https:\/\/www.designenlassen.de\/logo-design?utm_source=blog&amp;utm_medium=button&amp;utm_campaign=logo-sammlung\" style=\"background-color:#091182\">Jetzt Logo erstellen<\/a><\/div>\n<\/div>\n\n\n\n\n\n<h2 class=\"wp-block-heading\">Ursprung<\/h2>\n\n\n\n<p>Die Geschichte von Audi reicht bis ins Jahr 1909 zur\u00fcck, als August Horch das Unternehmen gr\u00fcndete. Seitdem hat Audi eine lange Tradition in der Herstellung von hochwertigen Fahrzeugen, die f\u00fcr ihre Leistung, ihr Design und ihre Technologie bekannt sind. Heute ist Audi Teil der Volkswagen-Gruppe und z\u00e4hlt zu den f\u00fchrenden Automobilherstellern der Welt.<\/p>\n\n\n\n<h2 class=\"wp-block-heading\">Entwicklung <\/h2>\n\n\n\n<p>Die Entwicklung von Audi ist gepr\u00e4gt von st\u00e4ndiger Innovation und Fortschritt. Von den legend\u00e4ren Modellen wie dem Audi Quattro bis hin zu den neuesten Elektrofahrzeugen wie dem Audi e-tron hat Audi immer wieder neue Ma\u00dfst\u00e4be gesetzt und die Grenzen des Machbaren \u00fcberschritten. Mit einem klaren Fokus auf Qualit\u00e4t, <a href=\"http:\/\/designenlassen.de\">Design<\/a> und Technologie bleibt Audi auch in Zukunft ein Vorreiter in der Automobilindustrie.<\/p>\n\n\n\n<h2 class=\"wp-block-heading\">Bedeutung<\/h2>\n\n\n\n<p>Die Bedeutung von Audi erstreckt sich weit \u00fcber die Welt der Autos hinaus. Als einer der f\u00fchrenden Automobilhersteller Deutschlands tr\u00e4gt Audi ma\u00dfgeblich zur Wirtschaft des Landes bei und ist ein Symbol f\u00fcr deutsche Ingenieurskunst und Qualit\u00e4t. Dar\u00fcber hinaus engagiert sich Audi f\u00fcr Nachhaltigkeit und Umweltschutz und setzt sich f\u00fcr eine nachhaltige Mobilit\u00e4t der Zukunft ein.<\/p>\n\n\n\n<div class=\"sof\">\n<h2>Individuelles Design oder Logo gesucht?<\/h2>\n<p>Bei designenlassen.de findest Du \u00fcber <b>100.000 Designer, die Dir ein einzigartiges Design nach Deinen W\u00fcnschen kreieren.<\/b> Starte jetzt Deinen eigenen Designwettbewerb und erhalte zahlreiche individuelle Vorschl\u00e4ge.<br><\/p>\n\n\n\n<\/div>\n\n\n\n<div class=\"wp-block-buttons is-content-justification-center is-layout-flex wp-container-core-buttons-is-layout-16018d1d wp-block-buttons-is-layout-flex\">\n<div class=\"wp-block-button is-style-fill\"><a class=\"wp-block-button__link has-white-color has-text-color has-background has-text-align-left wp-element-button\" href=\"https:\/\/www.designenlassen.de\/logo-design?utm_source=blog&amp;utm_medium=button&amp;utm_campaign=logo-sammlung\" style=\"background-color:#091182\">Jetzt Logo erstellen<\/a><\/div>\n<\/div>\n\n\n\n<div style=\"height:34px\" aria-hidden=\"true\" class=\"wp-block-spacer\"><\/div>\n\n\n\n<h2 class=\"wp-block-heading\">Von uns erstellte Logos<\/h2>\n\n\n\n<figure class=\"wp-block-gallery has-nested-images columns-default is-cropped wp-block-gallery-1 is-layout-flex wp-block-gallery-is-layout-flex\">\n<figure class=\"wp-block-image size-full\"><img decoding=\"async\" width=\"500\" height=\"375\" data-id=\"27850\" src=\"https:\/\/www.designenlassen.de\/blog\/wp-content\/uploads\/2024\/01\/designenlassen_fitness-logo-fitnessstudio-vitalo2.jpg\" alt=\"\" class=\"wp-image-27850\" srcset=\"https:\/\/www.designenlassen.de\/blog\/wp-content\/uploads\/2024\/01\/designenlassen_fitness-logo-fitnessstudio-vitalo2.jpg 500w, https:\/\/www.designenlassen.de\/blog\/wp-content\/uploads\/2024\/01\/designenlassen_fitness-logo-fitnessstudio-vitalo2-300x225.jpg 300w\" sizes=\"(max-width: 500px) 100vw, 500px\" \/><figcaption class=\"wp-element-caption\">eCommerce Logo von ichoomi<\/figcaption><\/figure>\n\n\n\n<figure class=\"wp-block-image size-full\"><img decoding=\"async\" width=\"500\" height=\"500\" data-id=\"27779\" src=\"https:\/\/www.designenlassen.de\/blog\/wp-content\/uploads\/2024\/01\/453847_elektriker-logo-huelscher.jpg\" alt=\"\" class=\"wp-image-27779\" srcset=\"https:\/\/www.designenlassen.de\/blog\/wp-content\/uploads\/2024\/01\/453847_elektriker-logo-huelscher.jpg 500w, https:\/\/www.designenlassen.de\/blog\/wp-content\/uploads\/2024\/01\/453847_elektriker-logo-huelscher-300x300.jpg 300w, https:\/\/www.designenlassen.de\/blog\/wp-content\/uploads\/2024\/01\/453847_elektriker-logo-huelscher-150x150.jpg 150w\" sizes=\"(max-width: 500px) 100vw, 500px\" \/><figcaption class=\"wp-element-caption\">eCommerce Logo von toutou1<\/figcaption><\/figure>\n\n\n\n<figure class=\"wp-block-image size-full\"><img loading=\"lazy\" decoding=\"async\" width=\"500\" height=\"375\" data-id=\"27860\" src=\"https:\/\/www.designenlassen.de\/blog\/wp-content\/uploads\/2024\/01\/fitness-logo-sport-meisen.jpg\" alt=\"\" class=\"wp-image-27860\" srcset=\"https:\/\/www.designenlassen.de\/blog\/wp-content\/uploads\/2024\/01\/fitness-logo-sport-meisen.jpg 500w, https:\/\/www.designenlassen.de\/blog\/wp-content\/uploads\/2024\/01\/fitness-logo-sport-meisen-300x225.jpg 300w\" sizes=\"(max-width: 500px) 100vw, 500px\" \/><figcaption class=\"wp-element-caption\">eCommerce Logo von BJ Habibie<\/figcaption><\/figure>\n\n\n\n<figure class=\"wp-block-image size-full\"><img loading=\"lazy\" decoding=\"async\" width=\"500\" height=\"500\" data-id=\"27858\" src=\"https:\/\/www.designenlassen.de\/blog\/wp-content\/uploads\/2024\/01\/fitness-logo-fitnessstudio-smartfit3.png\" alt=\"\" class=\"wp-image-27858\" srcset=\"https:\/\/www.designenlassen.de\/blog\/wp-content\/uploads\/2024\/01\/fitness-logo-fitnessstudio-smartfit3.png 500w, https:\/\/www.designenlassen.de\/blog\/wp-content\/uploads\/2024\/01\/fitness-logo-fitnessstudio-smartfit3-300x300.png 300w, https:\/\/www.designenlassen.de\/blog\/wp-content\/uploads\/2024\/01\/fitness-logo-fitnessstudio-smartfit3-150x150.png 150w\" sizes=\"(max-width: 500px) 100vw, 500px\" \/><figcaption class=\"wp-element-caption\">eCommerce Logo von CreativeLogo<\/figcaption><\/figure>\n\n\n\n<figure class=\"wp-block-image size-full\"><img loading=\"lazy\" decoding=\"async\" width=\"800\" height=\"600\" data-id=\"27259\" src=\"https:\/\/www.designenlassen.de\/blog\/wp-content\/uploads\/2018\/04\/designenlassen_cafe-logo_kempers.jpg\" alt=\"\" class=\"wp-image-27259\" srcset=\"https:\/\/www.designenlassen.de\/blog\/wp-content\/uploads\/2018\/04\/designenlassen_cafe-logo_kempers.jpg 800w, https:\/\/www.designenlassen.de\/blog\/wp-content\/uploads\/2018\/04\/designenlassen_cafe-logo_kempers-300x225.jpg 300w, https:\/\/www.designenlassen.de\/blog\/wp-content\/uploads\/2018\/04\/designenlassen_cafe-logo_kempers-768x576.jpg 768w\" sizes=\"(max-width: 800px) 100vw, 800px\" \/><\/figure>\n\n\n\n<figure class=\"wp-block-image size-full\"><img loading=\"lazy\" decoding=\"async\" width=\"800\" height=\"508\" data-id=\"26471\" src=\"https:\/\/www.designenlassen.de\/blog\/wp-content\/uploads\/2023\/05\/Farbverlauf-Logo-Insight-811355-Circle.jpg\" alt=\"\" class=\"wp-image-26471\" srcset=\"https:\/\/www.designenlassen.de\/blog\/wp-content\/uploads\/2023\/05\/Farbverlauf-Logo-Insight-811355-Circle.jpg 800w, https:\/\/www.designenlassen.de\/blog\/wp-content\/uploads\/2023\/05\/Farbverlauf-Logo-Insight-811355-Circle-300x191.jpg 300w, https:\/\/www.designenlassen.de\/blog\/wp-content\/uploads\/2023\/05\/Farbverlauf-Logo-Insight-811355-Circle-768x488.jpg 768w\" sizes=\"(max-width: 800px) 100vw, 800px\" \/><figcaption class=\"wp-element-caption\">eCommerce Logo von jhdesign<\/figcaption><\/figure>\n\n\n\n<figure class=\"wp-block-image size-full\"><img loading=\"lazy\" decoding=\"async\" width=\"500\" height=\"500\" data-id=\"27314\" src=\"https:\/\/www.designenlassen.de\/blog\/wp-content\/uploads\/2020\/05\/designenlassen_kegel-logo_tautropfen4.jpg\" alt=\"\" class=\"wp-image-27314\" srcset=\"https:\/\/www.designenlassen.de\/blog\/wp-content\/uploads\/2020\/05\/designenlassen_kegel-logo_tautropfen4.jpg 500w, https:\/\/www.designenlassen.de\/blog\/wp-content\/uploads\/2020\/05\/designenlassen_kegel-logo_tautropfen4-300x300.jpg 300w, https:\/\/www.designenlassen.de\/blog\/wp-content\/uploads\/2020\/05\/designenlassen_kegel-logo_tautropfen4-150x150.jpg 150w\" sizes=\"(max-width: 500px) 100vw, 500px\" \/><figcaption class=\"wp-element-caption\">eCommerce Logo von 2bcreativ<\/figcaption><\/figure>\n\n\n\n<figure class=\"wp-block-image size-full\"><img loading=\"lazy\" decoding=\"async\" width=\"338\" height=\"338\" data-id=\"26459\" src=\"https:\/\/www.designenlassen.de\/blog\/wp-content\/uploads\/2023\/05\/logo-art-infinity-arts.jpg\" alt=\"\" class=\"wp-image-26459\" srcset=\"https:\/\/www.designenlassen.de\/blog\/wp-content\/uploads\/2023\/05\/logo-art-infinity-arts.jpg 338w, https:\/\/www.designenlassen.de\/blog\/wp-content\/uploads\/2023\/05\/logo-art-infinity-arts-300x300.jpg 300w, https:\/\/www.designenlassen.de\/blog\/wp-content\/uploads\/2023\/05\/logo-art-infinity-arts-150x150.jpg 150w\" sizes=\"(max-width: 338px) 100vw, 338px\" \/><figcaption class=\"wp-element-caption\">eCommerce Logo f\u00fcr Agentur von Designer JSatuh<\/figcaption><\/figure>\n\n\n\n<figure class=\"wp-block-image size-full\"><img loading=\"lazy\" decoding=\"async\" width=\"1226\" height=\"944\" data-id=\"27111\" src=\"https:\/\/www.designenlassen.de\/blog\/wp-content\/uploads\/2023\/06\/designenlassen_aphotheken-logo_flora1.png\" alt=\"\" class=\"wp-image-27111\" srcset=\"https:\/\/www.designenlassen.de\/blog\/wp-content\/uploads\/2023\/06\/designenlassen_aphotheken-logo_flora1.png 1226w, https:\/\/www.designenlassen.de\/blog\/wp-content\/uploads\/2023\/06\/designenlassen_aphotheken-logo_flora1-300x231.png 300w, https:\/\/www.designenlassen.de\/blog\/wp-content\/uploads\/2023\/06\/designenlassen_aphotheken-logo_flora1-1024x788.png 1024w, https:\/\/www.designenlassen.de\/blog\/wp-content\/uploads\/2023\/06\/designenlassen_aphotheken-logo_flora1-768x591.png 768w\" sizes=\"(max-width: 1226px) 100vw, 1226px\" \/><\/figure>\n<\/figure>\n\n\n\n<p class=\"has-text-align-center\"><a href=\"https:\/\/www.designenlassen.de\/blog\/category\/inspiration\/\">Mehr Designs entdecken<\/a><\/p>\n\n\n\n<h2 class=\"wp-block-heading\">FAQs: Die wichtigsten Fragen zum Audi Logo<\/h2>\n\n\n\n<div style=\"height:34px\" aria-hidden=\"true\" class=\"wp-block-spacer\"><\/div>\n\n\n\n<h3 class=\"wp-block-heading\">Was bedeutet das Audi Logo?<\/h3>\n\n\n\n<p>Das Audi Logo besteht aus vier ineinander verschlungenen Ringen, die den Zusammenschluss von vier urspr\u00fcnglich unabh\u00e4ngigen Automobilherstellern symbolisieren: Audi, DKW, Horch und Wanderer.&nbsp;Diese vier Unternehmen schlossen sich im Jahr 1932 zur <a href=\"https:\/\/www.audi.de\/de\/brand\/de\/haeufige-fragen.html\">Auto Union AG<\/a> zusammen, die sp\u00e4ter zur heutigen Audi AG wurde.<\/p>\n\n\n\n<h3 class=\"wp-block-heading\">Wie hat sich das Audi Logo im Laufe der Zeit ver\u00e4ndert?<\/h3>\n\n\n\n<p>Das Audi Logo hat im Laufe der Zeit einige Ver\u00e4nderungen erfahren, sowohl in seiner Form als auch in seiner Farbe. Die ersten Ringe waren noch nicht miteinander verbunden, sondern nur nebeneinander angeordnet. Sie hatten auch einen Schattenwurf, der ihnen eine dreidimensionale Wirkung verlieh. Die Farbe der Ringe variierte je nach Hintergrund, oft waren sie silber oder blau. <\/p>\n\n\n\n<p>Im Jahr 1965 wurde das <a href=\"https:\/\/www.designenlassen.de\/blog\/logo-erstellen-top-firmenlogo-einfach-entwerfen\/\">Firmenlogo<\/a> vereinfacht und die Ringe wurden miteinander verbunden. Die Farbe wurde auf Schwarz oder Wei\u00df festgelegt, je nach Kontrast zum Hintergrund.&nbsp;Im Jahr 2009 wurde das Logo erneut \u00fcberarbeitet und die Ringe erhielten einen leichten Glanz und eine Chromoptik.<\/p>\n\n\n\n<h3 class=\"wp-block-heading\">Was ist die Bedeutung der variablen Ringe im Audi Erscheinungsbild?<\/h3>\n\n\n\n<p>Die variablen Ringe sind eine neue M\u00f6glichkeit, das Audi Logo in der Kommunikation einzusetzen. Sie erlauben es, die Strichst\u00e4rke der Ringe je nach Kontext und Botschaft zu variieren. Damit k\u00f6nnen die Ringe mit der Typografie, dem Hintergrund und dem Anspruch an die Fernwirkung st\u00e4rker korrespondieren. Von filigran zu kr\u00e4ftig, von zur\u00fcckgenommen zu selbstbewusst \u2013 die Ringe sind Verst\u00e4rker wie Treiber der Botschaft.&nbsp;Die variablen Ringe werden ausschlie\u00dflich in Kommunikationsmedien eingesetzt, nicht aber auf Produkten oder Geb\u00e4uden.<\/p>\n\n\n\n<h2 class=\"wp-block-heading\">Fazit<\/h2>\n\n\n\n<p>Insgesamt ist Audi ein Synonym f\u00fcr deutsche Ingenieurskunst, Innovation und Qualit\u00e4t. Mit einer langen Tradition in der Automobilindustrie und einem klaren Bekenntnis zu Fortschritt und Nachhaltigkeit bleibt Audi auch in Zukunft ein Vorreiter in der Welt der Autos.<\/p>\n\n\n\n<div class=\"wp-block-buttons is-content-justification-center is-layout-flex wp-container-core-buttons-is-layout-16018d1d wp-block-buttons-is-layout-flex\">\n<div class=\"wp-block-button is-style-fill\"><a class=\"wp-block-button__link has-white-color has-text-color has-background has-text-align-left wp-element-button\" href=\"https:\/\/www.designenlassen.de\/logo-design?utm_source=blog&amp;utm_medium=button&amp;utm_campaign=logo-sammlung\" style=\"background-color:#091182\">Jetzt Logo erstellen<\/a><\/div>\n<\/div>\n\n\n\n<div style=\"height:30px\" aria-hidden=\"true\" class=\"wp-block-spacer\"><\/div>\n\n\n\n<h2 class=\"wp-block-heading\">Weiterf\u00fchrende Informationen<\/h2>\n\n\n\n<ul class=\"wp-block-list\">\n<li><a href=\"https:\/\/de.wikipedia.org\/wiki\/Audi\">Geschichte<\/a><\/li>\n\n\n\n<li><a href=\"https:\/\/www.audi.de\/de\/brand\/de\/haeufige-fragen.html\">Audi<\/a><\/li>\n<\/ul>\n\n\n\n<p><strong>Bildquelle:<\/strong><\/p>\n\n\n\n<ul class=\"wp-block-list\">\n<li><a href=\"https:\/\/www.audi-mediacenter.com\/de\/fotos\/detail\/audi-logo-neues-corporate-design-1282\">Foto von der offziellen Audi-Unternehmenswebseite<\/a><\/li>\n<\/ul>\n","protected":false},"excerpt":{"rendered":"<p>Audi ist weit mehr als nur eine Automarke &#8211; sie verk\u00f6rpert deutsche Ingenieurskunst, Innovation und Luxus.&hellip;<\/p>\n","protected":false},"author":27,"featured_media":28075,"parent":27972,"menu_order":0,"comment_status":"closed","ping_status":"closed","template":"","meta":{"_lmt_disableupdate":"","_lmt_disable":"","footnotes":""},"class_list":["post-28074","page","type-page","status-publish","has-post-thumbnail","hentry"],"yoast_head":"<!-- This site is optimized with the Yoast SEO plugin v27.5 - https:\/\/yoast.com\/product\/yoast-seo-wordpress\/ -->\n<title>Audi Logo \u25ba Bilder, Geschichte, Entwicklung &amp; u.v.m<\/title>\n<meta name=\"description\" content=\"Erfahre alles Wichtige \u00fcber das Audi-Logo: Geschichte \u2713 Ursprung \u2713 Entwicklung \u2713 Bedeutung \u2713 u.v.m. \u25ba Jetzt ansehen!\" \/>\n<meta name=\"robots\" content=\"index, follow, max-snippet:-1, max-image-preview:large, max-video-preview:-1\" \/>\n<link rel=\"canonical\" href=\"https:\/\/www.designenlassen.de\/blog\/bekannte-logos\/audi-logo\/\" \/>\n<meta property=\"og:locale\" content=\"de_DE\" \/>\n<meta property=\"og:type\" content=\"article\" \/>\n<meta property=\"og:title\" content=\"Audi Logo \u25ba Bilder, Geschichte, Entwicklung &amp; u.v.m\" \/>\n<meta property=\"og:description\" content=\"Erfahre alles Wichtige \u00fcber das Audi-Logo: Geschichte \u2713 Ursprung \u2713 Entwicklung \u2713 Bedeutung \u2713 u.v.m. \u25ba Jetzt ansehen!\" \/>\n<meta property=\"og:url\" content=\"https:\/\/www.designenlassen.de\/blog\/bekannte-logos\/audi-logo\/\" \/>\n<meta property=\"og:site_name\" content=\"designenlassen.de Blog\" \/>\n<meta property=\"article:modified_time\" content=\"2024-04-23T10:24:35+00:00\" \/>\n<meta property=\"og:image\" content=\"https:\/\/www.designenlassen.de\/blog\/wp-content\/uploads\/2024\/02\/AL090142_large.jpg\" \/>\n\t<meta property=\"og:image:width\" content=\"1200\" \/>\n\t<meta property=\"og:image:height\" content=\"1200\" \/>\n\t<meta property=\"og:image:type\" content=\"image\/jpeg\" \/>\n<meta name=\"twitter:card\" content=\"summary_large_image\" \/>\n<meta name=\"twitter:label1\" content=\"Gesch\u00e4tzte Lesezeit\" \/>\n\t<meta name=\"twitter:data1\" content=\"6\u00a0Minuten\" \/>\n<script type=\"application\/ld+json\" class=\"yoast-schema-graph\">{\"@context\":\"https:\\\/\\\/schema.org\",\"@graph\":[{\"@type\":\"WebPage\",\"@id\":\"https:\\\/\\\/www.designenlassen.de\\\/blog\\\/bekannte-logos\\\/audi-logo\\\/\",\"url\":\"https:\\\/\\\/www.designenlassen.de\\\/blog\\\/bekannte-logos\\\/audi-logo\\\/\",\"name\":\"Audi Logo \u25ba Bilder, Geschichte, Entwicklung & u.v.m\",\"isPartOf\":{\"@id\":\"https:\\\/\\\/www.designenlassen.de\\\/blog\\\/#website\"},\"primaryImageOfPage\":{\"@id\":\"https:\\\/\\\/www.designenlassen.de\\\/blog\\\/bekannte-logos\\\/audi-logo\\\/#primaryimage\"},\"image\":{\"@id\":\"https:\\\/\\\/www.designenlassen.de\\\/blog\\\/bekannte-logos\\\/audi-logo\\\/#primaryimage\"},\"thumbnailUrl\":\"https:\\\/\\\/www.designenlassen.de\\\/blog\\\/wp-content\\\/uploads\\\/2024\\\/02\\\/AL090142_large.jpg\",\"datePublished\":\"2024-02-13T07:10:48+00:00\",\"dateModified\":\"2024-04-23T10:24:35+00:00\",\"description\":\"Erfahre alles Wichtige \u00fcber das Audi-Logo: Geschichte \u2713 Ursprung \u2713 Entwicklung \u2713 Bedeutung \u2713 u.v.m. \u25ba Jetzt ansehen!\",\"breadcrumb\":{\"@id\":\"https:\\\/\\\/www.designenlassen.de\\\/blog\\\/bekannte-logos\\\/audi-logo\\\/#breadcrumb\"},\"inLanguage\":\"de\",\"potentialAction\":[{\"@type\":\"ReadAction\",\"target\":[\"https:\\\/\\\/www.designenlassen.de\\\/blog\\\/bekannte-logos\\\/audi-logo\\\/\"]}]},{\"@type\":\"ImageObject\",\"inLanguage\":\"de\",\"@id\":\"https:\\\/\\\/www.designenlassen.de\\\/blog\\\/bekannte-logos\\\/audi-logo\\\/#primaryimage\",\"url\":\"https:\\\/\\\/www.designenlassen.de\\\/blog\\\/wp-content\\\/uploads\\\/2024\\\/02\\\/AL090142_large.jpg\",\"contentUrl\":\"https:\\\/\\\/www.designenlassen.de\\\/blog\\\/wp-content\\\/uploads\\\/2024\\\/02\\\/AL090142_large.jpg\",\"width\":1200,\"height\":1200,\"caption\":\"New Audi logo: The brand trademark, the four rings.\"},{\"@type\":\"BreadcrumbList\",\"@id\":\"https:\\\/\\\/www.designenlassen.de\\\/blog\\\/bekannte-logos\\\/audi-logo\\\/#breadcrumb\",\"itemListElement\":[{\"@type\":\"ListItem\",\"position\":1,\"name\":\"Start\",\"item\":\"https:\\\/\\\/www.designenlassen.de\\\/blog\\\/\"},{\"@type\":\"ListItem\",\"position\":2,\"name\":\"Die 180 bekanntesten Logos im \u00dcberblick\",\"item\":\"https:\\\/\\\/www.designenlassen.de\\\/blog\\\/bekannte-logos\\\/\"},{\"@type\":\"ListItem\",\"position\":3,\"name\":\"Audi Logo\"}]},{\"@type\":\"WebSite\",\"@id\":\"https:\\\/\\\/www.designenlassen.de\\\/blog\\\/#website\",\"url\":\"https:\\\/\\\/www.designenlassen.de\\\/blog\\\/\",\"name\":\"designenlassen.de Blog\",\"description\":\"Inspirationen, Tipps und Ideen f\u00fcr Designer sowie Gr\u00fcnder und Kleinbetriebe.\",\"potentialAction\":[{\"@type\":\"SearchAction\",\"target\":{\"@type\":\"EntryPoint\",\"urlTemplate\":\"https:\\\/\\\/www.designenlassen.de\\\/blog\\\/?s={search_term_string}\"},\"query-input\":{\"@type\":\"PropertyValueSpecification\",\"valueRequired\":true,\"valueName\":\"search_term_string\"}}],\"inLanguage\":\"de\"}]}<\/script>\n<!-- \/ Yoast SEO plugin. -->","yoast_head_json":{"title":"Audi Logo \u25ba Bilder, Geschichte, Entwicklung & u.v.m","description":"Erfahre alles Wichtige \u00fcber das Audi-Logo: Geschichte \u2713 Ursprung \u2713 Entwicklung \u2713 Bedeutung \u2713 u.v.m. \u25ba Jetzt ansehen!","robots":{"index":"index","follow":"follow","max-snippet":"max-snippet:-1","max-image-preview":"max-image-preview:large","max-video-preview":"max-video-preview:-1"},"canonical":"https:\/\/www.designenlassen.de\/blog\/bekannte-logos\/audi-logo\/","og_locale":"de_DE","og_type":"article","og_title":"Audi Logo \u25ba Bilder, Geschichte, Entwicklung & u.v.m","og_description":"Erfahre alles Wichtige \u00fcber das Audi-Logo: Geschichte \u2713 Ursprung \u2713 Entwicklung \u2713 Bedeutung \u2713 u.v.m. \u25ba Jetzt ansehen!","og_url":"https:\/\/www.designenlassen.de\/blog\/bekannte-logos\/audi-logo\/","og_site_name":"designenlassen.de Blog","article_modified_time":"2024-04-23T10:24:35+00:00","og_image":[{"width":1200,"height":1200,"url":"https:\/\/www.designenlassen.de\/blog\/wp-content\/uploads\/2024\/02\/AL090142_large.jpg","type":"image\/jpeg"}],"twitter_card":"summary_large_image","twitter_misc":{"Gesch\u00e4tzte Lesezeit":"6\u00a0Minuten"},"schema":{"@context":"https:\/\/schema.org","@graph":[{"@type":"WebPage","@id":"https:\/\/www.designenlassen.de\/blog\/bekannte-logos\/audi-logo\/","url":"https:\/\/www.designenlassen.de\/blog\/bekannte-logos\/audi-logo\/","name":"Audi Logo \u25ba Bilder, Geschichte, Entwicklung & u.v.m","isPartOf":{"@id":"https:\/\/www.designenlassen.de\/blog\/#website"},"primaryImageOfPage":{"@id":"https:\/\/www.designenlassen.de\/blog\/bekannte-logos\/audi-logo\/#primaryimage"},"image":{"@id":"https:\/\/www.designenlassen.de\/blog\/bekannte-logos\/audi-logo\/#primaryimage"},"thumbnailUrl":"https:\/\/www.designenlassen.de\/blog\/wp-content\/uploads\/2024\/02\/AL090142_large.jpg","datePublished":"2024-02-13T07:10:48+00:00","dateModified":"2024-04-23T10:24:35+00:00","description":"Erfahre alles Wichtige \u00fcber das Audi-Logo: Geschichte \u2713 Ursprung \u2713 Entwicklung \u2713 Bedeutung \u2713 u.v.m. \u25ba Jetzt ansehen!","breadcrumb":{"@id":"https:\/\/www.designenlassen.de\/blog\/bekannte-logos\/audi-logo\/#breadcrumb"},"inLanguage":"de","potentialAction":[{"@type":"ReadAction","target":["https:\/\/www.designenlassen.de\/blog\/bekannte-logos\/audi-logo\/"]}]},{"@type":"ImageObject","inLanguage":"de","@id":"https:\/\/www.designenlassen.de\/blog\/bekannte-logos\/audi-logo\/#primaryimage","url":"https:\/\/www.designenlassen.de\/blog\/wp-content\/uploads\/2024\/02\/AL090142_large.jpg","contentUrl":"https:\/\/www.designenlassen.de\/blog\/wp-content\/uploads\/2024\/02\/AL090142_large.jpg","width":1200,"height":1200,"caption":"New Audi logo: The brand trademark, the four rings."},{"@type":"BreadcrumbList","@id":"https:\/\/www.designenlassen.de\/blog\/bekannte-logos\/audi-logo\/#breadcrumb","itemListElement":[{"@type":"ListItem","position":1,"name":"Start","item":"https:\/\/www.designenlassen.de\/blog\/"},{"@type":"ListItem","position":2,"name":"Die 180 bekanntesten Logos im \u00dcberblick","item":"https:\/\/www.designenlassen.de\/blog\/bekannte-logos\/"},{"@type":"ListItem","position":3,"name":"Audi Logo"}]},{"@type":"WebSite","@id":"https:\/\/www.designenlassen.de\/blog\/#website","url":"https:\/\/www.designenlassen.de\/blog\/","name":"designenlassen.de Blog","description":"Inspirationen, Tipps und Ideen f\u00fcr Designer sowie Gr\u00fcnder und Kleinbetriebe.","potentialAction":[{"@type":"SearchAction","target":{"@type":"EntryPoint","urlTemplate":"https:\/\/www.designenlassen.de\/blog\/?s={search_term_string}"},"query-input":{"@type":"PropertyValueSpecification","valueRequired":true,"valueName":"search_term_string"}}],"inLanguage":"de"}]}},"_links":{"self":[{"href":"https:\/\/www.designenlassen.de\/blog\/wp-json\/wp\/v2\/pages\/28074","targetHints":{"allow":["GET"]}}],"collection":[{"href":"https:\/\/www.designenlassen.de\/blog\/wp-json\/wp\/v2\/pages"}],"about":[{"href":"https:\/\/www.designenlassen.de\/blog\/wp-json\/wp\/v2\/types\/page"}],"author":[{"embeddable":true,"href":"https:\/\/www.designenlassen.de\/blog\/wp-json\/wp\/v2\/users\/27"}],"replies":[{"embeddable":true,"href":"https:\/\/www.designenlassen.de\/blog\/wp-json\/wp\/v2\/comments?post=28074"}],"version-history":[{"count":12,"href":"https:\/\/www.designenlassen.de\/blog\/wp-json\/wp\/v2\/pages\/28074\/revisions"}],"predecessor-version":[{"id":31405,"href":"https:\/\/www.designenlassen.de\/blog\/wp-json\/wp\/v2\/pages\/28074\/revisions\/31405"}],"up":[{"embeddable":true,"href":"https:\/\/www.designenlassen.de\/blog\/wp-json\/wp\/v2\/pages\/27972"}],"wp:featuredmedia":[{"embeddable":true,"href":"https:\/\/www.designenlassen.de\/blog\/wp-json\/wp\/v2\/media\/28075"}],"wp:attachment":[{"href":"https:\/\/www.designenlassen.de\/blog\/wp-json\/wp\/v2\/media?parent=28074"}],"curies":[{"name":"wp","href":"https:\/\/api.w.org\/{rel}","templated":true}]}}