{"id":28174,"date":"2024-02-15T14:55:42","date_gmt":"2024-02-15T12:55:42","guid":{"rendered":"https:\/\/www.designenlassen.de\/blog\/?page_id=28174"},"modified":"2024-05-06T13:42:43","modified_gmt":"2024-05-06T11:42:43","slug":"bitburger-logo","status":"publish","type":"page","link":"https:\/\/www.designenlassen.de\/blog\/bekannte-logos\/bitburger-logo\/","title":{"rendered":"Bitburger Logo"},"content":{"rendered":"\n<figure class=\"wp-block-image size-full is-resized\"><img fetchpriority=\"high\" decoding=\"async\" width=\"1280\" height=\"575\" src=\"https:\/\/www.designenlassen.de\/blog\/wp-content\/uploads\/2024\/02\/1280px-Logo_Bitburger.svg_.png\" alt=\"\" class=\"wp-image-28177\" style=\"width:677px;height:auto\" srcset=\"https:\/\/www.designenlassen.de\/blog\/wp-content\/uploads\/2024\/02\/1280px-Logo_Bitburger.svg_.png 1280w, https:\/\/www.designenlassen.de\/blog\/wp-content\/uploads\/2024\/02\/1280px-Logo_Bitburger.svg_-300x135.png 300w, https:\/\/www.designenlassen.de\/blog\/wp-content\/uploads\/2024\/02\/1280px-Logo_Bitburger.svg_-1024x460.png 1024w, https:\/\/www.designenlassen.de\/blog\/wp-content\/uploads\/2024\/02\/1280px-Logo_Bitburger.svg_-768x345.png 768w\" sizes=\"(max-width: 1280px) 100vw, 1280px\" \/><figcaption class=\"wp-element-caption\"><strong>\u00a9<\/strong> Bitburger \/ bitburger.de<\/figcaption><\/figure>\n\n\n\n<p>Bier ist eines der <a href=\"https:\/\/www.designenlassen.de\/blog\/bekannte-logos\/\">beliebtesten<\/a> Getr\u00e4nke in Deutschland und Bitburger ist eine der bekanntesten Biermarken. Doch was macht Bitburger so besonders? Wie ist die Geschichte dieser Familienbrauerei, die seit \u00fcber 200 Jahren in der Eifel ans\u00e4ssig ist? Und welche Produkte bietet Bitburger heute an? In diesem Blogartikel erf\u00e4hrst du mehr \u00fcber Bitburger, das Bier mit dem einzigartigen Geschmack.<\/p>\n\n\n\n<div class=\"wp-block-buttons is-content-justification-center is-layout-flex wp-container-core-buttons-is-layout-16018d1d wp-block-buttons-is-layout-flex\">\n<div class=\"wp-block-button is-style-fill\"><a class=\"wp-block-button__link has-white-color has-text-color has-background has-text-align-left wp-element-button\" href=\"https:\/\/www.designenlassen.de\/logo-design?utm_source=blog&amp;utm_medium=button&amp;utm_campaign=logo-sammlung\" style=\"background-color:#091182\">Jetzt Logo erstellen<\/a><\/div>\n<\/div>\n\n\n\n\n\n<h2 class=\"wp-block-heading\">Ursprung<\/h2>\n\n\n\n<p>Die Bitburger Brauerei wurde 1817 von Johann Peter Wallenborn gegr\u00fcndet, einem gelernten Braumeister. Nach seinem Tod \u00fcbernahm seine Witwe Anna Katharina die Hausbrauerei, die sie sp\u00e4ter an ihre Tochter Elisabeth und deren Mann Ludwig Bertrand Simon weitergab.&nbsp;Dieser gr\u00fcndete im Stammhaus den Brauerei-Ausschank \u201cZum Simonbr\u00e4u\u201d.<\/p>\n\n\n\n<h2 class=\"wp-block-heading\">Entwicklung <\/h2>\n\n\n\n<p>Die Bitburger Brauerei wuchs im Laufe der Zeit zu einer der gr\u00f6\u00dften Privatbrauereien Deutschlands.&nbsp;Unter der Leitung von Theobald Simon, dem Sohn von Ludwig Bertrand Simon, begann die Brauerei, ihr Bier in Flaschen abzuf\u00fcllen und mit Pferdefuhrwerken zu den Gasth\u00e4usern der Umgebung zu liefern.&nbsp;Die Brauerei stellte 1883 erstmals ein Bier nach Pilsener Brauart her, das sich durch seinen herb-frischen Geschmack auszeichnete.<\/p>\n\n\n\n<p>Die Brauerei \u00fcberstand die beiden Weltkriege und die Wirtschaftskrise und expandierte in den Nachkriegsjahren sowohl regional als auch national.&nbsp;Bitburger wurde zu einer der meistverkauften Biermarken in Deutschland und zum Marktf\u00fchrer im Fassbiersegment.&nbsp;Die <a href=\"https:\/\/www.designenlassen.de\/blog\/33-bier-logos-die-dich-berauschen-werden\/\">Brauerei<\/a> investierte in moderne Technologien, wie zum Beispiel Tiefbrunnen, Kunstkellerei, Flaschenabf\u00fcllanlage und Dosenlinie.<\/p>\n\n\n\n<h2 class=\"wp-block-heading\">Bedeutung<\/h2>\n\n\n\n<p>Bitburger ist nicht nur eine erfolgreiche Biermarke, sondern auch ein kulturelles Symbol.&nbsp;Bitburger ist seit Jahrzehnten ein Sponsor von Sportveranstaltungen, wie zum Beispiel Fu\u00dfball, Formel 1, Eishockey und Leichtathletik.&nbsp;Bitburger ist zudem offizieller Bierpartner der UEFA EURO 2024, die in Deutschland stattfinden wird.<\/p>\n\n\n\n<p>Bitburger engagiert sich auch gesellschaftlich, zum Beispiel durch die Dr.-Hanns-Simon-Stiftung, die soziale, kulturelle und wissenschaftliche Projekte in der Region f\u00f6rdert.&nbsp;Bitburger unterst\u00fctzt zudem die lokale <a href=\"https:\/\/www.designenlassen.de\/blog\/33-restaurant-logos-mit-geschmack\/\">Gastronomie<\/a> und den Tourismus, unter anderem durch die Bitburger Erlebniswelt, die Besuchern einen Einblick in die Welt der Brauerei bietet.<\/p>\n\n\n\n<div class=\"sof\">\n<h2>Individuelles Design oder Logo gesucht?<\/h2>\n<p>Bei designenlassen.de findest Du \u00fcber <b>100.000 Designer, die Dir ein einzigartiges Design nach Deinen W\u00fcnschen kreieren.<\/b> Starte jetzt Deinen eigenen Designwettbewerb und erhalte zahlreiche individuelle Vorschl\u00e4ge.<br><\/p>\n\n\n\n<\/div>\n\n\n\n<div class=\"wp-block-buttons is-content-justification-center is-layout-flex wp-container-core-buttons-is-layout-16018d1d wp-block-buttons-is-layout-flex\">\n<div class=\"wp-block-button is-style-fill\"><a class=\"wp-block-button__link has-white-color has-text-color has-background has-text-align-left wp-element-button\" href=\"https:\/\/www.designenlassen.de\/logo-design?utm_source=blog&amp;utm_medium=button&amp;utm_campaign=logo-sammlung\" style=\"background-color:#091182\">Jetzt Logo erstellen<\/a><\/div>\n<\/div>\n\n\n\n<div style=\"height:34px\" aria-hidden=\"true\" class=\"wp-block-spacer\"><\/div>\n\n\n\n<h2 class=\"wp-block-heading\">Von uns erstellte Logos<\/h2>\n\n\n\n<figure class=\"wp-block-gallery has-nested-images columns-default is-cropped wp-block-gallery-1 is-layout-flex wp-block-gallery-is-layout-flex\">\n<figure class=\"wp-block-image size-large\"><img decoding=\"async\" width=\"338\" height=\"338\" data-id=\"18447\" src=\"https:\/\/www.designenlassen.de\/blog\/wp-content\/uploads\/2019\/11\/Bieretiktten-Brauerei-Tazitus-522786-1.jpg\" alt=\"Bieretiktten-Brauerei-Tazitus-522786-1\" class=\"wp-image-18447\" srcset=\"https:\/\/www.designenlassen.de\/blog\/wp-content\/uploads\/2019\/11\/Bieretiktten-Brauerei-Tazitus-522786-1.jpg 338w, https:\/\/www.designenlassen.de\/blog\/wp-content\/uploads\/2019\/11\/Bieretiktten-Brauerei-Tazitus-522786-1-150x150.jpg 150w, https:\/\/www.designenlassen.de\/blog\/wp-content\/uploads\/2019\/11\/Bieretiktten-Brauerei-Tazitus-522786-1-300x300.jpg 300w\" sizes=\"(max-width: 338px) 100vw, 338px\" \/><\/figure>\n\n\n\n<figure class=\"wp-block-image size-large\"><img decoding=\"async\" width=\"500\" height=\"455\" data-id=\"8029\" src=\"https:\/\/www.designenlassen.de\/blog\/wp-content\/uploads\/2017\/05\/Schlugg-Helles-Brauerei-Logo-Design.jpg\" alt=\"\" class=\"wp-image-8029\" srcset=\"https:\/\/www.designenlassen.de\/blog\/wp-content\/uploads\/2017\/05\/Schlugg-Helles-Brauerei-Logo-Design.jpg 500w, https:\/\/www.designenlassen.de\/blog\/wp-content\/uploads\/2017\/05\/Schlugg-Helles-Brauerei-Logo-Design-300x273.jpg 300w\" sizes=\"(max-width: 500px) 100vw, 500px\" \/><\/figure>\n\n\n\n<figure class=\"wp-block-image size-large\"><img loading=\"lazy\" decoding=\"async\" width=\"500\" height=\"536\" data-id=\"8028\" src=\"https:\/\/www.designenlassen.de\/blog\/wp-content\/uploads\/2017\/05\/Logo-Brauerei-Stiefelbier.jpg\" alt=\"\" class=\"wp-image-8028\" srcset=\"https:\/\/www.designenlassen.de\/blog\/wp-content\/uploads\/2017\/05\/Logo-Brauerei-Stiefelbier.jpg 500w, https:\/\/www.designenlassen.de\/blog\/wp-content\/uploads\/2017\/05\/Logo-Brauerei-Stiefelbier-280x300.jpg 280w\" sizes=\"(max-width: 500px) 100vw, 500px\" \/><\/figure>\n\n\n\n<figure class=\"wp-block-image size-large\"><img loading=\"lazy\" decoding=\"async\" width=\"338\" height=\"338\" data-id=\"14323\" src=\"https:\/\/www.designenlassen.de\/blog\/wp-content\/uploads\/2018\/11\/Emblem-Wappen-Logo-ELSI-Br\u00e4u-Brauerei.jpg\" alt=\"Emblem Wappen Logo ELSI Br\u00e4u Brauerei\" class=\"wp-image-14323\" srcset=\"https:\/\/www.designenlassen.de\/blog\/wp-content\/uploads\/2018\/11\/Emblem-Wappen-Logo-ELSI-Br\u00e4u-Brauerei.jpg 338w, https:\/\/www.designenlassen.de\/blog\/wp-content\/uploads\/2018\/11\/Emblem-Wappen-Logo-ELSI-Br\u00e4u-Brauerei-150x150.jpg 150w, https:\/\/www.designenlassen.de\/blog\/wp-content\/uploads\/2018\/11\/Emblem-Wappen-Logo-ELSI-Br\u00e4u-Brauerei-300x300.jpg 300w\" sizes=\"(max-width: 338px) 100vw, 338px\" \/><\/figure>\n\n\n\n<figure class=\"wp-block-image size-large\"><img loading=\"lazy\" decoding=\"async\" width=\"500\" height=\"474\" data-id=\"8025\" src=\"https:\/\/www.designenlassen.de\/blog\/wp-content\/uploads\/2017\/05\/Buccaneers-Bay-Brauerei-Logo-Design.jpg\" alt=\"\" class=\"wp-image-8025\" srcset=\"https:\/\/www.designenlassen.de\/blog\/wp-content\/uploads\/2017\/05\/Buccaneers-Bay-Brauerei-Logo-Design.jpg 500w, https:\/\/www.designenlassen.de\/blog\/wp-content\/uploads\/2017\/05\/Buccaneers-Bay-Brauerei-Logo-Design-300x284.jpg 300w\" sizes=\"(max-width: 500px) 100vw, 500px\" \/><\/figure>\n\n\n\n<figure class=\"wp-block-image size-large\"><img loading=\"lazy\" decoding=\"async\" width=\"1024\" height=\"1016\" data-id=\"15286\" src=\"https:\/\/www.designenlassen.de\/blog\/wp-content\/uploads\/2019\/01\/Emblem-Logo-163273-Hausbrauerei-Arnoldus-Br\u00e4u-Vintage-1024x1016.jpg\" alt=\"Emblem Logo 163273 Hausbrauerei Arnoldus Br\u00e4u Vintage\" class=\"wp-image-15286\" srcset=\"https:\/\/www.designenlassen.de\/blog\/wp-content\/uploads\/2019\/01\/Emblem-Logo-163273-Hausbrauerei-Arnoldus-Br\u00e4u-Vintage-1024x1016.jpg 1024w, https:\/\/www.designenlassen.de\/blog\/wp-content\/uploads\/2019\/01\/Emblem-Logo-163273-Hausbrauerei-Arnoldus-Br\u00e4u-Vintage-150x150.jpg 150w, https:\/\/www.designenlassen.de\/blog\/wp-content\/uploads\/2019\/01\/Emblem-Logo-163273-Hausbrauerei-Arnoldus-Br\u00e4u-Vintage-300x298.jpg 300w, https:\/\/www.designenlassen.de\/blog\/wp-content\/uploads\/2019\/01\/Emblem-Logo-163273-Hausbrauerei-Arnoldus-Br\u00e4u-Vintage-768x762.jpg 768w, https:\/\/www.designenlassen.de\/blog\/wp-content\/uploads\/2019\/01\/Emblem-Logo-163273-Hausbrauerei-Arnoldus-Br\u00e4u-Vintage.jpg 1051w\" sizes=\"(max-width: 1024px) 100vw, 1024px\" \/><\/figure>\n\n\n\n<figure class=\"wp-block-image size-large\"><img loading=\"lazy\" decoding=\"async\" width=\"546\" height=\"307\" data-id=\"27245\" src=\"https:\/\/www.designenlassen.de\/blog\/wp-content\/uploads\/2023\/07\/designenlassen_bier-logo_kini-edited.jpg\" alt=\"\" class=\"wp-image-27245\" srcset=\"https:\/\/www.designenlassen.de\/blog\/wp-content\/uploads\/2023\/07\/designenlassen_bier-logo_kini-edited.jpg 546w, https:\/\/www.designenlassen.de\/blog\/wp-content\/uploads\/2023\/07\/designenlassen_bier-logo_kini-edited-300x169.jpg 300w\" sizes=\"(max-width: 546px) 100vw, 546px\" \/><\/figure>\n\n\n\n<figure class=\"wp-block-image size-large\"><img loading=\"lazy\" decoding=\"async\" width=\"900\" height=\"1000\" data-id=\"27238\" src=\"https:\/\/www.designenlassen.de\/blog\/wp-content\/uploads\/2023\/07\/designenlassen_bier-logo_schlugg.png\" alt=\"\" class=\"wp-image-27238\" srcset=\"https:\/\/www.designenlassen.de\/blog\/wp-content\/uploads\/2023\/07\/designenlassen_bier-logo_schlugg.png 900w, https:\/\/www.designenlassen.de\/blog\/wp-content\/uploads\/2023\/07\/designenlassen_bier-logo_schlugg-270x300.png 270w, https:\/\/www.designenlassen.de\/blog\/wp-content\/uploads\/2023\/07\/designenlassen_bier-logo_schlugg-768x853.png 768w\" sizes=\"(max-width: 900px) 100vw, 900px\" \/><\/figure>\n\n\n\n<figure class=\"wp-block-image size-large\"><img loading=\"lazy\" decoding=\"async\" width=\"1024\" height=\"683\" data-id=\"27234\" src=\"https:\/\/www.designenlassen.de\/blog\/wp-content\/uploads\/2023\/07\/designenlassen_bier-logo_kirzinger-1024x683.jpg\" alt=\"\" class=\"wp-image-27234\" srcset=\"https:\/\/www.designenlassen.de\/blog\/wp-content\/uploads\/2023\/07\/designenlassen_bier-logo_kirzinger-1024x683.jpg 1024w, https:\/\/www.designenlassen.de\/blog\/wp-content\/uploads\/2023\/07\/designenlassen_bier-logo_kirzinger-300x200.jpg 300w, https:\/\/www.designenlassen.de\/blog\/wp-content\/uploads\/2023\/07\/designenlassen_bier-logo_kirzinger-768x512.jpg 768w, https:\/\/www.designenlassen.de\/blog\/wp-content\/uploads\/2023\/07\/designenlassen_bier-logo_kirzinger-1536x1024.jpg 1536w, https:\/\/www.designenlassen.de\/blog\/wp-content\/uploads\/2023\/07\/designenlassen_bier-logo_kirzinger.jpg 1819w\" sizes=\"(max-width: 1024px) 100vw, 1024px\" \/><\/figure>\n<\/figure>\n\n\n\n<p class=\"has-text-align-center\"><a href=\"https:\/\/www.designenlassen.de\/blog\/category\/inspiration\/\">Mehr Designs entdecken<\/a><\/p>\n\n\n\n<h2 class=\"wp-block-heading\">FAQs: Die wichtigsten Fragen zum Bitburger-Logo<\/h2>\n\n\n\n<div style=\"height:34px\" aria-hidden=\"true\" class=\"wp-block-spacer\"><\/div>\n\n\n\n<h3 class=\"wp-block-heading\">Was bedeutet das Bitburger-Logo?<\/h3>\n\n\n\n<p>Das Bitburger-Logo besteht aus dem Schriftzug \u201cBitburger\u201d in einer individuell gestalteten Schriftart, dem Slogan \u201cBitte ein Bit\u201d und dem sogenannten \u201cKenner\u201d, einem stilisierten Bierglas mit Schaumkrone.&nbsp;Das <a href=\"https:\/\/www.designenlassen.de\/blog\/logo-erstellen-top-firmenlogo-einfach-entwerfen\/\">Logo<\/a> soll die hohe Qualit\u00e4t, den einzigartigen Geschmack und die Tradition der Bitburger Brauerei vermitteln.<\/p>\n\n\n\n<h3 class=\"wp-block-heading\">Wie hat sich das Bitburger-Logo im Laufe der Zeit ver\u00e4ndert?<\/h3>\n\n\n\n<p>Das Bitburger-Logo hat sich seit seiner Einf\u00fchrung im Jahr 1909 mehrmals ver\u00e4ndert, um sich an die Zeit und die Zielgruppe anzupassen. Die wichtigsten \u00c4nderungen waren:<\/p>\n\n\n\n<ul class=\"wp-block-list\">\n<li>1936: Der Slogan \u201cBitte ein Bit\u201d wird als Markenzeichen angemeldet und erstmals in einer Anzeigenserie eingesetzt<\/li>\n\n\n\n<li>1929: Der \u201cGenie\u00dfer\u201d, eine Figur, die ein Bitburger Pils trinkt, wird als Werbesymbol eingef\u00fchrt<\/li>\n\n\n\n<li>1951: Der \u201cKenner\u201d wird als neues Erkennungszeichen des Bitburger Pils geschaffen.&nbsp;Er zeigt ein Bierglas mit Schaumkrone und dem Schriftzug \u201cBitburger\u201d<\/li>\n\n\n\n<li>1974: Das Logo wird modernisiert und erh\u00e4lt eine neue Schriftart und einen goldenen Hintergrund.&nbsp;Der \u201cGenie\u00dfer\u201d wird aus dem Logo entfernt<\/li>\n\n\n\n<li>1994: Das Logo wird erneut \u00fcberarbeitet und bekommt einen dreidimensionalen Effekt.&nbsp;Der \u201cKenner\u201d wird vergr\u00f6\u00dfert und der Slogan \u201cBitte ein Bit\u201d wird hinzugef\u00fcgt<\/li>\n\n\n\n<li>2008: Das Logo wird vereinfacht und flacher gestaltet.&nbsp;Der \u201cKenner\u201d wird kleiner und der Slogan \u201cBitte ein Bit\u201d wird st\u00e4rker betont<\/li>\n\n\n\n<li>2016: Das Logo wird nochmals \u00fcberarbeitet und bekommt eine klarere und modernere Schriftart.&nbsp;Der \u201cKenner\u201d wird wieder gr\u00f6\u00dfer und der Slogan \u201cBitte ein Bit\u201d wird in einer anderen Schriftart gesetzt<\/li>\n<\/ul>\n\n\n\n<h2 class=\"wp-block-heading\">Fazit<\/h2>\n\n\n\n<p>Bitburger ist mehr als nur ein Bier. Es ist eine Tradition, eine Leidenschaft, eine Identit\u00e4t. Bitburger steht f\u00fcr Qualit\u00e4t, Geschmack und Innovation. Bitburger ist eine Familienbrauerei, die seit \u00fcber 200 Jahren in der Eifel verwurzelt ist, aber auch in die Zukunft blickt. Bitburger ist ein Bier f\u00fcr alle, die das Besondere sch\u00e4tzen. Bitburger ist ein Bier, das man gerne trinkt. Bitte ein Bit!<\/p>\n\n\n\n<div class=\"wp-block-buttons is-content-justification-center is-layout-flex wp-container-core-buttons-is-layout-16018d1d wp-block-buttons-is-layout-flex\">\n<div class=\"wp-block-button is-style-fill\"><a class=\"wp-block-button__link has-white-color has-text-color has-background has-text-align-left wp-element-button\" href=\"https:\/\/www.designenlassen.de\/logo-design?utm_source=blog&amp;utm_medium=button&amp;utm_campaign=logo-sammlung\" style=\"background-color:#091182\">Jetzt Logo erstellen<\/a><\/div>\n<\/div>\n\n\n\n<div style=\"height:29px\" aria-hidden=\"true\" class=\"wp-block-spacer\"><\/div>\n\n\n\n<h2 class=\"wp-block-heading\">Weiterf\u00fchrende Informationen<\/h2>\n\n\n\n<ul class=\"wp-block-list\">\n<li><a href=\"https:\/\/de.wikipedia.org\/wiki\/Bitburger_Braugruppe\">Geschichte<\/a><\/li>\n<\/ul>\n\n\n\n<p><strong>Bildquelle:<\/strong><\/p>\n\n\n\n<ul class=\"wp-block-list\">\n<li><a href=\"https:\/\/www.bitburger-braugruppe.de\/mediendatenbank\">Foto von der offiziellen Unternehmens-Webseite<\/a><\/li>\n<\/ul>\n","protected":false},"excerpt":{"rendered":"<p>Bier ist eines der beliebtesten Getr\u00e4nke in Deutschland und Bitburger ist eine der bekanntesten Biermarken. Doch&hellip;<\/p>\n","protected":false},"author":27,"featured_media":28273,"parent":27972,"menu_order":0,"comment_status":"closed","ping_status":"closed","template":"","meta":{"_lmt_disableupdate":"","_lmt_disable":"","footnotes":""},"class_list":["post-28174","page","type-page","status-publish","has-post-thumbnail","hentry"],"yoast_head":"<!-- This site is optimized with the Yoast SEO plugin v27.5 - https:\/\/yoast.com\/product\/yoast-seo-wordpress\/ -->\n<title>Bitburger Logo \u25ba Bilder, Geschichte, Entwicklung &amp; u.v.m<\/title>\n<meta name=\"description\" content=\"Erfahre alles Wichtige \u00fcber das Bitburger-Logo: Geschichte \u2713 Ursprung \u2713 Entwicklung \u2713 Bedeutung \u2713 u.v.m. \u25ba Jetzt ansehen!\" \/>\n<meta name=\"robots\" content=\"index, follow, max-snippet:-1, max-image-preview:large, max-video-preview:-1\" \/>\n<link rel=\"canonical\" href=\"https:\/\/www.designenlassen.de\/blog\/bekannte-logos\/bitburger-logo\/\" \/>\n<meta property=\"og:locale\" content=\"de_DE\" \/>\n<meta property=\"og:type\" content=\"article\" \/>\n<meta property=\"og:title\" content=\"Bitburger Logo \u25ba Bilder, Geschichte, Entwicklung &amp; u.v.m\" \/>\n<meta property=\"og:description\" content=\"Erfahre alles Wichtige \u00fcber das Bitburger-Logo: Geschichte \u2713 Ursprung \u2713 Entwicklung \u2713 Bedeutung \u2713 u.v.m. \u25ba Jetzt ansehen!\" \/>\n<meta property=\"og:url\" content=\"https:\/\/www.designenlassen.de\/blog\/bekannte-logos\/bitburger-logo\/\" \/>\n<meta property=\"og:site_name\" content=\"designenlassen.de Blog\" \/>\n<meta property=\"article:modified_time\" content=\"2024-05-06T11:42:43+00:00\" \/>\n<meta property=\"og:image\" content=\"https:\/\/www.designenlassen.de\/blog\/wp-content\/uploads\/2024\/02\/Design-ohne-Titel-46.png\" \/>\n\t<meta property=\"og:image:width\" content=\"600\" \/>\n\t<meta property=\"og:image:height\" content=\"600\" \/>\n\t<meta property=\"og:image:type\" content=\"image\/png\" \/>\n<meta name=\"twitter:card\" content=\"summary_large_image\" \/>\n<meta name=\"twitter:label1\" content=\"Gesch\u00e4tzte Lesezeit\" \/>\n\t<meta name=\"twitter:data1\" content=\"6\u00a0Minuten\" \/>\n<script type=\"application\/ld+json\" class=\"yoast-schema-graph\">{\"@context\":\"https:\\\/\\\/schema.org\",\"@graph\":[{\"@type\":\"WebPage\",\"@id\":\"https:\\\/\\\/www.designenlassen.de\\\/blog\\\/bekannte-logos\\\/bitburger-logo\\\/\",\"url\":\"https:\\\/\\\/www.designenlassen.de\\\/blog\\\/bekannte-logos\\\/bitburger-logo\\\/\",\"name\":\"Bitburger Logo \u25ba Bilder, Geschichte, Entwicklung & u.v.m\",\"isPartOf\":{\"@id\":\"https:\\\/\\\/www.designenlassen.de\\\/blog\\\/#website\"},\"primaryImageOfPage\":{\"@id\":\"https:\\\/\\\/www.designenlassen.de\\\/blog\\\/bekannte-logos\\\/bitburger-logo\\\/#primaryimage\"},\"image\":{\"@id\":\"https:\\\/\\\/www.designenlassen.de\\\/blog\\\/bekannte-logos\\\/bitburger-logo\\\/#primaryimage\"},\"thumbnailUrl\":\"https:\\\/\\\/www.designenlassen.de\\\/blog\\\/wp-content\\\/uploads\\\/2024\\\/02\\\/Design-ohne-Titel-46.png\",\"datePublished\":\"2024-02-15T12:55:42+00:00\",\"dateModified\":\"2024-05-06T11:42:43+00:00\",\"description\":\"Erfahre alles Wichtige \u00fcber das Bitburger-Logo: Geschichte \u2713 Ursprung \u2713 Entwicklung \u2713 Bedeutung \u2713 u.v.m. \u25ba Jetzt ansehen!\",\"breadcrumb\":{\"@id\":\"https:\\\/\\\/www.designenlassen.de\\\/blog\\\/bekannte-logos\\\/bitburger-logo\\\/#breadcrumb\"},\"inLanguage\":\"de\",\"potentialAction\":[{\"@type\":\"ReadAction\",\"target\":[\"https:\\\/\\\/www.designenlassen.de\\\/blog\\\/bekannte-logos\\\/bitburger-logo\\\/\"]}]},{\"@type\":\"ImageObject\",\"inLanguage\":\"de\",\"@id\":\"https:\\\/\\\/www.designenlassen.de\\\/blog\\\/bekannte-logos\\\/bitburger-logo\\\/#primaryimage\",\"url\":\"https:\\\/\\\/www.designenlassen.de\\\/blog\\\/wp-content\\\/uploads\\\/2024\\\/02\\\/Design-ohne-Titel-46.png\",\"contentUrl\":\"https:\\\/\\\/www.designenlassen.de\\\/blog\\\/wp-content\\\/uploads\\\/2024\\\/02\\\/Design-ohne-Titel-46.png\",\"width\":600,\"height\":600},{\"@type\":\"BreadcrumbList\",\"@id\":\"https:\\\/\\\/www.designenlassen.de\\\/blog\\\/bekannte-logos\\\/bitburger-logo\\\/#breadcrumb\",\"itemListElement\":[{\"@type\":\"ListItem\",\"position\":1,\"name\":\"Start\",\"item\":\"https:\\\/\\\/www.designenlassen.de\\\/blog\\\/\"},{\"@type\":\"ListItem\",\"position\":2,\"name\":\"Die 180 bekanntesten Logos im \u00dcberblick\",\"item\":\"https:\\\/\\\/www.designenlassen.de\\\/blog\\\/bekannte-logos\\\/\"},{\"@type\":\"ListItem\",\"position\":3,\"name\":\"Bitburger Logo\"}]},{\"@type\":\"WebSite\",\"@id\":\"https:\\\/\\\/www.designenlassen.de\\\/blog\\\/#website\",\"url\":\"https:\\\/\\\/www.designenlassen.de\\\/blog\\\/\",\"name\":\"designenlassen.de Blog\",\"description\":\"Inspirationen, Tipps und Ideen f\u00fcr Designer sowie Gr\u00fcnder und Kleinbetriebe.\",\"potentialAction\":[{\"@type\":\"SearchAction\",\"target\":{\"@type\":\"EntryPoint\",\"urlTemplate\":\"https:\\\/\\\/www.designenlassen.de\\\/blog\\\/?s={search_term_string}\"},\"query-input\":{\"@type\":\"PropertyValueSpecification\",\"valueRequired\":true,\"valueName\":\"search_term_string\"}}],\"inLanguage\":\"de\"}]}<\/script>\n<!-- \/ Yoast SEO plugin. -->","yoast_head_json":{"title":"Bitburger Logo \u25ba Bilder, Geschichte, Entwicklung & u.v.m","description":"Erfahre alles Wichtige \u00fcber das Bitburger-Logo: Geschichte \u2713 Ursprung \u2713 Entwicklung \u2713 Bedeutung \u2713 u.v.m. \u25ba Jetzt ansehen!","robots":{"index":"index","follow":"follow","max-snippet":"max-snippet:-1","max-image-preview":"max-image-preview:large","max-video-preview":"max-video-preview:-1"},"canonical":"https:\/\/www.designenlassen.de\/blog\/bekannte-logos\/bitburger-logo\/","og_locale":"de_DE","og_type":"article","og_title":"Bitburger Logo \u25ba Bilder, Geschichte, Entwicklung & u.v.m","og_description":"Erfahre alles Wichtige \u00fcber das Bitburger-Logo: Geschichte \u2713 Ursprung \u2713 Entwicklung \u2713 Bedeutung \u2713 u.v.m. \u25ba Jetzt ansehen!","og_url":"https:\/\/www.designenlassen.de\/blog\/bekannte-logos\/bitburger-logo\/","og_site_name":"designenlassen.de Blog","article_modified_time":"2024-05-06T11:42:43+00:00","og_image":[{"width":600,"height":600,"url":"https:\/\/www.designenlassen.de\/blog\/wp-content\/uploads\/2024\/02\/Design-ohne-Titel-46.png","type":"image\/png"}],"twitter_card":"summary_large_image","twitter_misc":{"Gesch\u00e4tzte Lesezeit":"6\u00a0Minuten"},"schema":{"@context":"https:\/\/schema.org","@graph":[{"@type":"WebPage","@id":"https:\/\/www.designenlassen.de\/blog\/bekannte-logos\/bitburger-logo\/","url":"https:\/\/www.designenlassen.de\/blog\/bekannte-logos\/bitburger-logo\/","name":"Bitburger Logo \u25ba Bilder, Geschichte, Entwicklung & u.v.m","isPartOf":{"@id":"https:\/\/www.designenlassen.de\/blog\/#website"},"primaryImageOfPage":{"@id":"https:\/\/www.designenlassen.de\/blog\/bekannte-logos\/bitburger-logo\/#primaryimage"},"image":{"@id":"https:\/\/www.designenlassen.de\/blog\/bekannte-logos\/bitburger-logo\/#primaryimage"},"thumbnailUrl":"https:\/\/www.designenlassen.de\/blog\/wp-content\/uploads\/2024\/02\/Design-ohne-Titel-46.png","datePublished":"2024-02-15T12:55:42+00:00","dateModified":"2024-05-06T11:42:43+00:00","description":"Erfahre alles Wichtige \u00fcber das Bitburger-Logo: Geschichte \u2713 Ursprung \u2713 Entwicklung \u2713 Bedeutung \u2713 u.v.m. \u25ba Jetzt ansehen!","breadcrumb":{"@id":"https:\/\/www.designenlassen.de\/blog\/bekannte-logos\/bitburger-logo\/#breadcrumb"},"inLanguage":"de","potentialAction":[{"@type":"ReadAction","target":["https:\/\/www.designenlassen.de\/blog\/bekannte-logos\/bitburger-logo\/"]}]},{"@type":"ImageObject","inLanguage":"de","@id":"https:\/\/www.designenlassen.de\/blog\/bekannte-logos\/bitburger-logo\/#primaryimage","url":"https:\/\/www.designenlassen.de\/blog\/wp-content\/uploads\/2024\/02\/Design-ohne-Titel-46.png","contentUrl":"https:\/\/www.designenlassen.de\/blog\/wp-content\/uploads\/2024\/02\/Design-ohne-Titel-46.png","width":600,"height":600},{"@type":"BreadcrumbList","@id":"https:\/\/www.designenlassen.de\/blog\/bekannte-logos\/bitburger-logo\/#breadcrumb","itemListElement":[{"@type":"ListItem","position":1,"name":"Start","item":"https:\/\/www.designenlassen.de\/blog\/"},{"@type":"ListItem","position":2,"name":"Die 180 bekanntesten Logos im \u00dcberblick","item":"https:\/\/www.designenlassen.de\/blog\/bekannte-logos\/"},{"@type":"ListItem","position":3,"name":"Bitburger Logo"}]},{"@type":"WebSite","@id":"https:\/\/www.designenlassen.de\/blog\/#website","url":"https:\/\/www.designenlassen.de\/blog\/","name":"designenlassen.de Blog","description":"Inspirationen, Tipps und Ideen f\u00fcr Designer sowie Gr\u00fcnder und Kleinbetriebe.","potentialAction":[{"@type":"SearchAction","target":{"@type":"EntryPoint","urlTemplate":"https:\/\/www.designenlassen.de\/blog\/?s={search_term_string}"},"query-input":{"@type":"PropertyValueSpecification","valueRequired":true,"valueName":"search_term_string"}}],"inLanguage":"de"}]}},"_links":{"self":[{"href":"https:\/\/www.designenlassen.de\/blog\/wp-json\/wp\/v2\/pages\/28174","targetHints":{"allow":["GET"]}}],"collection":[{"href":"https:\/\/www.designenlassen.de\/blog\/wp-json\/wp\/v2\/pages"}],"about":[{"href":"https:\/\/www.designenlassen.de\/blog\/wp-json\/wp\/v2\/types\/page"}],"author":[{"embeddable":true,"href":"https:\/\/www.designenlassen.de\/blog\/wp-json\/wp\/v2\/users\/27"}],"replies":[{"embeddable":true,"href":"https:\/\/www.designenlassen.de\/blog\/wp-json\/wp\/v2\/comments?post=28174"}],"version-history":[{"count":9,"href":"https:\/\/www.designenlassen.de\/blog\/wp-json\/wp\/v2\/pages\/28174\/revisions"}],"predecessor-version":[{"id":31531,"href":"https:\/\/www.designenlassen.de\/blog\/wp-json\/wp\/v2\/pages\/28174\/revisions\/31531"}],"up":[{"embeddable":true,"href":"https:\/\/www.designenlassen.de\/blog\/wp-json\/wp\/v2\/pages\/27972"}],"wp:featuredmedia":[{"embeddable":true,"href":"https:\/\/www.designenlassen.de\/blog\/wp-json\/wp\/v2\/media\/28273"}],"wp:attachment":[{"href":"https:\/\/www.designenlassen.de\/blog\/wp-json\/wp\/v2\/media?parent=28174"}],"curies":[{"name":"wp","href":"https:\/\/api.w.org\/{rel}","templated":true}]}}