{"id":28202,"date":"2024-02-13T09:39:38","date_gmt":"2024-02-13T07:39:38","guid":{"rendered":"https:\/\/www.designenlassen.de\/blog\/?page_id=28202"},"modified":"2024-05-06T13:34:11","modified_gmt":"2024-05-06T11:34:11","slug":"braun-logo","status":"publish","type":"page","link":"https:\/\/www.designenlassen.de\/blog\/bekannte-logos\/braun-logo\/","title":{"rendered":"Braun Logo"},"content":{"rendered":"\n<figure class=\"wp-block-image size-full is-resized\"><img fetchpriority=\"high\" decoding=\"async\" width=\"1280\" height=\"597\" src=\"https:\/\/www.designenlassen.de\/blog\/wp-content\/uploads\/2024\/02\/1280px-Braun_logo_1990er.svg_.png\" alt=\"\" class=\"wp-image-28231\" style=\"width:652px;height:auto\" srcset=\"https:\/\/www.designenlassen.de\/blog\/wp-content\/uploads\/2024\/02\/1280px-Braun_logo_1990er.svg_.png 1280w, https:\/\/www.designenlassen.de\/blog\/wp-content\/uploads\/2024\/02\/1280px-Braun_logo_1990er.svg_-300x140.png 300w, https:\/\/www.designenlassen.de\/blog\/wp-content\/uploads\/2024\/02\/1280px-Braun_logo_1990er.svg_-1024x478.png 1024w, https:\/\/www.designenlassen.de\/blog\/wp-content\/uploads\/2024\/02\/1280px-Braun_logo_1990er.svg_-768x358.png 768w\" sizes=\"(max-width: 1280px) 100vw, 1280px\" \/><figcaption class=\"wp-element-caption\"><strong>\u00a9<\/strong> Braun \/ braun.de<\/figcaption><\/figure>\n\n\n\n<p>Braun ist eine <a href=\"https:\/\/www.designenlassen.de\/blog\/bekannte-logos\/\">bekannte deutsche Marke<\/a>, die f\u00fcr ihre innovativen und \u00e4sthetischen Produkte im Bereich der Elektroger\u00e4te bekannt ist. Von Rasierern \u00fcber K\u00fcchenmaschinen bis hin zu Uhren und Thermometern hat Braun seit fast einem Jahrhundert die Welt des Designs gepr\u00e4gt. In diesem Blogeintrag erf\u00e4hrst du mehr \u00fcber den Ursprung, die Entwicklung, die Bedeutung und das Logo von Braun.<\/p>\n\n\n\n<div class=\"wp-block-buttons is-content-justification-center is-layout-flex wp-container-core-buttons-is-layout-16018d1d wp-block-buttons-is-layout-flex\">\n<div class=\"wp-block-button is-style-fill\"><a class=\"wp-block-button__link has-white-color has-text-color has-background has-text-align-left wp-element-button\" href=\"https:\/\/www.designenlassen.de\/logo-design?utm_source=blog&amp;utm_medium=button&amp;utm_campaign=logo-sammlung\" style=\"background-color:#091182\">Jetzt Logo erstellen<\/a><\/div>\n<\/div>\n\n\n\n\n\n<h2 class=\"wp-block-heading\">Ursprung<\/h2>\n\n\n\n<p>Braun wurde 1921 von dem Ingenieur Max Braun in Frankfurt am Main gegr\u00fcndet. Er begann mit einer kleinen Werkstatt, in der er Komponenten f\u00fcr Radioger\u00e4te herstellte. 1929 produzierte er seine ersten eigenen Radios und Plattenspieler und wurde zu einem der f\u00fchrenden Hersteller in Europa. <\/p>\n\n\n\n<p>1935 entstand das Braun-Logo mit dem charakteristischen hochgezogenen und abgerundeten \u201cA\u201d in der Mitte. W\u00e4hrend des Zweiten Weltkriegs musste Braun die Produktion f\u00fcr den Zivilbereich fast einstellen und seine Fabriken wurden 1944 fast zerst\u00f6rt.<\/p>\n\n\n\n<h2 class=\"wp-block-heading\">Entwicklung <\/h2>\n\n\n\n<p>Nach dem Krieg baute Max Braun sein Unternehmen wieder auf und setzte seinen Fokus auf hochwertige Audio- und Elektroger\u00e4te. 1950 patentierte er den \u201cS 50\u201d, den ersten Trockenrasierer mit einer Scherfolie, der zum Bestseller wurde. Er erfand auch den \u201cMultimix\u201d, einen vielseitigen K\u00fcchenmixer. <\/p>\n\n\n\n<p>1951 starb Max Braun und seine S\u00f6hne Artur und Erwin \u00fcbernahmen die Leitung. Sie engagierten den Industriedesigner Dieter Rams, der das Braun-Design revolutionierte. Rams entwickelte das Prinzip des \u201cweniger, aber besser\u201d und schuf zahlreiche ikonische Produkte, die sich durch klare Formen, funktionale Details und harmonische Farben auszeichneten. Er beeinflusste auch andere <a href=\"http:\/\/designenlassen.de\">Designer<\/a> wie Jonathan Ive von Apple. 1962 wurde Braun eine Aktiengesellschaft und 1967 wurde es von der Gillette-Gruppe \u00fcbernommen.<\/p>\n\n\n\n<h2 class=\"wp-block-heading\">Bedeutung<\/h2>\n\n\n\n<p>Braun ist mehr als eine <a href=\"https:\/\/www.designenlassen.de\/blog\/erfolgreiches-branding\/\">Marke<\/a>, es ist eine Design-Philosophie. Braun steht f\u00fcr Innovation, Qualit\u00e4t, Zuverl\u00e4ssigkeit und Sch\u00f6nheit. Braun hat die Bed\u00fcrfnisse und W\u00fcnsche der Verbraucher verstanden und ihnen Produkte geliefert, die ihr Leben einfacher, angenehmer und stilvoller machen. <\/p>\n\n\n\n<p>Braun hat auch die Kultur und die Kunst des 20. und 21. Jahrhunderts beeinflusst. Braun-Produkte sind in vielen Museen und Sammlungen ausgestellt und haben zahlreiche Preise und Auszeichnungen erhalten. Braun hat auch die Identit\u00e4t Deutschlands als eine Nation des Designs und der Technik gepr\u00e4gt.<\/p>\n\n\n\n<div class=\"sof\">\n<h2>Individuelles Design oder Logo gesucht?<\/h2>\n<p>Bei designenlassen.de findest Du \u00fcber <b>100.000 Designer, die Dir ein einzigartiges Design nach Deinen W\u00fcnschen kreieren.<\/b> Starte jetzt Deinen eigenen Designwettbewerb und erhalte zahlreiche individuelle Vorschl\u00e4ge.<br><\/p>\n\n\n\n<\/div>\n\n\n\n<div class=\"wp-block-buttons is-content-justification-center is-layout-flex wp-container-core-buttons-is-layout-16018d1d wp-block-buttons-is-layout-flex\">\n<div class=\"wp-block-button is-style-fill\"><a class=\"wp-block-button__link has-white-color has-text-color has-background has-text-align-left wp-element-button\" href=\"https:\/\/www.designenlassen.de\/logo-design?utm_source=blog&amp;utm_medium=button&amp;utm_campaign=logo-sammlung\" style=\"background-color:#091182\">Jetzt Logo erstellen<\/a><\/div>\n<\/div>\n\n\n\n<div style=\"height:34px\" aria-hidden=\"true\" class=\"wp-block-spacer\"><\/div>\n\n\n\n<h2 class=\"wp-block-heading\">Von uns erstellte Logos<\/h2>\n\n\n\n<figure class=\"wp-block-gallery has-nested-images columns-default is-cropped wp-block-gallery-1 is-layout-flex wp-block-gallery-is-layout-flex\">\n<figure class=\"wp-block-image size-full\"><img decoding=\"async\" width=\"500\" height=\"375\" data-id=\"27850\" src=\"https:\/\/www.designenlassen.de\/blog\/wp-content\/uploads\/2024\/01\/designenlassen_fitness-logo-fitnessstudio-vitalo2.jpg\" alt=\"\" class=\"wp-image-27850\" srcset=\"https:\/\/www.designenlassen.de\/blog\/wp-content\/uploads\/2024\/01\/designenlassen_fitness-logo-fitnessstudio-vitalo2.jpg 500w, https:\/\/www.designenlassen.de\/blog\/wp-content\/uploads\/2024\/01\/designenlassen_fitness-logo-fitnessstudio-vitalo2-300x225.jpg 300w\" sizes=\"(max-width: 500px) 100vw, 500px\" \/><figcaption class=\"wp-element-caption\">eCommerce Logo von ichoomi<\/figcaption><\/figure>\n\n\n\n<figure class=\"wp-block-image size-full\"><img decoding=\"async\" width=\"500\" height=\"500\" data-id=\"27779\" src=\"https:\/\/www.designenlassen.de\/blog\/wp-content\/uploads\/2024\/01\/453847_elektriker-logo-huelscher.jpg\" alt=\"\" class=\"wp-image-27779\" srcset=\"https:\/\/www.designenlassen.de\/blog\/wp-content\/uploads\/2024\/01\/453847_elektriker-logo-huelscher.jpg 500w, https:\/\/www.designenlassen.de\/blog\/wp-content\/uploads\/2024\/01\/453847_elektriker-logo-huelscher-300x300.jpg 300w, https:\/\/www.designenlassen.de\/blog\/wp-content\/uploads\/2024\/01\/453847_elektriker-logo-huelscher-150x150.jpg 150w\" sizes=\"(max-width: 500px) 100vw, 500px\" \/><figcaption class=\"wp-element-caption\">eCommerce Logo von toutou1<\/figcaption><\/figure>\n\n\n\n<figure class=\"wp-block-image size-full\"><img loading=\"lazy\" decoding=\"async\" width=\"500\" height=\"375\" data-id=\"27860\" src=\"https:\/\/www.designenlassen.de\/blog\/wp-content\/uploads\/2024\/01\/fitness-logo-sport-meisen.jpg\" alt=\"\" class=\"wp-image-27860\" srcset=\"https:\/\/www.designenlassen.de\/blog\/wp-content\/uploads\/2024\/01\/fitness-logo-sport-meisen.jpg 500w, https:\/\/www.designenlassen.de\/blog\/wp-content\/uploads\/2024\/01\/fitness-logo-sport-meisen-300x225.jpg 300w\" sizes=\"(max-width: 500px) 100vw, 500px\" \/><figcaption class=\"wp-element-caption\">eCommerce Logo von BJ Habibie<\/figcaption><\/figure>\n\n\n\n<figure class=\"wp-block-image size-full\"><img loading=\"lazy\" decoding=\"async\" width=\"500\" height=\"500\" data-id=\"27858\" src=\"https:\/\/www.designenlassen.de\/blog\/wp-content\/uploads\/2024\/01\/fitness-logo-fitnessstudio-smartfit3.png\" alt=\"\" class=\"wp-image-27858\" srcset=\"https:\/\/www.designenlassen.de\/blog\/wp-content\/uploads\/2024\/01\/fitness-logo-fitnessstudio-smartfit3.png 500w, https:\/\/www.designenlassen.de\/blog\/wp-content\/uploads\/2024\/01\/fitness-logo-fitnessstudio-smartfit3-300x300.png 300w, https:\/\/www.designenlassen.de\/blog\/wp-content\/uploads\/2024\/01\/fitness-logo-fitnessstudio-smartfit3-150x150.png 150w\" sizes=\"(max-width: 500px) 100vw, 500px\" \/><figcaption class=\"wp-element-caption\">eCommerce Logo von CreativeLogo<\/figcaption><\/figure>\n\n\n\n<figure class=\"wp-block-image size-full\"><img loading=\"lazy\" decoding=\"async\" width=\"800\" height=\"600\" data-id=\"27259\" src=\"https:\/\/www.designenlassen.de\/blog\/wp-content\/uploads\/2018\/04\/designenlassen_cafe-logo_kempers.jpg\" alt=\"\" class=\"wp-image-27259\" srcset=\"https:\/\/www.designenlassen.de\/blog\/wp-content\/uploads\/2018\/04\/designenlassen_cafe-logo_kempers.jpg 800w, https:\/\/www.designenlassen.de\/blog\/wp-content\/uploads\/2018\/04\/designenlassen_cafe-logo_kempers-300x225.jpg 300w, https:\/\/www.designenlassen.de\/blog\/wp-content\/uploads\/2018\/04\/designenlassen_cafe-logo_kempers-768x576.jpg 768w\" sizes=\"(max-width: 800px) 100vw, 800px\" \/><\/figure>\n\n\n\n<figure class=\"wp-block-image size-full\"><img loading=\"lazy\" decoding=\"async\" width=\"800\" height=\"508\" data-id=\"26471\" src=\"https:\/\/www.designenlassen.de\/blog\/wp-content\/uploads\/2023\/05\/Farbverlauf-Logo-Insight-811355-Circle.jpg\" alt=\"\" class=\"wp-image-26471\" srcset=\"https:\/\/www.designenlassen.de\/blog\/wp-content\/uploads\/2023\/05\/Farbverlauf-Logo-Insight-811355-Circle.jpg 800w, https:\/\/www.designenlassen.de\/blog\/wp-content\/uploads\/2023\/05\/Farbverlauf-Logo-Insight-811355-Circle-300x191.jpg 300w, https:\/\/www.designenlassen.de\/blog\/wp-content\/uploads\/2023\/05\/Farbverlauf-Logo-Insight-811355-Circle-768x488.jpg 768w\" sizes=\"(max-width: 800px) 100vw, 800px\" \/><figcaption class=\"wp-element-caption\">eCommerce Logo von jhdesign<\/figcaption><\/figure>\n\n\n\n<figure class=\"wp-block-image size-full\"><img loading=\"lazy\" decoding=\"async\" width=\"500\" height=\"500\" data-id=\"27314\" src=\"https:\/\/www.designenlassen.de\/blog\/wp-content\/uploads\/2020\/05\/designenlassen_kegel-logo_tautropfen4.jpg\" alt=\"\" class=\"wp-image-27314\" srcset=\"https:\/\/www.designenlassen.de\/blog\/wp-content\/uploads\/2020\/05\/designenlassen_kegel-logo_tautropfen4.jpg 500w, https:\/\/www.designenlassen.de\/blog\/wp-content\/uploads\/2020\/05\/designenlassen_kegel-logo_tautropfen4-300x300.jpg 300w, https:\/\/www.designenlassen.de\/blog\/wp-content\/uploads\/2020\/05\/designenlassen_kegel-logo_tautropfen4-150x150.jpg 150w\" sizes=\"(max-width: 500px) 100vw, 500px\" \/><figcaption class=\"wp-element-caption\">eCommerce Logo von 2bcreativ<\/figcaption><\/figure>\n\n\n\n<figure class=\"wp-block-image size-full\"><img loading=\"lazy\" decoding=\"async\" width=\"338\" height=\"338\" data-id=\"26459\" src=\"https:\/\/www.designenlassen.de\/blog\/wp-content\/uploads\/2023\/05\/logo-art-infinity-arts.jpg\" alt=\"\" class=\"wp-image-26459\" srcset=\"https:\/\/www.designenlassen.de\/blog\/wp-content\/uploads\/2023\/05\/logo-art-infinity-arts.jpg 338w, https:\/\/www.designenlassen.de\/blog\/wp-content\/uploads\/2023\/05\/logo-art-infinity-arts-300x300.jpg 300w, https:\/\/www.designenlassen.de\/blog\/wp-content\/uploads\/2023\/05\/logo-art-infinity-arts-150x150.jpg 150w\" sizes=\"(max-width: 338px) 100vw, 338px\" \/><figcaption class=\"wp-element-caption\">eCommerce Logo f\u00fcr Agentur von Designer JSatuh<\/figcaption><\/figure>\n\n\n\n<figure class=\"wp-block-image size-full\"><img loading=\"lazy\" decoding=\"async\" width=\"1226\" height=\"944\" data-id=\"27111\" src=\"https:\/\/www.designenlassen.de\/blog\/wp-content\/uploads\/2023\/06\/designenlassen_aphotheken-logo_flora1.png\" alt=\"\" class=\"wp-image-27111\" srcset=\"https:\/\/www.designenlassen.de\/blog\/wp-content\/uploads\/2023\/06\/designenlassen_aphotheken-logo_flora1.png 1226w, https:\/\/www.designenlassen.de\/blog\/wp-content\/uploads\/2023\/06\/designenlassen_aphotheken-logo_flora1-300x231.png 300w, https:\/\/www.designenlassen.de\/blog\/wp-content\/uploads\/2023\/06\/designenlassen_aphotheken-logo_flora1-1024x788.png 1024w, https:\/\/www.designenlassen.de\/blog\/wp-content\/uploads\/2023\/06\/designenlassen_aphotheken-logo_flora1-768x591.png 768w\" sizes=\"(max-width: 1226px) 100vw, 1226px\" \/><\/figure>\n<\/figure>\n\n\n\n<p class=\"has-text-align-center\"><a href=\"https:\/\/www.designenlassen.de\/blog\/category\/inspiration\/\">Mehr Designs entdecken<\/a><\/p>\n\n\n\n<h2 class=\"wp-block-heading\">FAQs: Die wichtigsten Fragen zum Braun-Logo<\/h2>\n\n\n\n<div style=\"height:34px\" aria-hidden=\"true\" class=\"wp-block-spacer\"><\/div>\n\n\n\n<h3 class=\"wp-block-heading\">Was bedeutet das Braun-Logo?<\/h3>\n\n\n\n<p>Das Braun-Logo ist ein Wortzeichen, das aus dem Namen der Marke in einer einfachen und geometrischen Schrift besteht. Das markanteste Merkmal ist das \u201cA\u201d in der Mitte, das hochgezogen und abgerundet ist. Das Braun-Logo soll die Werte der Marke widerspiegeln: Innovation, Qualit\u00e4t, Zuverl\u00e4ssigkeit und Sch\u00f6nheit.<\/p>\n\n\n\n<h3 class=\"wp-block-heading\">Wer hat das Braun-Logo entworfen?<\/h3>\n\n\n\n<p>Das Braun-Logo wurde 1934 von dem Grafiker Will M\u00fcnch entworfen. Er arbeitete f\u00fcr die Werbeagentur L\u00fcrzer &amp; M\u00fcnch, die von Braun beauftragt wurde, ein neues <a href=\"https:\/\/www.designenlassen.de\/blog\/logo-entwicklung-leicht-gemacht-8-aspekte-die-man-unbedingt-beachten-sollte\/\">Logo<\/a> zu kreieren. M\u00fcnch wollte ein Logo schaffen, das modern, dynamisch und unverwechselbar war. <\/p>\n\n\n\n<p>Er experimentierte mit verschiedenen Formen und Buchstaben und kam schlie\u00dflich auf die Idee, das \u201cA\u201d zu ver\u00e4ndern. Er hob es an und rundete es ab, um ihm eine einzigartige und harmonische Form zu geben. Das Braun-Logo wurde 1939 \u00fcberarbeitet und ist seitdem fast unver\u00e4ndert geblieben.<\/p>\n\n\n\n<h3 class=\"wp-block-heading\">Wie hat das Braun-Logo das Design beeinflusst?<\/h3>\n\n\n\n<p>Das Braun-Logo ist eines der bekanntesten und einflussreichsten Logos in der Geschichte des Designs. Es ist ein Beispiel f\u00fcr die deutsche Bauhaus-Schule, die sich durch Einfachheit, Funktionalit\u00e4t und Rationalit\u00e4t auszeichnete. Das <a href=\"https:\/\/www.designenlassen.de\/blog\/logo-erstellen-top-firmenlogo-einfach-entwerfen\/\">Firmenlogo<\/a> hat auch andere Designer inspiriert, die \u00e4hnliche Schriftarten und Formen verwendeten. <\/p>\n\n\n\n<p>Zum Beispiel hat das <a href=\"https:\/\/www.designenlassen.de\/blog\/bekannte-logos\/apple-logo\/\">Apple-Logo<\/a> ein abgerundetes \u201cA\u201d wie das Braun-Logo. Das Braun-Logo hat auch die visuelle Identit\u00e4t vieler anderer Marken und Produkte gepr\u00e4gt, die sich an dem minimalistischen und eleganten Stil orientierten. Das Braun-Logo ist ein Symbol f\u00fcr <a href=\"http:\/\/designenlassen.de\">gutes Design<\/a>, das \u00fcber die Zeit und die Trends hinausgeht.<\/p>\n\n\n\n<h2 class=\"wp-block-heading\">Fazit<\/h2>\n\n\n\n<p>Braun ist eine Marke mit einer langen und reichen Geschichte, die die Welt des Designs ver\u00e4ndert hat. Braun hat Produkte geschaffen, die nicht nur funktional und langlebig, sondern auch \u00e4sthetisch und elegant sind. Braun hat eine Design-Sprache entwickelt, die zeitlos, universell und inspirierend ist. Braun ist eine Design-Ikone, die immer noch relevant und beliebt ist.<\/p>\n\n\n\n<div class=\"wp-block-buttons is-content-justification-center is-layout-flex wp-container-core-buttons-is-layout-16018d1d wp-block-buttons-is-layout-flex\">\n<div class=\"wp-block-button is-style-fill\"><a class=\"wp-block-button__link has-white-color has-text-color has-background has-text-align-left wp-element-button\" href=\"https:\/\/www.designenlassen.de\/logo-design?utm_source=blog&amp;utm_medium=button&amp;utm_campaign=logo-sammlung\" style=\"background-color:#091182\">Jetzt Logo erstellen<\/a><\/div>\n<\/div>\n\n\n\n<div style=\"height:29px\" aria-hidden=\"true\" class=\"wp-block-spacer\"><\/div>\n\n\n\n<h2 class=\"wp-block-heading\">Weiterf\u00fchrende Informationen<\/h2>\n\n\n\n<ul class=\"wp-block-list\">\n<li><a href=\"https:\/\/de.wikipedia.org\/wiki\/Braun_(Elektroger%C3%A4te)\">Geschichte<\/a><\/li>\n<\/ul>\n\n\n\n<p><strong>Bildquelle:<\/strong><\/p>\n\n\n\n<ul class=\"wp-block-list\">\n<li><a href=\"https:\/\/de.wikipedia.org\/wiki\/Datei:Braun_logo_1990er.svg\">Foto von Wikipedia<\/a><\/li>\n<\/ul>\n","protected":false},"excerpt":{"rendered":"<p>Braun ist eine bekannte deutsche Marke, die f\u00fcr ihre innovativen und \u00e4sthetischen Produkte im Bereich der&hellip;<\/p>\n","protected":false},"author":27,"featured_media":28277,"parent":27972,"menu_order":0,"comment_status":"closed","ping_status":"closed","template":"","meta":{"_lmt_disableupdate":"","_lmt_disable":"","footnotes":""},"class_list":["post-28202","page","type-page","status-publish","has-post-thumbnail","hentry"],"yoast_head":"<!-- This site is optimized with the Yoast SEO plugin v27.5 - https:\/\/yoast.com\/product\/yoast-seo-wordpress\/ -->\n<title>Braun Logo \u25ba Bilder, Geschichte, Entwicklung &amp; u.v.m<\/title>\n<meta name=\"description\" content=\"Erfahre alles Wichtige \u00fcber das Braun-Logo: Geschichte \u2713 Ursprung \u2713 Entwicklung \u2713 Bedeutung \u2713 u.v.m. \u25ba Jetzt ansehen!\" \/>\n<meta name=\"robots\" content=\"index, follow, max-snippet:-1, max-image-preview:large, max-video-preview:-1\" \/>\n<link rel=\"canonical\" href=\"https:\/\/www.designenlassen.de\/blog\/bekannte-logos\/braun-logo\/\" \/>\n<meta property=\"og:locale\" content=\"de_DE\" \/>\n<meta property=\"og:type\" content=\"article\" \/>\n<meta property=\"og:title\" content=\"Braun Logo \u25ba Bilder, Geschichte, Entwicklung &amp; u.v.m\" \/>\n<meta property=\"og:description\" content=\"Erfahre alles Wichtige \u00fcber das Braun-Logo: Geschichte \u2713 Ursprung \u2713 Entwicklung \u2713 Bedeutung \u2713 u.v.m. \u25ba Jetzt ansehen!\" \/>\n<meta property=\"og:url\" content=\"https:\/\/www.designenlassen.de\/blog\/bekannte-logos\/braun-logo\/\" \/>\n<meta property=\"og:site_name\" content=\"designenlassen.de Blog\" \/>\n<meta property=\"article:modified_time\" content=\"2024-05-06T11:34:11+00:00\" \/>\n<meta property=\"og:image\" content=\"https:\/\/www.designenlassen.de\/blog\/wp-content\/uploads\/2024\/02\/Design-ohne-Titel-50.png\" \/>\n\t<meta property=\"og:image:width\" content=\"600\" \/>\n\t<meta property=\"og:image:height\" content=\"600\" \/>\n\t<meta property=\"og:image:type\" content=\"image\/png\" \/>\n<meta name=\"twitter:card\" content=\"summary_large_image\" \/>\n<meta name=\"twitter:label1\" content=\"Gesch\u00e4tzte Lesezeit\" \/>\n\t<meta name=\"twitter:data1\" content=\"7\u00a0Minuten\" \/>\n<script type=\"application\/ld+json\" class=\"yoast-schema-graph\">{\"@context\":\"https:\\\/\\\/schema.org\",\"@graph\":[{\"@type\":\"WebPage\",\"@id\":\"https:\\\/\\\/www.designenlassen.de\\\/blog\\\/bekannte-logos\\\/braun-logo\\\/\",\"url\":\"https:\\\/\\\/www.designenlassen.de\\\/blog\\\/bekannte-logos\\\/braun-logo\\\/\",\"name\":\"Braun Logo \u25ba Bilder, Geschichte, Entwicklung & u.v.m\",\"isPartOf\":{\"@id\":\"https:\\\/\\\/www.designenlassen.de\\\/blog\\\/#website\"},\"primaryImageOfPage\":{\"@id\":\"https:\\\/\\\/www.designenlassen.de\\\/blog\\\/bekannte-logos\\\/braun-logo\\\/#primaryimage\"},\"image\":{\"@id\":\"https:\\\/\\\/www.designenlassen.de\\\/blog\\\/bekannte-logos\\\/braun-logo\\\/#primaryimage\"},\"thumbnailUrl\":\"https:\\\/\\\/www.designenlassen.de\\\/blog\\\/wp-content\\\/uploads\\\/2024\\\/02\\\/Design-ohne-Titel-50.png\",\"datePublished\":\"2024-02-13T07:39:38+00:00\",\"dateModified\":\"2024-05-06T11:34:11+00:00\",\"description\":\"Erfahre alles Wichtige \u00fcber das Braun-Logo: Geschichte \u2713 Ursprung \u2713 Entwicklung \u2713 Bedeutung \u2713 u.v.m. \u25ba Jetzt ansehen!\",\"breadcrumb\":{\"@id\":\"https:\\\/\\\/www.designenlassen.de\\\/blog\\\/bekannte-logos\\\/braun-logo\\\/#breadcrumb\"},\"inLanguage\":\"de\",\"potentialAction\":[{\"@type\":\"ReadAction\",\"target\":[\"https:\\\/\\\/www.designenlassen.de\\\/blog\\\/bekannte-logos\\\/braun-logo\\\/\"]}]},{\"@type\":\"ImageObject\",\"inLanguage\":\"de\",\"@id\":\"https:\\\/\\\/www.designenlassen.de\\\/blog\\\/bekannte-logos\\\/braun-logo\\\/#primaryimage\",\"url\":\"https:\\\/\\\/www.designenlassen.de\\\/blog\\\/wp-content\\\/uploads\\\/2024\\\/02\\\/Design-ohne-Titel-50.png\",\"contentUrl\":\"https:\\\/\\\/www.designenlassen.de\\\/blog\\\/wp-content\\\/uploads\\\/2024\\\/02\\\/Design-ohne-Titel-50.png\",\"width\":600,\"height\":600},{\"@type\":\"BreadcrumbList\",\"@id\":\"https:\\\/\\\/www.designenlassen.de\\\/blog\\\/bekannte-logos\\\/braun-logo\\\/#breadcrumb\",\"itemListElement\":[{\"@type\":\"ListItem\",\"position\":1,\"name\":\"Start\",\"item\":\"https:\\\/\\\/www.designenlassen.de\\\/blog\\\/\"},{\"@type\":\"ListItem\",\"position\":2,\"name\":\"Die 180 bekanntesten Logos im \u00dcberblick\",\"item\":\"https:\\\/\\\/www.designenlassen.de\\\/blog\\\/bekannte-logos\\\/\"},{\"@type\":\"ListItem\",\"position\":3,\"name\":\"Braun Logo\"}]},{\"@type\":\"WebSite\",\"@id\":\"https:\\\/\\\/www.designenlassen.de\\\/blog\\\/#website\",\"url\":\"https:\\\/\\\/www.designenlassen.de\\\/blog\\\/\",\"name\":\"designenlassen.de Blog\",\"description\":\"Inspirationen, Tipps und Ideen f\u00fcr Designer sowie Gr\u00fcnder und Kleinbetriebe.\",\"potentialAction\":[{\"@type\":\"SearchAction\",\"target\":{\"@type\":\"EntryPoint\",\"urlTemplate\":\"https:\\\/\\\/www.designenlassen.de\\\/blog\\\/?s={search_term_string}\"},\"query-input\":{\"@type\":\"PropertyValueSpecification\",\"valueRequired\":true,\"valueName\":\"search_term_string\"}}],\"inLanguage\":\"de\"}]}<\/script>\n<!-- \/ Yoast SEO plugin. -->","yoast_head_json":{"title":"Braun Logo \u25ba Bilder, Geschichte, Entwicklung & u.v.m","description":"Erfahre alles Wichtige \u00fcber das Braun-Logo: Geschichte \u2713 Ursprung \u2713 Entwicklung \u2713 Bedeutung \u2713 u.v.m. \u25ba Jetzt ansehen!","robots":{"index":"index","follow":"follow","max-snippet":"max-snippet:-1","max-image-preview":"max-image-preview:large","max-video-preview":"max-video-preview:-1"},"canonical":"https:\/\/www.designenlassen.de\/blog\/bekannte-logos\/braun-logo\/","og_locale":"de_DE","og_type":"article","og_title":"Braun Logo \u25ba Bilder, Geschichte, Entwicklung & u.v.m","og_description":"Erfahre alles Wichtige \u00fcber das Braun-Logo: Geschichte \u2713 Ursprung \u2713 Entwicklung \u2713 Bedeutung \u2713 u.v.m. \u25ba Jetzt ansehen!","og_url":"https:\/\/www.designenlassen.de\/blog\/bekannte-logos\/braun-logo\/","og_site_name":"designenlassen.de Blog","article_modified_time":"2024-05-06T11:34:11+00:00","og_image":[{"width":600,"height":600,"url":"https:\/\/www.designenlassen.de\/blog\/wp-content\/uploads\/2024\/02\/Design-ohne-Titel-50.png","type":"image\/png"}],"twitter_card":"summary_large_image","twitter_misc":{"Gesch\u00e4tzte Lesezeit":"7\u00a0Minuten"},"schema":{"@context":"https:\/\/schema.org","@graph":[{"@type":"WebPage","@id":"https:\/\/www.designenlassen.de\/blog\/bekannte-logos\/braun-logo\/","url":"https:\/\/www.designenlassen.de\/blog\/bekannte-logos\/braun-logo\/","name":"Braun Logo \u25ba Bilder, Geschichte, Entwicklung & u.v.m","isPartOf":{"@id":"https:\/\/www.designenlassen.de\/blog\/#website"},"primaryImageOfPage":{"@id":"https:\/\/www.designenlassen.de\/blog\/bekannte-logos\/braun-logo\/#primaryimage"},"image":{"@id":"https:\/\/www.designenlassen.de\/blog\/bekannte-logos\/braun-logo\/#primaryimage"},"thumbnailUrl":"https:\/\/www.designenlassen.de\/blog\/wp-content\/uploads\/2024\/02\/Design-ohne-Titel-50.png","datePublished":"2024-02-13T07:39:38+00:00","dateModified":"2024-05-06T11:34:11+00:00","description":"Erfahre alles Wichtige \u00fcber das Braun-Logo: Geschichte \u2713 Ursprung \u2713 Entwicklung \u2713 Bedeutung \u2713 u.v.m. \u25ba Jetzt ansehen!","breadcrumb":{"@id":"https:\/\/www.designenlassen.de\/blog\/bekannte-logos\/braun-logo\/#breadcrumb"},"inLanguage":"de","potentialAction":[{"@type":"ReadAction","target":["https:\/\/www.designenlassen.de\/blog\/bekannte-logos\/braun-logo\/"]}]},{"@type":"ImageObject","inLanguage":"de","@id":"https:\/\/www.designenlassen.de\/blog\/bekannte-logos\/braun-logo\/#primaryimage","url":"https:\/\/www.designenlassen.de\/blog\/wp-content\/uploads\/2024\/02\/Design-ohne-Titel-50.png","contentUrl":"https:\/\/www.designenlassen.de\/blog\/wp-content\/uploads\/2024\/02\/Design-ohne-Titel-50.png","width":600,"height":600},{"@type":"BreadcrumbList","@id":"https:\/\/www.designenlassen.de\/blog\/bekannte-logos\/braun-logo\/#breadcrumb","itemListElement":[{"@type":"ListItem","position":1,"name":"Start","item":"https:\/\/www.designenlassen.de\/blog\/"},{"@type":"ListItem","position":2,"name":"Die 180 bekanntesten Logos im \u00dcberblick","item":"https:\/\/www.designenlassen.de\/blog\/bekannte-logos\/"},{"@type":"ListItem","position":3,"name":"Braun Logo"}]},{"@type":"WebSite","@id":"https:\/\/www.designenlassen.de\/blog\/#website","url":"https:\/\/www.designenlassen.de\/blog\/","name":"designenlassen.de Blog","description":"Inspirationen, Tipps und Ideen f\u00fcr Designer sowie Gr\u00fcnder und Kleinbetriebe.","potentialAction":[{"@type":"SearchAction","target":{"@type":"EntryPoint","urlTemplate":"https:\/\/www.designenlassen.de\/blog\/?s={search_term_string}"},"query-input":{"@type":"PropertyValueSpecification","valueRequired":true,"valueName":"search_term_string"}}],"inLanguage":"de"}]}},"_links":{"self":[{"href":"https:\/\/www.designenlassen.de\/blog\/wp-json\/wp\/v2\/pages\/28202","targetHints":{"allow":["GET"]}}],"collection":[{"href":"https:\/\/www.designenlassen.de\/blog\/wp-json\/wp\/v2\/pages"}],"about":[{"href":"https:\/\/www.designenlassen.de\/blog\/wp-json\/wp\/v2\/types\/page"}],"author":[{"embeddable":true,"href":"https:\/\/www.designenlassen.de\/blog\/wp-json\/wp\/v2\/users\/27"}],"replies":[{"embeddable":true,"href":"https:\/\/www.designenlassen.de\/blog\/wp-json\/wp\/v2\/comments?post=28202"}],"version-history":[{"count":10,"href":"https:\/\/www.designenlassen.de\/blog\/wp-json\/wp\/v2\/pages\/28202\/revisions"}],"predecessor-version":[{"id":31527,"href":"https:\/\/www.designenlassen.de\/blog\/wp-json\/wp\/v2\/pages\/28202\/revisions\/31527"}],"up":[{"embeddable":true,"href":"https:\/\/www.designenlassen.de\/blog\/wp-json\/wp\/v2\/pages\/27972"}],"wp:featuredmedia":[{"embeddable":true,"href":"https:\/\/www.designenlassen.de\/blog\/wp-json\/wp\/v2\/media\/28277"}],"wp:attachment":[{"href":"https:\/\/www.designenlassen.de\/blog\/wp-json\/wp\/v2\/media?parent=28202"}],"curies":[{"name":"wp","href":"https:\/\/api.w.org\/{rel}","templated":true}]}}