{"id":28317,"date":"2024-02-14T12:01:57","date_gmt":"2024-02-14T10:01:57","guid":{"rendered":"https:\/\/www.designenlassen.de\/blog\/?page_id=28317"},"modified":"2024-05-06T13:50:12","modified_gmt":"2024-05-06T11:50:12","slug":"dell-logo","status":"publish","type":"page","link":"https:\/\/www.designenlassen.de\/blog\/bekannte-logos\/dell-logo\/","title":{"rendered":"Dell Logo"},"content":{"rendered":"<div class=\"wp-block-image\">\n<figure class=\"aligncenter size-full is-resized\"><img fetchpriority=\"high\" decoding=\"async\" width=\"1024\" height=\"1024\" src=\"https:\/\/www.designenlassen.de\/blog\/wp-content\/uploads\/2024\/02\/Dell_Logo.svg_.png\" alt=\"\" class=\"wp-image-28321\" style=\"width:382px;height:auto\" srcset=\"https:\/\/www.designenlassen.de\/blog\/wp-content\/uploads\/2024\/02\/Dell_Logo.svg_.png 1024w, https:\/\/www.designenlassen.de\/blog\/wp-content\/uploads\/2024\/02\/Dell_Logo.svg_-300x300.png 300w, https:\/\/www.designenlassen.de\/blog\/wp-content\/uploads\/2024\/02\/Dell_Logo.svg_-150x150.png 150w, https:\/\/www.designenlassen.de\/blog\/wp-content\/uploads\/2024\/02\/Dell_Logo.svg_-768x768.png 768w\" sizes=\"(max-width: 1024px) 100vw, 1024px\" \/><figcaption class=\"wp-element-caption\"><strong>\u00a9<\/strong> Dell \/ dell.com<\/figcaption><\/figure>\n<\/div>\n\n\n<p>Dell ist einer der weltweit f\u00fchrenden Anbieter von Computern, Software, Services und L\u00f6sungen. Das Unternehmen wurde 1984 von Michael Dell gegr\u00fcndet und hat sich von einem kleinen Start-up zu einem globalen Konzern mit \u00fcber 150.000 Mitarbeitern entwickelt. Dell bietet seinen Kunden eine breite Palette von Produkten an, darunter Laptops, Desktop-PCs, Workstations, Monitore, Server, Storage, Netzwerke, Cloud, KI und mehr. Das Dell-Logo ist eines der <a href=\"https:\/\/www.designenlassen.de\/blog\/bekannte-logos\/\">bekanntesten<\/a> weltweit.<\/p>\n\n\n\n<div class=\"wp-block-buttons is-content-justification-center is-layout-flex wp-container-core-buttons-is-layout-16018d1d wp-block-buttons-is-layout-flex\">\n<div class=\"wp-block-button is-style-fill\"><a class=\"wp-block-button__link has-white-color has-text-color has-background has-text-align-left wp-element-button\" href=\"https:\/\/www.designenlassen.de\/logo-design?utm_source=blog&amp;utm_medium=button&amp;utm_campaign=logo-sammlung\" style=\"background-color:#091182\">Jetzt Logo erstellen<\/a><\/div>\n<\/div>\n\n\n\n\n\n<h2 class=\"wp-block-heading\">Ursprung<\/h2>\n\n\n\n<p>Die Geschichte von Dell begann, als Michael Dell, ein 19-j\u00e4hriger Student an der University of Texas, beschloss, seinen eigenen PC zu bauen und zu verkaufen. Er erkannte, dass er die PCs g\u00fcnstiger und schneller liefern konnte als die etablierten Hersteller, indem er sie direkt an die Kunden verkaufte und ihnen die M\u00f6glichkeit gab, sie nach ihren W\u00fcnschen zu konfigurieren. Er nannte sein Unternehmen zun\u00e4chst PC\u2019s Limited und startete es mit einem Startkapital von 1.000 US-Dollar. Im ersten Jahr erzielte er einen Umsatz von 6 Millionen US-Dollar.<\/p>\n\n\n\n<h2 class=\"wp-block-heading\">Entwicklung <\/h2>\n\n\n\n<p>Dell wuchs schnell und expandierte in neue M\u00e4rkte und Regionen. 1987 \u00e4nderte das Unternehmen seinen <a href=\"https:\/\/www.designenlassen.de\/blog\/eine-liste-kreativer-firmennamen-lerne-bei-der-namensgebung-von-den-besten\/\">Namen<\/a> in Dell Computer Corporation und ging 1988 an die B\u00f6rse. 1992 wurde Dell in die Fortune-500-Liste der gr\u00f6\u00dften US-Unternehmen aufgenommen. 1996 startete Dell seinen Online-Shop, der zu einem der erfolgreichsten E-Commerce-Angebote der Welt wurde. 2003 erweiterte Dell sein Portfolio um Drucker, Fernseher, Digitalkameras und andere Elektronikprodukte und \u00e4nderte seinen Namen in Dell Inc. <\/p>\n\n\n\n<p>2009 \u00fcbernahm Dell den IT-Dienstleister Perot Systems und st\u00e4rkte damit sein Gesch\u00e4ft im Bereich Services und L\u00f6sungen. 2013 wurde Dell von Michael Dell und dem Investmentfonds Silver Lake Partners in einem der gr\u00f6\u00dften Buyouts der Geschichte von der B\u00f6rse genommen. 2016 fusionierte Dell mit dem Speicherspezialisten EMC und bildete Dell Technologies, das gr\u00f6\u00dfte privat gef\u00fchrte Technologieunternehmen der Welt.<\/p>\n\n\n\n<h2 class=\"wp-block-heading\">Bedeutung<\/h2>\n\n\n\n<p>Dell hat die PC-Industrie ma\u00dfgeblich gepr\u00e4gt und beeinflusst. Dell war einer der ersten Anbieter, der das Direktvertriebsmodell einf\u00fchrte, das den Kunden mehr Auswahl, Flexibilit\u00e4t und Kosteneffizienz bot. Dell war auch ein Vorreiter in der Anwendung von Just-in-Time-Produktion, Lean Management und Supply-Chain-Optimierung, die zu einer h\u00f6heren Produktivit\u00e4t, Qualit\u00e4t und Kundenzufriedenheit f\u00fchrten. <\/p>\n\n\n\n<p>Dell hat zudem immer wieder neue Technologien und Trends aufgegriffen und integriert, wie Cloud Computing, K\u00fcnstliche Intelligenz, Internet der Dinge, Virtual Reality und mehr. Dell hat sich auch als verantwortungsbewusstes und nachhaltiges Unternehmen profiliert, das sich f\u00fcr soziale, \u00f6kologische und ethische Belange einsetzt.<\/p>\n\n\n\n<div class=\"sof\">\n<h2>Individuelles Design oder Logo gesucht?<\/h2>\n<p>Bei designenlassen.de findest Du \u00fcber <b>100.000 Designer, die Dir ein einzigartiges Design nach Deinen W\u00fcnschen kreieren.<\/b> Starte jetzt Deinen eigenen Designwettbewerb und erhalte zahlreiche individuelle Vorschl\u00e4ge.<br><\/p>\n\n\n\n<\/div>\n\n\n\n<div class=\"wp-block-buttons is-content-justification-center is-layout-flex wp-container-core-buttons-is-layout-16018d1d wp-block-buttons-is-layout-flex\">\n<div class=\"wp-block-button is-style-fill\"><a class=\"wp-block-button__link has-white-color has-text-color has-background has-text-align-left wp-element-button\" href=\"https:\/\/www.designenlassen.de\/logo-design?utm_source=blog&amp;utm_medium=button&amp;utm_campaign=logo-sammlung\" style=\"background-color:#091182\">Jetzt Logo erstellen<\/a><\/div>\n<\/div>\n\n\n\n<div style=\"height:34px\" aria-hidden=\"true\" class=\"wp-block-spacer\"><\/div>\n\n\n\n<h2 class=\"wp-block-heading\">Von uns erstellte Logos<\/h2>\n\n\n\n<figure class=\"wp-block-gallery has-nested-images columns-default is-cropped wp-block-gallery-1 is-layout-flex wp-block-gallery-is-layout-flex\">\n<figure class=\"wp-block-image size-large\"><img decoding=\"async\" width=\"338\" height=\"338\" data-id=\"22414\" src=\"https:\/\/www.designenlassen.de\/blog\/wp-content\/uploads\/2020\/09\/cloudXpress-minimalistisches-Logo-Design-Unternehmenslogo-511396-Arry12.jpg\" alt=\"cloudXpress-minimalistisches-Logo-Design-Unternehmenslogo\" class=\"wp-image-22414\" srcset=\"https:\/\/www.designenlassen.de\/blog\/wp-content\/uploads\/2020\/09\/cloudXpress-minimalistisches-Logo-Design-Unternehmenslogo-511396-Arry12.jpg 338w, https:\/\/www.designenlassen.de\/blog\/wp-content\/uploads\/2020\/09\/cloudXpress-minimalistisches-Logo-Design-Unternehmenslogo-511396-Arry12-300x300.jpg 300w, https:\/\/www.designenlassen.de\/blog\/wp-content\/uploads\/2020\/09\/cloudXpress-minimalistisches-Logo-Design-Unternehmenslogo-511396-Arry12-150x150.jpg 150w\" sizes=\"(max-width: 338px) 100vw, 338px\" \/><\/figure>\n\n\n\n<figure class=\"wp-block-image size-large\"><img decoding=\"async\" width=\"497\" height=\"497\" data-id=\"20923\" src=\"https:\/\/www.designenlassen.de\/blog\/wp-content\/uploads\/2020\/05\/TeamCom_Cloud_Wolken_Logo_522836.jpg\" alt=\"Logo-Design f\u00fcr IT-Unternehmen mit Cloud- und Rechenzentrumsl\u00f6sungen\" class=\"wp-image-20923\" srcset=\"https:\/\/www.designenlassen.de\/blog\/wp-content\/uploads\/2020\/05\/TeamCom_Cloud_Wolken_Logo_522836.jpg 497w, https:\/\/www.designenlassen.de\/blog\/wp-content\/uploads\/2020\/05\/TeamCom_Cloud_Wolken_Logo_522836-300x300.jpg 300w, https:\/\/www.designenlassen.de\/blog\/wp-content\/uploads\/2020\/05\/TeamCom_Cloud_Wolken_Logo_522836-150x150.jpg 150w\" sizes=\"(max-width: 497px) 100vw, 497px\" \/><\/figure>\n\n\n\n<figure class=\"wp-block-image size-large\"><img loading=\"lazy\" decoding=\"async\" width=\"1000\" height=\"553\" data-id=\"20912\" src=\"https:\/\/www.designenlassen.de\/blog\/wp-content\/uploads\/2020\/05\/ExpoCloud_Wolken_Logo_552362.png\" alt=\"Cloud-Logo f\u00fcr eine Online Plattform\" class=\"wp-image-20912\" srcset=\"https:\/\/www.designenlassen.de\/blog\/wp-content\/uploads\/2020\/05\/ExpoCloud_Wolken_Logo_552362.png 1000w, https:\/\/www.designenlassen.de\/blog\/wp-content\/uploads\/2020\/05\/ExpoCloud_Wolken_Logo_552362-300x166.png 300w, https:\/\/www.designenlassen.de\/blog\/wp-content\/uploads\/2020\/05\/ExpoCloud_Wolken_Logo_552362-768x425.png 768w\" sizes=\"(max-width: 1000px) 100vw, 1000px\" \/><figcaption class=\"wp-element-caption\">ExpoCloud-Logo von ninis design<\/figcaption><\/figure>\n\n\n\n<figure class=\"wp-block-image size-large\"><img loading=\"lazy\" decoding=\"async\" width=\"800\" height=\"445\" data-id=\"12942\" src=\"https:\/\/www.designenlassen.de\/blog\/wp-content\/uploads\/2018\/08\/Blaues-Logo-ExpoCloud-552362.png\" alt=\"Blaues Logo ExpoCloud 552362\" class=\"wp-image-12942\" srcset=\"https:\/\/www.designenlassen.de\/blog\/wp-content\/uploads\/2018\/08\/Blaues-Logo-ExpoCloud-552362.png 800w, https:\/\/www.designenlassen.de\/blog\/wp-content\/uploads\/2018\/08\/Blaues-Logo-ExpoCloud-552362-300x167.png 300w, https:\/\/www.designenlassen.de\/blog\/wp-content\/uploads\/2018\/08\/Blaues-Logo-ExpoCloud-552362-768x427.png 768w\" sizes=\"(max-width: 800px) 100vw, 800px\" \/><\/figure>\n\n\n\n<figure class=\"wp-block-image size-large\"><img loading=\"lazy\" decoding=\"async\" width=\"417\" height=\"357\" data-id=\"23325\" src=\"https:\/\/www.designenlassen.de\/blog\/wp-content\/uploads\/2021\/02\/ComputerLogo_Sawallich_869457.png\" alt=\"\" class=\"wp-image-23325\" srcset=\"https:\/\/www.designenlassen.de\/blog\/wp-content\/uploads\/2021\/02\/ComputerLogo_Sawallich_869457.png 417w, https:\/\/www.designenlassen.de\/blog\/wp-content\/uploads\/2021\/02\/ComputerLogo_Sawallich_869457-300x257.png 300w\" sizes=\"(max-width: 417px) 100vw, 417px\" \/><\/figure>\n\n\n\n<figure class=\"wp-block-image size-large\"><img loading=\"lazy\" decoding=\"async\" width=\"294\" height=\"282\" data-id=\"23313\" src=\"https:\/\/www.designenlassen.de\/blog\/wp-content\/uploads\/2021\/02\/ComputerLogo_TeamCom_522836.jpg\" alt=\"Computer Logo, TeamCom\" class=\"wp-image-23313\"\/><figcaption class=\"wp-element-caption\">Computer Logo von NFN Studio<\/figcaption><\/figure>\n\n\n\n<figure class=\"wp-block-image size-large\"><img loading=\"lazy\" decoding=\"async\" width=\"338\" height=\"307\" data-id=\"23305\" src=\"https:\/\/www.designenlassen.de\/blog\/wp-content\/uploads\/2021\/02\/ComputerLogo_ComputerGemeinschaft1_672626.jpg\" alt=\"Computer Logo, Computer Gemeinschaft\" class=\"wp-image-23305\" srcset=\"https:\/\/www.designenlassen.de\/blog\/wp-content\/uploads\/2021\/02\/ComputerLogo_ComputerGemeinschaft1_672626.jpg 338w, https:\/\/www.designenlassen.de\/blog\/wp-content\/uploads\/2021\/02\/ComputerLogo_ComputerGemeinschaft1_672626-300x272.jpg 300w\" sizes=\"(max-width: 338px) 100vw, 338px\" \/><figcaption class=\"wp-element-caption\">Computer Logo von CANDO <\/figcaption><\/figure>\n\n\n\n<figure class=\"wp-block-image size-large\"><img loading=\"lazy\" decoding=\"async\" width=\"800\" height=\"669\" data-id=\"23301\" src=\"https:\/\/www.designenlassen.de\/blog\/wp-content\/uploads\/2021\/02\/ComputerLogo_ComputerHelden1_997116.jpg\" alt=\"Computer Logo, Computer Helden\" class=\"wp-image-23301\" srcset=\"https:\/\/www.designenlassen.de\/blog\/wp-content\/uploads\/2021\/02\/ComputerLogo_ComputerHelden1_997116.jpg 800w, https:\/\/www.designenlassen.de\/blog\/wp-content\/uploads\/2021\/02\/ComputerLogo_ComputerHelden1_997116-300x251.jpg 300w, https:\/\/www.designenlassen.de\/blog\/wp-content\/uploads\/2021\/02\/ComputerLogo_ComputerHelden1_997116-768x642.jpg 768w\" sizes=\"(max-width: 800px) 100vw, 800px\" \/><figcaption class=\"wp-element-caption\">Computer Logo f\u00fcr Computer Helden von Avi Senna<\/figcaption><\/figure>\n\n\n\n<figure class=\"wp-block-image size-large\"><img loading=\"lazy\" decoding=\"async\" width=\"222\" height=\"207\" data-id=\"23322\" src=\"https:\/\/www.designenlassen.de\/blog\/wp-content\/uploads\/2021\/02\/ComputerLogo_MasterbrainBytes_238399-1.png\" alt=\"Computer Logo, Masterbrain Bytes\" class=\"wp-image-23322\"\/><figcaption class=\"wp-element-caption\">Computer Logo von <\/figcaption><\/figure>\n<\/figure>\n\n\n\n<p class=\"has-text-align-center\"><a href=\"https:\/\/www.designenlassen.de\/blog\/category\/inspiration\/\">Mehr Designs entdecken<\/a><\/p>\n\n\n\n<h2 class=\"wp-block-heading\">FAQs: Die wichtigsten Fragen zum Dell-Logo<\/h2>\n\n\n\n<div style=\"height:34px\" aria-hidden=\"true\" class=\"wp-block-spacer\"><\/div>\n\n\n\n<h3 class=\"wp-block-heading\">Was bedeutet das Dell-Logo?<\/h3>\n\n\n\n<p>Das Dell-Logo besteht aus dem Wort \u201cDell\u201d in blauer Schrift auf wei\u00dfem Hintergrund, wobei das \u201cE\u201d nach links gekippt ist. Das Logo soll die Vision von Michael Dell widerspiegeln, die Welt zu ver\u00e4ndern, indem er die Computerindustrie auf den Kopf stellt. Das <a href=\"https:\/\/www.designenlassen.de\/blog\/logo-erstellen-top-firmenlogo-einfach-entwerfen\/\">Logo<\/a> soll auch Dynamik, Energie und Fortschritt ausdr\u00fccken.<\/p>\n\n\n\n<h3 class=\"wp-block-heading\">Wie hat sich das Dell-Logo im Laufe der Zeit ver\u00e4ndert?<\/h3>\n\n\n\n<p>Das Dell-Logo hat im Laufe der Zeit mehrere Ver\u00e4nderungen erfahren. Das erste Logo von 1984 war ein einfacher Schriftzug in Schwarz auf Grau, mit einem Stern \u00fcber dem \u201cE\u201d. Das zweite <a href=\"https:\/\/www.designenlassen.de\/blog\/logo-redesign-wann-ist-es-wirklich-noetig\/\">Logo-Redesign<\/a> von 1989 war ein Kreis mit dem Schriftzug \u201cDell Computer Corporation\u201d und einem schr\u00e4gen \u201cE\u201d in der Mitte. Das dritte Logo von 1996 war ein ovaler Rahmen mit dem Schriftzug \u201cDell\u201d und einem schr\u00e4gen \u201cE\u201d in der Mitte. Das vierte Logo von 2010 war ein runder Rahmen mit dem Schriftzug \u201cDell\u201d und einem schr\u00e4gen \u201cE\u201d in der Mitte. Das aktuelle Logo von 2016 ist eine minimalistische Version des vorherigen Logos, mit einem d\u00fcnneren Rahmen und einer helleren Farbe.<\/p>\n\n\n\n<h3 class=\"wp-block-heading\">Was ist die Schriftart des Dell-Logos?<\/h3>\n\n\n\n<p>Die Schriftart des Dell-Logos ist eine modifizierte Version der Museo Sans, einer geometrischen Sans-Serif-Schriftart, die von Jos Buivenga entworfen wurde. Die Schriftart zeichnet sich durch klare Linien, runde Formen und eine hohe Lesbarkeit aus.<\/p>\n\n\n\n<h2 class=\"wp-block-heading\">Fazit<\/h2>\n\n\n\n<p>Dell ist ein Unternehmen, das aus einer einfachen Idee entstanden ist und sich zu einem globalen Technologief\u00fchrer entwickelt hat. Dell hat die PC-Industrie revolutioniert und ist immer noch an der Spitze der Innovation und des Wandels. Dell bietet seinen Kunden nicht nur Produkte, sondern auch L\u00f6sungen und Services an, die ihnen helfen, ihre Ziele zu erreichen. Dell ist ein Unternehmen, das die Zukunft gestaltet.<\/p>\n\n\n\n<div class=\"wp-block-buttons is-content-justification-center is-layout-flex wp-container-core-buttons-is-layout-16018d1d wp-block-buttons-is-layout-flex\">\n<div class=\"wp-block-button is-style-fill\"><a class=\"wp-block-button__link has-white-color has-text-color has-background has-text-align-left wp-element-button\" href=\"https:\/\/www.designenlassen.de\/logo-design?utm_source=blog&amp;utm_medium=button&amp;utm_campaign=logo-sammlung\" style=\"background-color:#091182\">Jetzt Logo erstellen<\/a><\/div>\n<\/div>\n\n\n\n<div style=\"height:25px\" aria-hidden=\"true\" class=\"wp-block-spacer\"><\/div>\n\n\n\n<h2 class=\"wp-block-heading\">Weiterf\u00fchrende Informationen<\/h2>\n\n\n\n<ul class=\"wp-block-list\">\n<li><a href=\"https:\/\/de.wikipedia.org\/wiki\/Dell_Technologies\">Geschichte<\/a><\/li>\n<\/ul>\n\n\n\n<p><strong>Bildquelle:<\/strong><\/p>\n\n\n\n<ul class=\"wp-block-list\">\n<li><a href=\"https:\/\/de.wikipedia.org\/wiki\/Datei:Dell_2010_logo.svg\">Foto von Wikipedia<\/a><\/li>\n<\/ul>\n","protected":false},"excerpt":{"rendered":"<p>Dell ist einer der weltweit f\u00fchrenden Anbieter von Computern, Software, Services und L\u00f6sungen. Das Unternehmen wurde&hellip;<\/p>\n","protected":false},"author":27,"featured_media":28322,"parent":27972,"menu_order":0,"comment_status":"closed","ping_status":"closed","template":"","meta":{"_lmt_disableupdate":"","_lmt_disable":"","footnotes":""},"class_list":["post-28317","page","type-page","status-publish","has-post-thumbnail","hentry"],"yoast_head":"<!-- This site is optimized with the Yoast SEO plugin v27.5 - https:\/\/yoast.com\/product\/yoast-seo-wordpress\/ -->\n<title>Dell Logo \u25ba Bilder, Geschichte, Entwicklung &amp; u.v.m<\/title>\n<meta name=\"description\" content=\"Erfahre alles Wichtige \u00fcber das Dell-Logo: Geschichte \u2713 Ursprung \u2713 Entwicklung \u2713 Bedeutung \u2713 u.v.m. \u25ba Jetzt ansehen!\" \/>\n<meta name=\"robots\" content=\"index, follow, max-snippet:-1, max-image-preview:large, max-video-preview:-1\" \/>\n<link rel=\"canonical\" href=\"https:\/\/www.designenlassen.de\/blog\/bekannte-logos\/dell-logo\/\" \/>\n<meta property=\"og:locale\" content=\"de_DE\" \/>\n<meta property=\"og:type\" content=\"article\" \/>\n<meta property=\"og:title\" content=\"Dell Logo \u25ba Bilder, Geschichte, Entwicklung &amp; u.v.m\" \/>\n<meta property=\"og:description\" content=\"Erfahre alles Wichtige \u00fcber das Dell-Logo: Geschichte \u2713 Ursprung \u2713 Entwicklung \u2713 Bedeutung \u2713 u.v.m. \u25ba Jetzt ansehen!\" \/>\n<meta property=\"og:url\" content=\"https:\/\/www.designenlassen.de\/blog\/bekannte-logos\/dell-logo\/\" \/>\n<meta property=\"og:site_name\" content=\"designenlassen.de Blog\" \/>\n<meta property=\"article:modified_time\" content=\"2024-05-06T11:50:12+00:00\" \/>\n<meta property=\"og:image\" content=\"https:\/\/www.designenlassen.de\/blog\/wp-content\/uploads\/2024\/02\/Design-ohne-Titel-60.png\" \/>\n\t<meta property=\"og:image:width\" content=\"600\" \/>\n\t<meta property=\"og:image:height\" content=\"600\" \/>\n\t<meta property=\"og:image:type\" content=\"image\/png\" \/>\n<meta name=\"twitter:card\" content=\"summary_large_image\" \/>\n<meta name=\"twitter:label1\" content=\"Gesch\u00e4tzte Lesezeit\" \/>\n\t<meta name=\"twitter:data1\" content=\"7\u00a0Minuten\" \/>\n<script type=\"application\/ld+json\" class=\"yoast-schema-graph\">{\"@context\":\"https:\\\/\\\/schema.org\",\"@graph\":[{\"@type\":\"WebPage\",\"@id\":\"https:\\\/\\\/www.designenlassen.de\\\/blog\\\/bekannte-logos\\\/dell-logo\\\/\",\"url\":\"https:\\\/\\\/www.designenlassen.de\\\/blog\\\/bekannte-logos\\\/dell-logo\\\/\",\"name\":\"Dell Logo \u25ba Bilder, Geschichte, Entwicklung & u.v.m\",\"isPartOf\":{\"@id\":\"https:\\\/\\\/www.designenlassen.de\\\/blog\\\/#website\"},\"primaryImageOfPage\":{\"@id\":\"https:\\\/\\\/www.designenlassen.de\\\/blog\\\/bekannte-logos\\\/dell-logo\\\/#primaryimage\"},\"image\":{\"@id\":\"https:\\\/\\\/www.designenlassen.de\\\/blog\\\/bekannte-logos\\\/dell-logo\\\/#primaryimage\"},\"thumbnailUrl\":\"https:\\\/\\\/www.designenlassen.de\\\/blog\\\/wp-content\\\/uploads\\\/2024\\\/02\\\/Design-ohne-Titel-60.png\",\"datePublished\":\"2024-02-14T10:01:57+00:00\",\"dateModified\":\"2024-05-06T11:50:12+00:00\",\"description\":\"Erfahre alles Wichtige \u00fcber das Dell-Logo: Geschichte \u2713 Ursprung \u2713 Entwicklung \u2713 Bedeutung \u2713 u.v.m. \u25ba Jetzt ansehen!\",\"breadcrumb\":{\"@id\":\"https:\\\/\\\/www.designenlassen.de\\\/blog\\\/bekannte-logos\\\/dell-logo\\\/#breadcrumb\"},\"inLanguage\":\"de\",\"potentialAction\":[{\"@type\":\"ReadAction\",\"target\":[\"https:\\\/\\\/www.designenlassen.de\\\/blog\\\/bekannte-logos\\\/dell-logo\\\/\"]}]},{\"@type\":\"ImageObject\",\"inLanguage\":\"de\",\"@id\":\"https:\\\/\\\/www.designenlassen.de\\\/blog\\\/bekannte-logos\\\/dell-logo\\\/#primaryimage\",\"url\":\"https:\\\/\\\/www.designenlassen.de\\\/blog\\\/wp-content\\\/uploads\\\/2024\\\/02\\\/Design-ohne-Titel-60.png\",\"contentUrl\":\"https:\\\/\\\/www.designenlassen.de\\\/blog\\\/wp-content\\\/uploads\\\/2024\\\/02\\\/Design-ohne-Titel-60.png\",\"width\":600,\"height\":600},{\"@type\":\"BreadcrumbList\",\"@id\":\"https:\\\/\\\/www.designenlassen.de\\\/blog\\\/bekannte-logos\\\/dell-logo\\\/#breadcrumb\",\"itemListElement\":[{\"@type\":\"ListItem\",\"position\":1,\"name\":\"Start\",\"item\":\"https:\\\/\\\/www.designenlassen.de\\\/blog\\\/\"},{\"@type\":\"ListItem\",\"position\":2,\"name\":\"Die 180 bekanntesten Logos im \u00dcberblick\",\"item\":\"https:\\\/\\\/www.designenlassen.de\\\/blog\\\/bekannte-logos\\\/\"},{\"@type\":\"ListItem\",\"position\":3,\"name\":\"Dell Logo\"}]},{\"@type\":\"WebSite\",\"@id\":\"https:\\\/\\\/www.designenlassen.de\\\/blog\\\/#website\",\"url\":\"https:\\\/\\\/www.designenlassen.de\\\/blog\\\/\",\"name\":\"designenlassen.de Blog\",\"description\":\"Inspirationen, Tipps und Ideen f\u00fcr Designer sowie Gr\u00fcnder und Kleinbetriebe.\",\"potentialAction\":[{\"@type\":\"SearchAction\",\"target\":{\"@type\":\"EntryPoint\",\"urlTemplate\":\"https:\\\/\\\/www.designenlassen.de\\\/blog\\\/?s={search_term_string}\"},\"query-input\":{\"@type\":\"PropertyValueSpecification\",\"valueRequired\":true,\"valueName\":\"search_term_string\"}}],\"inLanguage\":\"de\"}]}<\/script>\n<!-- \/ Yoast SEO plugin. -->","yoast_head_json":{"title":"Dell Logo \u25ba Bilder, Geschichte, Entwicklung & u.v.m","description":"Erfahre alles Wichtige \u00fcber das Dell-Logo: Geschichte \u2713 Ursprung \u2713 Entwicklung \u2713 Bedeutung \u2713 u.v.m. \u25ba Jetzt ansehen!","robots":{"index":"index","follow":"follow","max-snippet":"max-snippet:-1","max-image-preview":"max-image-preview:large","max-video-preview":"max-video-preview:-1"},"canonical":"https:\/\/www.designenlassen.de\/blog\/bekannte-logos\/dell-logo\/","og_locale":"de_DE","og_type":"article","og_title":"Dell Logo \u25ba Bilder, Geschichte, Entwicklung & u.v.m","og_description":"Erfahre alles Wichtige \u00fcber das Dell-Logo: Geschichte \u2713 Ursprung \u2713 Entwicklung \u2713 Bedeutung \u2713 u.v.m. \u25ba Jetzt ansehen!","og_url":"https:\/\/www.designenlassen.de\/blog\/bekannte-logos\/dell-logo\/","og_site_name":"designenlassen.de Blog","article_modified_time":"2024-05-06T11:50:12+00:00","og_image":[{"width":600,"height":600,"url":"https:\/\/www.designenlassen.de\/blog\/wp-content\/uploads\/2024\/02\/Design-ohne-Titel-60.png","type":"image\/png"}],"twitter_card":"summary_large_image","twitter_misc":{"Gesch\u00e4tzte Lesezeit":"7\u00a0Minuten"},"schema":{"@context":"https:\/\/schema.org","@graph":[{"@type":"WebPage","@id":"https:\/\/www.designenlassen.de\/blog\/bekannte-logos\/dell-logo\/","url":"https:\/\/www.designenlassen.de\/blog\/bekannte-logos\/dell-logo\/","name":"Dell Logo \u25ba Bilder, Geschichte, Entwicklung & u.v.m","isPartOf":{"@id":"https:\/\/www.designenlassen.de\/blog\/#website"},"primaryImageOfPage":{"@id":"https:\/\/www.designenlassen.de\/blog\/bekannte-logos\/dell-logo\/#primaryimage"},"image":{"@id":"https:\/\/www.designenlassen.de\/blog\/bekannte-logos\/dell-logo\/#primaryimage"},"thumbnailUrl":"https:\/\/www.designenlassen.de\/blog\/wp-content\/uploads\/2024\/02\/Design-ohne-Titel-60.png","datePublished":"2024-02-14T10:01:57+00:00","dateModified":"2024-05-06T11:50:12+00:00","description":"Erfahre alles Wichtige \u00fcber das Dell-Logo: Geschichte \u2713 Ursprung \u2713 Entwicklung \u2713 Bedeutung \u2713 u.v.m. \u25ba Jetzt ansehen!","breadcrumb":{"@id":"https:\/\/www.designenlassen.de\/blog\/bekannte-logos\/dell-logo\/#breadcrumb"},"inLanguage":"de","potentialAction":[{"@type":"ReadAction","target":["https:\/\/www.designenlassen.de\/blog\/bekannte-logos\/dell-logo\/"]}]},{"@type":"ImageObject","inLanguage":"de","@id":"https:\/\/www.designenlassen.de\/blog\/bekannte-logos\/dell-logo\/#primaryimage","url":"https:\/\/www.designenlassen.de\/blog\/wp-content\/uploads\/2024\/02\/Design-ohne-Titel-60.png","contentUrl":"https:\/\/www.designenlassen.de\/blog\/wp-content\/uploads\/2024\/02\/Design-ohne-Titel-60.png","width":600,"height":600},{"@type":"BreadcrumbList","@id":"https:\/\/www.designenlassen.de\/blog\/bekannte-logos\/dell-logo\/#breadcrumb","itemListElement":[{"@type":"ListItem","position":1,"name":"Start","item":"https:\/\/www.designenlassen.de\/blog\/"},{"@type":"ListItem","position":2,"name":"Die 180 bekanntesten Logos im \u00dcberblick","item":"https:\/\/www.designenlassen.de\/blog\/bekannte-logos\/"},{"@type":"ListItem","position":3,"name":"Dell Logo"}]},{"@type":"WebSite","@id":"https:\/\/www.designenlassen.de\/blog\/#website","url":"https:\/\/www.designenlassen.de\/blog\/","name":"designenlassen.de Blog","description":"Inspirationen, Tipps und Ideen f\u00fcr Designer sowie Gr\u00fcnder und Kleinbetriebe.","potentialAction":[{"@type":"SearchAction","target":{"@type":"EntryPoint","urlTemplate":"https:\/\/www.designenlassen.de\/blog\/?s={search_term_string}"},"query-input":{"@type":"PropertyValueSpecification","valueRequired":true,"valueName":"search_term_string"}}],"inLanguage":"de"}]}},"_links":{"self":[{"href":"https:\/\/www.designenlassen.de\/blog\/wp-json\/wp\/v2\/pages\/28317","targetHints":{"allow":["GET"]}}],"collection":[{"href":"https:\/\/www.designenlassen.de\/blog\/wp-json\/wp\/v2\/pages"}],"about":[{"href":"https:\/\/www.designenlassen.de\/blog\/wp-json\/wp\/v2\/types\/page"}],"author":[{"embeddable":true,"href":"https:\/\/www.designenlassen.de\/blog\/wp-json\/wp\/v2\/users\/27"}],"replies":[{"embeddable":true,"href":"https:\/\/www.designenlassen.de\/blog\/wp-json\/wp\/v2\/comments?post=28317"}],"version-history":[{"count":7,"href":"https:\/\/www.designenlassen.de\/blog\/wp-json\/wp\/v2\/pages\/28317\/revisions"}],"predecessor-version":[{"id":31550,"href":"https:\/\/www.designenlassen.de\/blog\/wp-json\/wp\/v2\/pages\/28317\/revisions\/31550"}],"up":[{"embeddable":true,"href":"https:\/\/www.designenlassen.de\/blog\/wp-json\/wp\/v2\/pages\/27972"}],"wp:featuredmedia":[{"embeddable":true,"href":"https:\/\/www.designenlassen.de\/blog\/wp-json\/wp\/v2\/media\/28322"}],"wp:attachment":[{"href":"https:\/\/www.designenlassen.de\/blog\/wp-json\/wp\/v2\/media?parent=28317"}],"curies":[{"name":"wp","href":"https:\/\/api.w.org\/{rel}","templated":true}]}}