{"id":28428,"date":"2024-02-14T11:06:16","date_gmt":"2024-02-14T09:06:16","guid":{"rendered":"https:\/\/www.designenlassen.de\/blog\/?page_id=28428"},"modified":"2024-05-14T07:59:05","modified_gmt":"2024-05-14T05:59:05","slug":"e-on-logo","status":"publish","type":"page","link":"https:\/\/www.designenlassen.de\/blog\/bekannte-logos\/e-on-logo\/","title":{"rendered":"E.ON Logo"},"content":{"rendered":"\n<figure class=\"wp-block-image size-full is-resized\"><img fetchpriority=\"high\" decoding=\"async\" width=\"1024\" height=\"298\" src=\"https:\/\/www.designenlassen.de\/blog\/wp-content\/uploads\/2024\/02\/1024px-EON_Logo.svg_.png\" alt=\"\" class=\"wp-image-28429\" style=\"width:466px;height:auto\" srcset=\"https:\/\/www.designenlassen.de\/blog\/wp-content\/uploads\/2024\/02\/1024px-EON_Logo.svg_.png 1024w, https:\/\/www.designenlassen.de\/blog\/wp-content\/uploads\/2024\/02\/1024px-EON_Logo.svg_-300x87.png 300w, https:\/\/www.designenlassen.de\/blog\/wp-content\/uploads\/2024\/02\/1024px-EON_Logo.svg_-768x224.png 768w\" sizes=\"(max-width: 1024px) 100vw, 1024px\" \/><figcaption class=\"wp-element-caption\"><strong>\u00a9<\/strong> E.ON \/ eon.de<\/figcaption><\/figure>\n\n\n\n<p>E.ON ist einer der gr\u00f6\u00dften Energieversorger der Welt.&nbsp;Das Unternehmen versorgt mehr als 50 Millionen Kunden in 15 L\u00e4ndern mit Strom, Gas und W\u00e4rme. E.ON ist auch bekannt f\u00fcr sein rotes Logo, das zu den&nbsp;<a href=\"https:\/\/www.designenlassen.de\/blog\/bekannte-logos\/\">bekanntesten Logos<\/a>&nbsp;in der Energiebranche geh\u00f6rt. In diesem Blogbeitrag erf\u00e4hrst du mehr \u00fcber die Geschichte, die Entwicklung und die Bedeutung des E.ON-Logos.<\/p>\n\n\n\n<div class=\"wp-block-buttons is-content-justification-center is-layout-flex wp-container-core-buttons-is-layout-16018d1d wp-block-buttons-is-layout-flex\">\n<div class=\"wp-block-button is-style-fill\"><a class=\"wp-block-button__link has-white-color has-text-color has-background has-text-align-left wp-element-button\" href=\"https:\/\/www.designenlassen.de\/logo-design?utm_source=blog&amp;utm_medium=button&amp;utm_campaign=logo-sammlung\" style=\"background-color:#091182\">Jetzt Logo erstellen<\/a><\/div>\n<\/div>\n\n\n\n\n\n<h2 class=\"wp-block-heading\">Ursprung<\/h2>\n\n\n\n<p>E.ON wurde im Jahr 2000 durch die Fusion von VEBA und VIAG gegr\u00fcndet.&nbsp;Der Name E.ON ist ein Kunstwort, das aus dem griechischen Pr\u00e4fix \u201ce\u201d (f\u00fcr \u201caus\u201d) und dem englischen Wort \u201con\u201d (f\u00fcr \u201can\u201d) zusammengesetzt ist.&nbsp;Der Name soll die Dynamik, die Innovation und die Zukunftsf\u00e4higkeit des Unternehmens ausdr\u00fccken.<\/p>\n\n\n\n<p>Das Logo von E.ON wurde von der Agentur MetaDesign entworfen. Das <a href=\"https:\/\/www.designenlassen.de\/blog\/logo-erstellen-top-firmenlogo-einfach-entwerfen\/\">Logo<\/a> besteht aus einem roten Hintergrund, in dem der Name E.ON in wei\u00dfer Schrift steht.&nbsp;Der Hintergrund symbolisiert die Erde, die Energie und die Einheit.&nbsp;Die Schrift ist modern und schlicht gehalten, um die Klarheit und die Kompetenz des Unternehmens zu vermitteln.<\/p>\n\n\n\n<h2 class=\"wp-block-heading\">Entwicklung <\/h2>\n\n\n\n<p>E.ON hat sich seit seiner Gr\u00fcndung im Jahr 2000 stetig weiterentwickelt und an die Ver\u00e4nderungen des Energiemarktes angepasst. E.ON hat seine Gesch\u00e4ftsfelder fokussiert, seine Strukturen vereinfacht und seine Kosten gesenkt. E.ON hat sich von einem konventionellen Energieerzeuger zu einem modernen Energieversorger gewandelt. <\/p>\n\n\n\n<p>E.ON hat seine Kernkompetenzen in den Bereichen Energienetze und Energieinfrastruktur ausgebaut und seine Position als Marktf\u00fchrer in Europa gest\u00e4rkt. E.ON hat seine Kunden in den Mittelpunkt gestellt und sein Angebot an innovativen Kundenl\u00f6sungen erweitert. E.ON hat seine Nachhaltigkeitsstrategie verfolgt und sein Klimaziel bis 2040 festgelegt: E.ON wird CO\u2082-neutral.<\/p>\n\n\n\n<h2 class=\"wp-block-heading\">Bedeutung<\/h2>\n\n\n\n<p>E.ON ist mehr als nur ein Energiekonzern. E.ON ist ein Partner f\u00fcr eine nachhaltige, digitale und kundenorientierte Energiezukunft. E.ON hat sich zum Ziel gesetzt, die Dekarbonisierung unserer Gesellschaft voranzutreiben und die Energiewende zu gestalten. E.ON bietet seinen Kunden innovative L\u00f6sungen f\u00fcr Energieeffizienz, erneuerbare Energien, Elektromobilit\u00e4t und Smart Home. E.ON ist auch ein verantwortungsvoller Arbeitgeber, der die Vielfalt, die Gesundheit und die Entwicklung seiner Mitarbeiter f\u00f6rdert. E.ON ist ein Unternehmen, das Werte schafft, f\u00fcr seine Stakeholder, f\u00fcr die Umwelt und f\u00fcr die Gesellschaft.<\/p>\n\n\n\n<div class=\"sof\">\n<h2>Individuelles Design oder Logo gesucht?<\/h2>\n<p>Bei designenlassen.de findest Du \u00fcber <b>100.000 Designer, die Dir ein einzigartiges Design nach Deinen W\u00fcnschen kreieren.<\/b> Starte jetzt Deinen eigenen Designwettbewerb und erhalte zahlreiche individuelle Vorschl\u00e4ge.<br><\/p>\n\n\n\n<\/div>\n\n\n\n<div class=\"wp-block-buttons is-content-justification-center is-layout-flex wp-container-core-buttons-is-layout-16018d1d wp-block-buttons-is-layout-flex\">\n<div class=\"wp-block-button is-style-fill\"><a class=\"wp-block-button__link has-white-color has-text-color has-background has-text-align-left wp-element-button\" href=\"https:\/\/www.designenlassen.de\/logo-design?utm_source=blog&amp;utm_medium=button&amp;utm_campaign=logo-sammlung\" style=\"background-color:#091182\">Jetzt Logo erstellen<\/a><\/div>\n<\/div>\n\n\n\n<div style=\"height:34px\" aria-hidden=\"true\" class=\"wp-block-spacer\"><\/div>\n\n\n\n<h2 class=\"wp-block-heading\">Von uns erstellte Logos<\/h2>\n\n\n\n<figure class=\"wp-block-gallery has-nested-images columns-default is-cropped wp-block-gallery-1 is-layout-flex wp-block-gallery-is-layout-flex\">\n<figure class=\"wp-block-image size-large\"><img decoding=\"async\" width=\"373\" height=\"373\" data-id=\"27818\" src=\"https:\/\/www.designenlassen.de\/blog\/wp-content\/uploads\/2024\/01\/989235_energietechnik-joa2.jpg\" alt=\"\" class=\"wp-image-27818\" srcset=\"https:\/\/www.designenlassen.de\/blog\/wp-content\/uploads\/2024\/01\/989235_energietechnik-joa2.jpg 373w, https:\/\/www.designenlassen.de\/blog\/wp-content\/uploads\/2024\/01\/989235_energietechnik-joa2-300x300.jpg 300w, https:\/\/www.designenlassen.de\/blog\/wp-content\/uploads\/2024\/01\/989235_energietechnik-joa2-150x150.jpg 150w\" sizes=\"(max-width: 373px) 100vw, 373px\" \/><\/figure>\n\n\n\n<figure class=\"wp-block-image size-large\"><img decoding=\"async\" width=\"500\" height=\"500\" data-id=\"27819\" src=\"https:\/\/www.designenlassen.de\/blog\/wp-content\/uploads\/2024\/01\/989235_energietechnik-joa3.jpg\" alt=\"\" class=\"wp-image-27819\" srcset=\"https:\/\/www.designenlassen.de\/blog\/wp-content\/uploads\/2024\/01\/989235_energietechnik-joa3.jpg 500w, https:\/\/www.designenlassen.de\/blog\/wp-content\/uploads\/2024\/01\/989235_energietechnik-joa3-300x300.jpg 300w, https:\/\/www.designenlassen.de\/blog\/wp-content\/uploads\/2024\/01\/989235_energietechnik-joa3-150x150.jpg 150w\" sizes=\"(max-width: 500px) 100vw, 500px\" \/><\/figure>\n\n\n\n<figure class=\"wp-block-image size-large\"><img loading=\"lazy\" decoding=\"async\" width=\"500\" height=\"382\" data-id=\"27820\" src=\"https:\/\/www.designenlassen.de\/blog\/wp-content\/uploads\/2024\/01\/129578_energietechnik-widmer2.jpg\" alt=\"\" class=\"wp-image-27820\" srcset=\"https:\/\/www.designenlassen.de\/blog\/wp-content\/uploads\/2024\/01\/129578_energietechnik-widmer2.jpg 500w, https:\/\/www.designenlassen.de\/blog\/wp-content\/uploads\/2024\/01\/129578_energietechnik-widmer2-300x229.jpg 300w\" sizes=\"(max-width: 500px) 100vw, 500px\" \/><\/figure>\n\n\n\n<figure class=\"wp-block-image size-large\"><img loading=\"lazy\" decoding=\"async\" width=\"500\" height=\"500\" data-id=\"27817\" src=\"https:\/\/www.designenlassen.de\/blog\/wp-content\/uploads\/2024\/01\/989235_energietechnik-joa.jpg\" alt=\"\" class=\"wp-image-27817\" srcset=\"https:\/\/www.designenlassen.de\/blog\/wp-content\/uploads\/2024\/01\/989235_energietechnik-joa.jpg 500w, https:\/\/www.designenlassen.de\/blog\/wp-content\/uploads\/2024\/01\/989235_energietechnik-joa-300x300.jpg 300w, https:\/\/www.designenlassen.de\/blog\/wp-content\/uploads\/2024\/01\/989235_energietechnik-joa-150x150.jpg 150w\" sizes=\"(max-width: 500px) 100vw, 500px\" \/><\/figure>\n\n\n\n<figure class=\"wp-block-image size-large\"><img loading=\"lazy\" decoding=\"async\" width=\"500\" height=\"502\" data-id=\"27816\" src=\"https:\/\/www.designenlassen.de\/blog\/wp-content\/uploads\/2024\/01\/977456_elektriker-logo-stromimpuls.png\" alt=\"\" class=\"wp-image-27816\" srcset=\"https:\/\/www.designenlassen.de\/blog\/wp-content\/uploads\/2024\/01\/977456_elektriker-logo-stromimpuls.png 500w, https:\/\/www.designenlassen.de\/blog\/wp-content\/uploads\/2024\/01\/977456_elektriker-logo-stromimpuls-300x300.png 300w, https:\/\/www.designenlassen.de\/blog\/wp-content\/uploads\/2024\/01\/977456_elektriker-logo-stromimpuls-150x150.png 150w\" sizes=\"(max-width: 500px) 100vw, 500px\" \/><\/figure>\n\n\n\n<figure class=\"wp-block-image size-large\"><img loading=\"lazy\" decoding=\"async\" width=\"800\" height=\"484\" data-id=\"23300\" src=\"https:\/\/www.designenlassen.de\/blog\/wp-content\/uploads\/2021\/02\/StromPlus-Elektro-Logo-977456-Miss-Maham.png\" alt=\"StromPlus-Elektro-Logo\" class=\"wp-image-23300\" srcset=\"https:\/\/www.designenlassen.de\/blog\/wp-content\/uploads\/2021\/02\/StromPlus-Elektro-Logo-977456-Miss-Maham.png 800w, https:\/\/www.designenlassen.de\/blog\/wp-content\/uploads\/2021\/02\/StromPlus-Elektro-Logo-977456-Miss-Maham-300x182.png 300w, https:\/\/www.designenlassen.de\/blog\/wp-content\/uploads\/2021\/02\/StromPlus-Elektro-Logo-977456-Miss-Maham-768x465.png 768w\" sizes=\"(max-width: 800px) 100vw, 800px\" \/><\/figure>\n\n\n\n<figure class=\"wp-block-image size-large\"><img loading=\"lazy\" decoding=\"async\" width=\"338\" height=\"338\" data-id=\"23296\" src=\"https:\/\/www.designenlassen.de\/blog\/wp-content\/uploads\/2021\/02\/Elektriker-Logo-Elektro-Motzkus-939516-davincho.png\" alt=\"Elektriker-Logo-Elektro-Motzkus\" class=\"wp-image-23296\" srcset=\"https:\/\/www.designenlassen.de\/blog\/wp-content\/uploads\/2021\/02\/Elektriker-Logo-Elektro-Motzkus-939516-davincho.png 338w, https:\/\/www.designenlassen.de\/blog\/wp-content\/uploads\/2021\/02\/Elektriker-Logo-Elektro-Motzkus-939516-davincho-300x300.png 300w, https:\/\/www.designenlassen.de\/blog\/wp-content\/uploads\/2021\/02\/Elektriker-Logo-Elektro-Motzkus-939516-davincho-150x150.png 150w\" sizes=\"(max-width: 338px) 100vw, 338px\" \/><\/figure>\n\n\n\n<figure class=\"wp-block-image size-large\"><img loading=\"lazy\" decoding=\"async\" width=\"338\" height=\"338\" data-id=\"23299\" src=\"https:\/\/www.designenlassen.de\/blog\/wp-content\/uploads\/2021\/02\/Elektro-Logo-Design-Thor-Charge-781133-BERJA.png\" alt=\"Elektro-Logo-Design-Thor-Charge\" class=\"wp-image-23299\" srcset=\"https:\/\/www.designenlassen.de\/blog\/wp-content\/uploads\/2021\/02\/Elektro-Logo-Design-Thor-Charge-781133-BERJA.png 338w, https:\/\/www.designenlassen.de\/blog\/wp-content\/uploads\/2021\/02\/Elektro-Logo-Design-Thor-Charge-781133-BERJA-300x300.png 300w, https:\/\/www.designenlassen.de\/blog\/wp-content\/uploads\/2021\/02\/Elektro-Logo-Design-Thor-Charge-781133-BERJA-150x150.png 150w\" sizes=\"(max-width: 338px) 100vw, 338px\" \/><\/figure>\n\n\n\n<figure class=\"wp-block-image size-large\"><img loading=\"lazy\" decoding=\"async\" width=\"338\" height=\"338\" data-id=\"23298\" src=\"https:\/\/www.designenlassen.de\/blog\/wp-content\/uploads\/2021\/02\/Ekon-Andrae-Logo-Design-fuer-Elektrobetrieb-677217-GoldLife.jpg\" alt=\"Ekon-Andrae-Logo-Design-fuer-Elektrobetrieb\" class=\"wp-image-23298\" srcset=\"https:\/\/www.designenlassen.de\/blog\/wp-content\/uploads\/2021\/02\/Ekon-Andrae-Logo-Design-fuer-Elektrobetrieb-677217-GoldLife.jpg 338w, https:\/\/www.designenlassen.de\/blog\/wp-content\/uploads\/2021\/02\/Ekon-Andrae-Logo-Design-fuer-Elektrobetrieb-677217-GoldLife-300x300.jpg 300w, https:\/\/www.designenlassen.de\/blog\/wp-content\/uploads\/2021\/02\/Ekon-Andrae-Logo-Design-fuer-Elektrobetrieb-677217-GoldLife-150x150.jpg 150w\" sizes=\"(max-width: 338px) 100vw, 338px\" \/><\/figure>\n<\/figure>\n\n\n\n<p class=\"has-text-align-center\"><a href=\"https:\/\/www.designenlassen.de\/blog\/category\/inspiration\/\">Mehr Designs entdecken<\/a><\/p>\n\n\n\n<h2 class=\"wp-block-heading\">FAQs: Die wichtigsten Fragen zum E.ON-Logo<\/h2>\n\n\n\n<div style=\"height:34px\" aria-hidden=\"true\" class=\"wp-block-spacer\"><\/div>\n\n\n\n<h3 class=\"wp-block-heading\">Was ist die Bedeutung des Namens E.ON?<\/h3>\n\n\n\n<p>E.ON ist ein Kunstwort, das aus dem griechischen Pr\u00e4fix \u201ce\u201d (f\u00fcr \u201caus\u201d) und dem englischen Wort \u201con\u201d (f\u00fcr \u201can\u201d) zusammengesetzt ist.&nbsp;Der Name soll die Dynamik, die Innovation und die Zukunftsf\u00e4higkeit des Unternehmens ausdr\u00fccken.<\/p>\n\n\n\n<h3 class=\"wp-block-heading\">Wer hat das E.ON-Logo entworfen?<\/h3>\n\n\n\n<p>Das E.ON-Logo wurde von der Agentur MetaDesign <a href=\"https:\/\/www.designenlassen.de\/blog\/logo-entwerfen-die-10-besten-tipps-zur-logoerstellung\/\">entworfen<\/a>. Das <a href=\"https:\/\/www.designenlassen.de\/blog\/logo-erstellen-top-firmenlogo-einfach-entwerfen\/\">Logo<\/a> besteht aus einem roten Hintergrund, in dem der Name E.ON in wei\u00dfer Schrift steht. Der Hintergrund symbolisiert die Erde, die Energie und die Einheit. Die Schrift ist modern und schlicht gehalten, um die Klarheit und die Kompetenz des Unternehmens zu vermitteln.<\/p>\n\n\n\n<h3 class=\"wp-block-heading\">Wie alt ist das E.ON-Logo?<\/h3>\n\n\n\n<p>Das E.ON-Logo wurde im Jahr 2000 eingef\u00fchrt, als das Unternehmen durch die Fusion von VEBA und VIAG entstand. Das Logo hat sich seitdem nur geringf\u00fcgig ver\u00e4ndert, vor allem in der <a href=\"https:\/\/www.designenlassen.de\/blog\/farben-und-ihre-bedeutung\/\">Farbgebung<\/a>.<\/p>\n\n\n\n<h2 class=\"wp-block-heading\">Fazit<\/h2>\n\n\n\n<p>E.ON ist ein Energiekonzern mit einer Vision: die Energiezukunft f\u00fcr seine Kunden und die Gesellschaft zu gestalten. E.ON ist ein Unternehmen, das sich wandelt, w\u00e4chst und lernt. E.ON ist ein Unternehmen, das seine Ziele verfolgt, seine Herausforderungen meistert und seine Chancen nutzt. E.ON ist ein Unternehmen, das seine Werte lebt, seine Verantwortung wahrnimmt und seine Leistung erbringt. E.ON ist ein Unternehmen, das stolz auf seine Geschichte, seine <a href=\"https:\/\/www.designenlassen.de\/blog\/erfolgreiches-branding\/\">Brand<\/a> und sein Logo ist.<\/p>\n\n\n\n<div class=\"wp-block-buttons is-content-justification-center is-layout-flex wp-container-core-buttons-is-layout-16018d1d wp-block-buttons-is-layout-flex\">\n<div class=\"wp-block-button is-style-fill\"><a class=\"wp-block-button__link has-white-color has-text-color has-background has-text-align-left wp-element-button\" href=\"https:\/\/www.designenlassen.de\/logo-design?utm_source=blog&amp;utm_medium=button&amp;utm_campaign=logo-sammlung\" style=\"background-color:#091182\">Jetzt Logo erstellen<\/a><\/div>\n<\/div>\n\n\n\n<div style=\"height:24px\" aria-hidden=\"true\" class=\"wp-block-spacer\"><\/div>\n\n\n\n<h2 class=\"wp-block-heading\">Weiterf\u00fchrende Informationen<\/h2>\n\n\n\n<ul class=\"wp-block-list\">\n<li><a href=\"https:\/\/de.wikipedia.org\/wiki\/E.ON\">Geschichte<\/a><\/li>\n<\/ul>\n\n\n\n<p><strong>Bildquelle:<\/strong><\/p>\n\n\n\n<ul class=\"wp-block-list\">\n<li><a href=\"https:\/\/de.wikipedia.org\/wiki\/Datei:EON_Logo.svg\">Foto von Wikipedia<\/a><\/li>\n<\/ul>\n","protected":false},"excerpt":{"rendered":"<p>E.ON ist einer der gr\u00f6\u00dften Energieversorger der Welt.&nbsp;Das Unternehmen versorgt mehr als 50 Millionen Kunden in&hellip;<\/p>\n","protected":false},"author":27,"featured_media":28430,"parent":27972,"menu_order":0,"comment_status":"closed","ping_status":"closed","template":"","meta":{"_lmt_disableupdate":"","_lmt_disable":"","footnotes":""},"class_list":["post-28428","page","type-page","status-publish","has-post-thumbnail","hentry"],"yoast_head":"<!-- This site is optimized with the Yoast SEO plugin v27.5 - https:\/\/yoast.com\/product\/yoast-seo-wordpress\/ -->\n<title>E.ON Logo \u25ba Bilder, Geschichte, Entwicklung &amp; u.v.m<\/title>\n<meta name=\"description\" content=\"Erfahre alles Wichtige \u00fcber das E.ON-Logo: Geschichte \u2713 Ursprung \u2713 Entwicklung \u2713 Bedeutung \u2713 u.v.m. \u25ba Jetzt ansehen!\" \/>\n<meta name=\"robots\" content=\"index, follow, max-snippet:-1, max-image-preview:large, max-video-preview:-1\" \/>\n<link rel=\"canonical\" href=\"https:\/\/www.designenlassen.de\/blog\/bekannte-logos\/e-on-logo\/\" \/>\n<meta property=\"og:locale\" content=\"de_DE\" \/>\n<meta property=\"og:type\" content=\"article\" \/>\n<meta property=\"og:title\" content=\"E.ON Logo \u25ba Bilder, Geschichte, Entwicklung &amp; u.v.m\" \/>\n<meta property=\"og:description\" content=\"Erfahre alles Wichtige \u00fcber das E.ON-Logo: Geschichte \u2713 Ursprung \u2713 Entwicklung \u2713 Bedeutung \u2713 u.v.m. \u25ba Jetzt ansehen!\" \/>\n<meta property=\"og:url\" content=\"https:\/\/www.designenlassen.de\/blog\/bekannte-logos\/e-on-logo\/\" \/>\n<meta property=\"og:site_name\" content=\"designenlassen.de Blog\" \/>\n<meta property=\"article:modified_time\" content=\"2024-05-14T05:59:05+00:00\" \/>\n<meta property=\"og:image\" content=\"https:\/\/www.designenlassen.de\/blog\/wp-content\/uploads\/2024\/02\/Design-ohne-Titel-72.png\" \/>\n\t<meta property=\"og:image:width\" content=\"600\" \/>\n\t<meta property=\"og:image:height\" content=\"600\" \/>\n\t<meta property=\"og:image:type\" content=\"image\/png\" \/>\n<meta name=\"twitter:card\" content=\"summary_large_image\" \/>\n<meta name=\"twitter:label1\" content=\"Gesch\u00e4tzte Lesezeit\" \/>\n\t<meta name=\"twitter:data1\" content=\"6\u00a0Minuten\" \/>\n<script type=\"application\/ld+json\" class=\"yoast-schema-graph\">{\"@context\":\"https:\\\/\\\/schema.org\",\"@graph\":[{\"@type\":\"WebPage\",\"@id\":\"https:\\\/\\\/www.designenlassen.de\\\/blog\\\/bekannte-logos\\\/e-on-logo\\\/\",\"url\":\"https:\\\/\\\/www.designenlassen.de\\\/blog\\\/bekannte-logos\\\/e-on-logo\\\/\",\"name\":\"E.ON Logo \u25ba Bilder, Geschichte, Entwicklung & u.v.m\",\"isPartOf\":{\"@id\":\"https:\\\/\\\/www.designenlassen.de\\\/blog\\\/#website\"},\"primaryImageOfPage\":{\"@id\":\"https:\\\/\\\/www.designenlassen.de\\\/blog\\\/bekannte-logos\\\/e-on-logo\\\/#primaryimage\"},\"image\":{\"@id\":\"https:\\\/\\\/www.designenlassen.de\\\/blog\\\/bekannte-logos\\\/e-on-logo\\\/#primaryimage\"},\"thumbnailUrl\":\"https:\\\/\\\/www.designenlassen.de\\\/blog\\\/wp-content\\\/uploads\\\/2024\\\/02\\\/Design-ohne-Titel-72.png\",\"datePublished\":\"2024-02-14T09:06:16+00:00\",\"dateModified\":\"2024-05-14T05:59:05+00:00\",\"description\":\"Erfahre alles Wichtige \u00fcber das E.ON-Logo: Geschichte \u2713 Ursprung \u2713 Entwicklung \u2713 Bedeutung \u2713 u.v.m. \u25ba Jetzt ansehen!\",\"breadcrumb\":{\"@id\":\"https:\\\/\\\/www.designenlassen.de\\\/blog\\\/bekannte-logos\\\/e-on-logo\\\/#breadcrumb\"},\"inLanguage\":\"de\",\"potentialAction\":[{\"@type\":\"ReadAction\",\"target\":[\"https:\\\/\\\/www.designenlassen.de\\\/blog\\\/bekannte-logos\\\/e-on-logo\\\/\"]}]},{\"@type\":\"ImageObject\",\"inLanguage\":\"de\",\"@id\":\"https:\\\/\\\/www.designenlassen.de\\\/blog\\\/bekannte-logos\\\/e-on-logo\\\/#primaryimage\",\"url\":\"https:\\\/\\\/www.designenlassen.de\\\/blog\\\/wp-content\\\/uploads\\\/2024\\\/02\\\/Design-ohne-Titel-72.png\",\"contentUrl\":\"https:\\\/\\\/www.designenlassen.de\\\/blog\\\/wp-content\\\/uploads\\\/2024\\\/02\\\/Design-ohne-Titel-72.png\",\"width\":600,\"height\":600},{\"@type\":\"BreadcrumbList\",\"@id\":\"https:\\\/\\\/www.designenlassen.de\\\/blog\\\/bekannte-logos\\\/e-on-logo\\\/#breadcrumb\",\"itemListElement\":[{\"@type\":\"ListItem\",\"position\":1,\"name\":\"Start\",\"item\":\"https:\\\/\\\/www.designenlassen.de\\\/blog\\\/\"},{\"@type\":\"ListItem\",\"position\":2,\"name\":\"Die 180 bekanntesten Logos im \u00dcberblick\",\"item\":\"https:\\\/\\\/www.designenlassen.de\\\/blog\\\/bekannte-logos\\\/\"},{\"@type\":\"ListItem\",\"position\":3,\"name\":\"E.ON Logo\"}]},{\"@type\":\"WebSite\",\"@id\":\"https:\\\/\\\/www.designenlassen.de\\\/blog\\\/#website\",\"url\":\"https:\\\/\\\/www.designenlassen.de\\\/blog\\\/\",\"name\":\"designenlassen.de Blog\",\"description\":\"Inspirationen, Tipps und Ideen f\u00fcr Designer sowie Gr\u00fcnder und Kleinbetriebe.\",\"potentialAction\":[{\"@type\":\"SearchAction\",\"target\":{\"@type\":\"EntryPoint\",\"urlTemplate\":\"https:\\\/\\\/www.designenlassen.de\\\/blog\\\/?s={search_term_string}\"},\"query-input\":{\"@type\":\"PropertyValueSpecification\",\"valueRequired\":true,\"valueName\":\"search_term_string\"}}],\"inLanguage\":\"de\"}]}<\/script>\n<!-- \/ Yoast SEO plugin. -->","yoast_head_json":{"title":"E.ON Logo \u25ba Bilder, Geschichte, Entwicklung & u.v.m","description":"Erfahre alles Wichtige \u00fcber das E.ON-Logo: Geschichte \u2713 Ursprung \u2713 Entwicklung \u2713 Bedeutung \u2713 u.v.m. \u25ba Jetzt ansehen!","robots":{"index":"index","follow":"follow","max-snippet":"max-snippet:-1","max-image-preview":"max-image-preview:large","max-video-preview":"max-video-preview:-1"},"canonical":"https:\/\/www.designenlassen.de\/blog\/bekannte-logos\/e-on-logo\/","og_locale":"de_DE","og_type":"article","og_title":"E.ON Logo \u25ba Bilder, Geschichte, Entwicklung & u.v.m","og_description":"Erfahre alles Wichtige \u00fcber das E.ON-Logo: Geschichte \u2713 Ursprung \u2713 Entwicklung \u2713 Bedeutung \u2713 u.v.m. \u25ba Jetzt ansehen!","og_url":"https:\/\/www.designenlassen.de\/blog\/bekannte-logos\/e-on-logo\/","og_site_name":"designenlassen.de Blog","article_modified_time":"2024-05-14T05:59:05+00:00","og_image":[{"width":600,"height":600,"url":"https:\/\/www.designenlassen.de\/blog\/wp-content\/uploads\/2024\/02\/Design-ohne-Titel-72.png","type":"image\/png"}],"twitter_card":"summary_large_image","twitter_misc":{"Gesch\u00e4tzte Lesezeit":"6\u00a0Minuten"},"schema":{"@context":"https:\/\/schema.org","@graph":[{"@type":"WebPage","@id":"https:\/\/www.designenlassen.de\/blog\/bekannte-logos\/e-on-logo\/","url":"https:\/\/www.designenlassen.de\/blog\/bekannte-logos\/e-on-logo\/","name":"E.ON Logo \u25ba Bilder, Geschichte, Entwicklung & u.v.m","isPartOf":{"@id":"https:\/\/www.designenlassen.de\/blog\/#website"},"primaryImageOfPage":{"@id":"https:\/\/www.designenlassen.de\/blog\/bekannte-logos\/e-on-logo\/#primaryimage"},"image":{"@id":"https:\/\/www.designenlassen.de\/blog\/bekannte-logos\/e-on-logo\/#primaryimage"},"thumbnailUrl":"https:\/\/www.designenlassen.de\/blog\/wp-content\/uploads\/2024\/02\/Design-ohne-Titel-72.png","datePublished":"2024-02-14T09:06:16+00:00","dateModified":"2024-05-14T05:59:05+00:00","description":"Erfahre alles Wichtige \u00fcber das E.ON-Logo: Geschichte \u2713 Ursprung \u2713 Entwicklung \u2713 Bedeutung \u2713 u.v.m. \u25ba Jetzt ansehen!","breadcrumb":{"@id":"https:\/\/www.designenlassen.de\/blog\/bekannte-logos\/e-on-logo\/#breadcrumb"},"inLanguage":"de","potentialAction":[{"@type":"ReadAction","target":["https:\/\/www.designenlassen.de\/blog\/bekannte-logos\/e-on-logo\/"]}]},{"@type":"ImageObject","inLanguage":"de","@id":"https:\/\/www.designenlassen.de\/blog\/bekannte-logos\/e-on-logo\/#primaryimage","url":"https:\/\/www.designenlassen.de\/blog\/wp-content\/uploads\/2024\/02\/Design-ohne-Titel-72.png","contentUrl":"https:\/\/www.designenlassen.de\/blog\/wp-content\/uploads\/2024\/02\/Design-ohne-Titel-72.png","width":600,"height":600},{"@type":"BreadcrumbList","@id":"https:\/\/www.designenlassen.de\/blog\/bekannte-logos\/e-on-logo\/#breadcrumb","itemListElement":[{"@type":"ListItem","position":1,"name":"Start","item":"https:\/\/www.designenlassen.de\/blog\/"},{"@type":"ListItem","position":2,"name":"Die 180 bekanntesten Logos im \u00dcberblick","item":"https:\/\/www.designenlassen.de\/blog\/bekannte-logos\/"},{"@type":"ListItem","position":3,"name":"E.ON Logo"}]},{"@type":"WebSite","@id":"https:\/\/www.designenlassen.de\/blog\/#website","url":"https:\/\/www.designenlassen.de\/blog\/","name":"designenlassen.de Blog","description":"Inspirationen, Tipps und Ideen f\u00fcr Designer sowie Gr\u00fcnder und Kleinbetriebe.","potentialAction":[{"@type":"SearchAction","target":{"@type":"EntryPoint","urlTemplate":"https:\/\/www.designenlassen.de\/blog\/?s={search_term_string}"},"query-input":{"@type":"PropertyValueSpecification","valueRequired":true,"valueName":"search_term_string"}}],"inLanguage":"de"}]}},"_links":{"self":[{"href":"https:\/\/www.designenlassen.de\/blog\/wp-json\/wp\/v2\/pages\/28428","targetHints":{"allow":["GET"]}}],"collection":[{"href":"https:\/\/www.designenlassen.de\/blog\/wp-json\/wp\/v2\/pages"}],"about":[{"href":"https:\/\/www.designenlassen.de\/blog\/wp-json\/wp\/v2\/types\/page"}],"author":[{"embeddable":true,"href":"https:\/\/www.designenlassen.de\/blog\/wp-json\/wp\/v2\/users\/27"}],"replies":[{"embeddable":true,"href":"https:\/\/www.designenlassen.de\/blog\/wp-json\/wp\/v2\/comments?post=28428"}],"version-history":[{"count":8,"href":"https:\/\/www.designenlassen.de\/blog\/wp-json\/wp\/v2\/pages\/28428\/revisions"}],"predecessor-version":[{"id":31638,"href":"https:\/\/www.designenlassen.de\/blog\/wp-json\/wp\/v2\/pages\/28428\/revisions\/31638"}],"up":[{"embeddable":true,"href":"https:\/\/www.designenlassen.de\/blog\/wp-json\/wp\/v2\/pages\/27972"}],"wp:featuredmedia":[{"embeddable":true,"href":"https:\/\/www.designenlassen.de\/blog\/wp-json\/wp\/v2\/media\/28430"}],"wp:attachment":[{"href":"https:\/\/www.designenlassen.de\/blog\/wp-json\/wp\/v2\/media?parent=28428"}],"curies":[{"name":"wp","href":"https:\/\/api.w.org\/{rel}","templated":true}]}}