{"id":28441,"date":"2024-02-14T10:59:04","date_gmt":"2024-02-14T08:59:04","guid":{"rendered":"https:\/\/www.designenlassen.de\/blog\/?page_id=28441"},"modified":"2024-05-14T07:58:28","modified_gmt":"2024-05-14T05:58:28","slug":"edeka-logo","status":"publish","type":"page","link":"https:\/\/www.designenlassen.de\/blog\/bekannte-logos\/edeka-logo\/","title":{"rendered":"Edeka Logo"},"content":{"rendered":"<div class=\"wp-block-image\">\n<figure class=\"aligncenter size-full is-resized\"><img fetchpriority=\"high\" decoding=\"async\" width=\"847\" height=\"1024\" src=\"https:\/\/www.designenlassen.de\/blog\/wp-content\/uploads\/2024\/02\/847px-Logo_Edeka.svg_.png\" alt=\"\" class=\"wp-image-28442\" style=\"width:220px;height:auto\" srcset=\"https:\/\/www.designenlassen.de\/blog\/wp-content\/uploads\/2024\/02\/847px-Logo_Edeka.svg_.png 847w, https:\/\/www.designenlassen.de\/blog\/wp-content\/uploads\/2024\/02\/847px-Logo_Edeka.svg_-248x300.png 248w, https:\/\/www.designenlassen.de\/blog\/wp-content\/uploads\/2024\/02\/847px-Logo_Edeka.svg_-768x928.png 768w\" sizes=\"(max-width: 847px) 100vw, 847px\" \/><figcaption class=\"wp-element-caption\"><strong>\u00a9<\/strong> Edeka \/ edeka.de<\/figcaption><\/figure>\n<\/div>\n\n\n<p>Edeka ist ein Name, den jeder Deutsche kennt.&nbsp;Die Edeka-Gruppe ist ein genossenschaftlich organisierter kooperativer Unternehmensverbund im deutschen Einzelhandel, der mehr als 400.000 Mitarbeiter besch\u00e4ftigt und einen Umsatz von \u00fcber 66 Milliarden Euro erzielt.&nbsp;Edeka bietet seinen Kunden eine gro\u00dfe Auswahl an frischen, regionalen und qualitativ hochwertigen Lebensmitteln, sowie einen freundlichen und kompetenten Service. <\/p>\n\n\n\n<p>Edeka ist nicht nur ein Lieblingsmarkt f\u00fcr Lebensmittel, sondern auch ein wichtiger Teil der deutschen Wirtschaft und Gesellschaft. Edeka hat auch eines der&nbsp;<a href=\"https:\/\/www.designenlassen.de\/blog\/bekannte-logos\/\"><strong>bekanntesten Logos<\/strong>&nbsp;<\/a>in Deutschland, das seit \u00fcber 100 Jahren f\u00fcr Vertrauen und Tradition steht. In diesem Blogbeitrag erf\u00e4hrst du mehr \u00fcber die Geschichte, die Entwicklung und die Bedeutung von Edeka und seinem Logo.<\/p>\n\n\n\n<div class=\"wp-block-buttons is-content-justification-center is-layout-flex wp-container-core-buttons-is-layout-16018d1d wp-block-buttons-is-layout-flex\">\n<div class=\"wp-block-button is-style-fill\"><a class=\"wp-block-button__link has-white-color has-text-color has-background has-text-align-left wp-element-button\" href=\"https:\/\/www.designenlassen.de\/logo-design?utm_source=blog&amp;utm_medium=button&amp;utm_campaign=logo-sammlung\" style=\"background-color:#091182\">Jetzt Logo erstellen<\/a><\/div>\n<\/div>\n\n\n\n\n\n<h2 class=\"wp-block-heading\">Ursprung<\/h2>\n\n\n\n<p>Die erste Edeka-Genossenschaft entstand 1898, als sich 21 Kaufleute aus dem Deutschen Reich im Hallesches-Tor-Bezirk in Berlin zur Einkaufsgenossenschaft der Kolonialwarenh\u00e4ndler im Halleschen Torbezirk zu Berlin \u2013 kurz E. d. K.&nbsp;\u2013 zusammenschlossen&nbsp;Ihr Ziel war es, gemeinsam g\u00fcnstiger einzukaufen und sich gegen die Konkurrenz der gro\u00dfen Warenh\u00e4user zu behaupten. <\/p>\n\n\n\n<p>23 solcher Genossenschaften vereinigten sich 1907 zum Verband deutscher kaufm\u00e4nnischer Genossenschaften und gr\u00fcndeten die Zentraleinkaufsgenossenschaft des Verbandes, aus der sp\u00e4ter die Edeka Zentrale AG &amp; Co.&nbsp;KG wurde&nbsp;Im Jahre 1911 wurde aus der Abk\u00fcrzung E. d. K.&nbsp;der bis heute g\u00fcltige Firmen- und Markenname Edeka gebildet&nbsp;Edeka stand damals f\u00fcr Einkaufsgenossenschaft der Kolonialwarenh\u00e4ndler.<\/p>\n\n\n\n<h2 class=\"wp-block-heading\">Entwicklung <\/h2>\n\n\n\n<p>Edeka wuchs im Laufe der Zeit zu einem der f\u00fchrenden Lebensmittelh\u00e4ndler in Deutschland.&nbsp;Edeka \u00fcberstand die Herausforderungen der Weimarer Republik, des Nationalsozialismus und des Zweiten Weltkriegs, indem es sich an die ver\u00e4nderten Marktbedingungen anpasste und seine genossenschaftliche Struktur bewahrte.&nbsp;Nach dem Krieg expandierte Edeka in alle Teile Deutschlands und er\u00f6ffnete neue Vertriebslinien wie Superm\u00e4rkte, SB-Warenh\u00e4user, Discounter und Fachgesch\u00e4fte.&nbsp;Edeka <a href=\"https:\/\/www.designenlassen.de\/blog\/logo-redesign-wann-ist-es-wirklich-noetig\/\">modernisierte auch sein Logo<\/a> mehrmals, um es an das aktuelle Design und die Kundenw\u00fcnsche anzupassen.&nbsp;<\/p>\n\n\n\n<p>Das erste Edeka-Logo bestand aus dem Schriftzug Edeka in einem wei\u00dfen Rechteck mit schwarzen Umrandungen.&nbsp;Sp\u00e4ter wurde das Rechteck durch einen Kreis ersetzt, der die Einheit und die Zusammengeh\u00f6rigkeit der Genossenschaft symbolisierte.&nbsp;Das <a href=\"https:\/\/www.designenlassen.de\/blog\/logo-erstellen-top-firmenlogo-einfach-entwerfen\/\">Logo<\/a> wurde auch farbiger und dynamischer gestaltet, um die Frische und die Vielfalt der Produkte zu vermitteln.&nbsp;Das aktuelle Edeka-Logo besteht aus dem Buchstaben &#8222;E&#8220; in einem gelben Rechteck mit einem blauen Rand und dem Schriftzug &#8222;EDEKA&#8220; darunter.<\/p>\n\n\n\n<h2 class=\"wp-block-heading\">Bedeutung<\/h2>\n\n\n\n<p>Edeka ist mehr als nur ein Lebensmittelh\u00e4ndler. Edeka ist ein Unternehmen, das sich f\u00fcr die Qualit\u00e4t, die Nachhaltigkeit und die Regionalit\u00e4t seiner Produkte einsetzt.&nbsp;Edeka f\u00f6rdert die Erzeuger aus der Region und unterst\u00fctzt soziale und \u00f6kologische Projekte.&nbsp;Edeka ist auch ein Arbeitgeber, der seinen Mitarbeitern faire und attraktive Arbeitsbedingungen bietet und sie zu selbstst\u00e4ndigen Unternehmern ausbildet.&nbsp;<\/p>\n\n\n\n<p>Edeka ist schlie\u00dflich ein Partner, der seinen Kunden einen Mehrwert bietet, indem er ihnen nicht nur Lebensmittel, sondern auch Inspiration, Information und Unterhaltung bietet.&nbsp;Edeka ist ein Unternehmen, das seine Werte in seinem Logo widerspiegelt: Vertrauen, Tradition, Innovation, Frische und Kundenn\u00e4he.<\/p>\n\n\n\n<div class=\"sof\">\n<h2>Individuelles Design oder Logo gesucht?<\/h2>\n<p>Bei designenlassen.de findest Du \u00fcber <b>100.000 Designer, die Dir ein einzigartiges Design nach Deinen W\u00fcnschen kreieren.<\/b> Starte jetzt Deinen eigenen Designwettbewerb und erhalte zahlreiche individuelle Vorschl\u00e4ge.<br><\/p>\n\n\n\n<\/div>\n\n\n\n<div class=\"wp-block-buttons is-content-justification-center is-layout-flex wp-container-core-buttons-is-layout-16018d1d wp-block-buttons-is-layout-flex\">\n<div class=\"wp-block-button is-style-fill\"><a class=\"wp-block-button__link has-white-color has-text-color has-background has-text-align-left wp-element-button\" href=\"https:\/\/www.designenlassen.de\/logo-design?utm_source=blog&amp;utm_medium=button&amp;utm_campaign=logo-sammlung\" style=\"background-color:#091182\">Jetzt Logo erstellen<\/a><\/div>\n<\/div>\n\n\n\n<div style=\"height:34px\" aria-hidden=\"true\" class=\"wp-block-spacer\"><\/div>\n\n\n\n<h2 class=\"wp-block-heading\">Von uns erstellte Logos<\/h2>\n\n\n\n<figure class=\"wp-block-gallery has-nested-images columns-default is-cropped wp-block-gallery-1 is-layout-flex wp-block-gallery-is-layout-flex\">\n<figure class=\"wp-block-image size-large\"><img decoding=\"async\" width=\"500\" height=\"500\" data-id=\"27698\" src=\"https:\/\/www.designenlassen.de\/blog\/wp-content\/uploads\/2023\/12\/designenlassen-hofladen-logo-hofmann.jpg\" alt=\"\" class=\"wp-image-27698\" srcset=\"https:\/\/www.designenlassen.de\/blog\/wp-content\/uploads\/2023\/12\/designenlassen-hofladen-logo-hofmann.jpg 500w, https:\/\/www.designenlassen.de\/blog\/wp-content\/uploads\/2023\/12\/designenlassen-hofladen-logo-hofmann-300x300.jpg 300w, https:\/\/www.designenlassen.de\/blog\/wp-content\/uploads\/2023\/12\/designenlassen-hofladen-logo-hofmann-150x150.jpg 150w\" sizes=\"(max-width: 500px) 100vw, 500px\" \/><\/figure>\n\n\n\n<figure class=\"wp-block-image size-large\"><img decoding=\"async\" width=\"338\" height=\"338\" data-id=\"26461\" src=\"https:\/\/www.designenlassen.de\/blog\/wp-content\/uploads\/2023\/05\/Dorfladen-und-Cafe-Logo-Design-Sonne-793418-designquelle.png\" alt=\"\" class=\"wp-image-26461\" srcset=\"https:\/\/www.designenlassen.de\/blog\/wp-content\/uploads\/2023\/05\/Dorfladen-und-Cafe-Logo-Design-Sonne-793418-designquelle.png 338w, https:\/\/www.designenlassen.de\/blog\/wp-content\/uploads\/2023\/05\/Dorfladen-und-Cafe-Logo-Design-Sonne-793418-designquelle-300x300.png 300w, https:\/\/www.designenlassen.de\/blog\/wp-content\/uploads\/2023\/05\/Dorfladen-und-Cafe-Logo-Design-Sonne-793418-designquelle-150x150.png 150w\" sizes=\"(max-width: 338px) 100vw, 338px\" \/><\/figure>\n\n\n\n<figure class=\"wp-block-image size-large\"><img loading=\"lazy\" decoding=\"async\" width=\"338\" height=\"338\" data-id=\"22404\" src=\"https:\/\/www.designenlassen.de\/blog\/wp-content\/uploads\/2020\/09\/Illustriertes-Unternehmenslogo-Schwarzwalders-Hofladen-986673-cschulz.png\" alt=\"Illustriertes-Unternehmenslogo-Schwarzwalders-Hofladen\" class=\"wp-image-22404\" srcset=\"https:\/\/www.designenlassen.de\/blog\/wp-content\/uploads\/2020\/09\/Illustriertes-Unternehmenslogo-Schwarzwalders-Hofladen-986673-cschulz.png 338w, https:\/\/www.designenlassen.de\/blog\/wp-content\/uploads\/2020\/09\/Illustriertes-Unternehmenslogo-Schwarzwalders-Hofladen-986673-cschulz-300x300.png 300w, https:\/\/www.designenlassen.de\/blog\/wp-content\/uploads\/2020\/09\/Illustriertes-Unternehmenslogo-Schwarzwalders-Hofladen-986673-cschulz-150x150.png 150w\" sizes=\"(max-width: 338px) 100vw, 338px\" \/><\/figure>\n\n\n\n<figure class=\"wp-block-image size-large\"><img loading=\"lazy\" decoding=\"async\" width=\"338\" height=\"338\" data-id=\"12660\" src=\"https:\/\/www.designenlassen.de\/blog\/wp-content\/uploads\/2018\/08\/schlichtes-rotes-Logo-Supply24-onlineshop.jpg\" alt=\"schlichtes rotes Logo Supply24 onlineshop\" class=\"wp-image-12660\" srcset=\"https:\/\/www.designenlassen.de\/blog\/wp-content\/uploads\/2018\/08\/schlichtes-rotes-Logo-Supply24-onlineshop.jpg 338w, https:\/\/www.designenlassen.de\/blog\/wp-content\/uploads\/2018\/08\/schlichtes-rotes-Logo-Supply24-onlineshop-150x150.jpg 150w, https:\/\/www.designenlassen.de\/blog\/wp-content\/uploads\/2018\/08\/schlichtes-rotes-Logo-Supply24-onlineshop-300x300.jpg 300w\" sizes=\"(max-width: 338px) 100vw, 338px\" \/><\/figure>\n\n\n\n<figure class=\"wp-block-image size-large\"><img loading=\"lazy\" decoding=\"async\" width=\"338\" height=\"338\" data-id=\"12301\" src=\"https:\/\/www.designenlassen.de\/blog\/wp-content\/uploads\/2016\/02\/Fashion-Logo-Online-Shop-myAnnalia.de-147288.png\" alt=\"Fashion Logo Online Shop myAnnalia.de 147288\" class=\"wp-image-12301\" srcset=\"https:\/\/www.designenlassen.de\/blog\/wp-content\/uploads\/2016\/02\/Fashion-Logo-Online-Shop-myAnnalia.de-147288.png 338w, https:\/\/www.designenlassen.de\/blog\/wp-content\/uploads\/2016\/02\/Fashion-Logo-Online-Shop-myAnnalia.de-147288-150x150.png 150w, https:\/\/www.designenlassen.de\/blog\/wp-content\/uploads\/2016\/02\/Fashion-Logo-Online-Shop-myAnnalia.de-147288-300x300.png 300w\" sizes=\"(max-width: 338px) 100vw, 338px\" \/><\/figure>\n\n\n\n<figure class=\"wp-block-image size-large\"><img loading=\"lazy\" decoding=\"async\" width=\"800\" height=\"401\" data-id=\"13257\" src=\"https:\/\/www.designenlassen.de\/blog\/wp-content\/uploads\/2016\/08\/Baby-Online-Shop-Logo-Design-Wonneproppen-778168.png\" alt=\"Baby Online Shop Logo Design Wonneproppen 778168\" class=\"wp-image-13257\" srcset=\"https:\/\/www.designenlassen.de\/blog\/wp-content\/uploads\/2016\/08\/Baby-Online-Shop-Logo-Design-Wonneproppen-778168.png 800w, https:\/\/www.designenlassen.de\/blog\/wp-content\/uploads\/2016\/08\/Baby-Online-Shop-Logo-Design-Wonneproppen-778168-300x150.png 300w, https:\/\/www.designenlassen.de\/blog\/wp-content\/uploads\/2016\/08\/Baby-Online-Shop-Logo-Design-Wonneproppen-778168-768x385.png 768w\" sizes=\"(max-width: 800px) 100vw, 800px\" \/><\/figure>\n\n\n\n<figure class=\"wp-block-image size-large\"><img loading=\"lazy\" decoding=\"async\" width=\"500\" height=\"272\" data-id=\"8412\" src=\"https:\/\/www.designenlassen.de\/blog\/wp-content\/uploads\/2017\/08\/Obstbutler.de-Fruchtexpress-Logo-Design-Onlineshop-Lebensmittel.png\" alt=\"\" class=\"wp-image-8412\" srcset=\"https:\/\/www.designenlassen.de\/blog\/wp-content\/uploads\/2017\/08\/Obstbutler.de-Fruchtexpress-Logo-Design-Onlineshop-Lebensmittel.png 500w, https:\/\/www.designenlassen.de\/blog\/wp-content\/uploads\/2017\/08\/Obstbutler.de-Fruchtexpress-Logo-Design-Onlineshop-Lebensmittel-300x163.png 300w\" sizes=\"(max-width: 500px) 100vw, 500px\" \/><\/figure>\n<\/figure>\n\n\n\n<p class=\"has-text-align-center\"><a href=\"https:\/\/www.designenlassen.de\/blog\/category\/inspiration\/\">Mehr Designs entdecken<\/a><\/p>\n\n\n\n<h2 class=\"wp-block-heading\">FAQs: Die wichtigsten Fragen zum Edeka-Logo<\/h2>\n\n\n\n<div style=\"height:34px\" aria-hidden=\"true\" class=\"wp-block-spacer\"><\/div>\n\n\n\n<h3 class=\"wp-block-heading\">F\u00fcr was steht der Name Edeka?<\/h3>\n\n\n\n<p>Der Name Edeka geht aus der gesprochenen Abk\u00fcrzung des urspr\u00fcnglichen Firmennamens \u201eEinkaufsgenossenschaft der Kolonialwarenh\u00e4ndler im Halleschen Torbezirk zu Berlin\u201c hervor. Damals k\u00fcrzte man noch mit \u201eE.d.K.\u201c ab.&nbsp;Der Name wurde 1911 offiziell eingetragen und ist seitdem g\u00fcltig.<\/p>\n\n\n\n<h3 class=\"wp-block-heading\">Wie hat sich das EDEKA-Logo im Laufe der Zeit ver\u00e4ndert?<\/h3>\n\n\n\n<p>Das EDEKA-Logo hat im Laufe der Jahre verschiedene Ver\u00e4nderungen durchlaufen. Es gab Anpassungen an die Schriftart, <a href=\"https:\/\/www.designenlassen.de\/blog\/farbenlehre-die-macht-der-farben-verstehen\/\">Farben<\/a> und das <a href=\"http:\/\/designenlassen.de\">Design<\/a>. Einige Elemente wurden entfernt oder hinzugef\u00fcgt, um das Logo zu modernisieren und an aktuelle Trends anzupassen.<\/p>\n\n\n\n<h3 class=\"wp-block-heading\">Welche Bedeutung hat das &#8222;E&#8220; im EDEKA-Logo?<\/h3>\n\n\n\n<p>Das &#8222;E&#8220; im EDEKA-Logo steht f\u00fcr den Namen des Unternehmens und ist oft das dominierende Element im Logo. Es repr\u00e4sentiert die Marke EDEKA und ihre Werte wie Qualit\u00e4t, Service und Kundenorientierung.<\/p>\n\n\n\n<h2 class=\"wp-block-heading\">Fazit<\/h2>\n\n\n\n<p>Edeka ist ein Unternehmen, das sich von einer kleinen Genossenschaft zu einem der gr\u00f6\u00dften Lebensmittelh\u00e4ndler Deutschlands entwickelt hat. Edeka hat eine beeindruckende Geschichte, die sich auch in seinem <a href=\"https:\/\/www.designenlassen.de\/blog\/logo-erstellen-top-firmenlogo-einfach-entwerfen\/\">Logo<\/a> zeigt, das Vertrauen, Tradition, Innovation, Frische und Kundenn\u00e4he ausdr\u00fcckt. Edeka ist ein Unternehmen, das sich f\u00fcr die Qualit\u00e4t, die Nachhaltigkeit und die Regionalit\u00e4t seiner Produkte einsetzt, seinen Mitarbeitern faire und attraktive Arbeitsbedingungen bietet und seinen Kunden einen Mehrwert bietet. Edeka ist ein Unternehmen, das sein Motto \u201eWir lieben Lebensmittel\u201c mit Leidenschaft umsetzt.<\/p>\n\n\n\n<div class=\"wp-block-buttons is-content-justification-center is-layout-flex wp-container-core-buttons-is-layout-16018d1d wp-block-buttons-is-layout-flex\">\n<div class=\"wp-block-button is-style-fill\"><a class=\"wp-block-button__link has-white-color has-text-color has-background has-text-align-left wp-element-button\" href=\"https:\/\/www.designenlassen.de\/logo-design?utm_source=blog&amp;utm_medium=button&amp;utm_campaign=logo-sammlung\" style=\"background-color:#091182\">Jetzt Logo erstellen<\/a><\/div>\n<\/div>\n\n\n\n<div style=\"height:19px\" aria-hidden=\"true\" class=\"wp-block-spacer\"><\/div>\n\n\n\n<h2 class=\"wp-block-heading\">Weiterf\u00fchrende Informationen<\/h2>\n\n\n\n<ul class=\"wp-block-list\">\n<li><a href=\"https:\/\/de.wikipedia.org\/wiki\/Edeka\">Geschichte<\/a><\/li>\n<\/ul>\n\n\n\n<p><strong>Bildquelle:<\/strong><\/p>\n\n\n\n<ul class=\"wp-block-list\">\n<li><a href=\"https:\/\/de.wikipedia.org\/wiki\/Datei:Logo_Edeka.svg\">Foto von Wikipedia<\/a><\/li>\n<\/ul>\n","protected":false},"excerpt":{"rendered":"<p>Edeka ist ein Name, den jeder Deutsche kennt.&nbsp;Die Edeka-Gruppe ist ein genossenschaftlich organisierter kooperativer Unternehmensverbund im&hellip;<\/p>\n","protected":false},"author":27,"featured_media":28443,"parent":27972,"menu_order":0,"comment_status":"closed","ping_status":"closed","template":"","meta":{"_lmt_disableupdate":"","_lmt_disable":"","footnotes":""},"class_list":["post-28441","page","type-page","status-publish","has-post-thumbnail","hentry"],"yoast_head":"<!-- This site is optimized with the Yoast SEO plugin v27.5 - https:\/\/yoast.com\/product\/yoast-seo-wordpress\/ -->\n<title>Edeka Logo \u25ba Bilder, Geschichte, Entwicklung &amp; u.v.m<\/title>\n<meta name=\"description\" content=\"Erfahre alles Wichtige \u00fcber das Edeka-Logo: Geschichte \u2713 Ursprung \u2713 Entwicklung \u2713 Bedeutung \u2713 u.v.m. \u25ba Jetzt ansehen!\" \/>\n<meta name=\"robots\" content=\"index, follow, max-snippet:-1, max-image-preview:large, max-video-preview:-1\" \/>\n<link rel=\"canonical\" href=\"https:\/\/www.designenlassen.de\/blog\/bekannte-logos\/edeka-logo\/\" \/>\n<meta property=\"og:locale\" content=\"de_DE\" \/>\n<meta property=\"og:type\" content=\"article\" \/>\n<meta property=\"og:title\" content=\"Edeka Logo \u25ba Bilder, Geschichte, Entwicklung &amp; u.v.m\" \/>\n<meta property=\"og:description\" content=\"Erfahre alles Wichtige \u00fcber das Edeka-Logo: Geschichte \u2713 Ursprung \u2713 Entwicklung \u2713 Bedeutung \u2713 u.v.m. \u25ba Jetzt ansehen!\" \/>\n<meta property=\"og:url\" content=\"https:\/\/www.designenlassen.de\/blog\/bekannte-logos\/edeka-logo\/\" \/>\n<meta property=\"og:site_name\" content=\"designenlassen.de Blog\" \/>\n<meta property=\"article:modified_time\" content=\"2024-05-14T05:58:28+00:00\" \/>\n<meta property=\"og:image\" content=\"https:\/\/www.designenlassen.de\/blog\/wp-content\/uploads\/2024\/02\/Design-ohne-Titel-74.png\" \/>\n\t<meta property=\"og:image:width\" content=\"600\" \/>\n\t<meta property=\"og:image:height\" content=\"600\" \/>\n\t<meta property=\"og:image:type\" content=\"image\/png\" \/>\n<meta name=\"twitter:card\" content=\"summary_large_image\" \/>\n<meta name=\"twitter:label1\" content=\"Gesch\u00e4tzte Lesezeit\" \/>\n\t<meta name=\"twitter:data1\" content=\"6\u00a0Minuten\" \/>\n<script type=\"application\/ld+json\" class=\"yoast-schema-graph\">{\"@context\":\"https:\\\/\\\/schema.org\",\"@graph\":[{\"@type\":\"WebPage\",\"@id\":\"https:\\\/\\\/www.designenlassen.de\\\/blog\\\/bekannte-logos\\\/edeka-logo\\\/\",\"url\":\"https:\\\/\\\/www.designenlassen.de\\\/blog\\\/bekannte-logos\\\/edeka-logo\\\/\",\"name\":\"Edeka Logo \u25ba Bilder, Geschichte, Entwicklung & u.v.m\",\"isPartOf\":{\"@id\":\"https:\\\/\\\/www.designenlassen.de\\\/blog\\\/#website\"},\"primaryImageOfPage\":{\"@id\":\"https:\\\/\\\/www.designenlassen.de\\\/blog\\\/bekannte-logos\\\/edeka-logo\\\/#primaryimage\"},\"image\":{\"@id\":\"https:\\\/\\\/www.designenlassen.de\\\/blog\\\/bekannte-logos\\\/edeka-logo\\\/#primaryimage\"},\"thumbnailUrl\":\"https:\\\/\\\/www.designenlassen.de\\\/blog\\\/wp-content\\\/uploads\\\/2024\\\/02\\\/Design-ohne-Titel-74.png\",\"datePublished\":\"2024-02-14T08:59:04+00:00\",\"dateModified\":\"2024-05-14T05:58:28+00:00\",\"description\":\"Erfahre alles Wichtige \u00fcber das Edeka-Logo: Geschichte \u2713 Ursprung \u2713 Entwicklung \u2713 Bedeutung \u2713 u.v.m. \u25ba Jetzt ansehen!\",\"breadcrumb\":{\"@id\":\"https:\\\/\\\/www.designenlassen.de\\\/blog\\\/bekannte-logos\\\/edeka-logo\\\/#breadcrumb\"},\"inLanguage\":\"de\",\"potentialAction\":[{\"@type\":\"ReadAction\",\"target\":[\"https:\\\/\\\/www.designenlassen.de\\\/blog\\\/bekannte-logos\\\/edeka-logo\\\/\"]}]},{\"@type\":\"ImageObject\",\"inLanguage\":\"de\",\"@id\":\"https:\\\/\\\/www.designenlassen.de\\\/blog\\\/bekannte-logos\\\/edeka-logo\\\/#primaryimage\",\"url\":\"https:\\\/\\\/www.designenlassen.de\\\/blog\\\/wp-content\\\/uploads\\\/2024\\\/02\\\/Design-ohne-Titel-74.png\",\"contentUrl\":\"https:\\\/\\\/www.designenlassen.de\\\/blog\\\/wp-content\\\/uploads\\\/2024\\\/02\\\/Design-ohne-Titel-74.png\",\"width\":600,\"height\":600},{\"@type\":\"BreadcrumbList\",\"@id\":\"https:\\\/\\\/www.designenlassen.de\\\/blog\\\/bekannte-logos\\\/edeka-logo\\\/#breadcrumb\",\"itemListElement\":[{\"@type\":\"ListItem\",\"position\":1,\"name\":\"Start\",\"item\":\"https:\\\/\\\/www.designenlassen.de\\\/blog\\\/\"},{\"@type\":\"ListItem\",\"position\":2,\"name\":\"Die 180 bekanntesten Logos im \u00dcberblick\",\"item\":\"https:\\\/\\\/www.designenlassen.de\\\/blog\\\/bekannte-logos\\\/\"},{\"@type\":\"ListItem\",\"position\":3,\"name\":\"Edeka Logo\"}]},{\"@type\":\"WebSite\",\"@id\":\"https:\\\/\\\/www.designenlassen.de\\\/blog\\\/#website\",\"url\":\"https:\\\/\\\/www.designenlassen.de\\\/blog\\\/\",\"name\":\"designenlassen.de Blog\",\"description\":\"Inspirationen, Tipps und Ideen f\u00fcr Designer sowie Gr\u00fcnder und Kleinbetriebe.\",\"potentialAction\":[{\"@type\":\"SearchAction\",\"target\":{\"@type\":\"EntryPoint\",\"urlTemplate\":\"https:\\\/\\\/www.designenlassen.de\\\/blog\\\/?s={search_term_string}\"},\"query-input\":{\"@type\":\"PropertyValueSpecification\",\"valueRequired\":true,\"valueName\":\"search_term_string\"}}],\"inLanguage\":\"de\"}]}<\/script>\n<!-- \/ Yoast SEO plugin. -->","yoast_head_json":{"title":"Edeka Logo \u25ba Bilder, Geschichte, Entwicklung & u.v.m","description":"Erfahre alles Wichtige \u00fcber das Edeka-Logo: Geschichte \u2713 Ursprung \u2713 Entwicklung \u2713 Bedeutung \u2713 u.v.m. \u25ba Jetzt ansehen!","robots":{"index":"index","follow":"follow","max-snippet":"max-snippet:-1","max-image-preview":"max-image-preview:large","max-video-preview":"max-video-preview:-1"},"canonical":"https:\/\/www.designenlassen.de\/blog\/bekannte-logos\/edeka-logo\/","og_locale":"de_DE","og_type":"article","og_title":"Edeka Logo \u25ba Bilder, Geschichte, Entwicklung & u.v.m","og_description":"Erfahre alles Wichtige \u00fcber das Edeka-Logo: Geschichte \u2713 Ursprung \u2713 Entwicklung \u2713 Bedeutung \u2713 u.v.m. \u25ba Jetzt ansehen!","og_url":"https:\/\/www.designenlassen.de\/blog\/bekannte-logos\/edeka-logo\/","og_site_name":"designenlassen.de Blog","article_modified_time":"2024-05-14T05:58:28+00:00","og_image":[{"width":600,"height":600,"url":"https:\/\/www.designenlassen.de\/blog\/wp-content\/uploads\/2024\/02\/Design-ohne-Titel-74.png","type":"image\/png"}],"twitter_card":"summary_large_image","twitter_misc":{"Gesch\u00e4tzte Lesezeit":"6\u00a0Minuten"},"schema":{"@context":"https:\/\/schema.org","@graph":[{"@type":"WebPage","@id":"https:\/\/www.designenlassen.de\/blog\/bekannte-logos\/edeka-logo\/","url":"https:\/\/www.designenlassen.de\/blog\/bekannte-logos\/edeka-logo\/","name":"Edeka Logo \u25ba Bilder, Geschichte, Entwicklung & u.v.m","isPartOf":{"@id":"https:\/\/www.designenlassen.de\/blog\/#website"},"primaryImageOfPage":{"@id":"https:\/\/www.designenlassen.de\/blog\/bekannte-logos\/edeka-logo\/#primaryimage"},"image":{"@id":"https:\/\/www.designenlassen.de\/blog\/bekannte-logos\/edeka-logo\/#primaryimage"},"thumbnailUrl":"https:\/\/www.designenlassen.de\/blog\/wp-content\/uploads\/2024\/02\/Design-ohne-Titel-74.png","datePublished":"2024-02-14T08:59:04+00:00","dateModified":"2024-05-14T05:58:28+00:00","description":"Erfahre alles Wichtige \u00fcber das Edeka-Logo: Geschichte \u2713 Ursprung \u2713 Entwicklung \u2713 Bedeutung \u2713 u.v.m. \u25ba Jetzt ansehen!","breadcrumb":{"@id":"https:\/\/www.designenlassen.de\/blog\/bekannte-logos\/edeka-logo\/#breadcrumb"},"inLanguage":"de","potentialAction":[{"@type":"ReadAction","target":["https:\/\/www.designenlassen.de\/blog\/bekannte-logos\/edeka-logo\/"]}]},{"@type":"ImageObject","inLanguage":"de","@id":"https:\/\/www.designenlassen.de\/blog\/bekannte-logos\/edeka-logo\/#primaryimage","url":"https:\/\/www.designenlassen.de\/blog\/wp-content\/uploads\/2024\/02\/Design-ohne-Titel-74.png","contentUrl":"https:\/\/www.designenlassen.de\/blog\/wp-content\/uploads\/2024\/02\/Design-ohne-Titel-74.png","width":600,"height":600},{"@type":"BreadcrumbList","@id":"https:\/\/www.designenlassen.de\/blog\/bekannte-logos\/edeka-logo\/#breadcrumb","itemListElement":[{"@type":"ListItem","position":1,"name":"Start","item":"https:\/\/www.designenlassen.de\/blog\/"},{"@type":"ListItem","position":2,"name":"Die 180 bekanntesten Logos im \u00dcberblick","item":"https:\/\/www.designenlassen.de\/blog\/bekannte-logos\/"},{"@type":"ListItem","position":3,"name":"Edeka Logo"}]},{"@type":"WebSite","@id":"https:\/\/www.designenlassen.de\/blog\/#website","url":"https:\/\/www.designenlassen.de\/blog\/","name":"designenlassen.de Blog","description":"Inspirationen, Tipps und Ideen f\u00fcr Designer sowie Gr\u00fcnder und Kleinbetriebe.","potentialAction":[{"@type":"SearchAction","target":{"@type":"EntryPoint","urlTemplate":"https:\/\/www.designenlassen.de\/blog\/?s={search_term_string}"},"query-input":{"@type":"PropertyValueSpecification","valueRequired":true,"valueName":"search_term_string"}}],"inLanguage":"de"}]}},"_links":{"self":[{"href":"https:\/\/www.designenlassen.de\/blog\/wp-json\/wp\/v2\/pages\/28441","targetHints":{"allow":["GET"]}}],"collection":[{"href":"https:\/\/www.designenlassen.de\/blog\/wp-json\/wp\/v2\/pages"}],"about":[{"href":"https:\/\/www.designenlassen.de\/blog\/wp-json\/wp\/v2\/types\/page"}],"author":[{"embeddable":true,"href":"https:\/\/www.designenlassen.de\/blog\/wp-json\/wp\/v2\/users\/27"}],"replies":[{"embeddable":true,"href":"https:\/\/www.designenlassen.de\/blog\/wp-json\/wp\/v2\/comments?post=28441"}],"version-history":[{"count":8,"href":"https:\/\/www.designenlassen.de\/blog\/wp-json\/wp\/v2\/pages\/28441\/revisions"}],"predecessor-version":[{"id":31636,"href":"https:\/\/www.designenlassen.de\/blog\/wp-json\/wp\/v2\/pages\/28441\/revisions\/31636"}],"up":[{"embeddable":true,"href":"https:\/\/www.designenlassen.de\/blog\/wp-json\/wp\/v2\/pages\/27972"}],"wp:featuredmedia":[{"embeddable":true,"href":"https:\/\/www.designenlassen.de\/blog\/wp-json\/wp\/v2\/media\/28443"}],"wp:attachment":[{"href":"https:\/\/www.designenlassen.de\/blog\/wp-json\/wp\/v2\/media?parent=28441"}],"curies":[{"name":"wp","href":"https:\/\/api.w.org\/{rel}","templated":true}]}}