{"id":28616,"date":"2024-02-16T14:14:18","date_gmt":"2024-02-16T12:14:18","guid":{"rendered":"https:\/\/www.designenlassen.de\/blog\/?page_id=28616"},"modified":"2024-05-14T07:55:16","modified_gmt":"2024-05-14T05:55:16","slug":"focus-logo","status":"publish","type":"page","link":"https:\/\/www.designenlassen.de\/blog\/bekannte-logos\/focus-logo\/","title":{"rendered":"Focus Logo"},"content":{"rendered":"\n<figure class=\"wp-block-image size-full is-resized\"><img fetchpriority=\"high\" decoding=\"async\" width=\"1024\" height=\"324\" src=\"https:\/\/www.designenlassen.de\/blog\/wp-content\/uploads\/2024\/02\/1024px-Focus-logo.svg_.png\" alt=\"\" class=\"wp-image-28617\" style=\"width:668px;height:auto\" srcset=\"https:\/\/www.designenlassen.de\/blog\/wp-content\/uploads\/2024\/02\/1024px-Focus-logo.svg_.png 1024w, https:\/\/www.designenlassen.de\/blog\/wp-content\/uploads\/2024\/02\/1024px-Focus-logo.svg_-300x95.png 300w, https:\/\/www.designenlassen.de\/blog\/wp-content\/uploads\/2024\/02\/1024px-Focus-logo.svg_-768x243.png 768w\" sizes=\"(max-width: 1024px) 100vw, 1024px\" \/><figcaption class=\"wp-element-caption\"><strong>\u00a9<\/strong> Focus \/ focus.de<\/figcaption><\/figure>\n\n\n\n<p>Focus ist ein deutsches Nachrichtenmagazin, das seit 1993 erscheint. Es bietet seinen Lesern aktuelle Informationen und Hintergr\u00fcnde zu Politik, Wirtschaft, Forschung und Technik.&nbsp;Focus ist neben Spiegel und Stern eines der drei reichweitenst\u00e4rksten deutschen Wochenmagazine.&nbsp;Eines der b<a href=\"https:\/\/www.designenlassen.de\/blog\/bekannte-logos\/\">ekanntesten Logos<\/a> in der deutschen Medienlandschaft ist die Weltkugel als &#8222;O&#8220; von Focus, das f\u00fcr Aufmerksamkeit und Durchblick steht.<\/p>\n\n\n\n<div class=\"wp-block-buttons is-content-justification-center is-layout-flex wp-container-core-buttons-is-layout-16018d1d wp-block-buttons-is-layout-flex\">\n<div class=\"wp-block-button is-style-fill\"><a class=\"wp-block-button__link has-white-color has-text-color has-background has-text-align-left wp-element-button\" href=\"https:\/\/www.designenlassen.de\/logo-design?utm_source=blog&amp;utm_medium=button&amp;utm_campaign=logo-sammlung\" style=\"background-color:#091182\">Jetzt Logo erstellen<\/a><\/div>\n<\/div>\n\n\n\n\n\n<h2 class=\"wp-block-heading\">Ursprung<\/h2>\n\n\n\n<p>Das Konzept f\u00fcr Focus stammt von Hubert Burda und Helmut Markwort, die eine Alternative zum Spiegel ins Leben rufen wollten.&nbsp;Sie orientierten sich an US-amerikanischen Zeitschriften wie Newsweek oder Time, die einen schnellen und kompakten \u00dcberblick \u00fcber das Weltgeschehen boten.&nbsp;Die erste Ausgabe von Focus kam am 18.&nbsp;Januar 1993 in den Handel und war bereits am folgenden Tag ausverkauft.&nbsp;Der Untertitel des Focus lautete damals \u201edas moderne Nachrichtenmagazin\u201c.<\/p>\n\n\n\n<h2 class=\"wp-block-heading\">Entwicklung <\/h2>\n\n\n\n<p>Focus hat sich im Laufe der Jahre sowohl inhaltlich als auch optisch weiterentwickelt.&nbsp;Das Magazin hat seinen Schwerpunkt auf investigative Recherchen, exklusive Interviews und Service-Themen gelegt.&nbsp;Es hat auch verschiedene Sonderausgaben und Ableger zu speziellen Themen wie Gesundheit, Geld oder Schule herausgebracht.&nbsp;<\/p>\n\n\n\n<p>Das Logo von Focus hat sich ebenfalls ver\u00e4ndert.&nbsp;Die wei\u00dfe Schattierung wurde entfernt, ebenso wie der Claim &#8222;Das moderne Nachrichtenmagazin&#8220; und der Verweis auf die Internetseite, um den Fokus auf das Wesentliche zu legen. Die Gr\u00f6\u00dfe des <a href=\"https:\/\/www.designenlassen.de\/blog\/logo-erstellen-top-firmenlogo-einfach-entwerfen\/\">erstellten Logos <\/a><\/p>\n\n\n\n<p>wurde leicht ver\u00e4ndert &#8211; es ist jetzt etwa einen Zentimeter gr\u00f6\u00dfer als zuvor. Eine gr\u00f6\u00dfere Buchstabenspatiierung soll f\u00fcr eine bessere Lesbarkeit sorgen, und die Buchstaben werden nun in Versalien und nicht mehr in Kapit\u00e4lchen gesetzt.<\/p>\n\n\n\n<figure class=\"wp-block-image size-full is-resized\"><img decoding=\"async\" width=\"798\" height=\"217\" src=\"https:\/\/www.designenlassen.de\/blog\/wp-content\/uploads\/2024\/02\/800px-Focus_logo_gross_2017.jpeg\" alt=\"\" class=\"wp-image-28620\" style=\"width:451px;height:auto\" srcset=\"https:\/\/www.designenlassen.de\/blog\/wp-content\/uploads\/2024\/02\/800px-Focus_logo_gross_2017.jpeg 798w, https:\/\/www.designenlassen.de\/blog\/wp-content\/uploads\/2024\/02\/800px-Focus_logo_gross_2017-300x82.jpeg 300w, https:\/\/www.designenlassen.de\/blog\/wp-content\/uploads\/2024\/02\/800px-Focus_logo_gross_2017-768x209.jpeg 768w\" sizes=\"(max-width: 798px) 100vw, 798px\" \/><figcaption class=\"wp-element-caption\"><strong>\u00a9<\/strong> Focus \/ focus.de<\/figcaption><\/figure>\n\n\n\n<h2 class=\"wp-block-heading\">Bedeutung<\/h2>\n\n\n\n<p>Focus hat eine bedeutende Rolle in der deutschen Medienlandschaft gespielt. Das Magazin hat mehrere Skandale und Aff\u00e4ren aufgedeckt, wie zum Beispiel die Spendenaff\u00e4re um Helmut Kohl, die Visa-Aff\u00e4re um Joschka Fischer oder die Plagiatsaff\u00e4re um Karl-Theodor zu Guttenberg. <\/p>\n\n\n\n<p>Focus hat auch den politischen Diskurs mitgepr\u00e4gt, indem es Themen wie die Energiewende, die Eurokrise oder die Fl\u00fcchtlingskrise aufgegriffen hat. Focus hat zudem einen gro\u00dfen Einfluss auf die \u00f6ffentliche Meinung, wie zum Beispiel durch seine j\u00e4hrliche \u00c4rzteliste, die die besten Mediziner Deutschlands auszeichnet.<\/p>\n\n\n\n<div class=\"sof\">\n<h2>Individuelles Design oder Logo gesucht?<\/h2>\n<p>Bei designenlassen.de findest Du \u00fcber <b>100.000 Designer, die Dir ein einzigartiges Design nach Deinen W\u00fcnschen kreieren.<\/b> Starte jetzt Deinen eigenen Designwettbewerb und erhalte zahlreiche individuelle Vorschl\u00e4ge.<br><\/p>\n\n\n\n<\/div>\n\n\n\n<div class=\"wp-block-buttons is-content-justification-center is-layout-flex wp-container-core-buttons-is-layout-16018d1d wp-block-buttons-is-layout-flex\">\n<div class=\"wp-block-button is-style-fill\"><a class=\"wp-block-button__link has-white-color has-text-color has-background has-text-align-left wp-element-button\" href=\"https:\/\/www.designenlassen.de\/logo-design?utm_source=blog&amp;utm_medium=button&amp;utm_campaign=logo-sammlung\" style=\"background-color:#091182\">Jetzt Logo erstellen<\/a><\/div>\n<\/div>\n\n\n\n<div style=\"height:34px\" aria-hidden=\"true\" class=\"wp-block-spacer\"><\/div>\n\n\n\n<h2 class=\"wp-block-heading\">Von uns erstellte Logos<\/h2>\n\n\n\n<figure class=\"wp-block-gallery has-nested-images columns-default is-cropped wp-block-gallery-1 is-layout-flex wp-block-gallery-is-layout-flex\">\n<figure class=\"wp-block-image size-full\"><img decoding=\"async\" width=\"931\" height=\"850\" data-id=\"19977\" src=\"https:\/\/www.designenlassen.de\/blog\/wp-content\/uploads\/2020\/03\/BankLogo_Exorior_844828.jpg\" alt=\"Bank Logo, Exorior\" class=\"wp-image-19977\" srcset=\"https:\/\/www.designenlassen.de\/blog\/wp-content\/uploads\/2020\/03\/BankLogo_Exorior_844828.jpg 931w, https:\/\/www.designenlassen.de\/blog\/wp-content\/uploads\/2020\/03\/BankLogo_Exorior_844828-300x274.jpg 300w, https:\/\/www.designenlassen.de\/blog\/wp-content\/uploads\/2020\/03\/BankLogo_Exorior_844828-768x701.jpg 768w\" sizes=\"(max-width: 931px) 100vw, 931px\" \/><figcaption class=\"wp-element-caption\">eCommerce Logo von ichoomi<\/figcaption><\/figure>\n\n\n\n<figure class=\"wp-block-image size-full\"><img loading=\"lazy\" decoding=\"async\" width=\"850\" height=\"804\" data-id=\"19993\" src=\"https:\/\/www.designenlassen.de\/blog\/wp-content\/uploads\/2020\/03\/BankLogo_ImmerimPlus1_848356.jpg\" alt=\"Bank Logo, immer im plus\" class=\"wp-image-19993\" srcset=\"https:\/\/www.designenlassen.de\/blog\/wp-content\/uploads\/2020\/03\/BankLogo_ImmerimPlus1_848356.jpg 850w, https:\/\/www.designenlassen.de\/blog\/wp-content\/uploads\/2020\/03\/BankLogo_ImmerimPlus1_848356-300x284.jpg 300w, https:\/\/www.designenlassen.de\/blog\/wp-content\/uploads\/2020\/03\/BankLogo_ImmerimPlus1_848356-768x726.jpg 768w\" sizes=\"(max-width: 850px) 100vw, 850px\" \/><figcaption class=\"wp-element-caption\">Bank Logo f\u00fcr &#8222;immer im Plus&#8220; von DesING mit Eurozeichen und Plussymbol<\/figcaption><\/figure>\n\n\n\n<figure class=\"wp-block-image size-full\"><img loading=\"lazy\" decoding=\"async\" width=\"850\" height=\"724\" data-id=\"19989\" src=\"https:\/\/www.designenlassen.de\/blog\/wp-content\/uploads\/2020\/03\/BankLogo_ExclusiveTrading_921569.jpg\" alt=\"\" class=\"wp-image-19989\" srcset=\"https:\/\/www.designenlassen.de\/blog\/wp-content\/uploads\/2020\/03\/BankLogo_ExclusiveTrading_921569.jpg 850w, https:\/\/www.designenlassen.de\/blog\/wp-content\/uploads\/2020\/03\/BankLogo_ExclusiveTrading_921569-300x256.jpg 300w, https:\/\/www.designenlassen.de\/blog\/wp-content\/uploads\/2020\/03\/BankLogo_ExclusiveTrading_921569-768x654.jpg 768w\" sizes=\"(max-width: 850px) 100vw, 850px\" \/><figcaption class=\"wp-element-caption\">Bank Logo f\u00fcr Exclusive Trading von twins2design <\/figcaption><\/figure>\n\n\n\n<figure class=\"wp-block-image size-full\"><img loading=\"lazy\" decoding=\"async\" width=\"500\" height=\"500\" data-id=\"27858\" src=\"https:\/\/www.designenlassen.de\/blog\/wp-content\/uploads\/2024\/01\/fitness-logo-fitnessstudio-smartfit3.png\" alt=\"\" class=\"wp-image-27858\" srcset=\"https:\/\/www.designenlassen.de\/blog\/wp-content\/uploads\/2024\/01\/fitness-logo-fitnessstudio-smartfit3.png 500w, https:\/\/www.designenlassen.de\/blog\/wp-content\/uploads\/2024\/01\/fitness-logo-fitnessstudio-smartfit3-300x300.png 300w, https:\/\/www.designenlassen.de\/blog\/wp-content\/uploads\/2024\/01\/fitness-logo-fitnessstudio-smartfit3-150x150.png 150w\" sizes=\"(max-width: 500px) 100vw, 500px\" \/><figcaption class=\"wp-element-caption\">eCommerce Logo von CreativeLogo<\/figcaption><\/figure>\n\n\n\n<figure class=\"wp-block-image size-full\"><img loading=\"lazy\" decoding=\"async\" width=\"800\" height=\"600\" data-id=\"27259\" src=\"https:\/\/www.designenlassen.de\/blog\/wp-content\/uploads\/2018\/04\/designenlassen_cafe-logo_kempers.jpg\" alt=\"\" class=\"wp-image-27259\" srcset=\"https:\/\/www.designenlassen.de\/blog\/wp-content\/uploads\/2018\/04\/designenlassen_cafe-logo_kempers.jpg 800w, https:\/\/www.designenlassen.de\/blog\/wp-content\/uploads\/2018\/04\/designenlassen_cafe-logo_kempers-300x225.jpg 300w, https:\/\/www.designenlassen.de\/blog\/wp-content\/uploads\/2018\/04\/designenlassen_cafe-logo_kempers-768x576.jpg 768w\" sizes=\"(max-width: 800px) 100vw, 800px\" \/><\/figure>\n\n\n\n<figure class=\"wp-block-image size-full\"><img loading=\"lazy\" decoding=\"async\" width=\"800\" height=\"508\" data-id=\"26471\" src=\"https:\/\/www.designenlassen.de\/blog\/wp-content\/uploads\/2023\/05\/Farbverlauf-Logo-Insight-811355-Circle.jpg\" alt=\"\" class=\"wp-image-26471\" srcset=\"https:\/\/www.designenlassen.de\/blog\/wp-content\/uploads\/2023\/05\/Farbverlauf-Logo-Insight-811355-Circle.jpg 800w, https:\/\/www.designenlassen.de\/blog\/wp-content\/uploads\/2023\/05\/Farbverlauf-Logo-Insight-811355-Circle-300x191.jpg 300w, https:\/\/www.designenlassen.de\/blog\/wp-content\/uploads\/2023\/05\/Farbverlauf-Logo-Insight-811355-Circle-768x488.jpg 768w\" sizes=\"(max-width: 800px) 100vw, 800px\" \/><figcaption class=\"wp-element-caption\">eCommerce Logo von jhdesign<\/figcaption><\/figure>\n\n\n\n<figure class=\"wp-block-image size-full\"><img loading=\"lazy\" decoding=\"async\" width=\"500\" height=\"500\" data-id=\"27314\" src=\"https:\/\/www.designenlassen.de\/blog\/wp-content\/uploads\/2020\/05\/designenlassen_kegel-logo_tautropfen4.jpg\" alt=\"\" class=\"wp-image-27314\" srcset=\"https:\/\/www.designenlassen.de\/blog\/wp-content\/uploads\/2020\/05\/designenlassen_kegel-logo_tautropfen4.jpg 500w, https:\/\/www.designenlassen.de\/blog\/wp-content\/uploads\/2020\/05\/designenlassen_kegel-logo_tautropfen4-300x300.jpg 300w, https:\/\/www.designenlassen.de\/blog\/wp-content\/uploads\/2020\/05\/designenlassen_kegel-logo_tautropfen4-150x150.jpg 150w\" sizes=\"(max-width: 500px) 100vw, 500px\" \/><figcaption class=\"wp-element-caption\">eCommerce Logo von 2bcreativ<\/figcaption><\/figure>\n\n\n\n<figure class=\"wp-block-image size-full\"><img loading=\"lazy\" decoding=\"async\" width=\"338\" height=\"338\" data-id=\"26459\" src=\"https:\/\/www.designenlassen.de\/blog\/wp-content\/uploads\/2023\/05\/logo-art-infinity-arts.jpg\" alt=\"\" class=\"wp-image-26459\" srcset=\"https:\/\/www.designenlassen.de\/blog\/wp-content\/uploads\/2023\/05\/logo-art-infinity-arts.jpg 338w, https:\/\/www.designenlassen.de\/blog\/wp-content\/uploads\/2023\/05\/logo-art-infinity-arts-300x300.jpg 300w, https:\/\/www.designenlassen.de\/blog\/wp-content\/uploads\/2023\/05\/logo-art-infinity-arts-150x150.jpg 150w\" sizes=\"(max-width: 338px) 100vw, 338px\" \/><figcaption class=\"wp-element-caption\">eCommerce Logo f\u00fcr Agentur von Designer JSatuh<\/figcaption><\/figure>\n\n\n\n<figure class=\"wp-block-image size-full\"><img loading=\"lazy\" decoding=\"async\" width=\"1226\" height=\"944\" data-id=\"27111\" src=\"https:\/\/www.designenlassen.de\/blog\/wp-content\/uploads\/2023\/06\/designenlassen_aphotheken-logo_flora1.png\" alt=\"\" class=\"wp-image-27111\" srcset=\"https:\/\/www.designenlassen.de\/blog\/wp-content\/uploads\/2023\/06\/designenlassen_aphotheken-logo_flora1.png 1226w, https:\/\/www.designenlassen.de\/blog\/wp-content\/uploads\/2023\/06\/designenlassen_aphotheken-logo_flora1-300x231.png 300w, https:\/\/www.designenlassen.de\/blog\/wp-content\/uploads\/2023\/06\/designenlassen_aphotheken-logo_flora1-1024x788.png 1024w, https:\/\/www.designenlassen.de\/blog\/wp-content\/uploads\/2023\/06\/designenlassen_aphotheken-logo_flora1-768x591.png 768w\" sizes=\"(max-width: 1226px) 100vw, 1226px\" \/><\/figure>\n<\/figure>\n\n\n\n<p class=\"has-text-align-center\"><a href=\"https:\/\/www.designenlassen.de\/blog\/category\/inspiration\/\">Mehr Designs entdecken<\/a><\/p>\n\n\n\n<h2 class=\"wp-block-heading\">FAQs: Die wichtigsten Fragen zum Focus-Logo<\/h2>\n\n\n\n<div style=\"height:34px\" aria-hidden=\"true\" class=\"wp-block-spacer\"><\/div>\n\n\n\n<h3 class=\"wp-block-heading\">Wie oft hat sich das Focus-Logo ge\u00e4ndert?<\/h3>\n\n\n\n<p>Das Focus-Logo hat sich bisher dreimal ge\u00e4ndert. Aktuell wird beispielsweise f\u00fcr die Webseite auf die wei\u00dfe Umrandung an der Weltkugel und den Buchstaben verzichtet.<\/p>\n\n\n\n<figure class=\"wp-block-image size-full is-resized\"><img loading=\"lazy\" decoding=\"async\" width=\"600\" height=\"247\" src=\"https:\/\/www.designenlassen.de\/blog\/wp-content\/uploads\/2024\/02\/focus-online-logo-vector-1.png\" alt=\"\" class=\"wp-image-28624\" style=\"width:331px;height:auto\" srcset=\"https:\/\/www.designenlassen.de\/blog\/wp-content\/uploads\/2024\/02\/focus-online-logo-vector-1.png 600w, https:\/\/www.designenlassen.de\/blog\/wp-content\/uploads\/2024\/02\/focus-online-logo-vector-1-300x124.png 300w\" sizes=\"(max-width: 600px) 100vw, 600px\" \/><figcaption class=\"wp-element-caption\"><strong>\u00a9<\/strong> Focus \/ focus.de<\/figcaption><\/figure>\n\n\n\n<h3 class=\"wp-block-heading\">Wer hat das Focus-Logo entworfen?<\/h3>\n\n\n\n<p>Das urspr\u00fcngliche Focus-Logo wurde von dem Grafikdesigner Rolf M\u00fcller entworfen, der auch f\u00fcr das Logo der S\u00fcddeutschen Zeitung verantwortlich ist.&nbsp;<\/p>\n\n\n\n<h2 class=\"wp-block-heading\">Fazit<\/h2>\n\n\n\n<p>Focus ist ein erfolgreiches und innovatives Nachrichtenmagazin, das seinen Lesern einen umfassenden und kritischen Blick auf die Welt bietet. Mit seinem <a href=\"https:\/\/www.designenlassen.de\/blog\/logo-entwicklung-leicht-gemacht-8-aspekte-die-man-unbedingt-beachten-sollte\/\">markanten Logo<\/a> hat es sich als eine starke Marke etabliert, die f\u00fcr Qualit\u00e4t und Relevanz steht. Focus ist ein Magazin f\u00fcr alle, die sich f\u00fcr die wichtigen Themen unserer Zeit interessieren und sich eine eigene Meinung bilden wollen.<\/p>\n\n\n\n<div class=\"wp-block-buttons is-content-justification-center is-layout-flex wp-container-core-buttons-is-layout-16018d1d wp-block-buttons-is-layout-flex\">\n<div class=\"wp-block-button is-style-fill\"><a class=\"wp-block-button__link has-white-color has-text-color has-background has-text-align-left wp-element-button\" href=\"https:\/\/www.designenlassen.de\/logo-design?utm_source=blog&amp;utm_medium=button&amp;utm_campaign=logo-sammlung\" style=\"background-color:#091182\">Jetzt Logo erstellen<\/a><\/div>\n<\/div>\n\n\n\n<div style=\"height:27px\" aria-hidden=\"true\" class=\"wp-block-spacer\"><\/div>\n\n\n\n<h2 class=\"wp-block-heading\">Weiterf\u00fchrende Informationen<\/h2>\n\n\n\n<ul class=\"wp-block-list\">\n<li><a href=\"https:\/\/de.wikipedia.org\/wiki\/Focus\">Geschichte<\/a><\/li>\n<\/ul>\n\n\n\n<p><strong>Bildquelle:<\/strong><\/p>\n\n\n\n<ul class=\"wp-block-list\">\n<li><a href=\"https:\/\/de.wikipedia.org\/wiki\/Datei:Focus-logo.svg\">Foto von Wikipedia<\/a><\/li>\n<\/ul>\n","protected":false},"excerpt":{"rendered":"<p>Focus ist ein deutsches Nachrichtenmagazin, das seit 1993 erscheint. Es bietet seinen Lesern aktuelle Informationen und&hellip;<\/p>\n","protected":false},"author":27,"featured_media":28621,"parent":27972,"menu_order":0,"comment_status":"closed","ping_status":"closed","template":"","meta":{"_lmt_disableupdate":"","_lmt_disable":"","footnotes":""},"class_list":["post-28616","page","type-page","status-publish","has-post-thumbnail","hentry"],"yoast_head":"<!-- This site is optimized with the Yoast SEO plugin v27.5 - https:\/\/yoast.com\/product\/yoast-seo-wordpress\/ -->\n<title>Focus Logo \u25ba Bilder, Geschichte, Entwicklung &amp; u.v.m<\/title>\n<meta name=\"description\" content=\"Erfahre alles Wichtige \u00fcber das Focus-Logo: Geschichte \u2713 Ursprung \u2713 Entwicklung \u2713 Bedeutung \u2713 u.v.m. \u25ba Jetzt ansehen!\" \/>\n<meta name=\"robots\" content=\"index, follow, max-snippet:-1, max-image-preview:large, max-video-preview:-1\" \/>\n<link rel=\"canonical\" href=\"https:\/\/www.designenlassen.de\/blog\/bekannte-logos\/focus-logo\/\" \/>\n<meta property=\"og:locale\" content=\"de_DE\" \/>\n<meta property=\"og:type\" content=\"article\" \/>\n<meta property=\"og:title\" content=\"Focus Logo \u25ba Bilder, Geschichte, Entwicklung &amp; u.v.m\" \/>\n<meta property=\"og:description\" content=\"Erfahre alles Wichtige \u00fcber das Focus-Logo: Geschichte \u2713 Ursprung \u2713 Entwicklung \u2713 Bedeutung \u2713 u.v.m. \u25ba Jetzt ansehen!\" \/>\n<meta property=\"og:url\" content=\"https:\/\/www.designenlassen.de\/blog\/bekannte-logos\/focus-logo\/\" \/>\n<meta property=\"og:site_name\" content=\"designenlassen.de Blog\" \/>\n<meta property=\"article:modified_time\" content=\"2024-05-14T05:55:16+00:00\" \/>\n<meta property=\"og:image\" content=\"https:\/\/www.designenlassen.de\/blog\/wp-content\/uploads\/2024\/02\/Design-ohne-Titel-80.png\" \/>\n\t<meta property=\"og:image:width\" content=\"600\" \/>\n\t<meta property=\"og:image:height\" content=\"600\" \/>\n\t<meta property=\"og:image:type\" content=\"image\/png\" \/>\n<meta name=\"twitter:card\" content=\"summary_large_image\" \/>\n<meta name=\"twitter:label1\" content=\"Gesch\u00e4tzte Lesezeit\" \/>\n\t<meta name=\"twitter:data1\" content=\"6\u00a0Minuten\" \/>\n<script type=\"application\/ld+json\" class=\"yoast-schema-graph\">{\"@context\":\"https:\\\/\\\/schema.org\",\"@graph\":[{\"@type\":\"WebPage\",\"@id\":\"https:\\\/\\\/www.designenlassen.de\\\/blog\\\/bekannte-logos\\\/focus-logo\\\/\",\"url\":\"https:\\\/\\\/www.designenlassen.de\\\/blog\\\/bekannte-logos\\\/focus-logo\\\/\",\"name\":\"Focus Logo \u25ba Bilder, Geschichte, Entwicklung & u.v.m\",\"isPartOf\":{\"@id\":\"https:\\\/\\\/www.designenlassen.de\\\/blog\\\/#website\"},\"primaryImageOfPage\":{\"@id\":\"https:\\\/\\\/www.designenlassen.de\\\/blog\\\/bekannte-logos\\\/focus-logo\\\/#primaryimage\"},\"image\":{\"@id\":\"https:\\\/\\\/www.designenlassen.de\\\/blog\\\/bekannte-logos\\\/focus-logo\\\/#primaryimage\"},\"thumbnailUrl\":\"https:\\\/\\\/www.designenlassen.de\\\/blog\\\/wp-content\\\/uploads\\\/2024\\\/02\\\/Design-ohne-Titel-80.png\",\"datePublished\":\"2024-02-16T12:14:18+00:00\",\"dateModified\":\"2024-05-14T05:55:16+00:00\",\"description\":\"Erfahre alles Wichtige \u00fcber das Focus-Logo: Geschichte \u2713 Ursprung \u2713 Entwicklung \u2713 Bedeutung \u2713 u.v.m. \u25ba Jetzt ansehen!\",\"breadcrumb\":{\"@id\":\"https:\\\/\\\/www.designenlassen.de\\\/blog\\\/bekannte-logos\\\/focus-logo\\\/#breadcrumb\"},\"inLanguage\":\"de\",\"potentialAction\":[{\"@type\":\"ReadAction\",\"target\":[\"https:\\\/\\\/www.designenlassen.de\\\/blog\\\/bekannte-logos\\\/focus-logo\\\/\"]}]},{\"@type\":\"ImageObject\",\"inLanguage\":\"de\",\"@id\":\"https:\\\/\\\/www.designenlassen.de\\\/blog\\\/bekannte-logos\\\/focus-logo\\\/#primaryimage\",\"url\":\"https:\\\/\\\/www.designenlassen.de\\\/blog\\\/wp-content\\\/uploads\\\/2024\\\/02\\\/Design-ohne-Titel-80.png\",\"contentUrl\":\"https:\\\/\\\/www.designenlassen.de\\\/blog\\\/wp-content\\\/uploads\\\/2024\\\/02\\\/Design-ohne-Titel-80.png\",\"width\":600,\"height\":600},{\"@type\":\"BreadcrumbList\",\"@id\":\"https:\\\/\\\/www.designenlassen.de\\\/blog\\\/bekannte-logos\\\/focus-logo\\\/#breadcrumb\",\"itemListElement\":[{\"@type\":\"ListItem\",\"position\":1,\"name\":\"Start\",\"item\":\"https:\\\/\\\/www.designenlassen.de\\\/blog\\\/\"},{\"@type\":\"ListItem\",\"position\":2,\"name\":\"Die 180 bekanntesten Logos im \u00dcberblick\",\"item\":\"https:\\\/\\\/www.designenlassen.de\\\/blog\\\/bekannte-logos\\\/\"},{\"@type\":\"ListItem\",\"position\":3,\"name\":\"Focus Logo\"}]},{\"@type\":\"WebSite\",\"@id\":\"https:\\\/\\\/www.designenlassen.de\\\/blog\\\/#website\",\"url\":\"https:\\\/\\\/www.designenlassen.de\\\/blog\\\/\",\"name\":\"designenlassen.de Blog\",\"description\":\"Inspirationen, Tipps und Ideen f\u00fcr Designer sowie Gr\u00fcnder und Kleinbetriebe.\",\"potentialAction\":[{\"@type\":\"SearchAction\",\"target\":{\"@type\":\"EntryPoint\",\"urlTemplate\":\"https:\\\/\\\/www.designenlassen.de\\\/blog\\\/?s={search_term_string}\"},\"query-input\":{\"@type\":\"PropertyValueSpecification\",\"valueRequired\":true,\"valueName\":\"search_term_string\"}}],\"inLanguage\":\"de\"}]}<\/script>\n<!-- \/ Yoast SEO plugin. -->","yoast_head_json":{"title":"Focus Logo \u25ba Bilder, Geschichte, Entwicklung & u.v.m","description":"Erfahre alles Wichtige \u00fcber das Focus-Logo: Geschichte \u2713 Ursprung \u2713 Entwicklung \u2713 Bedeutung \u2713 u.v.m. \u25ba Jetzt ansehen!","robots":{"index":"index","follow":"follow","max-snippet":"max-snippet:-1","max-image-preview":"max-image-preview:large","max-video-preview":"max-video-preview:-1"},"canonical":"https:\/\/www.designenlassen.de\/blog\/bekannte-logos\/focus-logo\/","og_locale":"de_DE","og_type":"article","og_title":"Focus Logo \u25ba Bilder, Geschichte, Entwicklung & u.v.m","og_description":"Erfahre alles Wichtige \u00fcber das Focus-Logo: Geschichte \u2713 Ursprung \u2713 Entwicklung \u2713 Bedeutung \u2713 u.v.m. \u25ba Jetzt ansehen!","og_url":"https:\/\/www.designenlassen.de\/blog\/bekannte-logos\/focus-logo\/","og_site_name":"designenlassen.de Blog","article_modified_time":"2024-05-14T05:55:16+00:00","og_image":[{"width":600,"height":600,"url":"https:\/\/www.designenlassen.de\/blog\/wp-content\/uploads\/2024\/02\/Design-ohne-Titel-80.png","type":"image\/png"}],"twitter_card":"summary_large_image","twitter_misc":{"Gesch\u00e4tzte Lesezeit":"6\u00a0Minuten"},"schema":{"@context":"https:\/\/schema.org","@graph":[{"@type":"WebPage","@id":"https:\/\/www.designenlassen.de\/blog\/bekannte-logos\/focus-logo\/","url":"https:\/\/www.designenlassen.de\/blog\/bekannte-logos\/focus-logo\/","name":"Focus Logo \u25ba Bilder, Geschichte, Entwicklung & u.v.m","isPartOf":{"@id":"https:\/\/www.designenlassen.de\/blog\/#website"},"primaryImageOfPage":{"@id":"https:\/\/www.designenlassen.de\/blog\/bekannte-logos\/focus-logo\/#primaryimage"},"image":{"@id":"https:\/\/www.designenlassen.de\/blog\/bekannte-logos\/focus-logo\/#primaryimage"},"thumbnailUrl":"https:\/\/www.designenlassen.de\/blog\/wp-content\/uploads\/2024\/02\/Design-ohne-Titel-80.png","datePublished":"2024-02-16T12:14:18+00:00","dateModified":"2024-05-14T05:55:16+00:00","description":"Erfahre alles Wichtige \u00fcber das Focus-Logo: Geschichte \u2713 Ursprung \u2713 Entwicklung \u2713 Bedeutung \u2713 u.v.m. \u25ba Jetzt ansehen!","breadcrumb":{"@id":"https:\/\/www.designenlassen.de\/blog\/bekannte-logos\/focus-logo\/#breadcrumb"},"inLanguage":"de","potentialAction":[{"@type":"ReadAction","target":["https:\/\/www.designenlassen.de\/blog\/bekannte-logos\/focus-logo\/"]}]},{"@type":"ImageObject","inLanguage":"de","@id":"https:\/\/www.designenlassen.de\/blog\/bekannte-logos\/focus-logo\/#primaryimage","url":"https:\/\/www.designenlassen.de\/blog\/wp-content\/uploads\/2024\/02\/Design-ohne-Titel-80.png","contentUrl":"https:\/\/www.designenlassen.de\/blog\/wp-content\/uploads\/2024\/02\/Design-ohne-Titel-80.png","width":600,"height":600},{"@type":"BreadcrumbList","@id":"https:\/\/www.designenlassen.de\/blog\/bekannte-logos\/focus-logo\/#breadcrumb","itemListElement":[{"@type":"ListItem","position":1,"name":"Start","item":"https:\/\/www.designenlassen.de\/blog\/"},{"@type":"ListItem","position":2,"name":"Die 180 bekanntesten Logos im \u00dcberblick","item":"https:\/\/www.designenlassen.de\/blog\/bekannte-logos\/"},{"@type":"ListItem","position":3,"name":"Focus Logo"}]},{"@type":"WebSite","@id":"https:\/\/www.designenlassen.de\/blog\/#website","url":"https:\/\/www.designenlassen.de\/blog\/","name":"designenlassen.de Blog","description":"Inspirationen, Tipps und Ideen f\u00fcr Designer sowie Gr\u00fcnder und Kleinbetriebe.","potentialAction":[{"@type":"SearchAction","target":{"@type":"EntryPoint","urlTemplate":"https:\/\/www.designenlassen.de\/blog\/?s={search_term_string}"},"query-input":{"@type":"PropertyValueSpecification","valueRequired":true,"valueName":"search_term_string"}}],"inLanguage":"de"}]}},"_links":{"self":[{"href":"https:\/\/www.designenlassen.de\/blog\/wp-json\/wp\/v2\/pages\/28616","targetHints":{"allow":["GET"]}}],"collection":[{"href":"https:\/\/www.designenlassen.de\/blog\/wp-json\/wp\/v2\/pages"}],"about":[{"href":"https:\/\/www.designenlassen.de\/blog\/wp-json\/wp\/v2\/types\/page"}],"author":[{"embeddable":true,"href":"https:\/\/www.designenlassen.de\/blog\/wp-json\/wp\/v2\/users\/27"}],"replies":[{"embeddable":true,"href":"https:\/\/www.designenlassen.de\/blog\/wp-json\/wp\/v2\/comments?post=28616"}],"version-history":[{"count":7,"href":"https:\/\/www.designenlassen.de\/blog\/wp-json\/wp\/v2\/pages\/28616\/revisions"}],"predecessor-version":[{"id":31626,"href":"https:\/\/www.designenlassen.de\/blog\/wp-json\/wp\/v2\/pages\/28616\/revisions\/31626"}],"up":[{"embeddable":true,"href":"https:\/\/www.designenlassen.de\/blog\/wp-json\/wp\/v2\/pages\/27972"}],"wp:featuredmedia":[{"embeddable":true,"href":"https:\/\/www.designenlassen.de\/blog\/wp-json\/wp\/v2\/media\/28621"}],"wp:attachment":[{"href":"https:\/\/www.designenlassen.de\/blog\/wp-json\/wp\/v2\/media?parent=28616"}],"curies":[{"name":"wp","href":"https:\/\/api.w.org\/{rel}","templated":true}]}}