{"id":28630,"date":"2024-02-16T14:37:04","date_gmt":"2024-02-16T12:37:04","guid":{"rendered":"https:\/\/www.designenlassen.de\/blog\/?page_id=28630"},"modified":"2024-05-14T07:54:42","modified_gmt":"2024-05-14T05:54:42","slug":"faz-logo","status":"publish","type":"page","link":"https:\/\/www.designenlassen.de\/blog\/bekannte-logos\/faz-logo\/","title":{"rendered":"Frankfurter Allgemeine Zeitung Logo"},"content":{"rendered":"\n<figure class=\"wp-block-image size-full is-resized\"><img fetchpriority=\"high\" decoding=\"async\" width=\"850\" height=\"115\" src=\"https:\/\/www.designenlassen.de\/blog\/wp-content\/uploads\/2024\/02\/logo-1.png\" alt=\"\" class=\"wp-image-28631\" style=\"width:692px;height:auto\" srcset=\"https:\/\/www.designenlassen.de\/blog\/wp-content\/uploads\/2024\/02\/logo-1.png 850w, https:\/\/www.designenlassen.de\/blog\/wp-content\/uploads\/2024\/02\/logo-1-300x41.png 300w, https:\/\/www.designenlassen.de\/blog\/wp-content\/uploads\/2024\/02\/logo-1-768x104.png 768w\" sizes=\"(max-width: 850px) 100vw, 850px\" \/><figcaption class=\"wp-element-caption\"><strong>\u00a9<\/strong> FAZ \/ faz.de<\/figcaption><\/figure>\n\n\n\n<p>Die Frankfurter Allgemeine Zeitung, kurz F.A.Z. oder FAZ, ist eine der bedeutendsten \u00fcberregionalen Tages- und Wirtschaftszeitungen in Deutschland. Sie steht f\u00fcr Unabh\u00e4ngigkeit, Qualit\u00e4t und Vielfalt in der Berichterstattung \u00fcber Politik, Wirtschaft, Kultur und Gesellschaft. <\/p>\n\n\n\n<p>Mit ihrem anspruchsvollen Portfolio aus Zeitungen, Magazinen, Nachrichtenportalen, Podcasts und Services bietet sie ihren Lesern und Nutzern nicht nur verl\u00e4ssliche Informationen, sondern auch fundierte Analysen und kluge Kommentare. Eines der <a href=\"https:\/\/www.designenlassen.de\/blog\/bekannte-logos\/\">bekanntesten Logos<\/a> der deutschen Medienlandschaft ist das FAZ-Logo, das aus dem Schriftzug \u201cFrankfurter Allgemeine\u201d in einer klassischen Antiqua-Schrift besteht.<\/p>\n\n\n\n<div class=\"wp-block-buttons is-content-justification-center is-layout-flex wp-container-core-buttons-is-layout-16018d1d wp-block-buttons-is-layout-flex\">\n<div class=\"wp-block-button is-style-fill\"><a class=\"wp-block-button__link has-white-color has-text-color has-background has-text-align-left wp-element-button\" href=\"https:\/\/www.designenlassen.de\/logo-design?utm_source=blog&amp;utm_medium=button&amp;utm_campaign=logo-sammlung\" style=\"background-color:#091182\">Jetzt Logo erstellen<\/a><\/div>\n<\/div>\n\n\n\n\n\n<h2 class=\"wp-block-heading\">Ursprung<\/h2>\n\n\n\n<p>Die FAZ wurde am 1. November 1949 gegr\u00fcndet, als Nachfolgerin der Frankfurter Zeitung, die 1943 von den Nationalsozialisten verboten worden war. Die Gr\u00fcndungsherausgeber waren Erich Welter, Paul Sethe, Karl Korn und Alfred Schmidt, die alle aus dem liberalen und konservativen Lager kamen. <\/p>\n\n\n\n<p>Sie wollten eine Zeitung schaffen, die f\u00fcr die Freiheit des Einzelnen und des ganzen Landes einstand, und die sich dem Westen und der Demokratie anschloss. Die FAZ sollte eine \u201cZeitung f\u00fcr Deutschland\u201d sein, die sich nicht an eine bestimmte Partei oder Interessengruppe band, sondern an die Vernunft und das Gewissen ihrer Leser appellierte.<\/p>\n\n\n\n<h2 class=\"wp-block-heading\">Entwicklung <\/h2>\n\n\n\n<p>Die FAZ entwickelte sich schnell zu einer der f\u00fchrenden Zeitungen in Deutschland und Europa. Sie erwarb sich einen Ruf f\u00fcr ihre gr\u00fcndliche Recherche, ihre pr\u00e4zise Sprache und ihre intellektuelle Tiefe. Sie baute ein gro\u00dfes Korrespondentennetz im In- und Ausland auf, das ihr eine umfassende und aktuelle Berichterstattung erm\u00f6glichte. <\/p>\n\n\n\n<p>Sie erweiterte ihr Themenspektrum und ihr Angebot, um den unterschiedlichen Interessen und Bed\u00fcrfnissen ihrer Leser gerecht zu werden. Sie lancierte verschiedene Publikationen, wie die Frankfurter Allgemeine Sonntagszeitung, die Rhein-Main-Zeitung, das FAZ-Magazin, die Frankfurter Allgemeine Woche, das Frankfurter Allgemeine Quarterly, FAZ Einspruch und FAZ Digitec. Sie ging mit der Zeit und nutzte die M\u00f6glichkeiten der Digitalisierung, um ihre Inhalte online, mobil und auditiv zug\u00e4nglich zu machen.<\/p>\n\n\n\n<p>Das FAZ-Logo blieb \u00fcber die Jahrzehnte hinweg weitgehend unver\u00e4ndert. Es wurde 1950 von dem Grafiker Hans Troschel entworfen, der sich an der Schriftart Times orientierte. Das <a href=\"https:\/\/www.designenlassen.de\/blog\/was-ist-ein-logo\/\">Logo<\/a> sollte die Seriosit\u00e4t, die Tradition und die Modernit\u00e4t der Zeitung ausdr\u00fccken. Es wurde nur geringf\u00fcgig modifiziert, zum Beispiel durch die Erg\u00e4nzung eines Punktes nach dem \u201cF\u201d im Jahr 1962, oder durch die Anpassung an die verschiedenen Formate und Medien. Das <a href=\"https:\/\/www.designenlassen.de\/blog\/logo-entwerfen-die-10-besten-tipps-zur-logoerstellung\/\">entworfene Logo<\/a> ist zu einem Markenzeichen der FAZ geworden, das f\u00fcr ihren Qualit\u00e4tsjournalismus steht.<\/p>\n\n\n\n<h2 class=\"wp-block-heading\">Bedeutung<\/h2>\n\n\n\n<p>Die FAZ hat eine gro\u00dfe Bedeutung f\u00fcr die deutsche und internationale \u00d6ffentlichkeit. Sie ist eine der meistzitierten Zeitungen in Deutschland und eine der einflussreichsten in Europa. Sie erreicht t\u00e4glich mehr als 880.000 Leser, die vor allem aus dem gebildeten und entscheidungsfreudigen Publikum kommen. Sie ist eine wichtige Informationsquelle, eine anregende Diskussionsplattform und eine kritische Stimme in der Gesellschaft. <\/p>\n\n\n\n<p>Sie setzt sich f\u00fcr die Werte der Freiheit, der Verantwortung und der Toleranz ein. Sie f\u00f6rdert das freie und selbstbestimmte Denken ihrer Leser, indem sie ihnen unterschiedliche Perspektiven und kontroverse Standpunkte bietet. Sie ist eine Zeitung, die nicht nur informiert, sondern auch inspiriert.<\/p>\n\n\n\n<div class=\"sof\">\n<h2>Individuelles Design oder Logo gesucht?<\/h2>\n<p>Bei designenlassen.de findest Du \u00fcber <b>100.000 Designer, die Dir ein einzigartiges Design nach Deinen W\u00fcnschen kreieren.<\/b> Starte jetzt Deinen eigenen Designwettbewerb und erhalte zahlreiche individuelle Vorschl\u00e4ge.<br><\/p>\n\n\n\n<\/div>\n\n\n\n<div class=\"wp-block-buttons is-content-justification-center is-layout-flex wp-container-core-buttons-is-layout-16018d1d wp-block-buttons-is-layout-flex\">\n<div class=\"wp-block-button is-style-fill\"><a class=\"wp-block-button__link has-white-color has-text-color has-background has-text-align-left wp-element-button\" href=\"https:\/\/www.designenlassen.de\/logo-design?utm_source=blog&amp;utm_medium=button&amp;utm_campaign=logo-sammlung\" style=\"background-color:#091182\">Jetzt Logo erstellen<\/a><\/div>\n<\/div>\n\n\n\n<div style=\"height:34px\" aria-hidden=\"true\" class=\"wp-block-spacer\"><\/div>\n\n\n\n<h2 class=\"wp-block-heading\">Von uns erstellte Logos<\/h2>\n\n\n\n<figure class=\"wp-block-gallery has-nested-images columns-default is-cropped wp-block-gallery-1 is-layout-flex wp-block-gallery-is-layout-flex\">\n<figure class=\"wp-block-image size-full\"><img decoding=\"async\" width=\"931\" height=\"850\" data-id=\"19977\" src=\"https:\/\/www.designenlassen.de\/blog\/wp-content\/uploads\/2020\/03\/BankLogo_Exorior_844828.jpg\" alt=\"Bank Logo, Exorior\" class=\"wp-image-19977\" srcset=\"https:\/\/www.designenlassen.de\/blog\/wp-content\/uploads\/2020\/03\/BankLogo_Exorior_844828.jpg 931w, https:\/\/www.designenlassen.de\/blog\/wp-content\/uploads\/2020\/03\/BankLogo_Exorior_844828-300x274.jpg 300w, https:\/\/www.designenlassen.de\/blog\/wp-content\/uploads\/2020\/03\/BankLogo_Exorior_844828-768x701.jpg 768w\" sizes=\"(max-width: 931px) 100vw, 931px\" \/><figcaption class=\"wp-element-caption\">eCommerce Logo von ichoomi<\/figcaption><\/figure>\n\n\n\n<figure class=\"wp-block-image size-full\"><img decoding=\"async\" width=\"850\" height=\"804\" data-id=\"19993\" src=\"https:\/\/www.designenlassen.de\/blog\/wp-content\/uploads\/2020\/03\/BankLogo_ImmerimPlus1_848356.jpg\" alt=\"Bank Logo, immer im plus\" class=\"wp-image-19993\" srcset=\"https:\/\/www.designenlassen.de\/blog\/wp-content\/uploads\/2020\/03\/BankLogo_ImmerimPlus1_848356.jpg 850w, https:\/\/www.designenlassen.de\/blog\/wp-content\/uploads\/2020\/03\/BankLogo_ImmerimPlus1_848356-300x284.jpg 300w, https:\/\/www.designenlassen.de\/blog\/wp-content\/uploads\/2020\/03\/BankLogo_ImmerimPlus1_848356-768x726.jpg 768w\" sizes=\"(max-width: 850px) 100vw, 850px\" \/><figcaption class=\"wp-element-caption\">Bank Logo f\u00fcr &#8222;immer im Plus&#8220; von DesING mit Eurozeichen und Plussymbol<\/figcaption><\/figure>\n\n\n\n<figure class=\"wp-block-image size-full\"><img loading=\"lazy\" decoding=\"async\" width=\"850\" height=\"724\" data-id=\"19989\" src=\"https:\/\/www.designenlassen.de\/blog\/wp-content\/uploads\/2020\/03\/BankLogo_ExclusiveTrading_921569.jpg\" alt=\"\" class=\"wp-image-19989\" srcset=\"https:\/\/www.designenlassen.de\/blog\/wp-content\/uploads\/2020\/03\/BankLogo_ExclusiveTrading_921569.jpg 850w, https:\/\/www.designenlassen.de\/blog\/wp-content\/uploads\/2020\/03\/BankLogo_ExclusiveTrading_921569-300x256.jpg 300w, https:\/\/www.designenlassen.de\/blog\/wp-content\/uploads\/2020\/03\/BankLogo_ExclusiveTrading_921569-768x654.jpg 768w\" sizes=\"(max-width: 850px) 100vw, 850px\" \/><figcaption class=\"wp-element-caption\">Bank Logo f\u00fcr Exclusive Trading von twins2design <\/figcaption><\/figure>\n\n\n\n<figure class=\"wp-block-image size-full\"><img loading=\"lazy\" decoding=\"async\" width=\"500\" height=\"500\" data-id=\"27858\" src=\"https:\/\/www.designenlassen.de\/blog\/wp-content\/uploads\/2024\/01\/fitness-logo-fitnessstudio-smartfit3.png\" alt=\"\" class=\"wp-image-27858\" srcset=\"https:\/\/www.designenlassen.de\/blog\/wp-content\/uploads\/2024\/01\/fitness-logo-fitnessstudio-smartfit3.png 500w, https:\/\/www.designenlassen.de\/blog\/wp-content\/uploads\/2024\/01\/fitness-logo-fitnessstudio-smartfit3-300x300.png 300w, https:\/\/www.designenlassen.de\/blog\/wp-content\/uploads\/2024\/01\/fitness-logo-fitnessstudio-smartfit3-150x150.png 150w\" sizes=\"(max-width: 500px) 100vw, 500px\" \/><figcaption class=\"wp-element-caption\">eCommerce Logo von CreativeLogo<\/figcaption><\/figure>\n\n\n\n<figure class=\"wp-block-image size-full\"><img loading=\"lazy\" decoding=\"async\" width=\"800\" height=\"600\" data-id=\"27259\" src=\"https:\/\/www.designenlassen.de\/blog\/wp-content\/uploads\/2018\/04\/designenlassen_cafe-logo_kempers.jpg\" alt=\"\" class=\"wp-image-27259\" srcset=\"https:\/\/www.designenlassen.de\/blog\/wp-content\/uploads\/2018\/04\/designenlassen_cafe-logo_kempers.jpg 800w, https:\/\/www.designenlassen.de\/blog\/wp-content\/uploads\/2018\/04\/designenlassen_cafe-logo_kempers-300x225.jpg 300w, https:\/\/www.designenlassen.de\/blog\/wp-content\/uploads\/2018\/04\/designenlassen_cafe-logo_kempers-768x576.jpg 768w\" sizes=\"(max-width: 800px) 100vw, 800px\" \/><\/figure>\n\n\n\n<figure class=\"wp-block-image size-full\"><img loading=\"lazy\" decoding=\"async\" width=\"800\" height=\"508\" data-id=\"26471\" src=\"https:\/\/www.designenlassen.de\/blog\/wp-content\/uploads\/2023\/05\/Farbverlauf-Logo-Insight-811355-Circle.jpg\" alt=\"\" class=\"wp-image-26471\" srcset=\"https:\/\/www.designenlassen.de\/blog\/wp-content\/uploads\/2023\/05\/Farbverlauf-Logo-Insight-811355-Circle.jpg 800w, https:\/\/www.designenlassen.de\/blog\/wp-content\/uploads\/2023\/05\/Farbverlauf-Logo-Insight-811355-Circle-300x191.jpg 300w, https:\/\/www.designenlassen.de\/blog\/wp-content\/uploads\/2023\/05\/Farbverlauf-Logo-Insight-811355-Circle-768x488.jpg 768w\" sizes=\"(max-width: 800px) 100vw, 800px\" \/><figcaption class=\"wp-element-caption\">eCommerce Logo von jhdesign<\/figcaption><\/figure>\n\n\n\n<figure class=\"wp-block-image size-full\"><img loading=\"lazy\" decoding=\"async\" width=\"500\" height=\"500\" data-id=\"27314\" src=\"https:\/\/www.designenlassen.de\/blog\/wp-content\/uploads\/2020\/05\/designenlassen_kegel-logo_tautropfen4.jpg\" alt=\"\" class=\"wp-image-27314\" srcset=\"https:\/\/www.designenlassen.de\/blog\/wp-content\/uploads\/2020\/05\/designenlassen_kegel-logo_tautropfen4.jpg 500w, https:\/\/www.designenlassen.de\/blog\/wp-content\/uploads\/2020\/05\/designenlassen_kegel-logo_tautropfen4-300x300.jpg 300w, https:\/\/www.designenlassen.de\/blog\/wp-content\/uploads\/2020\/05\/designenlassen_kegel-logo_tautropfen4-150x150.jpg 150w\" sizes=\"(max-width: 500px) 100vw, 500px\" \/><figcaption class=\"wp-element-caption\">eCommerce Logo von 2bcreativ<\/figcaption><\/figure>\n\n\n\n<figure class=\"wp-block-image size-full\"><img loading=\"lazy\" decoding=\"async\" width=\"338\" height=\"338\" data-id=\"26459\" src=\"https:\/\/www.designenlassen.de\/blog\/wp-content\/uploads\/2023\/05\/logo-art-infinity-arts.jpg\" alt=\"\" class=\"wp-image-26459\" srcset=\"https:\/\/www.designenlassen.de\/blog\/wp-content\/uploads\/2023\/05\/logo-art-infinity-arts.jpg 338w, https:\/\/www.designenlassen.de\/blog\/wp-content\/uploads\/2023\/05\/logo-art-infinity-arts-300x300.jpg 300w, https:\/\/www.designenlassen.de\/blog\/wp-content\/uploads\/2023\/05\/logo-art-infinity-arts-150x150.jpg 150w\" sizes=\"(max-width: 338px) 100vw, 338px\" \/><figcaption class=\"wp-element-caption\">eCommerce Logo f\u00fcr Agentur von Designer JSatuh<\/figcaption><\/figure>\n\n\n\n<figure class=\"wp-block-image size-full\"><img loading=\"lazy\" decoding=\"async\" width=\"1226\" height=\"944\" data-id=\"27111\" src=\"https:\/\/www.designenlassen.de\/blog\/wp-content\/uploads\/2023\/06\/designenlassen_aphotheken-logo_flora1.png\" alt=\"\" class=\"wp-image-27111\" srcset=\"https:\/\/www.designenlassen.de\/blog\/wp-content\/uploads\/2023\/06\/designenlassen_aphotheken-logo_flora1.png 1226w, https:\/\/www.designenlassen.de\/blog\/wp-content\/uploads\/2023\/06\/designenlassen_aphotheken-logo_flora1-300x231.png 300w, https:\/\/www.designenlassen.de\/blog\/wp-content\/uploads\/2023\/06\/designenlassen_aphotheken-logo_flora1-1024x788.png 1024w, https:\/\/www.designenlassen.de\/blog\/wp-content\/uploads\/2023\/06\/designenlassen_aphotheken-logo_flora1-768x591.png 768w\" sizes=\"(max-width: 1226px) 100vw, 1226px\" \/><\/figure>\n<\/figure>\n\n\n\n<p class=\"has-text-align-center\"><a href=\"https:\/\/www.designenlassen.de\/blog\/category\/inspiration\/\">Mehr Designs entdecken<\/a><\/p>\n\n\n\n<h2 class=\"wp-block-heading\">FAQs: Die wichtigsten Fragen zum FAZ-Logo<\/h2>\n\n\n\n<div style=\"height:34px\" aria-hidden=\"true\" class=\"wp-block-spacer\"><\/div>\n\n\n\n<h3 class=\"wp-block-heading\">Warum ist das FAZ-Logo in Schwarz-Wei\u00df gehalten?<\/h3>\n\n\n\n<p>Das FAZ-Logo ist in Schwarz-Wei\u00df gehalten, um die Schlichtheit, die Klarheit und die Eleganz der Zeitung zu unterstreichen. Das<a href=\"https:\/\/www.designenlassen.de\/blog\/black-and-white-logo-43-designs-fuer-deine-gruendung\/\"> Schwarz-Wei\u00df<\/a>-Kontrast soll auch die Objektivit\u00e4t, die Unabh\u00e4ngigkeit und die Seriosit\u00e4t der Zeitung symbolisieren. Das FAZ-Logo verzichtet auf jegliche Farbe oder Verzierung, um sich ganz auf den Inhalt und die Aussage zu konzentrieren.<\/p>\n\n\n\n<h3 class=\"wp-block-heading\">Wie alt ist das FAZ-Logo?<\/h3>\n\n\n\n<p>Das FAZ-Logo ist fast so alt wie die Zeitung selbst. Es wurde 1950 von dem Grafiker Hans Troschel entworfen, der sich an der Schriftart Times orientierte. Das <a href=\"https:\/\/www.designenlassen.de\/blog\/was-ist-ein-logo\/\">Logo<\/a> sollte die Seriosit\u00e4t, die Tradition und die Modernit\u00e4t der Zeitung ausdr\u00fccken.<\/p>\n\n\n\n<h2 class=\"wp-block-heading\">Fazit<\/h2>\n\n\n\n<p>Die FAZ ist eine Zeitung f\u00fcr Deutschland, die seit \u00fcber 70 Jahren ihren unabh\u00e4ngigen und anspruchsvollen Journalismus anbietet. Sie ist eine Zeitung f\u00fcr die Welt, die \u00fcber das Geschehen in Deutschland und der Welt berichtet. Sie ist eine Zeitung f\u00fcr die Zukunft, die sich den Herausforderungen und Chancen der Digitalisierung stellt. Sie ist eine Zeitung f\u00fcr dich, die dir verl\u00e4ssliche Informationen, fundierte Analysen und kluge Kommentare bietet.<\/p>\n\n\n\n<div class=\"wp-block-buttons is-content-justification-center is-layout-flex wp-container-core-buttons-is-layout-16018d1d wp-block-buttons-is-layout-flex\">\n<div class=\"wp-block-button is-style-fill\"><a class=\"wp-block-button__link has-white-color has-text-color has-background has-text-align-left wp-element-button\" href=\"https:\/\/www.designenlassen.de\/logo-design?utm_source=blog&amp;utm_medium=button&amp;utm_campaign=logo-sammlung\" style=\"background-color:#091182\">Jetzt Logo erstellen<\/a><\/div>\n<\/div>\n\n\n\n<div style=\"height:28px\" aria-hidden=\"true\" class=\"wp-block-spacer\"><\/div>\n\n\n\n<h2 class=\"wp-block-heading\">Weiterf\u00fchrende Informationen<\/h2>\n\n\n\n<ul class=\"wp-block-list\">\n<li><a href=\"https:\/\/de.wikipedia.org\/wiki\/Frankfurter_Allgemeine_Zeitung\">Geschichte<\/a><\/li>\n<\/ul>\n\n\n\n<p><strong>Bildquelle:<\/strong><\/p>\n\n\n\n<ul class=\"wp-block-list\">\n<li><a href=\"https:\/\/www.faz.net\/aktuell\/\">Foto von Wikipedia<\/a><\/li>\n<\/ul>\n","protected":false},"excerpt":{"rendered":"<p>Die Frankfurter Allgemeine Zeitung, kurz F.A.Z. oder FAZ, ist eine der bedeutendsten \u00fcberregionalen Tages- und Wirtschaftszeitungen&hellip;<\/p>\n","protected":false},"author":27,"featured_media":28632,"parent":27972,"menu_order":0,"comment_status":"closed","ping_status":"closed","template":"","meta":{"_lmt_disableupdate":"","_lmt_disable":"","footnotes":""},"class_list":["post-28630","page","type-page","status-publish","has-post-thumbnail","hentry"],"yoast_head":"<!-- This site is optimized with the Yoast SEO plugin v27.5 - https:\/\/yoast.com\/product\/yoast-seo-wordpress\/ -->\n<title>FAZ Logo \u25ba Bilder, Geschichte, Entwicklung &amp; u.v.m<\/title>\n<meta name=\"description\" content=\"Erfahre alles Wichtige \u00fcber das FAZ-Logo: Geschichte \u2713 Ursprung \u2713 Entwicklung \u2713 Bedeutung \u2713 u.v.m. \u25ba Jetzt ansehen!\" \/>\n<meta name=\"robots\" content=\"index, follow, max-snippet:-1, max-image-preview:large, max-video-preview:-1\" \/>\n<link rel=\"canonical\" href=\"https:\/\/www.designenlassen.de\/blog\/bekannte-logos\/faz-logo\/\" \/>\n<meta property=\"og:locale\" content=\"de_DE\" \/>\n<meta property=\"og:type\" content=\"article\" \/>\n<meta property=\"og:title\" content=\"FAZ Logo \u25ba Bilder, Geschichte, Entwicklung &amp; u.v.m\" \/>\n<meta property=\"og:description\" content=\"Erfahre alles Wichtige \u00fcber das FAZ-Logo: Geschichte \u2713 Ursprung \u2713 Entwicklung \u2713 Bedeutung \u2713 u.v.m. \u25ba Jetzt ansehen!\" \/>\n<meta property=\"og:url\" content=\"https:\/\/www.designenlassen.de\/blog\/bekannte-logos\/faz-logo\/\" \/>\n<meta property=\"og:site_name\" content=\"designenlassen.de Blog\" \/>\n<meta property=\"article:modified_time\" content=\"2024-05-14T05:54:42+00:00\" \/>\n<meta property=\"og:image\" content=\"https:\/\/www.designenlassen.de\/blog\/wp-content\/uploads\/2024\/02\/Design-ohne-Titel-82.png\" \/>\n\t<meta property=\"og:image:width\" content=\"600\" \/>\n\t<meta property=\"og:image:height\" content=\"600\" \/>\n\t<meta property=\"og:image:type\" content=\"image\/png\" \/>\n<meta name=\"twitter:card\" content=\"summary_large_image\" \/>\n<meta name=\"twitter:label1\" content=\"Gesch\u00e4tzte Lesezeit\" \/>\n\t<meta name=\"twitter:data1\" content=\"7\u00a0Minuten\" \/>\n<script type=\"application\/ld+json\" class=\"yoast-schema-graph\">{\"@context\":\"https:\\\/\\\/schema.org\",\"@graph\":[{\"@type\":\"WebPage\",\"@id\":\"https:\\\/\\\/www.designenlassen.de\\\/blog\\\/bekannte-logos\\\/faz-logo\\\/\",\"url\":\"https:\\\/\\\/www.designenlassen.de\\\/blog\\\/bekannte-logos\\\/faz-logo\\\/\",\"name\":\"FAZ Logo \u25ba Bilder, Geschichte, Entwicklung & u.v.m\",\"isPartOf\":{\"@id\":\"https:\\\/\\\/www.designenlassen.de\\\/blog\\\/#website\"},\"primaryImageOfPage\":{\"@id\":\"https:\\\/\\\/www.designenlassen.de\\\/blog\\\/bekannte-logos\\\/faz-logo\\\/#primaryimage\"},\"image\":{\"@id\":\"https:\\\/\\\/www.designenlassen.de\\\/blog\\\/bekannte-logos\\\/faz-logo\\\/#primaryimage\"},\"thumbnailUrl\":\"https:\\\/\\\/www.designenlassen.de\\\/blog\\\/wp-content\\\/uploads\\\/2024\\\/02\\\/Design-ohne-Titel-82.png\",\"datePublished\":\"2024-02-16T12:37:04+00:00\",\"dateModified\":\"2024-05-14T05:54:42+00:00\",\"description\":\"Erfahre alles Wichtige \u00fcber das FAZ-Logo: Geschichte \u2713 Ursprung \u2713 Entwicklung \u2713 Bedeutung \u2713 u.v.m. \u25ba Jetzt ansehen!\",\"breadcrumb\":{\"@id\":\"https:\\\/\\\/www.designenlassen.de\\\/blog\\\/bekannte-logos\\\/faz-logo\\\/#breadcrumb\"},\"inLanguage\":\"de\",\"potentialAction\":[{\"@type\":\"ReadAction\",\"target\":[\"https:\\\/\\\/www.designenlassen.de\\\/blog\\\/bekannte-logos\\\/faz-logo\\\/\"]}]},{\"@type\":\"ImageObject\",\"inLanguage\":\"de\",\"@id\":\"https:\\\/\\\/www.designenlassen.de\\\/blog\\\/bekannte-logos\\\/faz-logo\\\/#primaryimage\",\"url\":\"https:\\\/\\\/www.designenlassen.de\\\/blog\\\/wp-content\\\/uploads\\\/2024\\\/02\\\/Design-ohne-Titel-82.png\",\"contentUrl\":\"https:\\\/\\\/www.designenlassen.de\\\/blog\\\/wp-content\\\/uploads\\\/2024\\\/02\\\/Design-ohne-Titel-82.png\",\"width\":600,\"height\":600},{\"@type\":\"BreadcrumbList\",\"@id\":\"https:\\\/\\\/www.designenlassen.de\\\/blog\\\/bekannte-logos\\\/faz-logo\\\/#breadcrumb\",\"itemListElement\":[{\"@type\":\"ListItem\",\"position\":1,\"name\":\"Start\",\"item\":\"https:\\\/\\\/www.designenlassen.de\\\/blog\\\/\"},{\"@type\":\"ListItem\",\"position\":2,\"name\":\"Die 180 bekanntesten Logos im \u00dcberblick\",\"item\":\"https:\\\/\\\/www.designenlassen.de\\\/blog\\\/bekannte-logos\\\/\"},{\"@type\":\"ListItem\",\"position\":3,\"name\":\"Frankfurter Allgemeine Zeitung Logo\"}]},{\"@type\":\"WebSite\",\"@id\":\"https:\\\/\\\/www.designenlassen.de\\\/blog\\\/#website\",\"url\":\"https:\\\/\\\/www.designenlassen.de\\\/blog\\\/\",\"name\":\"designenlassen.de Blog\",\"description\":\"Inspirationen, Tipps und Ideen f\u00fcr Designer sowie Gr\u00fcnder und Kleinbetriebe.\",\"potentialAction\":[{\"@type\":\"SearchAction\",\"target\":{\"@type\":\"EntryPoint\",\"urlTemplate\":\"https:\\\/\\\/www.designenlassen.de\\\/blog\\\/?s={search_term_string}\"},\"query-input\":{\"@type\":\"PropertyValueSpecification\",\"valueRequired\":true,\"valueName\":\"search_term_string\"}}],\"inLanguage\":\"de\"}]}<\/script>\n<!-- \/ Yoast SEO plugin. -->","yoast_head_json":{"title":"FAZ Logo \u25ba Bilder, Geschichte, Entwicklung & u.v.m","description":"Erfahre alles Wichtige \u00fcber das FAZ-Logo: Geschichte \u2713 Ursprung \u2713 Entwicklung \u2713 Bedeutung \u2713 u.v.m. \u25ba Jetzt ansehen!","robots":{"index":"index","follow":"follow","max-snippet":"max-snippet:-1","max-image-preview":"max-image-preview:large","max-video-preview":"max-video-preview:-1"},"canonical":"https:\/\/www.designenlassen.de\/blog\/bekannte-logos\/faz-logo\/","og_locale":"de_DE","og_type":"article","og_title":"FAZ Logo \u25ba Bilder, Geschichte, Entwicklung & u.v.m","og_description":"Erfahre alles Wichtige \u00fcber das FAZ-Logo: Geschichte \u2713 Ursprung \u2713 Entwicklung \u2713 Bedeutung \u2713 u.v.m. \u25ba Jetzt ansehen!","og_url":"https:\/\/www.designenlassen.de\/blog\/bekannte-logos\/faz-logo\/","og_site_name":"designenlassen.de Blog","article_modified_time":"2024-05-14T05:54:42+00:00","og_image":[{"width":600,"height":600,"url":"https:\/\/www.designenlassen.de\/blog\/wp-content\/uploads\/2024\/02\/Design-ohne-Titel-82.png","type":"image\/png"}],"twitter_card":"summary_large_image","twitter_misc":{"Gesch\u00e4tzte Lesezeit":"7\u00a0Minuten"},"schema":{"@context":"https:\/\/schema.org","@graph":[{"@type":"WebPage","@id":"https:\/\/www.designenlassen.de\/blog\/bekannte-logos\/faz-logo\/","url":"https:\/\/www.designenlassen.de\/blog\/bekannte-logos\/faz-logo\/","name":"FAZ Logo \u25ba Bilder, Geschichte, Entwicklung & u.v.m","isPartOf":{"@id":"https:\/\/www.designenlassen.de\/blog\/#website"},"primaryImageOfPage":{"@id":"https:\/\/www.designenlassen.de\/blog\/bekannte-logos\/faz-logo\/#primaryimage"},"image":{"@id":"https:\/\/www.designenlassen.de\/blog\/bekannte-logos\/faz-logo\/#primaryimage"},"thumbnailUrl":"https:\/\/www.designenlassen.de\/blog\/wp-content\/uploads\/2024\/02\/Design-ohne-Titel-82.png","datePublished":"2024-02-16T12:37:04+00:00","dateModified":"2024-05-14T05:54:42+00:00","description":"Erfahre alles Wichtige \u00fcber das FAZ-Logo: Geschichte \u2713 Ursprung \u2713 Entwicklung \u2713 Bedeutung \u2713 u.v.m. \u25ba Jetzt ansehen!","breadcrumb":{"@id":"https:\/\/www.designenlassen.de\/blog\/bekannte-logos\/faz-logo\/#breadcrumb"},"inLanguage":"de","potentialAction":[{"@type":"ReadAction","target":["https:\/\/www.designenlassen.de\/blog\/bekannte-logos\/faz-logo\/"]}]},{"@type":"ImageObject","inLanguage":"de","@id":"https:\/\/www.designenlassen.de\/blog\/bekannte-logos\/faz-logo\/#primaryimage","url":"https:\/\/www.designenlassen.de\/blog\/wp-content\/uploads\/2024\/02\/Design-ohne-Titel-82.png","contentUrl":"https:\/\/www.designenlassen.de\/blog\/wp-content\/uploads\/2024\/02\/Design-ohne-Titel-82.png","width":600,"height":600},{"@type":"BreadcrumbList","@id":"https:\/\/www.designenlassen.de\/blog\/bekannte-logos\/faz-logo\/#breadcrumb","itemListElement":[{"@type":"ListItem","position":1,"name":"Start","item":"https:\/\/www.designenlassen.de\/blog\/"},{"@type":"ListItem","position":2,"name":"Die 180 bekanntesten Logos im \u00dcberblick","item":"https:\/\/www.designenlassen.de\/blog\/bekannte-logos\/"},{"@type":"ListItem","position":3,"name":"Frankfurter Allgemeine Zeitung Logo"}]},{"@type":"WebSite","@id":"https:\/\/www.designenlassen.de\/blog\/#website","url":"https:\/\/www.designenlassen.de\/blog\/","name":"designenlassen.de Blog","description":"Inspirationen, Tipps und Ideen f\u00fcr Designer sowie Gr\u00fcnder und Kleinbetriebe.","potentialAction":[{"@type":"SearchAction","target":{"@type":"EntryPoint","urlTemplate":"https:\/\/www.designenlassen.de\/blog\/?s={search_term_string}"},"query-input":{"@type":"PropertyValueSpecification","valueRequired":true,"valueName":"search_term_string"}}],"inLanguage":"de"}]}},"_links":{"self":[{"href":"https:\/\/www.designenlassen.de\/blog\/wp-json\/wp\/v2\/pages\/28630","targetHints":{"allow":["GET"]}}],"collection":[{"href":"https:\/\/www.designenlassen.de\/blog\/wp-json\/wp\/v2\/pages"}],"about":[{"href":"https:\/\/www.designenlassen.de\/blog\/wp-json\/wp\/v2\/types\/page"}],"author":[{"embeddable":true,"href":"https:\/\/www.designenlassen.de\/blog\/wp-json\/wp\/v2\/users\/27"}],"replies":[{"embeddable":true,"href":"https:\/\/www.designenlassen.de\/blog\/wp-json\/wp\/v2\/comments?post=28630"}],"version-history":[{"count":5,"href":"https:\/\/www.designenlassen.de\/blog\/wp-json\/wp\/v2\/pages\/28630\/revisions"}],"predecessor-version":[{"id":31624,"href":"https:\/\/www.designenlassen.de\/blog\/wp-json\/wp\/v2\/pages\/28630\/revisions\/31624"}],"up":[{"embeddable":true,"href":"https:\/\/www.designenlassen.de\/blog\/wp-json\/wp\/v2\/pages\/27972"}],"wp:featuredmedia":[{"embeddable":true,"href":"https:\/\/www.designenlassen.de\/blog\/wp-json\/wp\/v2\/media\/28632"}],"wp:attachment":[{"href":"https:\/\/www.designenlassen.de\/blog\/wp-json\/wp\/v2\/media?parent=28630"}],"curies":[{"name":"wp","href":"https:\/\/api.w.org\/{rel}","templated":true}]}}