{"id":28634,"date":"2024-02-19T09:22:20","date_gmt":"2024-02-19T07:22:20","guid":{"rendered":"https:\/\/www.designenlassen.de\/blog\/?page_id=28634"},"modified":"2024-05-14T07:54:24","modified_gmt":"2024-05-14T05:54:24","slug":"fresenius-logo","status":"publish","type":"page","link":"https:\/\/www.designenlassen.de\/blog\/bekannte-logos\/fresenius-logo\/","title":{"rendered":"Fresenius Logo"},"content":{"rendered":"\n<figure class=\"wp-block-image size-full is-resized\"><img fetchpriority=\"high\" decoding=\"async\" width=\"1024\" height=\"147\" src=\"https:\/\/www.designenlassen.de\/blog\/wp-content\/uploads\/2024\/02\/1024px-Fresenius.svg_.png\" alt=\"\" class=\"wp-image-28635\" style=\"width:686px;height:auto\" srcset=\"https:\/\/www.designenlassen.de\/blog\/wp-content\/uploads\/2024\/02\/1024px-Fresenius.svg_.png 1024w, https:\/\/www.designenlassen.de\/blog\/wp-content\/uploads\/2024\/02\/1024px-Fresenius.svg_-300x43.png 300w, https:\/\/www.designenlassen.de\/blog\/wp-content\/uploads\/2024\/02\/1024px-Fresenius.svg_-768x110.png 768w\" sizes=\"(max-width: 1024px) 100vw, 1024px\" \/><figcaption class=\"wp-element-caption\"><strong>\u00a9<\/strong> Fresenius \/ fresenius.com<\/figcaption><\/figure>\n\n\n\n<p>Die Fresenius SE &amp; Co. KGaA ist einer der weltweit f\u00fchrenden Anbieter von Produkten und Dienstleistungen f\u00fcr die Gesundheitsbranche. Das Unternehmen ist in vier Gesch\u00e4ftsbereichen t\u00e4tig: Fresenius Medical Care, Fresenius Kabi, Fresenius Helios und Fresenius Vamed. Mit mehr als 300.000 Mitarbeitern in \u00fcber 100 L\u00e4ndern versorgt Fresenius Millionen von Patienten mit lebenswichtiger Medizin und Therapie. <\/p>\n\n\n\n<p>Dabei blickt das Unternehmen auf eine lange und erfolgreiche Geschichte zur\u00fcck, die bis ins 18. Jahrhundert reicht. Eines der <a href=\"https:\/\/www.designenlassen.de\/blog\/bekannte-logos\/\">bekanntesten Logos<\/a><strong> <\/strong>im Gesundheitssektor ist das Fresenius-Logo. In diesem Blogeintrag erf\u00e4hrst du mehr \u00fcber die Urspr\u00fcnge, die Entwicklung und die Bedeutung und des Unternehmens.<\/p>\n\n\n\n<div class=\"wp-block-buttons is-content-justification-center is-layout-flex wp-container-core-buttons-is-layout-16018d1d wp-block-buttons-is-layout-flex\">\n<div class=\"wp-block-button is-style-fill\"><a class=\"wp-block-button__link has-white-color has-text-color has-background has-text-align-left wp-element-button\" href=\"https:\/\/www.designenlassen.de\/logo-design?utm_source=blog&amp;utm_medium=button&amp;utm_campaign=logo-sammlung\" style=\"background-color:#091182\">Jetzt Logo erstellen<\/a><\/div>\n<\/div>\n\n\n\n\n\n<h2 class=\"wp-block-heading\">Ursprung<\/h2>\n\n\n\n<p>Fresenius hat seinen Ursprung in der Apotheke des Dr. Eduard Fresenius, der 1912 das Unternehmen als Pharmafabrik Dr. E. Fresenius gr\u00fcndete. Er spezialisierte sich auf die Herstellung von injizierbaren Arzneimitteln und legte damit den Grundstein f\u00fcr die sp\u00e4tere Entwicklung von Fresenius. Er war auch ein Pionier in der Qualit\u00e4tssicherung und der Sterilisation von Arzneimitteln, die f\u00fcr die Sicherheit und Wirksamkeit der Produkte entscheidend waren.<\/p>\n\n\n\n<h2 class=\"wp-block-heading\">Entwicklung <\/h2>\n\n\n\n<p>Fresenius hat sich im Laufe der Zeit zu einem f\u00fchrenden Gesundheitskonzern entwickelt, der sich an den Bed\u00fcrfnissen und Herausforderungen der Patienten orientiert. Das Unternehmen hat seine Gesch\u00e4ftsfelder kontinuierlich erweitert und diversifiziert, sowohl durch organisches Wachstum als auch durch strategische Akquisitionen. Zu den wichtigsten Meilensteinen geh\u00f6ren die Gr\u00fcndung von Fresenius Medical Care im Jahr 1996, die \u00dcbernahme von Fresenius Kabi im Jahr 2008, die \u00dcbernahme von Fresenius Helios im Jahr 2014 und die \u00dcbernahme von Fresenius Vamed im Jahr 2017.&nbsp;<\/p>\n\n\n\n<p>Diese Gesch\u00e4ftsbereiche decken die gesamte Bandbreite der Gesundheitsversorgung ab, von der Dialyse und der klinischen Ern\u00e4hrung \u00fcber die Krankenhausversorgung und die ambulante Versorgung bis hin zu den Gesundheitsdienstleistungen und der Gesundheitsinfrastruktur.<\/p>\n\n\n\n<h2 class=\"wp-block-heading\">Bedeutung<\/h2>\n\n\n\n<p>Fresenius hat eine hohe Bedeutung f\u00fcr die Gesellschaft, da es Millionen von Patienten auf der ganzen Welt eine bessere Gesundheit und Lebensqualit\u00e4t erm\u00f6glicht. Das Unternehmen leistet einen wesentlichen Beitrag zur L\u00f6sung der globalen Gesundheitsherausforderungen, wie der alternden Bev\u00f6lkerung, dem Anstieg chronischer Erkrankungen, dem Mangel an Gesundheitsressourcen und dem Klimawandel. <\/p>\n\n\n\n<p>Fresenius setzt sich f\u00fcr eine nachhaltige und verantwortungsvolle Gesch\u00e4ftst\u00e4tigkeit ein, die die \u00f6konomischen, \u00f6kologischen und sozialen Aspekte ber\u00fccksichtigt.&nbsp;Fresenius ist auch ein attraktiver Arbeitgeber, der seinen Mitarbeitern vielf\u00e4ltige Karrierem\u00f6glichkeiten, eine wertsch\u00e4tzende Kultur und eine hohe Zufriedenheit bietet.<\/p>\n\n\n\n<div class=\"sof\">\n<h2>Individuelles Design oder Logo gesucht?<\/h2>\n<p>Bei designenlassen.de findest Du \u00fcber <b>100.000 Designer, die Dir ein einzigartiges Design nach Deinen W\u00fcnschen kreieren.<\/b> Starte jetzt Deinen eigenen Designwettbewerb und erhalte zahlreiche individuelle Vorschl\u00e4ge.<br><\/p>\n\n\n\n<\/div>\n\n\n\n<div class=\"wp-block-buttons is-content-justification-center is-layout-flex wp-container-core-buttons-is-layout-16018d1d wp-block-buttons-is-layout-flex\">\n<div class=\"wp-block-button is-style-fill\"><a class=\"wp-block-button__link has-white-color has-text-color has-background has-text-align-left wp-element-button\" href=\"https:\/\/www.designenlassen.de\/logo-design?utm_source=blog&amp;utm_medium=button&amp;utm_campaign=logo-sammlung\" style=\"background-color:#091182\">Jetzt Logo erstellen<\/a><\/div>\n<\/div>\n\n\n\n<div style=\"height:34px\" aria-hidden=\"true\" class=\"wp-block-spacer\"><\/div>\n\n\n\n<h2 class=\"wp-block-heading\">Von uns erstellte Logos<\/h2>\n\n\n\n<figure class=\"wp-block-gallery has-nested-images columns-default is-cropped wp-block-gallery-1 is-layout-flex wp-block-gallery-is-layout-flex\">\n<figure class=\"wp-block-image size-large\"><img decoding=\"async\" width=\"1024\" height=\"622\" data-id=\"18143\" src=\"https:\/\/www.designenlassen.de\/blog\/wp-content\/uploads\/2019\/10\/Logo_Ganzheitliche.Medizin_556165-1024x622.jpg\" alt=\"Logo-Design f\u00fcr ganzheitliche Medizin\" class=\"wp-image-18143\" srcset=\"https:\/\/www.designenlassen.de\/blog\/wp-content\/uploads\/2019\/10\/Logo_Ganzheitliche.Medizin_556165-1024x622.jpg 1024w, https:\/\/www.designenlassen.de\/blog\/wp-content\/uploads\/2019\/10\/Logo_Ganzheitliche.Medizin_556165-300x182.jpg 300w, https:\/\/www.designenlassen.de\/blog\/wp-content\/uploads\/2019\/10\/Logo_Ganzheitliche.Medizin_556165-768x466.jpg 768w, https:\/\/www.designenlassen.de\/blog\/wp-content\/uploads\/2019\/10\/Logo_Ganzheitliche.Medizin_556165.jpg 1314w\" sizes=\"(max-width: 1024px) 100vw, 1024px\" \/><figcaption class=\"wp-element-caption\">Logo ganzheitliche Medizin f\u00fcr PlusVitalis <\/figcaption><\/figure>\n\n\n\n<figure class=\"wp-block-image size-large\"><img decoding=\"async\" width=\"1000\" height=\"1000\" data-id=\"27115\" src=\"https:\/\/www.designenlassen.de\/blog\/wp-content\/uploads\/2023\/06\/designenlassen_aphotheken-logo_medizinhaus.jpg\" alt=\"\" class=\"wp-image-27115\" srcset=\"https:\/\/www.designenlassen.de\/blog\/wp-content\/uploads\/2023\/06\/designenlassen_aphotheken-logo_medizinhaus.jpg 1000w, https:\/\/www.designenlassen.de\/blog\/wp-content\/uploads\/2023\/06\/designenlassen_aphotheken-logo_medizinhaus-300x300.jpg 300w, https:\/\/www.designenlassen.de\/blog\/wp-content\/uploads\/2023\/06\/designenlassen_aphotheken-logo_medizinhaus-150x150.jpg 150w, https:\/\/www.designenlassen.de\/blog\/wp-content\/uploads\/2023\/06\/designenlassen_aphotheken-logo_medizinhaus-768x768.jpg 768w\" sizes=\"(max-width: 1000px) 100vw, 1000px\" \/><\/figure>\n\n\n\n<figure class=\"wp-block-image size-large\"><img loading=\"lazy\" decoding=\"async\" width=\"800\" height=\"591\" data-id=\"18134\" src=\"https:\/\/www.designenlassen.de\/blog\/wp-content\/uploads\/2019\/10\/Medizin-Logo_CAMED_386287-1.png\" alt=\"Medizin-Logo f\u00fcr CAMED\" class=\"wp-image-18134\" srcset=\"https:\/\/www.designenlassen.de\/blog\/wp-content\/uploads\/2019\/10\/Medizin-Logo_CAMED_386287-1.png 800w, https:\/\/www.designenlassen.de\/blog\/wp-content\/uploads\/2019\/10\/Medizin-Logo_CAMED_386287-1-300x222.png 300w, https:\/\/www.designenlassen.de\/blog\/wp-content\/uploads\/2019\/10\/Medizin-Logo_CAMED_386287-1-768x567.png 768w\" sizes=\"(max-width: 800px) 100vw, 800px\" \/><\/figure>\n\n\n\n<figure class=\"wp-block-image size-large\"><img loading=\"lazy\" decoding=\"async\" width=\"338\" height=\"338\" data-id=\"11201\" src=\"https:\/\/www.designenlassen.de\/blog\/wp-content\/uploads\/2015\/07\/Alternativ-Medizin-Hom\u00f6opathie-Logo-AnnaLena-Klein-Pohl.jpg\" alt=\"Alternativ Medizin Hom\u00f6opathie Logo AnnaLena Klein-Pohl\" class=\"wp-image-11201\" srcset=\"https:\/\/www.designenlassen.de\/blog\/wp-content\/uploads\/2015\/07\/Alternativ-Medizin-Hom\u00f6opathie-Logo-AnnaLena-Klein-Pohl.jpg 338w, https:\/\/www.designenlassen.de\/blog\/wp-content\/uploads\/2015\/07\/Alternativ-Medizin-Hom\u00f6opathie-Logo-AnnaLena-Klein-Pohl-150x150.jpg 150w, https:\/\/www.designenlassen.de\/blog\/wp-content\/uploads\/2015\/07\/Alternativ-Medizin-Hom\u00f6opathie-Logo-AnnaLena-Klein-Pohl-300x300.jpg 300w\" sizes=\"(max-width: 338px) 100vw, 338px\" \/><\/figure>\n\n\n\n<figure class=\"wp-block-image size-large\"><img loading=\"lazy\" decoding=\"async\" width=\"338\" height=\"338\" data-id=\"11187\" src=\"https:\/\/www.designenlassen.de\/blog\/wp-content\/uploads\/2015\/07\/Innere-Medizin-Logo-PraxisKlinikMarburg.png\" alt=\"Innere Medizin Logo PraxisKlinikMarburg\" class=\"wp-image-11187\" srcset=\"https:\/\/www.designenlassen.de\/blog\/wp-content\/uploads\/2015\/07\/Innere-Medizin-Logo-PraxisKlinikMarburg.png 338w, https:\/\/www.designenlassen.de\/blog\/wp-content\/uploads\/2015\/07\/Innere-Medizin-Logo-PraxisKlinikMarburg-150x150.png 150w, https:\/\/www.designenlassen.de\/blog\/wp-content\/uploads\/2015\/07\/Innere-Medizin-Logo-PraxisKlinikMarburg-300x300.png 300w\" sizes=\"(max-width: 338px) 100vw, 338px\" \/><\/figure>\n\n\n\n<figure class=\"wp-block-image size-large\"><img decoding=\"async\" data-id=\"2511\" src=\"https:\/\/www.designenlassen.de\/blog\/wp-content\/uploads\/2013\/05\/230_743469-1024x817.jpg\" alt=\"\" class=\"wp-image-2511\"\/><figcaption class=\"wp-element-caption\">Physiotherapie &#8211; medizinische Branche<\/figcaption><\/figure>\n\n\n\n<figure class=\"wp-block-image size-large\"><img loading=\"lazy\" decoding=\"async\" width=\"1000\" height=\"1000\" data-id=\"26216\" src=\"https:\/\/www.designenlassen.de\/blog\/wp-content\/uploads\/2023\/03\/designenlassen.de_zahnarzt-logo_gh.jpg\" alt=\"\" class=\"wp-image-26216\" srcset=\"https:\/\/www.designenlassen.de\/blog\/wp-content\/uploads\/2023\/03\/designenlassen.de_zahnarzt-logo_gh.jpg 1000w, https:\/\/www.designenlassen.de\/blog\/wp-content\/uploads\/2023\/03\/designenlassen.de_zahnarzt-logo_gh-300x300.jpg 300w, https:\/\/www.designenlassen.de\/blog\/wp-content\/uploads\/2023\/03\/designenlassen.de_zahnarzt-logo_gh-150x150.jpg 150w, https:\/\/www.designenlassen.de\/blog\/wp-content\/uploads\/2023\/03\/designenlassen.de_zahnarzt-logo_gh-768x768.jpg 768w\" sizes=\"(max-width: 1000px) 100vw, 1000px\" \/><\/figure>\n\n\n\n<figure class=\"wp-block-image size-large\"><img loading=\"lazy\" decoding=\"async\" width=\"338\" height=\"338\" data-id=\"10185\" src=\"https:\/\/www.designenlassen.de\/blog\/wp-content\/uploads\/2018\/04\/Keck-Paquet-Augenarzt-Logo-Design.png\" alt=\"Keck Paquet Augenarzt Logo Design\" class=\"wp-image-10185\" srcset=\"https:\/\/www.designenlassen.de\/blog\/wp-content\/uploads\/2018\/04\/Keck-Paquet-Augenarzt-Logo-Design.png 338w, https:\/\/www.designenlassen.de\/blog\/wp-content\/uploads\/2018\/04\/Keck-Paquet-Augenarzt-Logo-Design-150x150.png 150w, https:\/\/www.designenlassen.de\/blog\/wp-content\/uploads\/2018\/04\/Keck-Paquet-Augenarzt-Logo-Design-300x300.png 300w\" sizes=\"(max-width: 338px) 100vw, 338px\" \/><\/figure>\n\n\n\n<figure class=\"wp-block-image size-large\"><img loading=\"lazy\" decoding=\"async\" width=\"338\" height=\"338\" data-id=\"11165\" src=\"https:\/\/www.designenlassen.de\/blog\/wp-content\/uploads\/2015\/07\/Haus\u00e4rztliche-Praxis-Logo.png\" alt=\"Haus\u00e4rztliche Praxis Logo\" class=\"wp-image-11165\" srcset=\"https:\/\/www.designenlassen.de\/blog\/wp-content\/uploads\/2015\/07\/Haus\u00e4rztliche-Praxis-Logo.png 338w, https:\/\/www.designenlassen.de\/blog\/wp-content\/uploads\/2015\/07\/Haus\u00e4rztliche-Praxis-Logo-150x150.png 150w, https:\/\/www.designenlassen.de\/blog\/wp-content\/uploads\/2015\/07\/Haus\u00e4rztliche-Praxis-Logo-300x300.png 300w\" sizes=\"(max-width: 338px) 100vw, 338px\" \/><\/figure>\n<\/figure>\n\n\n\n<p class=\"has-text-align-center\"><a href=\"https:\/\/www.designenlassen.de\/blog\/category\/inspiration\/\">Mehr Designs entdecken<\/a><\/p>\n\n\n\n<h2 class=\"wp-block-heading\">FAQs: Die wichtigsten Fragen zu Fresenius<\/h2>\n\n\n\n<div style=\"height:34px\" aria-hidden=\"true\" class=\"wp-block-spacer\"><\/div>\n\n\n\n<h3 class=\"wp-block-heading\">Was sind die vier Gesch\u00e4ftsbereiche von Fresenius?<\/h3>\n\n\n\n<p>Die vier Gesch\u00e4ftsbereiche von Fresenius sind Fresenius Medical Care, Fresenius Kabi, Fresenius Helios und Fresenius Vamed. Fresenius Medical Care ist der weltweit f\u00fchrende Anbieter von Produkten und Dienstleistungen f\u00fcr Menschen mit Nierenerkrankungen. <\/p>\n\n\n\n<p>Fresenius Kabi ist ein globaler Gesundheitskonzern, der sich auf die klinische Ern\u00e4hrung, die Infusionstherapie und die generischen Arzneimittel spezialisiert hat. Fresenius Helios ist Europas f\u00fchrender privater Krankenhausbetreiber.&nbsp;Fresenius Vamed ist ein internationaler Anbieter von Projekten und Dienstleistungen f\u00fcr Gesundheitseinrichtungen.<\/p>\n\n\n\n<h3 class=\"wp-block-heading\">Wie ist Fresenius organisiert?<\/h3>\n\n\n\n<p>Fresenius ist eine europ\u00e4ische Aktiengesellschaft (SE), die aus einer Holdinggesellschaft und vier operativen Gesch\u00e4ftsbereichen besteht. Die Holdinggesellschaft ist die Fresenius SE &amp; Co. KGaA, die die strategische Ausrichtung und die Finanzierung des Konzerns verantwortet. Die vier operativen Gesch\u00e4ftsbereiche sind rechtlich selbstst\u00e4ndige Tochtergesellschaften, die jeweils von einem eigenen Vorstand gef\u00fchrt werden. Die Fresenius SE &amp; Co.&nbsp;KGaA h\u00e4lt jeweils die Mehrheit der Anteile an den Tochtergesellschaften.<\/p>\n\n\n\n<h3 class=\"wp-block-heading\">Wie ist Fresenius entstanden?<\/h3>\n\n\n\n<p>&nbsp;Fresenius ist aus der Apotheke des Dr. Eduard Fresenius hervorgegangen, der 1912 das Unternehmen als Pharmafabrik Dr. E. Fresenius gr\u00fcndete. Er spezialisierte sich auf die Herstellung von injizierbaren Arzneimitteln und legte damit den Grundstein f\u00fcr die sp\u00e4tere Entwicklung von Fresenius. Er war auch ein Pionier in der Qualit\u00e4tssicherung und der Sterilisation von Arzneimitteln, die f\u00fcr die Sicherheit und Wirksamkeit der Produkte entscheidend waren.&nbsp;Er w\u00e4hlte das F als Symbol f\u00fcr seinen Nachnamen und f\u00fcr die pharmazeutische Qualit\u00e4t, die er anstrebte.<\/p>\n\n\n\n<h2 class=\"wp-block-heading\">Fazit<\/h2>\n\n\n\n<p>Fresenius ist ein Gesundheitskonzern, der sich durch seine Produkte und Dienstleistungen f\u00fcr die kritische und chronische Krankenversorgung auszeichnet. Das Unternehmen hat eine lange Geschichte und Tradition, die auf dem Erbe des Gr\u00fcnders Dr. Eduard Fresenius basieren. Fresenius hat sich zu einem globalen und diversifizierten Unternehmen entwickelt, das sich an den Bed\u00fcrfnissen und Herausforderungen der Patienten orientiert. Fresenius hat eine hohe Bedeutung f\u00fcr die Gesellschaft, da es eine bessere Gesundheit und Lebensqualit\u00e4t f\u00fcr Millionen von Menschen erm\u00f6glicht. Fresenius ist ein Unternehmen, das f\u00fcr Qualit\u00e4t, Innovation und Vertrauen steht.<\/p>\n\n\n\n<div class=\"wp-block-buttons is-content-justification-center is-layout-flex wp-container-core-buttons-is-layout-16018d1d wp-block-buttons-is-layout-flex\">\n<div class=\"wp-block-button is-style-fill\"><a class=\"wp-block-button__link has-white-color has-text-color has-background has-text-align-left wp-element-button\" href=\"https:\/\/www.designenlassen.de\/logo-design?utm_source=blog&amp;utm_medium=button&amp;utm_campaign=logo-sammlung\" style=\"background-color:#091182\">Jetzt Logo erstellen<\/a><\/div>\n<\/div>\n\n\n\n<div style=\"height:36px\" aria-hidden=\"true\" class=\"wp-block-spacer\"><\/div>\n\n\n\n<h2 class=\"wp-block-heading\">Weiterf\u00fchrende Informationen<\/h2>\n\n\n\n<ul class=\"wp-block-list\">\n<li><a href=\"https:\/\/de.wikipedia.org\/wiki\/Fresenius_(Unternehmen)\">Geschichte<\/a><\/li>\n<\/ul>\n\n\n\n<p><strong>Bildquelle:<\/strong><\/p>\n\n\n\n<ul class=\"wp-block-list\">\n<li><a href=\"https:\/\/de.m.wikipedia.org\/wiki\/Datei:Fresenius.svg\">Foto von Wikipedia<\/a><\/li>\n<\/ul>\n","protected":false},"excerpt":{"rendered":"<p>Die Fresenius SE &amp; Co. KGaA ist einer der weltweit f\u00fchrenden Anbieter von Produkten und Dienstleistungen&hellip;<\/p>\n","protected":false},"author":27,"featured_media":28658,"parent":27972,"menu_order":0,"comment_status":"closed","ping_status":"closed","template":"","meta":{"_lmt_disableupdate":"","_lmt_disable":"","footnotes":""},"class_list":["post-28634","page","type-page","status-publish","has-post-thumbnail","hentry"],"yoast_head":"<!-- This site is optimized with the Yoast SEO plugin v27.5 - https:\/\/yoast.com\/product\/yoast-seo-wordpress\/ -->\n<title>Fresenius Logo \u25ba Bilder, Geschichte, Entwicklung &amp; u.v.m<\/title>\n<meta name=\"description\" content=\"Erfahre alles Wichtige \u00fcber das Fresenius-Logo: Geschichte \u2713 Ursprung \u2713 Entwicklung \u2713 Bedeutung \u2713 u.v.m. \u25ba Jetzt ansehen!\" \/>\n<meta name=\"robots\" content=\"index, follow, max-snippet:-1, max-image-preview:large, max-video-preview:-1\" \/>\n<link rel=\"canonical\" href=\"https:\/\/www.designenlassen.de\/blog\/bekannte-logos\/fresenius-logo\/\" \/>\n<meta property=\"og:locale\" content=\"de_DE\" \/>\n<meta property=\"og:type\" content=\"article\" \/>\n<meta property=\"og:title\" content=\"Fresenius Logo \u25ba Bilder, Geschichte, Entwicklung &amp; u.v.m\" \/>\n<meta property=\"og:description\" content=\"Erfahre alles Wichtige \u00fcber das Fresenius-Logo: Geschichte \u2713 Ursprung \u2713 Entwicklung \u2713 Bedeutung \u2713 u.v.m. \u25ba Jetzt ansehen!\" \/>\n<meta property=\"og:url\" content=\"https:\/\/www.designenlassen.de\/blog\/bekannte-logos\/fresenius-logo\/\" \/>\n<meta property=\"og:site_name\" content=\"designenlassen.de Blog\" \/>\n<meta property=\"article:modified_time\" content=\"2024-05-14T05:54:24+00:00\" \/>\n<meta property=\"og:image\" content=\"https:\/\/www.designenlassen.de\/blog\/wp-content\/uploads\/2024\/02\/Design-ohne-Titel-83.png\" \/>\n\t<meta property=\"og:image:width\" content=\"600\" \/>\n\t<meta property=\"og:image:height\" content=\"600\" \/>\n\t<meta property=\"og:image:type\" content=\"image\/png\" \/>\n<meta name=\"twitter:card\" content=\"summary_large_image\" \/>\n<meta name=\"twitter:label1\" content=\"Gesch\u00e4tzte Lesezeit\" \/>\n\t<meta name=\"twitter:data1\" content=\"7\u00a0Minuten\" \/>\n<script type=\"application\/ld+json\" class=\"yoast-schema-graph\">{\"@context\":\"https:\\\/\\\/schema.org\",\"@graph\":[{\"@type\":\"WebPage\",\"@id\":\"https:\\\/\\\/www.designenlassen.de\\\/blog\\\/bekannte-logos\\\/fresenius-logo\\\/\",\"url\":\"https:\\\/\\\/www.designenlassen.de\\\/blog\\\/bekannte-logos\\\/fresenius-logo\\\/\",\"name\":\"Fresenius Logo \u25ba Bilder, Geschichte, Entwicklung & u.v.m\",\"isPartOf\":{\"@id\":\"https:\\\/\\\/www.designenlassen.de\\\/blog\\\/#website\"},\"primaryImageOfPage\":{\"@id\":\"https:\\\/\\\/www.designenlassen.de\\\/blog\\\/bekannte-logos\\\/fresenius-logo\\\/#primaryimage\"},\"image\":{\"@id\":\"https:\\\/\\\/www.designenlassen.de\\\/blog\\\/bekannte-logos\\\/fresenius-logo\\\/#primaryimage\"},\"thumbnailUrl\":\"https:\\\/\\\/www.designenlassen.de\\\/blog\\\/wp-content\\\/uploads\\\/2024\\\/02\\\/Design-ohne-Titel-83.png\",\"datePublished\":\"2024-02-19T07:22:20+00:00\",\"dateModified\":\"2024-05-14T05:54:24+00:00\",\"description\":\"Erfahre alles Wichtige \u00fcber das Fresenius-Logo: Geschichte \u2713 Ursprung \u2713 Entwicklung \u2713 Bedeutung \u2713 u.v.m. \u25ba Jetzt ansehen!\",\"breadcrumb\":{\"@id\":\"https:\\\/\\\/www.designenlassen.de\\\/blog\\\/bekannte-logos\\\/fresenius-logo\\\/#breadcrumb\"},\"inLanguage\":\"de\",\"potentialAction\":[{\"@type\":\"ReadAction\",\"target\":[\"https:\\\/\\\/www.designenlassen.de\\\/blog\\\/bekannte-logos\\\/fresenius-logo\\\/\"]}]},{\"@type\":\"ImageObject\",\"inLanguage\":\"de\",\"@id\":\"https:\\\/\\\/www.designenlassen.de\\\/blog\\\/bekannte-logos\\\/fresenius-logo\\\/#primaryimage\",\"url\":\"https:\\\/\\\/www.designenlassen.de\\\/blog\\\/wp-content\\\/uploads\\\/2024\\\/02\\\/Design-ohne-Titel-83.png\",\"contentUrl\":\"https:\\\/\\\/www.designenlassen.de\\\/blog\\\/wp-content\\\/uploads\\\/2024\\\/02\\\/Design-ohne-Titel-83.png\",\"width\":600,\"height\":600},{\"@type\":\"BreadcrumbList\",\"@id\":\"https:\\\/\\\/www.designenlassen.de\\\/blog\\\/bekannte-logos\\\/fresenius-logo\\\/#breadcrumb\",\"itemListElement\":[{\"@type\":\"ListItem\",\"position\":1,\"name\":\"Start\",\"item\":\"https:\\\/\\\/www.designenlassen.de\\\/blog\\\/\"},{\"@type\":\"ListItem\",\"position\":2,\"name\":\"Die 180 bekanntesten Logos im \u00dcberblick\",\"item\":\"https:\\\/\\\/www.designenlassen.de\\\/blog\\\/bekannte-logos\\\/\"},{\"@type\":\"ListItem\",\"position\":3,\"name\":\"Fresenius Logo\"}]},{\"@type\":\"WebSite\",\"@id\":\"https:\\\/\\\/www.designenlassen.de\\\/blog\\\/#website\",\"url\":\"https:\\\/\\\/www.designenlassen.de\\\/blog\\\/\",\"name\":\"designenlassen.de Blog\",\"description\":\"Inspirationen, Tipps und Ideen f\u00fcr Designer sowie Gr\u00fcnder und Kleinbetriebe.\",\"potentialAction\":[{\"@type\":\"SearchAction\",\"target\":{\"@type\":\"EntryPoint\",\"urlTemplate\":\"https:\\\/\\\/www.designenlassen.de\\\/blog\\\/?s={search_term_string}\"},\"query-input\":{\"@type\":\"PropertyValueSpecification\",\"valueRequired\":true,\"valueName\":\"search_term_string\"}}],\"inLanguage\":\"de\"}]}<\/script>\n<!-- \/ Yoast SEO plugin. -->","yoast_head_json":{"title":"Fresenius Logo \u25ba Bilder, Geschichte, Entwicklung & u.v.m","description":"Erfahre alles Wichtige \u00fcber das Fresenius-Logo: Geschichte \u2713 Ursprung \u2713 Entwicklung \u2713 Bedeutung \u2713 u.v.m. \u25ba Jetzt ansehen!","robots":{"index":"index","follow":"follow","max-snippet":"max-snippet:-1","max-image-preview":"max-image-preview:large","max-video-preview":"max-video-preview:-1"},"canonical":"https:\/\/www.designenlassen.de\/blog\/bekannte-logos\/fresenius-logo\/","og_locale":"de_DE","og_type":"article","og_title":"Fresenius Logo \u25ba Bilder, Geschichte, Entwicklung & u.v.m","og_description":"Erfahre alles Wichtige \u00fcber das Fresenius-Logo: Geschichte \u2713 Ursprung \u2713 Entwicklung \u2713 Bedeutung \u2713 u.v.m. \u25ba Jetzt ansehen!","og_url":"https:\/\/www.designenlassen.de\/blog\/bekannte-logos\/fresenius-logo\/","og_site_name":"designenlassen.de Blog","article_modified_time":"2024-05-14T05:54:24+00:00","og_image":[{"width":600,"height":600,"url":"https:\/\/www.designenlassen.de\/blog\/wp-content\/uploads\/2024\/02\/Design-ohne-Titel-83.png","type":"image\/png"}],"twitter_card":"summary_large_image","twitter_misc":{"Gesch\u00e4tzte Lesezeit":"7\u00a0Minuten"},"schema":{"@context":"https:\/\/schema.org","@graph":[{"@type":"WebPage","@id":"https:\/\/www.designenlassen.de\/blog\/bekannte-logos\/fresenius-logo\/","url":"https:\/\/www.designenlassen.de\/blog\/bekannte-logos\/fresenius-logo\/","name":"Fresenius Logo \u25ba Bilder, Geschichte, Entwicklung & u.v.m","isPartOf":{"@id":"https:\/\/www.designenlassen.de\/blog\/#website"},"primaryImageOfPage":{"@id":"https:\/\/www.designenlassen.de\/blog\/bekannte-logos\/fresenius-logo\/#primaryimage"},"image":{"@id":"https:\/\/www.designenlassen.de\/blog\/bekannte-logos\/fresenius-logo\/#primaryimage"},"thumbnailUrl":"https:\/\/www.designenlassen.de\/blog\/wp-content\/uploads\/2024\/02\/Design-ohne-Titel-83.png","datePublished":"2024-02-19T07:22:20+00:00","dateModified":"2024-05-14T05:54:24+00:00","description":"Erfahre alles Wichtige \u00fcber das Fresenius-Logo: Geschichte \u2713 Ursprung \u2713 Entwicklung \u2713 Bedeutung \u2713 u.v.m. \u25ba Jetzt ansehen!","breadcrumb":{"@id":"https:\/\/www.designenlassen.de\/blog\/bekannte-logos\/fresenius-logo\/#breadcrumb"},"inLanguage":"de","potentialAction":[{"@type":"ReadAction","target":["https:\/\/www.designenlassen.de\/blog\/bekannte-logos\/fresenius-logo\/"]}]},{"@type":"ImageObject","inLanguage":"de","@id":"https:\/\/www.designenlassen.de\/blog\/bekannte-logos\/fresenius-logo\/#primaryimage","url":"https:\/\/www.designenlassen.de\/blog\/wp-content\/uploads\/2024\/02\/Design-ohne-Titel-83.png","contentUrl":"https:\/\/www.designenlassen.de\/blog\/wp-content\/uploads\/2024\/02\/Design-ohne-Titel-83.png","width":600,"height":600},{"@type":"BreadcrumbList","@id":"https:\/\/www.designenlassen.de\/blog\/bekannte-logos\/fresenius-logo\/#breadcrumb","itemListElement":[{"@type":"ListItem","position":1,"name":"Start","item":"https:\/\/www.designenlassen.de\/blog\/"},{"@type":"ListItem","position":2,"name":"Die 180 bekanntesten Logos im \u00dcberblick","item":"https:\/\/www.designenlassen.de\/blog\/bekannte-logos\/"},{"@type":"ListItem","position":3,"name":"Fresenius Logo"}]},{"@type":"WebSite","@id":"https:\/\/www.designenlassen.de\/blog\/#website","url":"https:\/\/www.designenlassen.de\/blog\/","name":"designenlassen.de Blog","description":"Inspirationen, Tipps und Ideen f\u00fcr Designer sowie Gr\u00fcnder und Kleinbetriebe.","potentialAction":[{"@type":"SearchAction","target":{"@type":"EntryPoint","urlTemplate":"https:\/\/www.designenlassen.de\/blog\/?s={search_term_string}"},"query-input":{"@type":"PropertyValueSpecification","valueRequired":true,"valueName":"search_term_string"}}],"inLanguage":"de"}]}},"_links":{"self":[{"href":"https:\/\/www.designenlassen.de\/blog\/wp-json\/wp\/v2\/pages\/28634","targetHints":{"allow":["GET"]}}],"collection":[{"href":"https:\/\/www.designenlassen.de\/blog\/wp-json\/wp\/v2\/pages"}],"about":[{"href":"https:\/\/www.designenlassen.de\/blog\/wp-json\/wp\/v2\/types\/page"}],"author":[{"embeddable":true,"href":"https:\/\/www.designenlassen.de\/blog\/wp-json\/wp\/v2\/users\/27"}],"replies":[{"embeddable":true,"href":"https:\/\/www.designenlassen.de\/blog\/wp-json\/wp\/v2\/comments?post=28634"}],"version-history":[{"count":5,"href":"https:\/\/www.designenlassen.de\/blog\/wp-json\/wp\/v2\/pages\/28634\/revisions"}],"predecessor-version":[{"id":31623,"href":"https:\/\/www.designenlassen.de\/blog\/wp-json\/wp\/v2\/pages\/28634\/revisions\/31623"}],"up":[{"embeddable":true,"href":"https:\/\/www.designenlassen.de\/blog\/wp-json\/wp\/v2\/pages\/27972"}],"wp:featuredmedia":[{"embeddable":true,"href":"https:\/\/www.designenlassen.de\/blog\/wp-json\/wp\/v2\/media\/28658"}],"wp:attachment":[{"href":"https:\/\/www.designenlassen.de\/blog\/wp-json\/wp\/v2\/media?parent=28634"}],"curies":[{"name":"wp","href":"https:\/\/api.w.org\/{rel}","templated":true}]}}