{"id":28783,"date":"2024-02-20T11:42:19","date_gmt":"2024-02-20T09:42:19","guid":{"rendered":"https:\/\/www.designenlassen.de\/blog\/?page_id=28783"},"modified":"2024-05-14T08:06:35","modified_gmt":"2024-05-14T06:06:35","slug":"heineken-logo","status":"publish","type":"page","link":"https:\/\/www.designenlassen.de\/blog\/bekannte-logos\/heineken-logo\/","title":{"rendered":"Heineken Logo"},"content":{"rendered":"\n<figure class=\"wp-block-image size-full is-resized\"><img fetchpriority=\"high\" decoding=\"async\" width=\"1024\" height=\"182\" src=\"https:\/\/www.designenlassen.de\/blog\/wp-content\/uploads\/2024\/02\/Heineken_logo.svg_.png\" alt=\"\" class=\"wp-image-28785\" style=\"width:632px;height:auto\" srcset=\"https:\/\/www.designenlassen.de\/blog\/wp-content\/uploads\/2024\/02\/Heineken_logo.svg_.png 1024w, https:\/\/www.designenlassen.de\/blog\/wp-content\/uploads\/2024\/02\/Heineken_logo.svg_-300x53.png 300w, https:\/\/www.designenlassen.de\/blog\/wp-content\/uploads\/2024\/02\/Heineken_logo.svg_-768x137.png 768w\" sizes=\"(max-width: 1024px) 100vw, 1024px\" \/><figcaption class=\"wp-element-caption\"><strong>\u00a9<\/strong> Heineken \/ heineken.com<\/figcaption><\/figure>\n\n\n\n<p>Heineken ist eine der bekanntesten Biermarken der Welt. Das gr\u00fcne Etikett mit dem roten Stern und dem geschwungenen Schriftzug ist auf allen Kontinenten zu finden. Doch wie wurde Heineken zu dem, was es heute ist? Und was steckt hinter einem der <a href=\"https:\/\/www.designenlassen.de\/blog\/bekannte-logos\/\">bekanntesten Logos<\/a>&nbsp;der Bierbranche? In diesem Blogbeitrag erf\u00e4hrst du mehr \u00fcber die spannende Geschichte von Heineken, seine Entwicklung und seine Bedeutung.<\/p>\n\n\n\n<div class=\"wp-block-buttons is-content-justification-center is-layout-flex wp-container-core-buttons-is-layout-16018d1d wp-block-buttons-is-layout-flex\">\n<div class=\"wp-block-button is-style-fill\"><a class=\"wp-block-button__link has-white-color has-text-color has-background has-text-align-left wp-element-button\" href=\"https:\/\/www.designenlassen.de\/logo-design?utm_source=blog&amp;utm_medium=button&amp;utm_campaign=logo-sammlung\" style=\"background-color:#091182\">Jetzt Logo erstellen<\/a><\/div>\n<\/div>\n\n\n\n\n\n<h2 class=\"wp-block-heading\">Ursprung<\/h2>\n\n\n\n<p>Heineken wurde im Jahr 1864 von Gerard Adriaan Heineken gegr\u00fcndet, der im Alter von 22 Jahren die Brauerei De Hooiberg in Amsterdam kaufte. Er hatte die Vision, ein qualitativ hochwertiges Bier zu brauen, das sich von den damals \u00fcblichen oberg\u00e4rigen Bieren unterschied. Er engagierte einen deutschen Braumeister, der ihm das Geheimnis der unterg\u00e4rigen Brauweise verriet. <\/p>\n\n\n\n<p>Damit konnte er ein helles, klares und erfrischendes Bier herstellen, das bald bei den Kunden beliebt wurde. Heineken war einer der ersten Brauer, der sein Bier in Flaschen abf\u00fcllte und transportierte, um es \u00fcber die Grenzen Amsterdams hinaus zu verkaufen.<\/p>\n\n\n\n<h2 class=\"wp-block-heading\">Entwicklung <\/h2>\n\n\n\n<p>Heineken expandierte schnell in den Niederlanden und im Ausland. 1931 er\u00f6ffnete er seine erste ausl\u00e4ndische Niederlassung in Surabaya, Indonesien. 1936 gr\u00fcndete er mit dem Softdrink-Unternehmen Fraser and Neave die heutige Asian Pacific Breweries. Ab den sp\u00e4ten 1930er Jahren eroberte er auch den US-Markt, wo er von den Touristen, die sein Bier in der Karibik getrunken hatten, nachgefragt wurde. Heineken setzte auf eine intensive Werbung, um seine <a href=\"https:\/\/www.designenlassen.de\/blog\/erfolgreiches-branding\/\">Marke<\/a> bekannt zu machen. Er sponserte Sport- und Kulturevents, wie die Olympischen Spiele, die Formel 1 oder den James-Bond-Film Casino Royale.<\/p>\n\n\n\n<p>Ein wichtiger Faktor f\u00fcr den Erfolg von Heineken war sein <a href=\"https:\/\/www.designenlassen.de\/logo-design\">Logo-Design<\/a>, das im Laufe der Zeit mehrmals ver\u00e4ndert wurde. Das erste <a href=\"https:\/\/www.designenlassen.de\/blog\/logo-erstellen-top-firmenlogo-einfach-entwerfen\/\">Firmenlogo<\/a> war ein wei\u00dfes Oval mit einem f\u00fcnfzackigen Stern und den Initialen HBM (Heineken\u2019s Bierbrouwerij Maatschappij). Der Stern symbolisierte die Qualit\u00e4t und die Tradition des Bieres. Sp\u00e4ter wurde der Schriftzug Heineken hinzugef\u00fcgt, der sich durch seine geschwungenen E\u2019s auszeichnete. <\/p>\n\n\n\n<p>Diese sollten die L\u00e4chelnden Gesichter der Biertrinker darstellen. Das Logo wurde im Laufe der Zeit vereinfacht und modernisiert, bis es seine heutige Form annahm: Eine schlanke und sofort erkennbare Inschrift in Gr\u00fcn mit einem durchgehenden roten Stern, der links oder \u00fcber dem Schriftzug angebracht ist. Das Logo ist heute eines der bekanntesten und meistkopierten der Welt.<\/p>\n\n\n\n<h2 class=\"wp-block-heading\">Bedeutung<\/h2>\n\n\n\n<p>Heineken ist mehr als nur ein Bier. Es ist eine Marke, die f\u00fcr Qualit\u00e4t, Innovation und Internationalit\u00e4t steht. Heineken hat sich als globaler Player in der Bierbranche etabliert, der in \u00fcber 190 L\u00e4ndern pr\u00e4sent ist. Heineken ist auch ein Familienunternehmen, das seit vier Generationen von den Nachkommen des Gr\u00fcnders gef\u00fchrt wird. <\/p>\n\n\n\n<p>Heineken ist zudem ein verantwortungsbewusster Unternehmer, der sich f\u00fcr Nachhaltigkeit, soziales Engagement und kulturelle Vielfalt einsetzt. Heineken ist schlie\u00dflich ein Genussmittel, das Menschen zusammenbringt, Freude bereitet und das Leben feiert.<\/p>\n\n\n\n<div class=\"sof\">\n<h2>Individuelles Design oder Logo gesucht?<\/h2>\n<p>Bei designenlassen.de findest Du \u00fcber <b>100.000 Designer, die Dir ein einzigartiges Design nach Deinen W\u00fcnschen kreieren.<\/b> Starte jetzt Deinen eigenen Designwettbewerb und erhalte zahlreiche individuelle Vorschl\u00e4ge.<br><\/p>\n\n\n\n<\/div>\n\n\n\n<div class=\"wp-block-buttons is-content-justification-center is-layout-flex wp-container-core-buttons-is-layout-16018d1d wp-block-buttons-is-layout-flex\">\n<div class=\"wp-block-button is-style-fill\"><a class=\"wp-block-button__link has-white-color has-text-color has-background has-text-align-left wp-element-button\" href=\"https:\/\/www.designenlassen.de\/logo-design?utm_source=blog&amp;utm_medium=button&amp;utm_campaign=logo-sammlung\" style=\"background-color:#091182\">Jetzt Logo erstellen<\/a><\/div>\n<\/div>\n\n\n\n<div style=\"height:34px\" aria-hidden=\"true\" class=\"wp-block-spacer\"><\/div>\n\n\n\n<h2 class=\"wp-block-heading\">Von uns erstellte Logos<\/h2>\n\n\n\n<figure class=\"wp-block-gallery has-nested-images columns-default is-cropped wp-block-gallery-1 is-layout-flex wp-block-gallery-is-layout-flex\">\n<figure class=\"wp-block-image size-large\"><img decoding=\"async\" width=\"500\" height=\"474\" data-id=\"8025\" src=\"https:\/\/www.designenlassen.de\/blog\/wp-content\/uploads\/2017\/05\/Buccaneers-Bay-Brauerei-Logo-Design.jpg\" alt=\"\" class=\"wp-image-8025\" srcset=\"https:\/\/www.designenlassen.de\/blog\/wp-content\/uploads\/2017\/05\/Buccaneers-Bay-Brauerei-Logo-Design.jpg 500w, https:\/\/www.designenlassen.de\/blog\/wp-content\/uploads\/2017\/05\/Buccaneers-Bay-Brauerei-Logo-Design-300x284.jpg 300w\" sizes=\"(max-width: 500px) 100vw, 500px\" \/><\/figure>\n\n\n\n<figure class=\"wp-block-image size-large\"><img decoding=\"async\" width=\"500\" height=\"429\" data-id=\"8023\" src=\"https:\/\/www.designenlassen.de\/blog\/wp-content\/uploads\/2017\/05\/Brauerei-Logo-Design-Schluss-Bier.jpg\" alt=\"\" class=\"wp-image-8023\" srcset=\"https:\/\/www.designenlassen.de\/blog\/wp-content\/uploads\/2017\/05\/Brauerei-Logo-Design-Schluss-Bier.jpg 500w, https:\/\/www.designenlassen.de\/blog\/wp-content\/uploads\/2017\/05\/Brauerei-Logo-Design-Schluss-Bier-300x257.jpg 300w\" sizes=\"(max-width: 500px) 100vw, 500px\" \/><\/figure>\n\n\n\n<figure class=\"wp-block-image size-large\"><img loading=\"lazy\" decoding=\"async\" width=\"500\" height=\"368\" data-id=\"8030\" src=\"https:\/\/www.designenlassen.de\/blog\/wp-content\/uploads\/2017\/05\/Stiefel-Bier-Brauerei-Logo-Design.jpg\" alt=\"\" class=\"wp-image-8030\" srcset=\"https:\/\/www.designenlassen.de\/blog\/wp-content\/uploads\/2017\/05\/Stiefel-Bier-Brauerei-Logo-Design.jpg 500w, https:\/\/www.designenlassen.de\/blog\/wp-content\/uploads\/2017\/05\/Stiefel-Bier-Brauerei-Logo-Design-300x221.jpg 300w\" sizes=\"(max-width: 500px) 100vw, 500px\" \/><\/figure>\n\n\n\n<figure class=\"wp-block-image size-large\"><img loading=\"lazy\" decoding=\"async\" width=\"500\" height=\"455\" data-id=\"8029\" src=\"https:\/\/www.designenlassen.de\/blog\/wp-content\/uploads\/2017\/05\/Schlugg-Helles-Brauerei-Logo-Design.jpg\" alt=\"\" class=\"wp-image-8029\" srcset=\"https:\/\/www.designenlassen.de\/blog\/wp-content\/uploads\/2017\/05\/Schlugg-Helles-Brauerei-Logo-Design.jpg 500w, https:\/\/www.designenlassen.de\/blog\/wp-content\/uploads\/2017\/05\/Schlugg-Helles-Brauerei-Logo-Design-300x273.jpg 300w\" sizes=\"(max-width: 500px) 100vw, 500px\" \/><\/figure>\n\n\n\n<figure class=\"wp-block-image size-large\"><img loading=\"lazy\" decoding=\"async\" width=\"500\" height=\"536\" data-id=\"8028\" src=\"https:\/\/www.designenlassen.de\/blog\/wp-content\/uploads\/2017\/05\/Logo-Brauerei-Stiefelbier.jpg\" alt=\"\" class=\"wp-image-8028\" srcset=\"https:\/\/www.designenlassen.de\/blog\/wp-content\/uploads\/2017\/05\/Logo-Brauerei-Stiefelbier.jpg 500w, https:\/\/www.designenlassen.de\/blog\/wp-content\/uploads\/2017\/05\/Logo-Brauerei-Stiefelbier-280x300.jpg 280w\" sizes=\"(max-width: 500px) 100vw, 500px\" \/><\/figure>\n\n\n\n<figure class=\"wp-block-image size-large\"><img loading=\"lazy\" decoding=\"async\" width=\"500\" height=\"387\" data-id=\"8027\" src=\"https:\/\/www.designenlassen.de\/blog\/wp-content\/uploads\/2017\/05\/Hopfen-Schmiede-Brauerei-Logo-Design.jpg\" alt=\"\" class=\"wp-image-8027\" srcset=\"https:\/\/www.designenlassen.de\/blog\/wp-content\/uploads\/2017\/05\/Hopfen-Schmiede-Brauerei-Logo-Design.jpg 500w, https:\/\/www.designenlassen.de\/blog\/wp-content\/uploads\/2017\/05\/Hopfen-Schmiede-Brauerei-Logo-Design-300x232.jpg 300w\" sizes=\"(max-width: 500px) 100vw, 500px\" \/><\/figure>\n\n\n\n<figure class=\"wp-block-image size-large\"><img loading=\"lazy\" decoding=\"async\" width=\"338\" height=\"338\" data-id=\"12870\" src=\"https:\/\/www.designenlassen.de\/blog\/wp-content\/uploads\/2018\/08\/Logo-Brauereimanufaktur-KADZ-Berlin.png\" alt=\"Logo Brauereimanufaktur KADZ Berlin\" class=\"wp-image-12870\" srcset=\"https:\/\/www.designenlassen.de\/blog\/wp-content\/uploads\/2018\/08\/Logo-Brauereimanufaktur-KADZ-Berlin.png 338w, https:\/\/www.designenlassen.de\/blog\/wp-content\/uploads\/2018\/08\/Logo-Brauereimanufaktur-KADZ-Berlin-150x150.png 150w, https:\/\/www.designenlassen.de\/blog\/wp-content\/uploads\/2018\/08\/Logo-Brauereimanufaktur-KADZ-Berlin-300x300.png 300w\" sizes=\"(max-width: 338px) 100vw, 338px\" \/><\/figure>\n\n\n\n<figure class=\"wp-block-image size-large\"><img loading=\"lazy\" decoding=\"async\" width=\"338\" height=\"338\" data-id=\"14323\" src=\"https:\/\/www.designenlassen.de\/blog\/wp-content\/uploads\/2018\/11\/Emblem-Wappen-Logo-ELSI-Br\u00e4u-Brauerei.jpg\" alt=\"Emblem Wappen Logo ELSI Br\u00e4u Brauerei\" class=\"wp-image-14323\" srcset=\"https:\/\/www.designenlassen.de\/blog\/wp-content\/uploads\/2018\/11\/Emblem-Wappen-Logo-ELSI-Br\u00e4u-Brauerei.jpg 338w, https:\/\/www.designenlassen.de\/blog\/wp-content\/uploads\/2018\/11\/Emblem-Wappen-Logo-ELSI-Br\u00e4u-Brauerei-150x150.jpg 150w, https:\/\/www.designenlassen.de\/blog\/wp-content\/uploads\/2018\/11\/Emblem-Wappen-Logo-ELSI-Br\u00e4u-Brauerei-300x300.jpg 300w\" sizes=\"(max-width: 338px) 100vw, 338px\" \/><\/figure>\n\n\n\n<figure class=\"wp-block-image size-large\"><img loading=\"lazy\" decoding=\"async\" width=\"338\" height=\"338\" data-id=\"18437\" src=\"https:\/\/www.designenlassen.de\/blog\/wp-content\/uploads\/2019\/11\/Bieretiktten-Brauerei-Tazitus-522786.jpg\" alt=\"Bieretiktten Brauerei Tazitus 522786\" class=\"wp-image-18437\" srcset=\"https:\/\/www.designenlassen.de\/blog\/wp-content\/uploads\/2019\/11\/Bieretiktten-Brauerei-Tazitus-522786.jpg 338w, https:\/\/www.designenlassen.de\/blog\/wp-content\/uploads\/2019\/11\/Bieretiktten-Brauerei-Tazitus-522786-150x150.jpg 150w, https:\/\/www.designenlassen.de\/blog\/wp-content\/uploads\/2019\/11\/Bieretiktten-Brauerei-Tazitus-522786-300x300.jpg 300w\" sizes=\"(max-width: 338px) 100vw, 338px\" \/><\/figure>\n<\/figure>\n\n\n\n<p class=\"has-text-align-center\"><a href=\"https:\/\/www.designenlassen.de\/blog\/category\/inspiration\/\">Mehr Designs entdecken<\/a><\/p>\n\n\n\n<h2 class=\"wp-block-heading\">FAQs: Die wichtigsten Fragen zum Heineken-Logo<\/h2>\n\n\n\n<div style=\"height:34px\" aria-hidden=\"true\" class=\"wp-block-spacer\"><\/div>\n\n\n\n<h3 class=\"wp-block-heading\">Was bedeutet der rote Stern auf dem Heineken-Logo?<\/h3>\n\n\n\n<p>Der rote Stern ist ein Symbol f\u00fcr die Qualit\u00e4t und die Tradition des Heineken-Bieres. Er wurde urspr\u00fcnglich im Mittelalter von den europ\u00e4ischen Brauern verwendet, um die verschiedenen Phasen des Brauprozesses zu markieren. Er stand auch f\u00fcr die vier nat\u00fcrlichen Elemente (Erde, Feuer, Wasser und Luft) und den unbekannten f\u00fcnften Bestandteil, der das Bier magisch machte. Der Stern war zun\u00e4chst wei\u00df, wurde aber 1950 rot gef\u00e4rbt, um sich von den kommunistischen Symbolen abzuheben.<\/p>\n\n\n\n<h3 class=\"wp-block-heading\">Warum hat das Heineken-Logo drei E\u2019s, die nach hinten geneigt sind?<\/h3>\n\n\n\n<p>Die drei E\u2019s im Heineken-Logo sind eine Besonderheit des Schriftzugs, der 1933 von einem niederl\u00e4ndischen <a href=\"https:\/\/www.designenlassen.de\/blog\/grafikdesign-von-der-idee-zur-vollendeten-gestaltung\/\">Grafiker<\/a> entworfen wurde. Die E\u2019s sind nach hinten geneigt, um die L\u00e4chelnden Gesichter der Biertrinker zu imitieren. Sie sollen auch einen dynamischen und fr\u00f6hlichen Eindruck vermitteln. Die E\u2019s sind zu einem Markenzeichen von Heineken geworden, das oft kopiert, aber nie erreicht wurde.<\/p>\n\n\n\n<h2 class=\"wp-block-heading\">Fazit<\/h2>\n\n\n\n<p>Heineken ist eine der erfolgreichsten Biermarken der Welt, die auf einer langen und spannenden Geschichte basiert. Von einem kleinen Brauereibetrieb in Amsterdam hat sich Heineken zu einem globalen Konzern entwickelt, der seine Kunden mit einem qualitativ hochwertigen und erfrischenden Bier begeistert. Heineken ist nicht nur ein Bier, sondern eine Lebenseinstellung, die von seinem unverwechselbaren <a href=\"https:\/\/www.designenlassen.de\/blog\/was-ist-ein-logo\/\">Logo<\/a> verk\u00f6rpert wird.<\/p>\n\n\n\n<div class=\"wp-block-buttons is-content-justification-center is-layout-flex wp-container-core-buttons-is-layout-16018d1d wp-block-buttons-is-layout-flex\">\n<div class=\"wp-block-button is-style-fill\"><a class=\"wp-block-button__link has-white-color has-text-color has-background has-text-align-left wp-element-button\" href=\"https:\/\/www.designenlassen.de\/logo-design?utm_source=blog&amp;utm_medium=button&amp;utm_campaign=logo-sammlung\" style=\"background-color:#091182\">Jetzt Logo erstellen<\/a><\/div>\n<\/div>\n\n\n\n<div style=\"height:33px\" aria-hidden=\"true\" class=\"wp-block-spacer\"><\/div>\n\n\n\n<h2 class=\"wp-block-heading\">Weiterf\u00fchrende Informationen<\/h2>\n\n\n\n<ul class=\"wp-block-list\">\n<li><a href=\"https:\/\/de.wikipedia.org\/wiki\/Heineken\">Geschichte<\/a><\/li>\n<\/ul>\n\n\n\n<p><strong>Bildquelle:<\/strong><\/p>\n\n\n\n<ul class=\"wp-block-list\">\n<li><a href=\"https:\/\/de.wikipedia.org\/wiki\/Datei:Heineken_logo.svg\">Foto von Wikipedia<\/a><\/li>\n<\/ul>\n","protected":false},"excerpt":{"rendered":"<p>Heineken ist eine der bekanntesten Biermarken der Welt. Das gr\u00fcne Etikett mit dem roten Stern und&hellip;<\/p>\n","protected":false},"author":27,"featured_media":28784,"parent":27972,"menu_order":0,"comment_status":"closed","ping_status":"closed","template":"","meta":{"_lmt_disableupdate":"","_lmt_disable":"","footnotes":""},"class_list":["post-28783","page","type-page","status-publish","has-post-thumbnail","hentry"],"yoast_head":"<!-- This site is optimized with the Yoast SEO plugin v27.5 - https:\/\/yoast.com\/product\/yoast-seo-wordpress\/ -->\n<title>Heineken Logo \u25ba Bilder, Geschichte, Entwicklung &amp; u.v.m<\/title>\n<meta name=\"description\" content=\"Erfahre alles Wichtige \u00fcber das Heineken-Logo: Geschichte \u2713 Ursprung \u2713 Entwicklung \u2713 Bedeutung \u2713 u.v.m. \u25ba Jetzt ansehen!\" \/>\n<meta name=\"robots\" content=\"index, follow, max-snippet:-1, max-image-preview:large, max-video-preview:-1\" \/>\n<link rel=\"canonical\" href=\"https:\/\/www.designenlassen.de\/blog\/bekannte-logos\/heineken-logo\/\" \/>\n<meta property=\"og:locale\" content=\"de_DE\" \/>\n<meta property=\"og:type\" content=\"article\" \/>\n<meta property=\"og:title\" content=\"Heineken Logo \u25ba Bilder, Geschichte, Entwicklung &amp; u.v.m\" \/>\n<meta property=\"og:description\" content=\"Erfahre alles Wichtige \u00fcber das Heineken-Logo: Geschichte \u2713 Ursprung \u2713 Entwicklung \u2713 Bedeutung \u2713 u.v.m. \u25ba Jetzt ansehen!\" \/>\n<meta property=\"og:url\" content=\"https:\/\/www.designenlassen.de\/blog\/bekannte-logos\/heineken-logo\/\" \/>\n<meta property=\"og:site_name\" content=\"designenlassen.de Blog\" \/>\n<meta property=\"article:modified_time\" content=\"2024-05-14T06:06:35+00:00\" \/>\n<meta property=\"og:image\" content=\"https:\/\/www.designenlassen.de\/blog\/wp-content\/uploads\/2024\/02\/Design-ohne-Titel-96.png\" \/>\n\t<meta property=\"og:image:width\" content=\"600\" \/>\n\t<meta property=\"og:image:height\" content=\"600\" \/>\n\t<meta property=\"og:image:type\" content=\"image\/png\" \/>\n<meta name=\"twitter:card\" content=\"summary_large_image\" \/>\n<meta name=\"twitter:label1\" content=\"Gesch\u00e4tzte Lesezeit\" \/>\n\t<meta name=\"twitter:data1\" content=\"7\u00a0Minuten\" \/>\n<script type=\"application\/ld+json\" class=\"yoast-schema-graph\">{\"@context\":\"https:\\\/\\\/schema.org\",\"@graph\":[{\"@type\":\"WebPage\",\"@id\":\"https:\\\/\\\/www.designenlassen.de\\\/blog\\\/bekannte-logos\\\/heineken-logo\\\/\",\"url\":\"https:\\\/\\\/www.designenlassen.de\\\/blog\\\/bekannte-logos\\\/heineken-logo\\\/\",\"name\":\"Heineken Logo \u25ba Bilder, Geschichte, Entwicklung & u.v.m\",\"isPartOf\":{\"@id\":\"https:\\\/\\\/www.designenlassen.de\\\/blog\\\/#website\"},\"primaryImageOfPage\":{\"@id\":\"https:\\\/\\\/www.designenlassen.de\\\/blog\\\/bekannte-logos\\\/heineken-logo\\\/#primaryimage\"},\"image\":{\"@id\":\"https:\\\/\\\/www.designenlassen.de\\\/blog\\\/bekannte-logos\\\/heineken-logo\\\/#primaryimage\"},\"thumbnailUrl\":\"https:\\\/\\\/www.designenlassen.de\\\/blog\\\/wp-content\\\/uploads\\\/2024\\\/02\\\/Design-ohne-Titel-96.png\",\"datePublished\":\"2024-02-20T09:42:19+00:00\",\"dateModified\":\"2024-05-14T06:06:35+00:00\",\"description\":\"Erfahre alles Wichtige \u00fcber das Heineken-Logo: Geschichte \u2713 Ursprung \u2713 Entwicklung \u2713 Bedeutung \u2713 u.v.m. \u25ba Jetzt ansehen!\",\"breadcrumb\":{\"@id\":\"https:\\\/\\\/www.designenlassen.de\\\/blog\\\/bekannte-logos\\\/heineken-logo\\\/#breadcrumb\"},\"inLanguage\":\"de\",\"potentialAction\":[{\"@type\":\"ReadAction\",\"target\":[\"https:\\\/\\\/www.designenlassen.de\\\/blog\\\/bekannte-logos\\\/heineken-logo\\\/\"]}]},{\"@type\":\"ImageObject\",\"inLanguage\":\"de\",\"@id\":\"https:\\\/\\\/www.designenlassen.de\\\/blog\\\/bekannte-logos\\\/heineken-logo\\\/#primaryimage\",\"url\":\"https:\\\/\\\/www.designenlassen.de\\\/blog\\\/wp-content\\\/uploads\\\/2024\\\/02\\\/Design-ohne-Titel-96.png\",\"contentUrl\":\"https:\\\/\\\/www.designenlassen.de\\\/blog\\\/wp-content\\\/uploads\\\/2024\\\/02\\\/Design-ohne-Titel-96.png\",\"width\":600,\"height\":600},{\"@type\":\"BreadcrumbList\",\"@id\":\"https:\\\/\\\/www.designenlassen.de\\\/blog\\\/bekannte-logos\\\/heineken-logo\\\/#breadcrumb\",\"itemListElement\":[{\"@type\":\"ListItem\",\"position\":1,\"name\":\"Start\",\"item\":\"https:\\\/\\\/www.designenlassen.de\\\/blog\\\/\"},{\"@type\":\"ListItem\",\"position\":2,\"name\":\"Die 180 bekanntesten Logos im \u00dcberblick\",\"item\":\"https:\\\/\\\/www.designenlassen.de\\\/blog\\\/bekannte-logos\\\/\"},{\"@type\":\"ListItem\",\"position\":3,\"name\":\"Heineken Logo\"}]},{\"@type\":\"WebSite\",\"@id\":\"https:\\\/\\\/www.designenlassen.de\\\/blog\\\/#website\",\"url\":\"https:\\\/\\\/www.designenlassen.de\\\/blog\\\/\",\"name\":\"designenlassen.de Blog\",\"description\":\"Inspirationen, Tipps und Ideen f\u00fcr Designer sowie Gr\u00fcnder und Kleinbetriebe.\",\"potentialAction\":[{\"@type\":\"SearchAction\",\"target\":{\"@type\":\"EntryPoint\",\"urlTemplate\":\"https:\\\/\\\/www.designenlassen.de\\\/blog\\\/?s={search_term_string}\"},\"query-input\":{\"@type\":\"PropertyValueSpecification\",\"valueRequired\":true,\"valueName\":\"search_term_string\"}}],\"inLanguage\":\"de\"}]}<\/script>\n<!-- \/ Yoast SEO plugin. -->","yoast_head_json":{"title":"Heineken Logo \u25ba Bilder, Geschichte, Entwicklung & u.v.m","description":"Erfahre alles Wichtige \u00fcber das Heineken-Logo: Geschichte \u2713 Ursprung \u2713 Entwicklung \u2713 Bedeutung \u2713 u.v.m. \u25ba Jetzt ansehen!","robots":{"index":"index","follow":"follow","max-snippet":"max-snippet:-1","max-image-preview":"max-image-preview:large","max-video-preview":"max-video-preview:-1"},"canonical":"https:\/\/www.designenlassen.de\/blog\/bekannte-logos\/heineken-logo\/","og_locale":"de_DE","og_type":"article","og_title":"Heineken Logo \u25ba Bilder, Geschichte, Entwicklung & u.v.m","og_description":"Erfahre alles Wichtige \u00fcber das Heineken-Logo: Geschichte \u2713 Ursprung \u2713 Entwicklung \u2713 Bedeutung \u2713 u.v.m. \u25ba Jetzt ansehen!","og_url":"https:\/\/www.designenlassen.de\/blog\/bekannte-logos\/heineken-logo\/","og_site_name":"designenlassen.de Blog","article_modified_time":"2024-05-14T06:06:35+00:00","og_image":[{"width":600,"height":600,"url":"https:\/\/www.designenlassen.de\/blog\/wp-content\/uploads\/2024\/02\/Design-ohne-Titel-96.png","type":"image\/png"}],"twitter_card":"summary_large_image","twitter_misc":{"Gesch\u00e4tzte Lesezeit":"7\u00a0Minuten"},"schema":{"@context":"https:\/\/schema.org","@graph":[{"@type":"WebPage","@id":"https:\/\/www.designenlassen.de\/blog\/bekannte-logos\/heineken-logo\/","url":"https:\/\/www.designenlassen.de\/blog\/bekannte-logos\/heineken-logo\/","name":"Heineken Logo \u25ba Bilder, Geschichte, Entwicklung & u.v.m","isPartOf":{"@id":"https:\/\/www.designenlassen.de\/blog\/#website"},"primaryImageOfPage":{"@id":"https:\/\/www.designenlassen.de\/blog\/bekannte-logos\/heineken-logo\/#primaryimage"},"image":{"@id":"https:\/\/www.designenlassen.de\/blog\/bekannte-logos\/heineken-logo\/#primaryimage"},"thumbnailUrl":"https:\/\/www.designenlassen.de\/blog\/wp-content\/uploads\/2024\/02\/Design-ohne-Titel-96.png","datePublished":"2024-02-20T09:42:19+00:00","dateModified":"2024-05-14T06:06:35+00:00","description":"Erfahre alles Wichtige \u00fcber das Heineken-Logo: Geschichte \u2713 Ursprung \u2713 Entwicklung \u2713 Bedeutung \u2713 u.v.m. \u25ba Jetzt ansehen!","breadcrumb":{"@id":"https:\/\/www.designenlassen.de\/blog\/bekannte-logos\/heineken-logo\/#breadcrumb"},"inLanguage":"de","potentialAction":[{"@type":"ReadAction","target":["https:\/\/www.designenlassen.de\/blog\/bekannte-logos\/heineken-logo\/"]}]},{"@type":"ImageObject","inLanguage":"de","@id":"https:\/\/www.designenlassen.de\/blog\/bekannte-logos\/heineken-logo\/#primaryimage","url":"https:\/\/www.designenlassen.de\/blog\/wp-content\/uploads\/2024\/02\/Design-ohne-Titel-96.png","contentUrl":"https:\/\/www.designenlassen.de\/blog\/wp-content\/uploads\/2024\/02\/Design-ohne-Titel-96.png","width":600,"height":600},{"@type":"BreadcrumbList","@id":"https:\/\/www.designenlassen.de\/blog\/bekannte-logos\/heineken-logo\/#breadcrumb","itemListElement":[{"@type":"ListItem","position":1,"name":"Start","item":"https:\/\/www.designenlassen.de\/blog\/"},{"@type":"ListItem","position":2,"name":"Die 180 bekanntesten Logos im \u00dcberblick","item":"https:\/\/www.designenlassen.de\/blog\/bekannte-logos\/"},{"@type":"ListItem","position":3,"name":"Heineken Logo"}]},{"@type":"WebSite","@id":"https:\/\/www.designenlassen.de\/blog\/#website","url":"https:\/\/www.designenlassen.de\/blog\/","name":"designenlassen.de Blog","description":"Inspirationen, Tipps und Ideen f\u00fcr Designer sowie Gr\u00fcnder und Kleinbetriebe.","potentialAction":[{"@type":"SearchAction","target":{"@type":"EntryPoint","urlTemplate":"https:\/\/www.designenlassen.de\/blog\/?s={search_term_string}"},"query-input":{"@type":"PropertyValueSpecification","valueRequired":true,"valueName":"search_term_string"}}],"inLanguage":"de"}]}},"_links":{"self":[{"href":"https:\/\/www.designenlassen.de\/blog\/wp-json\/wp\/v2\/pages\/28783","targetHints":{"allow":["GET"]}}],"collection":[{"href":"https:\/\/www.designenlassen.de\/blog\/wp-json\/wp\/v2\/pages"}],"about":[{"href":"https:\/\/www.designenlassen.de\/blog\/wp-json\/wp\/v2\/types\/page"}],"author":[{"embeddable":true,"href":"https:\/\/www.designenlassen.de\/blog\/wp-json\/wp\/v2\/users\/27"}],"replies":[{"embeddable":true,"href":"https:\/\/www.designenlassen.de\/blog\/wp-json\/wp\/v2\/comments?post=28783"}],"version-history":[{"count":7,"href":"https:\/\/www.designenlassen.de\/blog\/wp-json\/wp\/v2\/pages\/28783\/revisions"}],"predecessor-version":[{"id":31650,"href":"https:\/\/www.designenlassen.de\/blog\/wp-json\/wp\/v2\/pages\/28783\/revisions\/31650"}],"up":[{"embeddable":true,"href":"https:\/\/www.designenlassen.de\/blog\/wp-json\/wp\/v2\/pages\/27972"}],"wp:featuredmedia":[{"embeddable":true,"href":"https:\/\/www.designenlassen.de\/blog\/wp-json\/wp\/v2\/media\/28784"}],"wp:attachment":[{"href":"https:\/\/www.designenlassen.de\/blog\/wp-json\/wp\/v2\/media?parent=28783"}],"curies":[{"name":"wp","href":"https:\/\/api.w.org\/{rel}","templated":true}]}}