{"id":28906,"date":"2024-02-21T13:49:03","date_gmt":"2024-02-21T11:49:03","guid":{"rendered":"https:\/\/www.designenlassen.de\/blog\/?page_id=28906"},"modified":"2024-05-16T09:30:37","modified_gmt":"2024-05-16T07:30:37","slug":"kaercher-logo","status":"publish","type":"page","link":"https:\/\/www.designenlassen.de\/blog\/bekannte-logos\/kaercher-logo\/","title":{"rendered":"K\u00e4rcher Logo"},"content":{"rendered":"\n<figure class=\"wp-block-image size-full is-resized\"><img fetchpriority=\"high\" decoding=\"async\" width=\"1024\" height=\"265\" src=\"https:\/\/www.designenlassen.de\/blog\/wp-content\/uploads\/2024\/02\/Kaercher_Logo_2015.svg_.png\" alt=\"\" class=\"wp-image-28938\" style=\"width:694px;height:auto\" srcset=\"https:\/\/www.designenlassen.de\/blog\/wp-content\/uploads\/2024\/02\/Kaercher_Logo_2015.svg_.png 1024w, https:\/\/www.designenlassen.de\/blog\/wp-content\/uploads\/2024\/02\/Kaercher_Logo_2015.svg_-300x78.png 300w, https:\/\/www.designenlassen.de\/blog\/wp-content\/uploads\/2024\/02\/Kaercher_Logo_2015.svg_-768x199.png 768w\" sizes=\"(max-width: 1024px) 100vw, 1024px\" \/><figcaption class=\"wp-element-caption\"><strong>\u00a9<\/strong> K\u00e4rcher \/ kaercher.de<\/figcaption><\/figure>\n\n\n\n<p>K\u00e4rcher ist ein Name, den jeder kennt. Ob Hochdruckreiniger, Sauger, Dampfreiniger oder Gartenger\u00e4te &#8211; die Produkte von K\u00e4rcher sind \u00fcberall im Einsatz, um Schmutz und Staub zu bek\u00e4mpfen. Doch was steckt hinter dem Unternehmen, das eines der&nbsp;<a href=\"https:\/\/www.designenlassen.de\/blog\/bekannte-logos\/\">bekanntesten Logos<\/a>&nbsp;der Welt hat? In diesem Blogeintrag erf\u00e4hrst du mehr \u00fcber die Geschichte, die Entwicklung und die Bedeutung von K\u00e4rcher.<\/p>\n\n\n\n<div class=\"wp-block-buttons is-content-justification-center is-layout-flex wp-container-core-buttons-is-layout-16018d1d wp-block-buttons-is-layout-flex\">\n<div class=\"wp-block-button is-style-fill\"><a class=\"wp-block-button__link has-white-color has-text-color has-background has-text-align-left wp-element-button\" href=\"https:\/\/www.designenlassen.de\/logo-design?utm_source=blog&amp;utm_medium=button&amp;utm_campaign=logo-sammlung\" style=\"background-color:#091182\">Jetzt Logo erstellen<\/a><\/div>\n<\/div>\n\n\n\n\n\n<h2 class=\"wp-block-heading\">Ursprung<\/h2>\n\n\n\n<p>K\u00e4rcher wurde 1935 von Alfred K\u00e4rcher gegr\u00fcndet, einem Ingenieur, der sich auf die Entwicklung und den Bau von Heizger\u00e4ten spezialisiert hatte. Die ersten Produkte waren Industrie\u00f6fen, Salzsieder und Temperierger\u00e4te.&nbsp;Nach dem Zweiten Weltkrieg verlagerte K\u00e4rcher seinen Sitz von Stuttgart nach Winnenden, wo er bis heute ans\u00e4ssig ist.<\/p>\n\n\n\n<h2 class=\"wp-block-heading\">Entwicklung <\/h2>\n\n\n\n<p>In den 1950er Jahren begann K\u00e4rcher mit der Herstellung von Hochdruckreinigern, die damals eine revolution\u00e4re Erfindung waren. Mit dem Modell DS 350 gelang K\u00e4rcher der Durchbruch auf dem Markt.&nbsp;Der erste Hei\u00dfwasser-Hochdruckreiniger der Welt war so leistungsstark, dass er sogar Flugzeuge reinigen konnte. Seitdem hat K\u00e4rcher sein Sortiment stetig erweitert und verbessert, um den unterschiedlichsten Reinigungsbed\u00fcrfnissen gerecht zu werden.&nbsp;Heute bietet K\u00e4rcher mehr als 3.000 Produkte f\u00fcr private und professionelle Anwender an.<\/p>\n\n\n\n<p>Ein wichtiger Meilenstein in der Entwicklung von K\u00e4rcher war die Einf\u00fchrung des gelben Farbtons f\u00fcr die Ger\u00e4te im Jahr 1974. Damit schuf K\u00e4rcher einen hohen Wiedererkennungswert und eine starke Markenidentit\u00e4t. Das gelbe Design wurde auch in das <a href=\"https:\/\/www.designenlassen.de\/blog\/logo-erstellen-top-firmenlogo-einfach-entwerfen\/\">Firmenlogo<\/a> \u00fcbernommen, das aus dem Schriftzug K\u00e4rcher und einem gelben Balken besteht.&nbsp;Das Logo wurde im Laufe der Zeit mehrmals leicht ver\u00e4ndert, um es moderner und dynamischer zu gestalten.<\/p>\n\n\n\n<h2 class=\"wp-block-heading\">Bedeutung<\/h2>\n\n\n\n<p>K\u00e4rcher ist mehr als nur ein Hersteller von Reinigungsger\u00e4ten. K\u00e4rcher steht f\u00fcr Qualit\u00e4t, Innovation und Nachhaltigkeit. Die Produkte von K\u00e4rcher zeichnen sich durch hohe Leistung, Langlebigkeit und Benutzerfreundlichkeit aus. Sie sind so konzipiert, dass sie Ressourcen schonen und die Umwelt sch\u00fctzen. <\/p>\n\n\n\n<p>K\u00e4rcher investiert viel in Forschung und Entwicklung, um st\u00e4ndig neue und bessere L\u00f6sungen f\u00fcr jede Reinigungsaufgabe zu finden.&nbsp;K\u00e4rcher ist auch sozial engagiert und unterst\u00fctzt verschiedene Projekte im Bereich Bildung, Kultur und Umweltschutz.<\/p>\n\n\n\n<p>K\u00e4rcher ist nicht nur ein Unternehmen, sondern eine Marke, die weltweit bekannt und gesch\u00e4tzt ist.&nbsp;K\u00e4rcher ist in mehr als 160 L\u00e4ndern vertreten und besch\u00e4ftigt rund 13.500 Mitarbeiter. K\u00e4rcher ist auch ein Synonym f\u00fcr Sauberkeit und Pflege.&nbsp;<\/p>\n\n\n\n<p>Mit seinen Reinigungsaktionen hat K\u00e4rcher viele ber\u00fchmte Bauwerke und Denkm\u00e4ler auf der ganzen Welt wieder zum Strahlen gebracht, wie zum Beispiel das Brandenburger Tor, die Christusstatue in Rio de Janeiro oder die Felsentempel von Abu Simbel.<\/p>\n\n\n\n<div class=\"sof\">\n<h2>Individuelles Design oder Logo gesucht?<\/h2>\n<p>Bei designenlassen.de findest Du \u00fcber <b>100.000 Designer, die Dir ein einzigartiges Design nach Deinen W\u00fcnschen kreieren.<\/b> Starte jetzt Deinen eigenen Designwettbewerb und erhalte zahlreiche individuelle Vorschl\u00e4ge.<br><\/p>\n\n\n\n<\/div>\n\n\n\n<div class=\"wp-block-buttons is-content-justification-center is-layout-flex wp-container-core-buttons-is-layout-16018d1d wp-block-buttons-is-layout-flex\">\n<div class=\"wp-block-button is-style-fill\"><a class=\"wp-block-button__link has-white-color has-text-color has-background has-text-align-left wp-element-button\" href=\"https:\/\/www.designenlassen.de\/logo-design?utm_source=blog&amp;utm_medium=button&amp;utm_campaign=logo-sammlung\" style=\"background-color:#091182\">Jetzt Logo erstellen<\/a><\/div>\n<\/div>\n\n\n\n<div style=\"height:34px\" aria-hidden=\"true\" class=\"wp-block-spacer\"><\/div>\n\n\n\n<h2 class=\"wp-block-heading\">Von uns erstellte Logos<\/h2>\n\n\n\n<figure class=\"wp-block-gallery has-nested-images columns-default is-cropped wp-block-gallery-1 is-layout-flex wp-block-gallery-is-layout-flex\">\n<figure class=\"wp-block-image size-full\"><img decoding=\"async\" width=\"500\" height=\"500\" data-id=\"27462\" src=\"https:\/\/www.designenlassen.de\/blog\/wp-content\/uploads\/2023\/08\/designenlassen_gartenbau-logo_wrede.jpg\" alt=\"\" class=\"wp-image-27462\" srcset=\"https:\/\/www.designenlassen.de\/blog\/wp-content\/uploads\/2023\/08\/designenlassen_gartenbau-logo_wrede.jpg 500w, https:\/\/www.designenlassen.de\/blog\/wp-content\/uploads\/2023\/08\/designenlassen_gartenbau-logo_wrede-300x300.jpg 300w, https:\/\/www.designenlassen.de\/blog\/wp-content\/uploads\/2023\/08\/designenlassen_gartenbau-logo_wrede-150x150.jpg 150w\" sizes=\"(max-width: 500px) 100vw, 500px\" \/><figcaption class=\"wp-element-caption\">eCommerce Logo von ichoomi<\/figcaption><\/figure>\n\n\n\n<figure class=\"wp-block-image size-full\"><img decoding=\"async\" width=\"338\" height=\"338\" data-id=\"24260\" src=\"https:\/\/www.designenlassen.de\/blog\/wp-content\/uploads\/2021\/05\/Kaiser-Bau-One-Line-Logo-Design-224448-arrasyiqjpr.jpg\" alt=\"Kaiser-Bau-One-Line-Logo-Design\" class=\"wp-image-24260\" srcset=\"https:\/\/www.designenlassen.de\/blog\/wp-content\/uploads\/2021\/05\/Kaiser-Bau-One-Line-Logo-Design-224448-arrasyiqjpr.jpg 338w, https:\/\/www.designenlassen.de\/blog\/wp-content\/uploads\/2021\/05\/Kaiser-Bau-One-Line-Logo-Design-224448-arrasyiqjpr-300x300.jpg 300w, https:\/\/www.designenlassen.de\/blog\/wp-content\/uploads\/2021\/05\/Kaiser-Bau-One-Line-Logo-Design-224448-arrasyiqjpr-150x150.jpg 150w\" sizes=\"(max-width: 338px) 100vw, 338px\" \/><figcaption class=\"wp-element-caption\">Bank Logo f\u00fcr &#8222;immer im Plus&#8220; von DesING mit Eurozeichen und Plussymbol<\/figcaption><\/figure>\n\n\n\n<figure class=\"wp-block-image size-full\"><img loading=\"lazy\" decoding=\"async\" width=\"900\" height=\"900\" data-id=\"23407\" src=\"https:\/\/www.designenlassen.de\/blog\/wp-content\/uploads\/2021\/02\/All_about_prop_Gebaeude_Logo_352833.png\" alt=\"Geb\u00e4ude-Logo f\u00fcr Immobilienmanagement\" class=\"wp-image-23407\" srcset=\"https:\/\/www.designenlassen.de\/blog\/wp-content\/uploads\/2021\/02\/All_about_prop_Gebaeude_Logo_352833.png 900w, https:\/\/www.designenlassen.de\/blog\/wp-content\/uploads\/2021\/02\/All_about_prop_Gebaeude_Logo_352833-300x300.png 300w, https:\/\/www.designenlassen.de\/blog\/wp-content\/uploads\/2021\/02\/All_about_prop_Gebaeude_Logo_352833-150x150.png 150w, https:\/\/www.designenlassen.de\/blog\/wp-content\/uploads\/2021\/02\/All_about_prop_Gebaeude_Logo_352833-768x768.png 768w\" sizes=\"(max-width: 900px) 100vw, 900px\" \/><figcaption class=\"wp-element-caption\">Geb\u00e4ude-Logo f\u00fcr All About Prop<\/figcaption><\/figure>\n\n\n\n<figure class=\"wp-block-image size-full\"><img loading=\"lazy\" decoding=\"async\" width=\"338\" height=\"338\" data-id=\"10349\" src=\"https:\/\/www.designenlassen.de\/blog\/wp-content\/uploads\/2015\/07\/schlossberg-hotel-oberhof-logo-design.png\" alt=\"\" class=\"wp-image-10349\" srcset=\"https:\/\/www.designenlassen.de\/blog\/wp-content\/uploads\/2015\/07\/schlossberg-hotel-oberhof-logo-design.png 338w, https:\/\/www.designenlassen.de\/blog\/wp-content\/uploads\/2015\/07\/schlossberg-hotel-oberhof-logo-design-150x150.png 150w, https:\/\/www.designenlassen.de\/blog\/wp-content\/uploads\/2015\/07\/schlossberg-hotel-oberhof-logo-design-300x300.png 300w\" sizes=\"(max-width: 338px) 100vw, 338px\" \/><figcaption class=\"wp-element-caption\">eCommerce Logo von CreativeLogo<\/figcaption><\/figure>\n\n\n\n<figure class=\"wp-block-image size-full\"><img loading=\"lazy\" decoding=\"async\" width=\"800\" height=\"520\" data-id=\"10352\" src=\"https:\/\/www.designenlassen.de\/blog\/wp-content\/uploads\/2015\/07\/b\u00e4ckerei-hotel-imseng-design.png\" alt=\"\" class=\"wp-image-10352\" srcset=\"https:\/\/www.designenlassen.de\/blog\/wp-content\/uploads\/2015\/07\/b\u00e4ckerei-hotel-imseng-design.png 800w, https:\/\/www.designenlassen.de\/blog\/wp-content\/uploads\/2015\/07\/b\u00e4ckerei-hotel-imseng-design-300x195.png 300w, https:\/\/www.designenlassen.de\/blog\/wp-content\/uploads\/2015\/07\/b\u00e4ckerei-hotel-imseng-design-768x499.png 768w\" sizes=\"(max-width: 800px) 100vw, 800px\" \/><\/figure>\n\n\n\n<figure class=\"wp-block-image size-full\"><img loading=\"lazy\" decoding=\"async\" width=\"800\" height=\"358\" data-id=\"12766\" src=\"https:\/\/www.designenlassen.de\/blog\/wp-content\/uploads\/2016\/09\/Logo-Design-Wellness-Wald-Spa-Schwarzwaldhotel-24996.png\" alt=\"Logo Design Wellness Wald Spa Schwarzwaldhotel 24996\" class=\"wp-image-12766\" srcset=\"https:\/\/www.designenlassen.de\/blog\/wp-content\/uploads\/2016\/09\/Logo-Design-Wellness-Wald-Spa-Schwarzwaldhotel-24996.png 800w, https:\/\/www.designenlassen.de\/blog\/wp-content\/uploads\/2016\/09\/Logo-Design-Wellness-Wald-Spa-Schwarzwaldhotel-24996-300x134.png 300w, https:\/\/www.designenlassen.de\/blog\/wp-content\/uploads\/2016\/09\/Logo-Design-Wellness-Wald-Spa-Schwarzwaldhotel-24996-768x344.png 768w\" sizes=\"(max-width: 800px) 100vw, 800px\" \/><figcaption class=\"wp-element-caption\">eCommerce Logo von jhdesign<\/figcaption><\/figure>\n\n\n\n<figure class=\"wp-block-image size-full\"><img loading=\"lazy\" decoding=\"async\" width=\"1024\" height=\"1024\" data-id=\"28806\" src=\"https:\/\/www.designenlassen.de\/blog\/wp-content\/uploads\/2024\/02\/73a23ad6-1854-4bd9-a718-4c2c37fffa37.jpg\" alt=\"\" class=\"wp-image-28806\" srcset=\"https:\/\/www.designenlassen.de\/blog\/wp-content\/uploads\/2024\/02\/73a23ad6-1854-4bd9-a718-4c2c37fffa37.jpg 1024w, https:\/\/www.designenlassen.de\/blog\/wp-content\/uploads\/2024\/02\/73a23ad6-1854-4bd9-a718-4c2c37fffa37-300x300.jpg 300w, https:\/\/www.designenlassen.de\/blog\/wp-content\/uploads\/2024\/02\/73a23ad6-1854-4bd9-a718-4c2c37fffa37-150x150.jpg 150w, https:\/\/www.designenlassen.de\/blog\/wp-content\/uploads\/2024\/02\/73a23ad6-1854-4bd9-a718-4c2c37fffa37-768x768.jpg 768w\" sizes=\"(max-width: 1024px) 100vw, 1024px\" \/><\/figure>\n\n\n\n<figure class=\"wp-block-image size-full\"><img loading=\"lazy\" decoding=\"async\" width=\"984\" height=\"450\" data-id=\"23398\" src=\"https:\/\/www.designenlassen.de\/blog\/wp-content\/uploads\/2021\/02\/K3_Gebaeude_Logo_836967.png\" alt=\"Geb\u00e4ude Logo f\u00fcr Beratungsunternehmen K3\" class=\"wp-image-23398\" srcset=\"https:\/\/www.designenlassen.de\/blog\/wp-content\/uploads\/2021\/02\/K3_Gebaeude_Logo_836967.png 984w, https:\/\/www.designenlassen.de\/blog\/wp-content\/uploads\/2021\/02\/K3_Gebaeude_Logo_836967-300x137.png 300w, https:\/\/www.designenlassen.de\/blog\/wp-content\/uploads\/2021\/02\/K3_Gebaeude_Logo_836967-768x351.png 768w\" sizes=\"(max-width: 984px) 100vw, 984px\" \/><figcaption class=\"wp-element-caption\">Logo-Design mit Geb\u00e4ude f\u00fcr K3<\/figcaption><\/figure>\n\n\n\n<figure class=\"wp-block-image size-full\"><img loading=\"lazy\" decoding=\"async\" width=\"500\" height=\"358\" data-id=\"27460\" src=\"https:\/\/www.designenlassen.de\/blog\/wp-content\/uploads\/2023\/08\/designenlassen_gartenbau-logo_wimer.jpg\" alt=\"\" class=\"wp-image-27460\" srcset=\"https:\/\/www.designenlassen.de\/blog\/wp-content\/uploads\/2023\/08\/designenlassen_gartenbau-logo_wimer.jpg 500w, https:\/\/www.designenlassen.de\/blog\/wp-content\/uploads\/2023\/08\/designenlassen_gartenbau-logo_wimer-300x215.jpg 300w\" sizes=\"(max-width: 500px) 100vw, 500px\" \/><\/figure>\n<\/figure>\n\n\n\n<p class=\"has-text-align-center\"><a href=\"https:\/\/www.designenlassen.de\/blog\/category\/inspiration\/\">Mehr Designs entdecken<\/a><\/p>\n\n\n\n<h2 class=\"wp-block-heading\">FAQs: Die wichtigsten Fragen zum K\u00e4rcher-Logo<\/h2>\n\n\n\n<div style=\"height:34px\" aria-hidden=\"true\" class=\"wp-block-spacer\"><\/div>\n\n\n\n<h3 class=\"wp-block-heading\">Was bedeutet der gelbe Balken im K\u00e4rcher-Logo?<\/h3>\n\n\n\n<p>Der gelbe Balken im K\u00e4rcher-Logo symbolisiert die Reinigungskraft und die Energie der Produkte von K\u00e4rcher.&nbsp;Er soll auch einen Kontrast zu dem dunklen Hintergrund schaffen, auf dem das Logo meistens platziert ist.<\/p>\n\n\n\n<h3 class=\"wp-block-heading\">Wer hat das K\u00e4rcher-Logo entworfen?<\/h3>\n\n\n\n<p>Das K\u00e4rcher-Logo wurde von Alfred K\u00e4rcher selbst entworfen, basierend auf seinem Nachnamen. Er wollte ein einfaches und pr\u00e4gnantes <a href=\"https:\/\/www.designenlassen.de\/blog\/logo-entwerfen-die-10-besten-tipps-zur-logoerstellung\/\">Logo entwerfen<\/a>, das seine Marke repr\u00e4sentiert.&nbsp;Das Logo wurde sp\u00e4ter von verschiedenen <a href=\"https:\/\/www.designenlassen.de\/blog\/grafikdesign-von-der-idee-zur-vollendeten-gestaltung\/\">Grafikdesignern<\/a> \u00fcberarbeitet, um es moderner und dynamischer zu gestalten.<\/p>\n\n\n\n<h2 class=\"wp-block-heading\">Fazit<\/h2>\n\n\n\n<p>K\u00e4rcher ist ein Familienunternehmen mit einer langen und erfolgreichen Geschichte. Mit seinen innovativen und effizienten Reinigungssystemen hat K\u00e4rcher einen Unterschied gemacht und sich als Weltmarktf\u00fchrer f\u00fcr Reinigungstechnik etabliert. K\u00e4rcher ist eine Marke, die f\u00fcr Spitzenleistung, Qualit\u00e4t und Verantwortung steht. K\u00e4rcher macht nicht nur sauber, sondern auch gl\u00fccklich.<\/p>\n\n\n\n<div class=\"wp-block-buttons is-content-justification-center is-layout-flex wp-container-core-buttons-is-layout-16018d1d wp-block-buttons-is-layout-flex\">\n<div class=\"wp-block-button is-style-fill\"><a class=\"wp-block-button__link has-white-color has-text-color has-background has-text-align-left wp-element-button\" href=\"https:\/\/www.designenlassen.de\/logo-design?utm_source=blog&amp;utm_medium=button&amp;utm_campaign=logo-sammlung\" style=\"background-color:#091182\">Jetzt Logo erstellen<\/a><\/div>\n<\/div>\n\n\n\n<div style=\"height:37px\" aria-hidden=\"true\" class=\"wp-block-spacer\"><\/div>\n\n\n\n<h2 class=\"wp-block-heading\">Weiterf\u00fchrende Informationen<\/h2>\n\n\n\n<ul class=\"wp-block-list\">\n<li><a href=\"https:\/\/de.wikipedia.org\/wiki\/K%C3%A4rcher_(Unternehmen)\">Geschichte<\/a><\/li>\n<\/ul>\n\n\n\n<p><strong>Bildquelle:<\/strong><\/p>\n\n\n\n<ul class=\"wp-block-list\">\n<li><a href=\"https:\/\/de.wikipedia.org\/wiki\/Datei:K%C3%A4rcher_Logo_2015.svg\">Foto von Wikipedia<\/a><\/li>\n<\/ul>\n","protected":false},"excerpt":{"rendered":"<p>K\u00e4rcher ist ein Name, den jeder kennt. Ob Hochdruckreiniger, Sauger, Dampfreiniger oder Gartenger\u00e4te &#8211; die Produkte&hellip;<\/p>\n","protected":false},"author":27,"featured_media":28940,"parent":27972,"menu_order":0,"comment_status":"closed","ping_status":"closed","template":"","meta":{"_lmt_disableupdate":"","_lmt_disable":"","footnotes":""},"class_list":["post-28906","page","type-page","status-publish","has-post-thumbnail","hentry"],"yoast_head":"<!-- This site is optimized with the Yoast SEO plugin v27.5 - https:\/\/yoast.com\/product\/yoast-seo-wordpress\/ -->\n<title>K\u00e4rcher Logo \u25ba Bilder, Geschichte, Entwicklung &amp; u.v.m<\/title>\n<meta name=\"description\" content=\"Erfahre alles Wichtige \u00fcber das K\u00e4rcher-Logo: Geschichte \u2713 Ursprung \u2713 Entwicklung \u2713 Bedeutung \u2713 u.v.m. \u25ba Jetzt ansehen!\" \/>\n<meta name=\"robots\" content=\"index, follow, max-snippet:-1, max-image-preview:large, max-video-preview:-1\" \/>\n<link rel=\"canonical\" href=\"https:\/\/www.designenlassen.de\/blog\/bekannte-logos\/kaercher-logo\/\" \/>\n<meta property=\"og:locale\" content=\"de_DE\" \/>\n<meta property=\"og:type\" content=\"article\" \/>\n<meta property=\"og:title\" content=\"K\u00e4rcher Logo \u25ba Bilder, Geschichte, Entwicklung &amp; u.v.m\" \/>\n<meta property=\"og:description\" content=\"Erfahre alles Wichtige \u00fcber das K\u00e4rcher-Logo: Geschichte \u2713 Ursprung \u2713 Entwicklung \u2713 Bedeutung \u2713 u.v.m. \u25ba Jetzt ansehen!\" \/>\n<meta property=\"og:url\" content=\"https:\/\/www.designenlassen.de\/blog\/bekannte-logos\/kaercher-logo\/\" \/>\n<meta property=\"og:site_name\" content=\"designenlassen.de Blog\" \/>\n<meta property=\"article:modified_time\" content=\"2024-05-16T07:30:37+00:00\" \/>\n<meta property=\"og:image\" content=\"https:\/\/www.designenlassen.de\/blog\/wp-content\/uploads\/2024\/02\/Dein-Abschnittstext-12.png\" \/>\n\t<meta property=\"og:image:width\" content=\"600\" \/>\n\t<meta property=\"og:image:height\" content=\"600\" \/>\n\t<meta property=\"og:image:type\" content=\"image\/png\" \/>\n<meta name=\"twitter:card\" content=\"summary_large_image\" \/>\n<meta name=\"twitter:label1\" content=\"Gesch\u00e4tzte Lesezeit\" \/>\n\t<meta name=\"twitter:data1\" content=\"6\u00a0Minuten\" \/>\n<script type=\"application\/ld+json\" class=\"yoast-schema-graph\">{\"@context\":\"https:\\\/\\\/schema.org\",\"@graph\":[{\"@type\":\"WebPage\",\"@id\":\"https:\\\/\\\/www.designenlassen.de\\\/blog\\\/bekannte-logos\\\/kaercher-logo\\\/\",\"url\":\"https:\\\/\\\/www.designenlassen.de\\\/blog\\\/bekannte-logos\\\/kaercher-logo\\\/\",\"name\":\"K\u00e4rcher Logo \u25ba Bilder, Geschichte, Entwicklung & u.v.m\",\"isPartOf\":{\"@id\":\"https:\\\/\\\/www.designenlassen.de\\\/blog\\\/#website\"},\"primaryImageOfPage\":{\"@id\":\"https:\\\/\\\/www.designenlassen.de\\\/blog\\\/bekannte-logos\\\/kaercher-logo\\\/#primaryimage\"},\"image\":{\"@id\":\"https:\\\/\\\/www.designenlassen.de\\\/blog\\\/bekannte-logos\\\/kaercher-logo\\\/#primaryimage\"},\"thumbnailUrl\":\"https:\\\/\\\/www.designenlassen.de\\\/blog\\\/wp-content\\\/uploads\\\/2024\\\/02\\\/Dein-Abschnittstext-12.png\",\"datePublished\":\"2024-02-21T11:49:03+00:00\",\"dateModified\":\"2024-05-16T07:30:37+00:00\",\"description\":\"Erfahre alles Wichtige \u00fcber das K\u00e4rcher-Logo: Geschichte \u2713 Ursprung \u2713 Entwicklung \u2713 Bedeutung \u2713 u.v.m. \u25ba Jetzt ansehen!\",\"breadcrumb\":{\"@id\":\"https:\\\/\\\/www.designenlassen.de\\\/blog\\\/bekannte-logos\\\/kaercher-logo\\\/#breadcrumb\"},\"inLanguage\":\"de\",\"potentialAction\":[{\"@type\":\"ReadAction\",\"target\":[\"https:\\\/\\\/www.designenlassen.de\\\/blog\\\/bekannte-logos\\\/kaercher-logo\\\/\"]}]},{\"@type\":\"ImageObject\",\"inLanguage\":\"de\",\"@id\":\"https:\\\/\\\/www.designenlassen.de\\\/blog\\\/bekannte-logos\\\/kaercher-logo\\\/#primaryimage\",\"url\":\"https:\\\/\\\/www.designenlassen.de\\\/blog\\\/wp-content\\\/uploads\\\/2024\\\/02\\\/Dein-Abschnittstext-12.png\",\"contentUrl\":\"https:\\\/\\\/www.designenlassen.de\\\/blog\\\/wp-content\\\/uploads\\\/2024\\\/02\\\/Dein-Abschnittstext-12.png\",\"width\":600,\"height\":600},{\"@type\":\"BreadcrumbList\",\"@id\":\"https:\\\/\\\/www.designenlassen.de\\\/blog\\\/bekannte-logos\\\/kaercher-logo\\\/#breadcrumb\",\"itemListElement\":[{\"@type\":\"ListItem\",\"position\":1,\"name\":\"Start\",\"item\":\"https:\\\/\\\/www.designenlassen.de\\\/blog\\\/\"},{\"@type\":\"ListItem\",\"position\":2,\"name\":\"Die 180 bekanntesten Logos im \u00dcberblick\",\"item\":\"https:\\\/\\\/www.designenlassen.de\\\/blog\\\/bekannte-logos\\\/\"},{\"@type\":\"ListItem\",\"position\":3,\"name\":\"K\u00e4rcher Logo\"}]},{\"@type\":\"WebSite\",\"@id\":\"https:\\\/\\\/www.designenlassen.de\\\/blog\\\/#website\",\"url\":\"https:\\\/\\\/www.designenlassen.de\\\/blog\\\/\",\"name\":\"designenlassen.de Blog\",\"description\":\"Inspirationen, Tipps und Ideen f\u00fcr Designer sowie Gr\u00fcnder und Kleinbetriebe.\",\"potentialAction\":[{\"@type\":\"SearchAction\",\"target\":{\"@type\":\"EntryPoint\",\"urlTemplate\":\"https:\\\/\\\/www.designenlassen.de\\\/blog\\\/?s={search_term_string}\"},\"query-input\":{\"@type\":\"PropertyValueSpecification\",\"valueRequired\":true,\"valueName\":\"search_term_string\"}}],\"inLanguage\":\"de\"}]}<\/script>\n<!-- \/ Yoast SEO plugin. -->","yoast_head_json":{"title":"K\u00e4rcher Logo \u25ba Bilder, Geschichte, Entwicklung & u.v.m","description":"Erfahre alles Wichtige \u00fcber das K\u00e4rcher-Logo: Geschichte \u2713 Ursprung \u2713 Entwicklung \u2713 Bedeutung \u2713 u.v.m. \u25ba Jetzt ansehen!","robots":{"index":"index","follow":"follow","max-snippet":"max-snippet:-1","max-image-preview":"max-image-preview:large","max-video-preview":"max-video-preview:-1"},"canonical":"https:\/\/www.designenlassen.de\/blog\/bekannte-logos\/kaercher-logo\/","og_locale":"de_DE","og_type":"article","og_title":"K\u00e4rcher Logo \u25ba Bilder, Geschichte, Entwicklung & u.v.m","og_description":"Erfahre alles Wichtige \u00fcber das K\u00e4rcher-Logo: Geschichte \u2713 Ursprung \u2713 Entwicklung \u2713 Bedeutung \u2713 u.v.m. \u25ba Jetzt ansehen!","og_url":"https:\/\/www.designenlassen.de\/blog\/bekannte-logos\/kaercher-logo\/","og_site_name":"designenlassen.de Blog","article_modified_time":"2024-05-16T07:30:37+00:00","og_image":[{"width":600,"height":600,"url":"https:\/\/www.designenlassen.de\/blog\/wp-content\/uploads\/2024\/02\/Dein-Abschnittstext-12.png","type":"image\/png"}],"twitter_card":"summary_large_image","twitter_misc":{"Gesch\u00e4tzte Lesezeit":"6\u00a0Minuten"},"schema":{"@context":"https:\/\/schema.org","@graph":[{"@type":"WebPage","@id":"https:\/\/www.designenlassen.de\/blog\/bekannte-logos\/kaercher-logo\/","url":"https:\/\/www.designenlassen.de\/blog\/bekannte-logos\/kaercher-logo\/","name":"K\u00e4rcher Logo \u25ba Bilder, Geschichte, Entwicklung & u.v.m","isPartOf":{"@id":"https:\/\/www.designenlassen.de\/blog\/#website"},"primaryImageOfPage":{"@id":"https:\/\/www.designenlassen.de\/blog\/bekannte-logos\/kaercher-logo\/#primaryimage"},"image":{"@id":"https:\/\/www.designenlassen.de\/blog\/bekannte-logos\/kaercher-logo\/#primaryimage"},"thumbnailUrl":"https:\/\/www.designenlassen.de\/blog\/wp-content\/uploads\/2024\/02\/Dein-Abschnittstext-12.png","datePublished":"2024-02-21T11:49:03+00:00","dateModified":"2024-05-16T07:30:37+00:00","description":"Erfahre alles Wichtige \u00fcber das K\u00e4rcher-Logo: Geschichte \u2713 Ursprung \u2713 Entwicklung \u2713 Bedeutung \u2713 u.v.m. \u25ba Jetzt ansehen!","breadcrumb":{"@id":"https:\/\/www.designenlassen.de\/blog\/bekannte-logos\/kaercher-logo\/#breadcrumb"},"inLanguage":"de","potentialAction":[{"@type":"ReadAction","target":["https:\/\/www.designenlassen.de\/blog\/bekannte-logos\/kaercher-logo\/"]}]},{"@type":"ImageObject","inLanguage":"de","@id":"https:\/\/www.designenlassen.de\/blog\/bekannte-logos\/kaercher-logo\/#primaryimage","url":"https:\/\/www.designenlassen.de\/blog\/wp-content\/uploads\/2024\/02\/Dein-Abschnittstext-12.png","contentUrl":"https:\/\/www.designenlassen.de\/blog\/wp-content\/uploads\/2024\/02\/Dein-Abschnittstext-12.png","width":600,"height":600},{"@type":"BreadcrumbList","@id":"https:\/\/www.designenlassen.de\/blog\/bekannte-logos\/kaercher-logo\/#breadcrumb","itemListElement":[{"@type":"ListItem","position":1,"name":"Start","item":"https:\/\/www.designenlassen.de\/blog\/"},{"@type":"ListItem","position":2,"name":"Die 180 bekanntesten Logos im \u00dcberblick","item":"https:\/\/www.designenlassen.de\/blog\/bekannte-logos\/"},{"@type":"ListItem","position":3,"name":"K\u00e4rcher Logo"}]},{"@type":"WebSite","@id":"https:\/\/www.designenlassen.de\/blog\/#website","url":"https:\/\/www.designenlassen.de\/blog\/","name":"designenlassen.de Blog","description":"Inspirationen, Tipps und Ideen f\u00fcr Designer sowie Gr\u00fcnder und Kleinbetriebe.","potentialAction":[{"@type":"SearchAction","target":{"@type":"EntryPoint","urlTemplate":"https:\/\/www.designenlassen.de\/blog\/?s={search_term_string}"},"query-input":{"@type":"PropertyValueSpecification","valueRequired":true,"valueName":"search_term_string"}}],"inLanguage":"de"}]}},"_links":{"self":[{"href":"https:\/\/www.designenlassen.de\/blog\/wp-json\/wp\/v2\/pages\/28906","targetHints":{"allow":["GET"]}}],"collection":[{"href":"https:\/\/www.designenlassen.de\/blog\/wp-json\/wp\/v2\/pages"}],"about":[{"href":"https:\/\/www.designenlassen.de\/blog\/wp-json\/wp\/v2\/types\/page"}],"author":[{"embeddable":true,"href":"https:\/\/www.designenlassen.de\/blog\/wp-json\/wp\/v2\/users\/27"}],"replies":[{"embeddable":true,"href":"https:\/\/www.designenlassen.de\/blog\/wp-json\/wp\/v2\/comments?post=28906"}],"version-history":[{"count":7,"href":"https:\/\/www.designenlassen.de\/blog\/wp-json\/wp\/v2\/pages\/28906\/revisions"}],"predecessor-version":[{"id":31693,"href":"https:\/\/www.designenlassen.de\/blog\/wp-json\/wp\/v2\/pages\/28906\/revisions\/31693"}],"up":[{"embeddable":true,"href":"https:\/\/www.designenlassen.de\/blog\/wp-json\/wp\/v2\/pages\/27972"}],"wp:featuredmedia":[{"embeddable":true,"href":"https:\/\/www.designenlassen.de\/blog\/wp-json\/wp\/v2\/media\/28940"}],"wp:attachment":[{"href":"https:\/\/www.designenlassen.de\/blog\/wp-json\/wp\/v2\/media?parent=28906"}],"curies":[{"name":"wp","href":"https:\/\/api.w.org\/{rel}","templated":true}]}}