{"id":28916,"date":"2024-02-22T13:23:09","date_gmt":"2024-02-22T11:23:09","guid":{"rendered":"https:\/\/www.designenlassen.de\/blog\/?page_id=28916"},"modified":"2024-05-16T09:28:56","modified_gmt":"2024-05-16T07:28:56","slug":"krombacher-logo","status":"publish","type":"page","link":"https:\/\/www.designenlassen.de\/blog\/bekannte-logos\/krombacher-logo\/","title":{"rendered":"Krombacher Logo"},"content":{"rendered":"\n<figure class=\"wp-block-image size-full is-resized\"><img decoding=\"async\" width=\"471\" height=\"105\" src=\"https:\/\/www.designenlassen.de\/blog\/wp-content\/uploads\/2024\/02\/krombacher.png\" alt=\"\" class=\"wp-image-29042\" style=\"width:677px;height:auto\" srcset=\"https:\/\/www.designenlassen.de\/blog\/wp-content\/uploads\/2024\/02\/krombacher.png 471w, https:\/\/www.designenlassen.de\/blog\/wp-content\/uploads\/2024\/02\/krombacher-300x67.png 300w\" sizes=\"(max-width: 471px) 100vw, 471px\" \/><figcaption class=\"wp-element-caption\"><strong>\u00a9<\/strong> Krombacher \/ krombacher.de<\/figcaption><\/figure>\n\n\n\n<p>Krombacher ist eine der&nbsp;<strong>f\u00fchrenden Premium-Brauereien Deutschlands<\/strong>, die sich f\u00fcr einen verantwortungsvollen Umgang mit alkoholischen <a href=\"https:\/\/www.designenlassen.de\/blog\/19-getraenkelogos-die-den-durst-loeschen\/\">Getr\u00e4nken<\/a> einsetzt.&nbsp;Auf der Internetpr\u00e4senz von Krombacher finden Sie Informationen zum Thema Bier, spannende Unterhaltung rund um Sport und mehr. Krombacher ist nicht nur f\u00fcr seine hochwertigen Biere bekannt, sondern auch f\u00fcr eines der&nbsp;<a href=\"https:\/\/www.designenlassen.de\/blog\/bekannte-logos\/\">bekanntesten Logos<\/a>&nbsp;in der deutschen Bierlandschaft. In diesem Blogeintrag erf\u00e4hrst du mehr \u00fcber die Geschichte, die Entwicklung und die Bedeutung des Krombacher-Logos.<\/p>\n\n\n\n<div class=\"wp-block-buttons is-content-justification-center is-layout-flex wp-container-core-buttons-is-layout-16018d1d wp-block-buttons-is-layout-flex\">\n<div class=\"wp-block-button is-style-fill\"><a class=\"wp-block-button__link has-white-color has-text-color has-background has-text-align-left wp-element-button\" href=\"https:\/\/www.designenlassen.de\/logo-design?utm_source=blog&amp;utm_medium=button&amp;utm_campaign=logo-sammlung\" style=\"background-color:#091182\">Jetzt Logo erstellen<\/a><\/div>\n<\/div>\n\n\n\n\n\n<h2 class=\"wp-block-heading\">Ursprung<\/h2>\n\n\n\n<p>Krombacher ist eine traditionsreiche Brauerei aus dem Siegerland, die seit 1803 in Familienbesitz ist.&nbsp;Der Name Krombacher leitet sich von dem Ort Krombach ab, einem Stadtteil von Kreuztal, wo die Brauerei ihren Sitz hat.&nbsp;Die <a href=\"https:\/\/www.designenlassen.de\/blog\/33-bier-logos-die-dich-berauschen-werden\/\">Brauerei<\/a> wurde von Johannes Haas gegr\u00fcndet, dessen Vater eine Gastwirtschaft in Krombach betrieb.&nbsp;Die Brauerei profitierte von der Lage des Ortes an einer Durchgangsstra\u00dfe zwischen Siegen und dem Sauerland, wo sie ihr Bier an rastende Fuhrleute ausschenkte.&nbsp;Schon 1829 gab es vertragliche Beziehungen zu den Veranstaltern des Olper Sch\u00fctzenfestes.<\/p>\n\n\n\n<h2 class=\"wp-block-heading\">Entwicklung <\/h2>\n\n\n\n<p>Krombacher hat sich im Laufe der Zeit zu einer der f\u00fchrenden Premium-Brauereien Deutschlands entwickelt, die f\u00fcr ihre Qualit\u00e4t und Nat\u00fcrlichkeit bekannt ist.&nbsp;Die <a href=\"https:\/\/www.designenlassen.de\/blog\/33-bier-logos-die-dich-berauschen-werden\/\">Brauerei<\/a> hat ihr Sortiment stetig erweitert und bietet neben dem klassischen Pils auch andere Bierspezialit\u00e4ten wie Weizen, Radler, Kellerbier, Dunkel, Alkoholfrei und mehr an.&nbsp;<\/p>\n\n\n\n<p>Die Brauerei hat auch die Marken- und Vertriebsrechte f\u00fcr Schweppes, Orangina und Dr Pepper in Deutschland und \u00d6sterreich erworben, sowie die Marke Vitamalz \u00fcbernommen.&nbsp;Die Brauerei hat zudem in moderne Technologien und Anlagen investiert, um ihre Produktion effizienter und umweltfreundlicher zu gestalten.<\/p>\n\n\n\n<h2 class=\"wp-block-heading\">Bedeutung<\/h2>\n\n\n\n<p>Das Krombacher-Logo hat eine hohe Wiedererkennbarkeit und einen hohen <a href=\"https:\/\/www.designenlassen.de\/blog\/wie-du-eine-marke-mit-maximalem-wiedererkennungswert-schaffen-kannst\/\">Wiedererkennungswert<\/a> in der deutschen Bierbranche. Es vermittelt die Werte und die Tradition der Brauerei, die seit \u00fcber 150 Jahren besteht.&nbsp;<\/p>\n\n\n\n<p>Das Logo steht f\u00fcr die Qualit\u00e4t und die Nat\u00fcrlichkeit der Krombacher-Biere, die aus dem reinen Quellwasser des Rothaargebirges gebraut werden.&nbsp;Das <a href=\"https:\/\/designenlassen.de\/logo-design\">Logo-Design<\/a> repr\u00e4sentiert auch die soziale und \u00f6kologische Verantwortung der Brauerei, die sich f\u00fcr den Umweltschutz, den Artenschutz und den Sport engagiert. Das Logo ist somit ein Ausdruck der Identit\u00e4t und der Philosophie der Krombacher-Brauerei.<\/p>\n\n\n\n<div class=\"sof\">\n<h2>Individuelles Design oder Logo gesucht?<\/h2>\n<p>Bei designenlassen.de findest Du \u00fcber <b>100.000 Designer, die Dir ein einzigartiges Design nach Deinen W\u00fcnschen kreieren.<\/b> Starte jetzt Deinen eigenen Designwettbewerb und erhalte zahlreiche individuelle Vorschl\u00e4ge.<br><\/p>\n\n\n\n<\/div>\n\n\n\n<div class=\"wp-block-buttons is-content-justification-center is-layout-flex wp-container-core-buttons-is-layout-16018d1d wp-block-buttons-is-layout-flex\">\n<div class=\"wp-block-button is-style-fill\"><a class=\"wp-block-button__link has-white-color has-text-color has-background has-text-align-left wp-element-button\" href=\"https:\/\/www.designenlassen.de\/logo-design?utm_source=blog&amp;utm_medium=button&amp;utm_campaign=logo-sammlung\" style=\"background-color:#091182\">Jetzt Logo erstellen<\/a><\/div>\n<\/div>\n\n\n\n<div style=\"height:34px\" aria-hidden=\"true\" class=\"wp-block-spacer\"><\/div>\n\n\n\n<h2 class=\"wp-block-heading\">Von uns erstellte Logos<\/h2>\n\n\n\n<figure class=\"wp-block-gallery has-nested-images columns-default is-cropped wp-block-gallery-1 is-layout-flex wp-block-gallery-is-layout-flex\">\n<figure class=\"wp-block-image size-large\"><img fetchpriority=\"high\" decoding=\"async\" width=\"500\" height=\"474\" data-id=\"8025\" src=\"https:\/\/www.designenlassen.de\/blog\/wp-content\/uploads\/2017\/05\/Buccaneers-Bay-Brauerei-Logo-Design.jpg\" alt=\"\" class=\"wp-image-8025\" srcset=\"https:\/\/www.designenlassen.de\/blog\/wp-content\/uploads\/2017\/05\/Buccaneers-Bay-Brauerei-Logo-Design.jpg 500w, https:\/\/www.designenlassen.de\/blog\/wp-content\/uploads\/2017\/05\/Buccaneers-Bay-Brauerei-Logo-Design-300x284.jpg 300w\" sizes=\"(max-width: 500px) 100vw, 500px\" \/><\/figure>\n\n\n\n<figure class=\"wp-block-image size-large\"><img decoding=\"async\" width=\"338\" height=\"338\" data-id=\"14323\" src=\"https:\/\/www.designenlassen.de\/blog\/wp-content\/uploads\/2018\/11\/Emblem-Wappen-Logo-ELSI-Br\u00e4u-Brauerei.jpg\" alt=\"Emblem Wappen Logo ELSI Br\u00e4u Brauerei\" class=\"wp-image-14323\" srcset=\"https:\/\/www.designenlassen.de\/blog\/wp-content\/uploads\/2018\/11\/Emblem-Wappen-Logo-ELSI-Br\u00e4u-Brauerei.jpg 338w, https:\/\/www.designenlassen.de\/blog\/wp-content\/uploads\/2018\/11\/Emblem-Wappen-Logo-ELSI-Br\u00e4u-Brauerei-150x150.jpg 150w, https:\/\/www.designenlassen.de\/blog\/wp-content\/uploads\/2018\/11\/Emblem-Wappen-Logo-ELSI-Br\u00e4u-Brauerei-300x300.jpg 300w\" sizes=\"(max-width: 338px) 100vw, 338px\" \/><\/figure>\n\n\n\n<figure class=\"wp-block-image size-large\"><img loading=\"lazy\" decoding=\"async\" width=\"338\" height=\"338\" data-id=\"18447\" src=\"https:\/\/www.designenlassen.de\/blog\/wp-content\/uploads\/2019\/11\/Bieretiktten-Brauerei-Tazitus-522786-1.jpg\" alt=\"Bieretiktten-Brauerei-Tazitus-522786-1\" class=\"wp-image-18447\" srcset=\"https:\/\/www.designenlassen.de\/blog\/wp-content\/uploads\/2019\/11\/Bieretiktten-Brauerei-Tazitus-522786-1.jpg 338w, https:\/\/www.designenlassen.de\/blog\/wp-content\/uploads\/2019\/11\/Bieretiktten-Brauerei-Tazitus-522786-1-150x150.jpg 150w, https:\/\/www.designenlassen.de\/blog\/wp-content\/uploads\/2019\/11\/Bieretiktten-Brauerei-Tazitus-522786-1-300x300.jpg 300w\" sizes=\"(max-width: 338px) 100vw, 338px\" \/><\/figure>\n\n\n\n<figure class=\"wp-block-image size-large\"><img loading=\"lazy\" decoding=\"async\" width=\"500\" height=\"536\" data-id=\"8028\" src=\"https:\/\/www.designenlassen.de\/blog\/wp-content\/uploads\/2017\/05\/Logo-Brauerei-Stiefelbier.jpg\" alt=\"\" class=\"wp-image-8028\" srcset=\"https:\/\/www.designenlassen.de\/blog\/wp-content\/uploads\/2017\/05\/Logo-Brauerei-Stiefelbier.jpg 500w, https:\/\/www.designenlassen.de\/blog\/wp-content\/uploads\/2017\/05\/Logo-Brauerei-Stiefelbier-280x300.jpg 280w\" sizes=\"(max-width: 500px) 100vw, 500px\" \/><\/figure>\n\n\n\n<figure class=\"wp-block-image size-large\"><img loading=\"lazy\" decoding=\"async\" width=\"500\" height=\"387\" data-id=\"8027\" src=\"https:\/\/www.designenlassen.de\/blog\/wp-content\/uploads\/2017\/05\/Hopfen-Schmiede-Brauerei-Logo-Design.jpg\" alt=\"\" class=\"wp-image-8027\" srcset=\"https:\/\/www.designenlassen.de\/blog\/wp-content\/uploads\/2017\/05\/Hopfen-Schmiede-Brauerei-Logo-Design.jpg 500w, https:\/\/www.designenlassen.de\/blog\/wp-content\/uploads\/2017\/05\/Hopfen-Schmiede-Brauerei-Logo-Design-300x232.jpg 300w\" sizes=\"(max-width: 500px) 100vw, 500px\" \/><\/figure>\n\n\n\n<figure class=\"wp-block-image size-large\"><img loading=\"lazy\" decoding=\"async\" width=\"500\" height=\"368\" data-id=\"8030\" src=\"https:\/\/www.designenlassen.de\/blog\/wp-content\/uploads\/2017\/05\/Stiefel-Bier-Brauerei-Logo-Design.jpg\" alt=\"\" class=\"wp-image-8030\" srcset=\"https:\/\/www.designenlassen.de\/blog\/wp-content\/uploads\/2017\/05\/Stiefel-Bier-Brauerei-Logo-Design.jpg 500w, https:\/\/www.designenlassen.de\/blog\/wp-content\/uploads\/2017\/05\/Stiefel-Bier-Brauerei-Logo-Design-300x221.jpg 300w\" sizes=\"(max-width: 500px) 100vw, 500px\" \/><\/figure>\n\n\n\n<figure class=\"wp-block-image size-large\"><img loading=\"lazy\" decoding=\"async\" width=\"500\" height=\"429\" data-id=\"8023\" src=\"https:\/\/www.designenlassen.de\/blog\/wp-content\/uploads\/2017\/05\/Brauerei-Logo-Design-Schluss-Bier.jpg\" alt=\"\" class=\"wp-image-8023\" srcset=\"https:\/\/www.designenlassen.de\/blog\/wp-content\/uploads\/2017\/05\/Brauerei-Logo-Design-Schluss-Bier.jpg 500w, https:\/\/www.designenlassen.de\/blog\/wp-content\/uploads\/2017\/05\/Brauerei-Logo-Design-Schluss-Bier-300x257.jpg 300w\" sizes=\"(max-width: 500px) 100vw, 500px\" \/><\/figure>\n\n\n\n<figure class=\"wp-block-image size-large\"><img loading=\"lazy\" decoding=\"async\" width=\"500\" height=\"415\" data-id=\"8021\" src=\"https:\/\/www.designenlassen.de\/blog\/wp-content\/uploads\/2017\/05\/Brauerei-Logo-Design-Buccaneers-Bay.jpg\" alt=\"\" class=\"wp-image-8021\" srcset=\"https:\/\/www.designenlassen.de\/blog\/wp-content\/uploads\/2017\/05\/Brauerei-Logo-Design-Buccaneers-Bay.jpg 500w, https:\/\/www.designenlassen.de\/blog\/wp-content\/uploads\/2017\/05\/Brauerei-Logo-Design-Buccaneers-Bay-300x249.jpg 300w\" sizes=\"(max-width: 500px) 100vw, 500px\" \/><\/figure>\n\n\n\n<figure class=\"wp-block-image size-large\"><img loading=\"lazy\" decoding=\"async\" width=\"1024\" height=\"768\" data-id=\"27242\" src=\"https:\/\/www.designenlassen.de\/blog\/wp-content\/uploads\/2023\/07\/designenlassen_bier-logo_waisi.jpg\" alt=\"\" class=\"wp-image-27242\" srcset=\"https:\/\/www.designenlassen.de\/blog\/wp-content\/uploads\/2023\/07\/designenlassen_bier-logo_waisi.jpg 1024w, https:\/\/www.designenlassen.de\/blog\/wp-content\/uploads\/2023\/07\/designenlassen_bier-logo_waisi-300x225.jpg 300w, https:\/\/www.designenlassen.de\/blog\/wp-content\/uploads\/2023\/07\/designenlassen_bier-logo_waisi-768x576.jpg 768w\" sizes=\"(max-width: 1024px) 100vw, 1024px\" \/><\/figure>\n\n\n\n<figure class=\"wp-block-image size-large\"><img loading=\"lazy\" decoding=\"async\" width=\"900\" height=\"1000\" data-id=\"27238\" src=\"https:\/\/www.designenlassen.de\/blog\/wp-content\/uploads\/2023\/07\/designenlassen_bier-logo_schlugg.png\" alt=\"\" class=\"wp-image-27238\" srcset=\"https:\/\/www.designenlassen.de\/blog\/wp-content\/uploads\/2023\/07\/designenlassen_bier-logo_schlugg.png 900w, https:\/\/www.designenlassen.de\/blog\/wp-content\/uploads\/2023\/07\/designenlassen_bier-logo_schlugg-270x300.png 270w, https:\/\/www.designenlassen.de\/blog\/wp-content\/uploads\/2023\/07\/designenlassen_bier-logo_schlugg-768x853.png 768w\" sizes=\"(max-width: 900px) 100vw, 900px\" \/><\/figure>\n\n\n\n<figure class=\"wp-block-image size-large\"><img loading=\"lazy\" decoding=\"async\" width=\"800\" height=\"593\" data-id=\"23022\" src=\"https:\/\/www.designenlassen.de\/blog\/wp-content\/uploads\/2020\/11\/Alter-Hase-Bierhandwerkstatt-Getraenkelogo-759155-Boombastic.jpg\" alt=\"Alter-Hase-Bierhandwerkstatt-Getraenkelogo\" class=\"wp-image-23022\" srcset=\"https:\/\/www.designenlassen.de\/blog\/wp-content\/uploads\/2020\/11\/Alter-Hase-Bierhandwerkstatt-Getraenkelogo-759155-Boombastic.jpg 800w, https:\/\/www.designenlassen.de\/blog\/wp-content\/uploads\/2020\/11\/Alter-Hase-Bierhandwerkstatt-Getraenkelogo-759155-Boombastic-300x222.jpg 300w, https:\/\/www.designenlassen.de\/blog\/wp-content\/uploads\/2020\/11\/Alter-Hase-Bierhandwerkstatt-Getraenkelogo-759155-Boombastic-768x569.jpg 768w\" sizes=\"(max-width: 800px) 100vw, 800px\" \/><\/figure>\n\n\n\n<figure class=\"wp-block-image size-large\"><img loading=\"lazy\" decoding=\"async\" width=\"1024\" height=\"576\" data-id=\"27225\" src=\"https:\/\/www.designenlassen.de\/blog\/wp-content\/uploads\/2023\/07\/designenlassen_bier-logo_elsi-1024x576.jpg\" alt=\"\" class=\"wp-image-27225\" srcset=\"https:\/\/www.designenlassen.de\/blog\/wp-content\/uploads\/2023\/07\/designenlassen_bier-logo_elsi-1024x576.jpg 1024w, https:\/\/www.designenlassen.de\/blog\/wp-content\/uploads\/2023\/07\/designenlassen_bier-logo_elsi-300x169.jpg 300w, https:\/\/www.designenlassen.de\/blog\/wp-content\/uploads\/2023\/07\/designenlassen_bier-logo_elsi-768x432.jpg 768w, https:\/\/www.designenlassen.de\/blog\/wp-content\/uploads\/2023\/07\/designenlassen_bier-logo_elsi-1536x865.jpg 1536w, https:\/\/www.designenlassen.de\/blog\/wp-content\/uploads\/2023\/07\/designenlassen_bier-logo_elsi.jpg 1922w\" sizes=\"(max-width: 1024px) 100vw, 1024px\" \/><\/figure>\n<\/figure>\n\n\n\n<p class=\"has-text-align-center\"><a href=\"https:\/\/www.designenlassen.de\/blog\/category\/inspiration\/\">Mehr Designs entdecken<\/a><\/p>\n\n\n\n<h2 class=\"wp-block-heading\">FAQs: Die wichtigsten Fragen zum Krombacher-Logo<\/h2>\n\n\n\n<div style=\"height:34px\" aria-hidden=\"true\" class=\"wp-block-spacer\"><\/div>\n\n\n\n<h3 class=\"wp-block-heading\">Wer steckt hinter Krombacher?<\/h3>\n\n\n\n<p>Die aktuellen Eigent\u00fcmer sind Barbara Lambrecht-Schadeberg sowie Bernhard Schadeberg und seine Schwester Petra Schadeberg-Herrmann.<\/p>\n\n\n\n<h3 class=\"wp-block-heading\">Was bedeuten eigentlich die f\u00fcnf Sterne auf dem Etikett?<\/h3>\n\n\n\n<p>Die f\u00fcnf goldenen Sterne repr\u00e4sentieren den erstklassigen Qualit\u00e4tsstandard bei der Produktion der Produkte.<\/p>\n\n\n\n<h2 class=\"wp-block-heading\">Fazit<\/h2>\n\n\n\n<p>Krombacher ist mehr als nur ein Bier. Es ist eine <a href=\"https:\/\/www.designenlassen.de\/blog\/erfolgreiches-branding\/\">Brand<\/a> mit einer langen Geschichte, einer kontinuierlichen Weiterentwicklung und einer starken Bedeutung. Es ist eine Marke, die f\u00fcr ihre Werte und ihre Philosophie steht, die sich in ihrem Slogan \u201cEine Perle der Natur\u201d widerspiegelt.&nbsp;Es ist eine Marke, die sich f\u00fcr den Umweltschutz, den Artenschutz und den Sport engagiert. Es ist eine Marke, die die Leidenschaft und die Kompetenz der Krombacher-Brauerei ausdr\u00fcckt, die zu einer der beliebtesten und erfolgreichsten Biermarken Deutschlands geworden ist.<\/p>\n\n\n\n<div class=\"wp-block-buttons is-content-justification-center is-layout-flex wp-container-core-buttons-is-layout-16018d1d wp-block-buttons-is-layout-flex\">\n<div class=\"wp-block-button is-style-fill\"><a class=\"wp-block-button__link has-white-color has-text-color has-background has-text-align-left wp-element-button\" href=\"https:\/\/www.designenlassen.de\/logo-design?utm_source=blog&amp;utm_medium=button&amp;utm_campaign=logo-sammlung\" style=\"background-color:#091182\">Jetzt Logo erstellen<\/a><\/div>\n<\/div>\n\n\n\n<div style=\"height:35px\" aria-hidden=\"true\" class=\"wp-block-spacer\"><\/div>\n\n\n\n<h2 class=\"wp-block-heading\">Weiterf\u00fchrende Informationen<\/h2>\n\n\n\n<ul class=\"wp-block-list\">\n<li><a href=\"https:\/\/de.wikipedia.org\/wiki\/Krombacher_Brauerei\">Geschichte<\/a><\/li>\n<\/ul>\n\n\n\n<p><strong>Bildquelle:<\/strong><\/p>\n\n\n\n<ul class=\"wp-block-list\">\n<li><a href=\"https:\/\/www.krombacher.de\/\">Foto von der Unternehmens-Webseite<\/a><\/li>\n<\/ul>\n","protected":false},"excerpt":{"rendered":"<p>Krombacher ist eine der&nbsp;f\u00fchrenden Premium-Brauereien Deutschlands, die sich f\u00fcr einen verantwortungsvollen Umgang mit alkoholischen Getr\u00e4nken einsetzt.&nbsp;Auf&hellip;<\/p>\n","protected":false},"author":27,"featured_media":29043,"parent":27972,"menu_order":0,"comment_status":"closed","ping_status":"closed","template":"","meta":{"_lmt_disableupdate":"","_lmt_disable":"","footnotes":""},"class_list":["post-28916","page","type-page","status-publish","has-post-thumbnail","hentry"],"yoast_head":"<!-- This site is optimized with the Yoast SEO plugin v27.5 - https:\/\/yoast.com\/product\/yoast-seo-wordpress\/ -->\n<title>Krombacher Logo \u25ba Bilder, Geschichte, Entwicklung &amp; u.v.m<\/title>\n<meta name=\"description\" content=\"Erfahre alles Wichtige \u00fcber das Krombacher-Logo: Geschichte \u2713 Ursprung \u2713 Entwicklung \u2713 Bedeutung \u2713 u.v.m. \u25ba Jetzt ansehen!\" \/>\n<meta name=\"robots\" content=\"index, follow, max-snippet:-1, max-image-preview:large, max-video-preview:-1\" \/>\n<link rel=\"canonical\" href=\"https:\/\/www.designenlassen.de\/blog\/bekannte-logos\/krombacher-logo\/\" \/>\n<meta property=\"og:locale\" content=\"de_DE\" \/>\n<meta property=\"og:type\" content=\"article\" \/>\n<meta property=\"og:title\" content=\"Krombacher Logo \u25ba Bilder, Geschichte, Entwicklung &amp; u.v.m\" \/>\n<meta property=\"og:description\" content=\"Erfahre alles Wichtige \u00fcber das Krombacher-Logo: Geschichte \u2713 Ursprung \u2713 Entwicklung \u2713 Bedeutung \u2713 u.v.m. \u25ba Jetzt ansehen!\" \/>\n<meta property=\"og:url\" content=\"https:\/\/www.designenlassen.de\/blog\/bekannte-logos\/krombacher-logo\/\" \/>\n<meta property=\"og:site_name\" content=\"designenlassen.de Blog\" \/>\n<meta property=\"article:modified_time\" content=\"2024-05-16T07:28:56+00:00\" \/>\n<meta property=\"og:image\" content=\"https:\/\/www.designenlassen.de\/blog\/wp-content\/uploads\/2024\/02\/Dein-Abschnittstext-18.png\" \/>\n\t<meta property=\"og:image:width\" content=\"600\" \/>\n\t<meta property=\"og:image:height\" content=\"600\" \/>\n\t<meta property=\"og:image:type\" content=\"image\/png\" \/>\n<meta name=\"twitter:card\" content=\"summary_large_image\" \/>\n<meta name=\"twitter:label1\" content=\"Gesch\u00e4tzte Lesezeit\" \/>\n\t<meta name=\"twitter:data1\" content=\"6\u00a0Minuten\" \/>\n<script type=\"application\/ld+json\" class=\"yoast-schema-graph\">{\"@context\":\"https:\\\/\\\/schema.org\",\"@graph\":[{\"@type\":\"WebPage\",\"@id\":\"https:\\\/\\\/www.designenlassen.de\\\/blog\\\/bekannte-logos\\\/krombacher-logo\\\/\",\"url\":\"https:\\\/\\\/www.designenlassen.de\\\/blog\\\/bekannte-logos\\\/krombacher-logo\\\/\",\"name\":\"Krombacher Logo \u25ba Bilder, Geschichte, Entwicklung & u.v.m\",\"isPartOf\":{\"@id\":\"https:\\\/\\\/www.designenlassen.de\\\/blog\\\/#website\"},\"primaryImageOfPage\":{\"@id\":\"https:\\\/\\\/www.designenlassen.de\\\/blog\\\/bekannte-logos\\\/krombacher-logo\\\/#primaryimage\"},\"image\":{\"@id\":\"https:\\\/\\\/www.designenlassen.de\\\/blog\\\/bekannte-logos\\\/krombacher-logo\\\/#primaryimage\"},\"thumbnailUrl\":\"https:\\\/\\\/www.designenlassen.de\\\/blog\\\/wp-content\\\/uploads\\\/2024\\\/02\\\/Dein-Abschnittstext-18.png\",\"datePublished\":\"2024-02-22T11:23:09+00:00\",\"dateModified\":\"2024-05-16T07:28:56+00:00\",\"description\":\"Erfahre alles Wichtige \u00fcber das Krombacher-Logo: Geschichte \u2713 Ursprung \u2713 Entwicklung \u2713 Bedeutung \u2713 u.v.m. \u25ba Jetzt ansehen!\",\"breadcrumb\":{\"@id\":\"https:\\\/\\\/www.designenlassen.de\\\/blog\\\/bekannte-logos\\\/krombacher-logo\\\/#breadcrumb\"},\"inLanguage\":\"de\",\"potentialAction\":[{\"@type\":\"ReadAction\",\"target\":[\"https:\\\/\\\/www.designenlassen.de\\\/blog\\\/bekannte-logos\\\/krombacher-logo\\\/\"]}]},{\"@type\":\"ImageObject\",\"inLanguage\":\"de\",\"@id\":\"https:\\\/\\\/www.designenlassen.de\\\/blog\\\/bekannte-logos\\\/krombacher-logo\\\/#primaryimage\",\"url\":\"https:\\\/\\\/www.designenlassen.de\\\/blog\\\/wp-content\\\/uploads\\\/2024\\\/02\\\/Dein-Abschnittstext-18.png\",\"contentUrl\":\"https:\\\/\\\/www.designenlassen.de\\\/blog\\\/wp-content\\\/uploads\\\/2024\\\/02\\\/Dein-Abschnittstext-18.png\",\"width\":600,\"height\":600},{\"@type\":\"BreadcrumbList\",\"@id\":\"https:\\\/\\\/www.designenlassen.de\\\/blog\\\/bekannte-logos\\\/krombacher-logo\\\/#breadcrumb\",\"itemListElement\":[{\"@type\":\"ListItem\",\"position\":1,\"name\":\"Start\",\"item\":\"https:\\\/\\\/www.designenlassen.de\\\/blog\\\/\"},{\"@type\":\"ListItem\",\"position\":2,\"name\":\"Die 180 bekanntesten Logos im \u00dcberblick\",\"item\":\"https:\\\/\\\/www.designenlassen.de\\\/blog\\\/bekannte-logos\\\/\"},{\"@type\":\"ListItem\",\"position\":3,\"name\":\"Krombacher Logo\"}]},{\"@type\":\"WebSite\",\"@id\":\"https:\\\/\\\/www.designenlassen.de\\\/blog\\\/#website\",\"url\":\"https:\\\/\\\/www.designenlassen.de\\\/blog\\\/\",\"name\":\"designenlassen.de Blog\",\"description\":\"Inspirationen, Tipps und Ideen f\u00fcr Designer sowie Gr\u00fcnder und Kleinbetriebe.\",\"potentialAction\":[{\"@type\":\"SearchAction\",\"target\":{\"@type\":\"EntryPoint\",\"urlTemplate\":\"https:\\\/\\\/www.designenlassen.de\\\/blog\\\/?s={search_term_string}\"},\"query-input\":{\"@type\":\"PropertyValueSpecification\",\"valueRequired\":true,\"valueName\":\"search_term_string\"}}],\"inLanguage\":\"de\"}]}<\/script>\n<!-- \/ Yoast SEO plugin. -->","yoast_head_json":{"title":"Krombacher Logo \u25ba Bilder, Geschichte, Entwicklung & u.v.m","description":"Erfahre alles Wichtige \u00fcber das Krombacher-Logo: Geschichte \u2713 Ursprung \u2713 Entwicklung \u2713 Bedeutung \u2713 u.v.m. \u25ba Jetzt ansehen!","robots":{"index":"index","follow":"follow","max-snippet":"max-snippet:-1","max-image-preview":"max-image-preview:large","max-video-preview":"max-video-preview:-1"},"canonical":"https:\/\/www.designenlassen.de\/blog\/bekannte-logos\/krombacher-logo\/","og_locale":"de_DE","og_type":"article","og_title":"Krombacher Logo \u25ba Bilder, Geschichte, Entwicklung & u.v.m","og_description":"Erfahre alles Wichtige \u00fcber das Krombacher-Logo: Geschichte \u2713 Ursprung \u2713 Entwicklung \u2713 Bedeutung \u2713 u.v.m. \u25ba Jetzt ansehen!","og_url":"https:\/\/www.designenlassen.de\/blog\/bekannte-logos\/krombacher-logo\/","og_site_name":"designenlassen.de Blog","article_modified_time":"2024-05-16T07:28:56+00:00","og_image":[{"width":600,"height":600,"url":"https:\/\/www.designenlassen.de\/blog\/wp-content\/uploads\/2024\/02\/Dein-Abschnittstext-18.png","type":"image\/png"}],"twitter_card":"summary_large_image","twitter_misc":{"Gesch\u00e4tzte Lesezeit":"6\u00a0Minuten"},"schema":{"@context":"https:\/\/schema.org","@graph":[{"@type":"WebPage","@id":"https:\/\/www.designenlassen.de\/blog\/bekannte-logos\/krombacher-logo\/","url":"https:\/\/www.designenlassen.de\/blog\/bekannte-logos\/krombacher-logo\/","name":"Krombacher Logo \u25ba Bilder, Geschichte, Entwicklung & u.v.m","isPartOf":{"@id":"https:\/\/www.designenlassen.de\/blog\/#website"},"primaryImageOfPage":{"@id":"https:\/\/www.designenlassen.de\/blog\/bekannte-logos\/krombacher-logo\/#primaryimage"},"image":{"@id":"https:\/\/www.designenlassen.de\/blog\/bekannte-logos\/krombacher-logo\/#primaryimage"},"thumbnailUrl":"https:\/\/www.designenlassen.de\/blog\/wp-content\/uploads\/2024\/02\/Dein-Abschnittstext-18.png","datePublished":"2024-02-22T11:23:09+00:00","dateModified":"2024-05-16T07:28:56+00:00","description":"Erfahre alles Wichtige \u00fcber das Krombacher-Logo: Geschichte \u2713 Ursprung \u2713 Entwicklung \u2713 Bedeutung \u2713 u.v.m. \u25ba Jetzt ansehen!","breadcrumb":{"@id":"https:\/\/www.designenlassen.de\/blog\/bekannte-logos\/krombacher-logo\/#breadcrumb"},"inLanguage":"de","potentialAction":[{"@type":"ReadAction","target":["https:\/\/www.designenlassen.de\/blog\/bekannte-logos\/krombacher-logo\/"]}]},{"@type":"ImageObject","inLanguage":"de","@id":"https:\/\/www.designenlassen.de\/blog\/bekannte-logos\/krombacher-logo\/#primaryimage","url":"https:\/\/www.designenlassen.de\/blog\/wp-content\/uploads\/2024\/02\/Dein-Abschnittstext-18.png","contentUrl":"https:\/\/www.designenlassen.de\/blog\/wp-content\/uploads\/2024\/02\/Dein-Abschnittstext-18.png","width":600,"height":600},{"@type":"BreadcrumbList","@id":"https:\/\/www.designenlassen.de\/blog\/bekannte-logos\/krombacher-logo\/#breadcrumb","itemListElement":[{"@type":"ListItem","position":1,"name":"Start","item":"https:\/\/www.designenlassen.de\/blog\/"},{"@type":"ListItem","position":2,"name":"Die 180 bekanntesten Logos im \u00dcberblick","item":"https:\/\/www.designenlassen.de\/blog\/bekannte-logos\/"},{"@type":"ListItem","position":3,"name":"Krombacher Logo"}]},{"@type":"WebSite","@id":"https:\/\/www.designenlassen.de\/blog\/#website","url":"https:\/\/www.designenlassen.de\/blog\/","name":"designenlassen.de Blog","description":"Inspirationen, Tipps und Ideen f\u00fcr Designer sowie Gr\u00fcnder und Kleinbetriebe.","potentialAction":[{"@type":"SearchAction","target":{"@type":"EntryPoint","urlTemplate":"https:\/\/www.designenlassen.de\/blog\/?s={search_term_string}"},"query-input":{"@type":"PropertyValueSpecification","valueRequired":true,"valueName":"search_term_string"}}],"inLanguage":"de"}]}},"_links":{"self":[{"href":"https:\/\/www.designenlassen.de\/blog\/wp-json\/wp\/v2\/pages\/28916","targetHints":{"allow":["GET"]}}],"collection":[{"href":"https:\/\/www.designenlassen.de\/blog\/wp-json\/wp\/v2\/pages"}],"about":[{"href":"https:\/\/www.designenlassen.de\/blog\/wp-json\/wp\/v2\/types\/page"}],"author":[{"embeddable":true,"href":"https:\/\/www.designenlassen.de\/blog\/wp-json\/wp\/v2\/users\/27"}],"replies":[{"embeddable":true,"href":"https:\/\/www.designenlassen.de\/blog\/wp-json\/wp\/v2\/comments?post=28916"}],"version-history":[{"count":6,"href":"https:\/\/www.designenlassen.de\/blog\/wp-json\/wp\/v2\/pages\/28916\/revisions"}],"predecessor-version":[{"id":31687,"href":"https:\/\/www.designenlassen.de\/blog\/wp-json\/wp\/v2\/pages\/28916\/revisions\/31687"}],"up":[{"embeddable":true,"href":"https:\/\/www.designenlassen.de\/blog\/wp-json\/wp\/v2\/pages\/27972"}],"wp:featuredmedia":[{"embeddable":true,"href":"https:\/\/www.designenlassen.de\/blog\/wp-json\/wp\/v2\/media\/29043"}],"wp:attachment":[{"href":"https:\/\/www.designenlassen.de\/blog\/wp-json\/wp\/v2\/media?parent=28916"}],"curies":[{"name":"wp","href":"https:\/\/api.w.org\/{rel}","templated":true}]}}