{"id":29055,"date":"2024-02-23T13:42:27","date_gmt":"2024-02-23T11:42:27","guid":{"rendered":"https:\/\/www.designenlassen.de\/blog\/?page_id=29055"},"modified":"2024-05-16T09:27:31","modified_gmt":"2024-05-16T07:27:31","slug":"lidl-logo","status":"publish","type":"page","link":"https:\/\/www.designenlassen.de\/blog\/bekannte-logos\/lidl-logo\/","title":{"rendered":"LIDL Logo"},"content":{"rendered":"<div class=\"wp-block-image\">\n<figure class=\"aligncenter size-full is-resized\"><img fetchpriority=\"high\" decoding=\"async\" width=\"1024\" height=\"1024\" src=\"https:\/\/www.designenlassen.de\/blog\/wp-content\/uploads\/2024\/02\/Lidl-Logo.svg_.png\" alt=\"\" class=\"wp-image-29056\" style=\"width:341px;height:auto\" srcset=\"https:\/\/www.designenlassen.de\/blog\/wp-content\/uploads\/2024\/02\/Lidl-Logo.svg_.png 1024w, https:\/\/www.designenlassen.de\/blog\/wp-content\/uploads\/2024\/02\/Lidl-Logo.svg_-300x300.png 300w, https:\/\/www.designenlassen.de\/blog\/wp-content\/uploads\/2024\/02\/Lidl-Logo.svg_-150x150.png 150w, https:\/\/www.designenlassen.de\/blog\/wp-content\/uploads\/2024\/02\/Lidl-Logo.svg_-768x768.png 768w\" sizes=\"(max-width: 1024px) 100vw, 1024px\" \/><figcaption class=\"wp-element-caption\"><strong>\u00a9<\/strong> LIDL \/ lidl.de<\/figcaption><\/figure>\n<\/div>\n\n\n<p>LIDL ist eine der bekanntesten und erfolgreichsten Lebensmittelketten in Europa und den USA. Mit \u00fcber 10.000 Filialen in 32 L\u00e4ndern bietet LIDL seinen Kunden eine gro\u00dfe Auswahl an Produkten zu g\u00fcnstigen Preisen. Doch was steckt hinter dem <a href=\"https:\/\/www.designenlassen.de\/blog\/eine-liste-kreativer-firmennamen-lerne-bei-der-namensgebung-von-den-besten\/\">Namen<\/a> und dem <a href=\"https:\/\/www.designenlassen.de\/blog\/logo-entwicklung-leicht-gemacht-8-aspekte-die-man-unbedingt-beachten-sollte\/\">Logo<\/a> von LIDL? Wie hat sich das Unternehmen von einem kleinen Lebensmittelgesch\u00e4ft in Berlin zu einem internationalen Konzern entwickelt? Und welche Bedeutung hat LIDL f\u00fcr die Gesellschaft und die Umwelt? <\/p>\n\n\n\n<p>In diesem Blogbeitrag erf\u00e4hrst Du mehr \u00fcber die Geschichte, die Entwicklung und die Bedeutung von LIDL. Au\u00dferdem beantworte ich einige h\u00e4ufig gestellte Fragen zum LIDL-Logo, das zu den&nbsp;<a href=\"https:\/\/www.designenlassen.de\/blog\/bekannte-logos\/\">bekanntesten Logos<\/a>&nbsp;in der Lebensmittelbranche geh\u00f6rt.<\/p>\n\n\n\n<div class=\"wp-block-buttons is-content-justification-center is-layout-flex wp-container-core-buttons-is-layout-16018d1d wp-block-buttons-is-layout-flex\">\n<div class=\"wp-block-button is-style-fill\"><a class=\"wp-block-button__link has-white-color has-text-color has-background has-text-align-left wp-element-button\" href=\"https:\/\/www.designenlassen.de\/logo-design?utm_source=blog&amp;utm_medium=button&amp;utm_campaign=logo-sammlung\" style=\"background-color:#091182\">Jetzt Logo erstellen<\/a><\/div>\n<\/div>\n\n\n\n\n\n<h2 class=\"wp-block-heading\">Ursprung<\/h2>\n\n\n\n<p>LIDL wurde im Jahr 1930 von Josef Schwarz und Ludwig Lidl gegr\u00fcndet. Die beiden waren Freunde und Gesch\u00e4ftspartner, die ein kleines Lebensmittelgesch\u00e4ft in Berlin betrieben. Der Name LIDL setzt sich aus den Anfangsbuchstaben ihrer Nachnamen zusammen. Schwarz war f\u00fcr das operative Gesch\u00e4ft zust\u00e4ndig, w\u00e4hrend Lidl als Wirtschaftsprofessor die strategische Ausrichtung \u00fcbernahm. <\/p>\n\n\n\n<p>Sie spezialisierten sich auf den Lebensmittelgro\u00dfhandel und belieferten vor allem die Armee w\u00e4hrend des Zweiten Weltkriegs. Nach dem Krieg wurde das Unternehmen zerst\u00f6rt und musste von Grund auf neu aufgebaut werden. Schwarz gelang es, LIDL wieder zu einem der f\u00fchrenden Lebensmittelgro\u00dfh\u00e4ndler in Deutschland und \u00d6sterreich zu machen.<\/p>\n\n\n\n<h2 class=\"wp-block-heading\">Entwicklung <\/h2>\n\n\n\n<p>Im Jahr 1977 entschied sich Schwarz, das Unternehmen in zwei Bereiche aufzuteilen: den Gro\u00dfhandel und den Einzelhandel. Er er\u00f6ffnete die erste LIDL-Filiale in Ludwigshafen, die sich durch ein einfaches und g\u00fcnstiges Sortiment auszeichnete. Das Konzept kam bei den Kunden gut an und LIDL begann, sich schnell zu expandieren. Dabei setzte LIDL auf eine aggressive Preispolitik, die es ihm erm\u00f6glichte, die Konkurrenz zu unterbieten. <\/p>\n\n\n\n<p>LIDL wurde zu einem der Vorreiter des Discount-Prinzips in der Lebensmittelbranche. Das Logo von LIDL wurde ebenfalls in dieser Zeit entworfen. Es besteht aus einem blauen Quadrat mit einem gelben Kreis in einem roten Rand, in dem der Name LIDL in blauen und roten Buchstaben steht. Das Logo soll Freundlichkeit, W\u00e4rme und Zuverl\u00e4ssigkeit ausstrahlen. <\/p>\n\n\n\n<p>Der schr\u00e4ge Buchstabe i soll Aufmerksamkeit erregen und Kreativit\u00e4t zeigen. Das <a href=\"https:\/\/www.designenlassen.de\/blog\/logo-erstellen-top-firmenlogo-einfach-entwerfen\/\">erstellte Logo<\/a> hat sich seit seiner Einf\u00fchrung nicht ver\u00e4ndert und ist zu einem Markenzeichen von LIDL geworden.<\/p>\n\n\n\n<h2 class=\"wp-block-heading\">Bedeutung<\/h2>\n\n\n\n<p>LIDL hat sich zu einem der gr\u00f6\u00dften und beliebtesten Lebensmittelh\u00e4ndler der Welt entwickelt. LIDL steht f\u00fcr Qualit\u00e4t, Vielfalt und Nachhaltigkeit. LIDL bietet seinen Kunden ein breites Sortiment an frischen, regionalen und biologischen Produkten, sowie Non-Food-Artikel aus verschiedenen Bereichen wie Mode, Haushalt, Garten und mehr. LIDL legt Wert auf eine faire und transparente Lieferkette, die die Menschenrechte und die Umwelt sch\u00fctzt. <\/p>\n\n\n\n<p>LIDL engagiert sich auch f\u00fcr soziale und \u00f6kologische Projekte, wie zum Beispiel die Unterst\u00fctzung von Tafeln, die Bek\u00e4mpfung von Lebensmittelverschwendung, die F\u00f6rderung von erneuerbaren Energien und die Reduzierung von Plastik. LIDL ist mehr als nur ein Discounter, LIDL ist ein verantwortungsvoller und innovativer Partner f\u00fcr seine Kunden, Mitarbeiter, Lieferanten und die Gesellschaft.<\/p>\n\n\n\n<div class=\"sof\">\n<h2>Individuelles Design oder Logo gesucht?<\/h2>\n<p>Bei designenlassen.de findest Du \u00fcber <b>100.000 Designer, die Dir ein einzigartiges Design nach Deinen W\u00fcnschen kreieren.<\/b> Starte jetzt Deinen eigenen Designwettbewerb und erhalte zahlreiche individuelle Vorschl\u00e4ge.<br><\/p>\n\n\n\n<\/div>\n\n\n\n<div class=\"wp-block-buttons is-content-justification-center is-layout-flex wp-container-core-buttons-is-layout-16018d1d wp-block-buttons-is-layout-flex\">\n<div class=\"wp-block-button is-style-fill\"><a class=\"wp-block-button__link has-white-color has-text-color has-background has-text-align-left wp-element-button\" href=\"https:\/\/www.designenlassen.de\/logo-design?utm_source=blog&amp;utm_medium=button&amp;utm_campaign=logo-sammlung\" style=\"background-color:#091182\">Jetzt Logo erstellen<\/a><\/div>\n<\/div>\n\n\n\n<div style=\"height:34px\" aria-hidden=\"true\" class=\"wp-block-spacer\"><\/div>\n\n\n\n<h2 class=\"wp-block-heading\">Von uns erstellte Logos<\/h2>\n\n\n\n<figure class=\"wp-block-gallery has-nested-images columns-default is-cropped wp-block-gallery-1 is-layout-flex wp-block-gallery-is-layout-flex\">\n<figure class=\"wp-block-image size-full\"><img decoding=\"async\" width=\"500\" height=\"500\" data-id=\"27462\" src=\"https:\/\/www.designenlassen.de\/blog\/wp-content\/uploads\/2023\/08\/designenlassen_gartenbau-logo_wrede.jpg\" alt=\"\" class=\"wp-image-27462\" srcset=\"https:\/\/www.designenlassen.de\/blog\/wp-content\/uploads\/2023\/08\/designenlassen_gartenbau-logo_wrede.jpg 500w, https:\/\/www.designenlassen.de\/blog\/wp-content\/uploads\/2023\/08\/designenlassen_gartenbau-logo_wrede-300x300.jpg 300w, https:\/\/www.designenlassen.de\/blog\/wp-content\/uploads\/2023\/08\/designenlassen_gartenbau-logo_wrede-150x150.jpg 150w\" sizes=\"(max-width: 500px) 100vw, 500px\" \/><figcaption class=\"wp-element-caption\">eCommerce Logo von ichoomi<\/figcaption><\/figure>\n\n\n\n<figure class=\"wp-block-image size-full\"><img decoding=\"async\" width=\"338\" height=\"338\" data-id=\"24260\" src=\"https:\/\/www.designenlassen.de\/blog\/wp-content\/uploads\/2021\/05\/Kaiser-Bau-One-Line-Logo-Design-224448-arrasyiqjpr.jpg\" alt=\"Kaiser-Bau-One-Line-Logo-Design\" class=\"wp-image-24260\" srcset=\"https:\/\/www.designenlassen.de\/blog\/wp-content\/uploads\/2021\/05\/Kaiser-Bau-One-Line-Logo-Design-224448-arrasyiqjpr.jpg 338w, https:\/\/www.designenlassen.de\/blog\/wp-content\/uploads\/2021\/05\/Kaiser-Bau-One-Line-Logo-Design-224448-arrasyiqjpr-300x300.jpg 300w, https:\/\/www.designenlassen.de\/blog\/wp-content\/uploads\/2021\/05\/Kaiser-Bau-One-Line-Logo-Design-224448-arrasyiqjpr-150x150.jpg 150w\" sizes=\"(max-width: 338px) 100vw, 338px\" \/><figcaption class=\"wp-element-caption\">Bank Logo f\u00fcr &#8222;immer im Plus&#8220; von DesING mit Eurozeichen und Plussymbol<\/figcaption><\/figure>\n\n\n\n<figure class=\"wp-block-image size-full\"><img loading=\"lazy\" decoding=\"async\" width=\"900\" height=\"900\" data-id=\"23407\" src=\"https:\/\/www.designenlassen.de\/blog\/wp-content\/uploads\/2021\/02\/All_about_prop_Gebaeude_Logo_352833.png\" alt=\"Geb\u00e4ude-Logo f\u00fcr Immobilienmanagement\" class=\"wp-image-23407\" srcset=\"https:\/\/www.designenlassen.de\/blog\/wp-content\/uploads\/2021\/02\/All_about_prop_Gebaeude_Logo_352833.png 900w, https:\/\/www.designenlassen.de\/blog\/wp-content\/uploads\/2021\/02\/All_about_prop_Gebaeude_Logo_352833-300x300.png 300w, https:\/\/www.designenlassen.de\/blog\/wp-content\/uploads\/2021\/02\/All_about_prop_Gebaeude_Logo_352833-150x150.png 150w, https:\/\/www.designenlassen.de\/blog\/wp-content\/uploads\/2021\/02\/All_about_prop_Gebaeude_Logo_352833-768x768.png 768w\" sizes=\"(max-width: 900px) 100vw, 900px\" \/><figcaption class=\"wp-element-caption\">Geb\u00e4ude-Logo f\u00fcr All About Prop<\/figcaption><\/figure>\n\n\n\n<figure class=\"wp-block-image size-full\"><img loading=\"lazy\" decoding=\"async\" width=\"338\" height=\"338\" data-id=\"10349\" src=\"https:\/\/www.designenlassen.de\/blog\/wp-content\/uploads\/2015\/07\/schlossberg-hotel-oberhof-logo-design.png\" alt=\"\" class=\"wp-image-10349\" srcset=\"https:\/\/www.designenlassen.de\/blog\/wp-content\/uploads\/2015\/07\/schlossberg-hotel-oberhof-logo-design.png 338w, https:\/\/www.designenlassen.de\/blog\/wp-content\/uploads\/2015\/07\/schlossberg-hotel-oberhof-logo-design-150x150.png 150w, https:\/\/www.designenlassen.de\/blog\/wp-content\/uploads\/2015\/07\/schlossberg-hotel-oberhof-logo-design-300x300.png 300w\" sizes=\"(max-width: 338px) 100vw, 338px\" \/><figcaption class=\"wp-element-caption\">eCommerce Logo von CreativeLogo<\/figcaption><\/figure>\n\n\n\n<figure class=\"wp-block-image size-full\"><img loading=\"lazy\" decoding=\"async\" width=\"800\" height=\"520\" data-id=\"10352\" src=\"https:\/\/www.designenlassen.de\/blog\/wp-content\/uploads\/2015\/07\/b\u00e4ckerei-hotel-imseng-design.png\" alt=\"\" class=\"wp-image-10352\" srcset=\"https:\/\/www.designenlassen.de\/blog\/wp-content\/uploads\/2015\/07\/b\u00e4ckerei-hotel-imseng-design.png 800w, https:\/\/www.designenlassen.de\/blog\/wp-content\/uploads\/2015\/07\/b\u00e4ckerei-hotel-imseng-design-300x195.png 300w, https:\/\/www.designenlassen.de\/blog\/wp-content\/uploads\/2015\/07\/b\u00e4ckerei-hotel-imseng-design-768x499.png 768w\" sizes=\"(max-width: 800px) 100vw, 800px\" \/><\/figure>\n\n\n\n<figure class=\"wp-block-image size-full\"><img loading=\"lazy\" decoding=\"async\" width=\"800\" height=\"358\" data-id=\"12766\" src=\"https:\/\/www.designenlassen.de\/blog\/wp-content\/uploads\/2016\/09\/Logo-Design-Wellness-Wald-Spa-Schwarzwaldhotel-24996.png\" alt=\"Logo Design Wellness Wald Spa Schwarzwaldhotel 24996\" class=\"wp-image-12766\" srcset=\"https:\/\/www.designenlassen.de\/blog\/wp-content\/uploads\/2016\/09\/Logo-Design-Wellness-Wald-Spa-Schwarzwaldhotel-24996.png 800w, https:\/\/www.designenlassen.de\/blog\/wp-content\/uploads\/2016\/09\/Logo-Design-Wellness-Wald-Spa-Schwarzwaldhotel-24996-300x134.png 300w, https:\/\/www.designenlassen.de\/blog\/wp-content\/uploads\/2016\/09\/Logo-Design-Wellness-Wald-Spa-Schwarzwaldhotel-24996-768x344.png 768w\" sizes=\"(max-width: 800px) 100vw, 800px\" \/><figcaption class=\"wp-element-caption\">eCommerce Logo von jhdesign<\/figcaption><\/figure>\n\n\n\n<figure class=\"wp-block-image size-full\"><img loading=\"lazy\" decoding=\"async\" width=\"1024\" height=\"1024\" data-id=\"28806\" src=\"https:\/\/www.designenlassen.de\/blog\/wp-content\/uploads\/2024\/02\/73a23ad6-1854-4bd9-a718-4c2c37fffa37.jpg\" alt=\"\" class=\"wp-image-28806\" srcset=\"https:\/\/www.designenlassen.de\/blog\/wp-content\/uploads\/2024\/02\/73a23ad6-1854-4bd9-a718-4c2c37fffa37.jpg 1024w, https:\/\/www.designenlassen.de\/blog\/wp-content\/uploads\/2024\/02\/73a23ad6-1854-4bd9-a718-4c2c37fffa37-300x300.jpg 300w, https:\/\/www.designenlassen.de\/blog\/wp-content\/uploads\/2024\/02\/73a23ad6-1854-4bd9-a718-4c2c37fffa37-150x150.jpg 150w, https:\/\/www.designenlassen.de\/blog\/wp-content\/uploads\/2024\/02\/73a23ad6-1854-4bd9-a718-4c2c37fffa37-768x768.jpg 768w\" sizes=\"(max-width: 1024px) 100vw, 1024px\" \/><\/figure>\n\n\n\n<figure class=\"wp-block-image size-full\"><img loading=\"lazy\" decoding=\"async\" width=\"984\" height=\"450\" data-id=\"23398\" src=\"https:\/\/www.designenlassen.de\/blog\/wp-content\/uploads\/2021\/02\/K3_Gebaeude_Logo_836967.png\" alt=\"Geb\u00e4ude Logo f\u00fcr Beratungsunternehmen K3\" class=\"wp-image-23398\" srcset=\"https:\/\/www.designenlassen.de\/blog\/wp-content\/uploads\/2021\/02\/K3_Gebaeude_Logo_836967.png 984w, https:\/\/www.designenlassen.de\/blog\/wp-content\/uploads\/2021\/02\/K3_Gebaeude_Logo_836967-300x137.png 300w, https:\/\/www.designenlassen.de\/blog\/wp-content\/uploads\/2021\/02\/K3_Gebaeude_Logo_836967-768x351.png 768w\" sizes=\"(max-width: 984px) 100vw, 984px\" \/><figcaption class=\"wp-element-caption\">Logo-Design mit Geb\u00e4ude f\u00fcr K3<\/figcaption><\/figure>\n\n\n\n<figure class=\"wp-block-image size-full\"><img loading=\"lazy\" decoding=\"async\" width=\"500\" height=\"358\" data-id=\"27460\" src=\"https:\/\/www.designenlassen.de\/blog\/wp-content\/uploads\/2023\/08\/designenlassen_gartenbau-logo_wimer.jpg\" alt=\"\" class=\"wp-image-27460\" srcset=\"https:\/\/www.designenlassen.de\/blog\/wp-content\/uploads\/2023\/08\/designenlassen_gartenbau-logo_wimer.jpg 500w, https:\/\/www.designenlassen.de\/blog\/wp-content\/uploads\/2023\/08\/designenlassen_gartenbau-logo_wimer-300x215.jpg 300w\" sizes=\"(max-width: 500px) 100vw, 500px\" \/><\/figure>\n<\/figure>\n\n\n\n<p class=\"has-text-align-center\"><a href=\"https:\/\/www.designenlassen.de\/blog\/category\/inspiration\/\">Mehr Designs entdecken<\/a><\/p>\n\n\n\n<h2 class=\"wp-block-heading\">FAQs: Die wichtigsten Fragen zum LIDL-Logo<\/h2>\n\n\n\n<div style=\"height:34px\" aria-hidden=\"true\" class=\"wp-block-spacer\"><\/div>\n\n\n\n<h3 class=\"wp-block-heading\">Was bedeutet der Name LIDL?<\/h3>\n\n\n\n<p>Der Name LIDL ist ein Akronym aus den Nachnamen der Gr\u00fcnder Josef Schwarz und Ludwig Lidl. Es ist kein Wort mit einer bestimmten Bedeutung.<\/p>\n\n\n\n<h3 class=\"wp-block-heading\">Was bedeutet das Logo Lidl?<\/h3>\n\n\n\n<p>Der Grafiker hat einfach die Vorgaben von Lidl umgesetzt, ohne dar\u00fcber nachzudenken. Die Logos haben keine besondere Bedeutung.<\/p>\n\n\n\n<h2 class=\"wp-block-heading\">Fazit<\/h2>\n\n\n\n<p>LIDL ist eine Erfolgsgeschichte, die auf einer langen Tradition, einer klaren Strategie und einem sympathischen Logo basiert. LIDL hat sich von einem kleinen Lebensmittelgesch\u00e4ft zu einem globalen Player entwickelt, der seinen Kunden Qualit\u00e4t, Vielfalt und Nachhaltigkeit bietet. LIDL ist ein Unternehmen, das sich st\u00e4ndig weiterentwickelt und an die Bed\u00fcrfnisse und W\u00fcnsche seiner Kunden anpasst. LIDL lohnt sich &#8211; f\u00fcr dich und f\u00fcr die Welt.<\/p>\n\n\n\n<div class=\"wp-block-buttons is-content-justification-center is-layout-flex wp-container-core-buttons-is-layout-16018d1d wp-block-buttons-is-layout-flex\">\n<div class=\"wp-block-button is-style-fill\"><a class=\"wp-block-button__link has-white-color has-text-color has-background has-text-align-left wp-element-button\" href=\"https:\/\/www.designenlassen.de\/logo-design?utm_source=blog&amp;utm_medium=button&amp;utm_campaign=logo-sammlung\" style=\"background-color:#091182\">Jetzt Logo erstellen<\/a><\/div>\n<\/div>\n\n\n\n<div style=\"height:29px\" aria-hidden=\"true\" class=\"wp-block-spacer\"><\/div>\n\n\n\n<h2 class=\"wp-block-heading\">Weiterf\u00fchrende Informationen<\/h2>\n\n\n\n<ul class=\"wp-block-list\">\n<li><a href=\"https:\/\/de.wikipedia.org\/wiki\/Lidl\">Geschichte<\/a><\/li>\n<\/ul>\n\n\n\n<p><strong>Bildquelle:<\/strong><\/p>\n\n\n\n<ul class=\"wp-block-list\">\n<li><a href=\"https:\/\/de.wikipedia.org\/wiki\/Datei:Lidl-Logo.svg\">Foto von Wikipedia<\/a><\/li>\n<\/ul>\n","protected":false},"excerpt":{"rendered":"<p>LIDL ist eine der bekanntesten und erfolgreichsten Lebensmittelketten in Europa und den USA. Mit \u00fcber 10.000&hellip;<\/p>\n","protected":false},"author":27,"featured_media":29057,"parent":27972,"menu_order":0,"comment_status":"closed","ping_status":"closed","template":"","meta":{"_lmt_disableupdate":"","_lmt_disable":"","footnotes":""},"class_list":["post-29055","page","type-page","status-publish","has-post-thumbnail","hentry"],"yoast_head":"<!-- This site is optimized with the Yoast SEO plugin v27.5 - https:\/\/yoast.com\/product\/yoast-seo-wordpress\/ -->\n<title>LIDL Logo \u25ba Bilder, Geschichte, Entwicklung &amp; u.v.m<\/title>\n<meta name=\"description\" content=\"Erfahre alles Wichtige \u00fcber das LIDL-Logo: Geschichte \u2713 Ursprung \u2713 Entwicklung \u2713 Bedeutung \u2713 u.v.m. \u25ba Jetzt ansehen!\" \/>\n<meta name=\"robots\" content=\"index, follow, max-snippet:-1, max-image-preview:large, max-video-preview:-1\" \/>\n<link rel=\"canonical\" href=\"https:\/\/www.designenlassen.de\/blog\/bekannte-logos\/lidl-logo\/\" \/>\n<meta property=\"og:locale\" content=\"de_DE\" \/>\n<meta property=\"og:type\" content=\"article\" \/>\n<meta property=\"og:title\" content=\"LIDL Logo \u25ba Bilder, Geschichte, Entwicklung &amp; u.v.m\" \/>\n<meta property=\"og:description\" content=\"Erfahre alles Wichtige \u00fcber das LIDL-Logo: Geschichte \u2713 Ursprung \u2713 Entwicklung \u2713 Bedeutung \u2713 u.v.m. \u25ba Jetzt ansehen!\" \/>\n<meta property=\"og:url\" content=\"https:\/\/www.designenlassen.de\/blog\/bekannte-logos\/lidl-logo\/\" \/>\n<meta property=\"og:site_name\" content=\"designenlassen.de Blog\" \/>\n<meta property=\"article:modified_time\" content=\"2024-05-16T07:27:31+00:00\" \/>\n<meta property=\"og:image\" content=\"https:\/\/www.designenlassen.de\/blog\/wp-content\/uploads\/2024\/02\/Dein-Abschnittstext-23.png\" \/>\n\t<meta property=\"og:image:width\" content=\"600\" \/>\n\t<meta property=\"og:image:height\" content=\"600\" \/>\n\t<meta property=\"og:image:type\" content=\"image\/png\" \/>\n<meta name=\"twitter:card\" content=\"summary_large_image\" \/>\n<meta name=\"twitter:label1\" content=\"Gesch\u00e4tzte Lesezeit\" \/>\n\t<meta name=\"twitter:data1\" content=\"6\u00a0Minuten\" \/>\n<script type=\"application\/ld+json\" class=\"yoast-schema-graph\">{\"@context\":\"https:\\\/\\\/schema.org\",\"@graph\":[{\"@type\":\"WebPage\",\"@id\":\"https:\\\/\\\/www.designenlassen.de\\\/blog\\\/bekannte-logos\\\/lidl-logo\\\/\",\"url\":\"https:\\\/\\\/www.designenlassen.de\\\/blog\\\/bekannte-logos\\\/lidl-logo\\\/\",\"name\":\"LIDL Logo \u25ba Bilder, Geschichte, Entwicklung & u.v.m\",\"isPartOf\":{\"@id\":\"https:\\\/\\\/www.designenlassen.de\\\/blog\\\/#website\"},\"primaryImageOfPage\":{\"@id\":\"https:\\\/\\\/www.designenlassen.de\\\/blog\\\/bekannte-logos\\\/lidl-logo\\\/#primaryimage\"},\"image\":{\"@id\":\"https:\\\/\\\/www.designenlassen.de\\\/blog\\\/bekannte-logos\\\/lidl-logo\\\/#primaryimage\"},\"thumbnailUrl\":\"https:\\\/\\\/www.designenlassen.de\\\/blog\\\/wp-content\\\/uploads\\\/2024\\\/02\\\/Dein-Abschnittstext-23.png\",\"datePublished\":\"2024-02-23T11:42:27+00:00\",\"dateModified\":\"2024-05-16T07:27:31+00:00\",\"description\":\"Erfahre alles Wichtige \u00fcber das LIDL-Logo: Geschichte \u2713 Ursprung \u2713 Entwicklung \u2713 Bedeutung \u2713 u.v.m. \u25ba Jetzt ansehen!\",\"breadcrumb\":{\"@id\":\"https:\\\/\\\/www.designenlassen.de\\\/blog\\\/bekannte-logos\\\/lidl-logo\\\/#breadcrumb\"},\"inLanguage\":\"de\",\"potentialAction\":[{\"@type\":\"ReadAction\",\"target\":[\"https:\\\/\\\/www.designenlassen.de\\\/blog\\\/bekannte-logos\\\/lidl-logo\\\/\"]}]},{\"@type\":\"ImageObject\",\"inLanguage\":\"de\",\"@id\":\"https:\\\/\\\/www.designenlassen.de\\\/blog\\\/bekannte-logos\\\/lidl-logo\\\/#primaryimage\",\"url\":\"https:\\\/\\\/www.designenlassen.de\\\/blog\\\/wp-content\\\/uploads\\\/2024\\\/02\\\/Dein-Abschnittstext-23.png\",\"contentUrl\":\"https:\\\/\\\/www.designenlassen.de\\\/blog\\\/wp-content\\\/uploads\\\/2024\\\/02\\\/Dein-Abschnittstext-23.png\",\"width\":600,\"height\":600},{\"@type\":\"BreadcrumbList\",\"@id\":\"https:\\\/\\\/www.designenlassen.de\\\/blog\\\/bekannte-logos\\\/lidl-logo\\\/#breadcrumb\",\"itemListElement\":[{\"@type\":\"ListItem\",\"position\":1,\"name\":\"Start\",\"item\":\"https:\\\/\\\/www.designenlassen.de\\\/blog\\\/\"},{\"@type\":\"ListItem\",\"position\":2,\"name\":\"Die 180 bekanntesten Logos im \u00dcberblick\",\"item\":\"https:\\\/\\\/www.designenlassen.de\\\/blog\\\/bekannte-logos\\\/\"},{\"@type\":\"ListItem\",\"position\":3,\"name\":\"LIDL Logo\"}]},{\"@type\":\"WebSite\",\"@id\":\"https:\\\/\\\/www.designenlassen.de\\\/blog\\\/#website\",\"url\":\"https:\\\/\\\/www.designenlassen.de\\\/blog\\\/\",\"name\":\"designenlassen.de Blog\",\"description\":\"Inspirationen, Tipps und Ideen f\u00fcr Designer sowie Gr\u00fcnder und Kleinbetriebe.\",\"potentialAction\":[{\"@type\":\"SearchAction\",\"target\":{\"@type\":\"EntryPoint\",\"urlTemplate\":\"https:\\\/\\\/www.designenlassen.de\\\/blog\\\/?s={search_term_string}\"},\"query-input\":{\"@type\":\"PropertyValueSpecification\",\"valueRequired\":true,\"valueName\":\"search_term_string\"}}],\"inLanguage\":\"de\"}]}<\/script>\n<!-- \/ Yoast SEO plugin. -->","yoast_head_json":{"title":"LIDL Logo \u25ba Bilder, Geschichte, Entwicklung & u.v.m","description":"Erfahre alles Wichtige \u00fcber das LIDL-Logo: Geschichte \u2713 Ursprung \u2713 Entwicklung \u2713 Bedeutung \u2713 u.v.m. \u25ba Jetzt ansehen!","robots":{"index":"index","follow":"follow","max-snippet":"max-snippet:-1","max-image-preview":"max-image-preview:large","max-video-preview":"max-video-preview:-1"},"canonical":"https:\/\/www.designenlassen.de\/blog\/bekannte-logos\/lidl-logo\/","og_locale":"de_DE","og_type":"article","og_title":"LIDL Logo \u25ba Bilder, Geschichte, Entwicklung & u.v.m","og_description":"Erfahre alles Wichtige \u00fcber das LIDL-Logo: Geschichte \u2713 Ursprung \u2713 Entwicklung \u2713 Bedeutung \u2713 u.v.m. \u25ba Jetzt ansehen!","og_url":"https:\/\/www.designenlassen.de\/blog\/bekannte-logos\/lidl-logo\/","og_site_name":"designenlassen.de Blog","article_modified_time":"2024-05-16T07:27:31+00:00","og_image":[{"width":600,"height":600,"url":"https:\/\/www.designenlassen.de\/blog\/wp-content\/uploads\/2024\/02\/Dein-Abschnittstext-23.png","type":"image\/png"}],"twitter_card":"summary_large_image","twitter_misc":{"Gesch\u00e4tzte Lesezeit":"6\u00a0Minuten"},"schema":{"@context":"https:\/\/schema.org","@graph":[{"@type":"WebPage","@id":"https:\/\/www.designenlassen.de\/blog\/bekannte-logos\/lidl-logo\/","url":"https:\/\/www.designenlassen.de\/blog\/bekannte-logos\/lidl-logo\/","name":"LIDL Logo \u25ba Bilder, Geschichte, Entwicklung & u.v.m","isPartOf":{"@id":"https:\/\/www.designenlassen.de\/blog\/#website"},"primaryImageOfPage":{"@id":"https:\/\/www.designenlassen.de\/blog\/bekannte-logos\/lidl-logo\/#primaryimage"},"image":{"@id":"https:\/\/www.designenlassen.de\/blog\/bekannte-logos\/lidl-logo\/#primaryimage"},"thumbnailUrl":"https:\/\/www.designenlassen.de\/blog\/wp-content\/uploads\/2024\/02\/Dein-Abschnittstext-23.png","datePublished":"2024-02-23T11:42:27+00:00","dateModified":"2024-05-16T07:27:31+00:00","description":"Erfahre alles Wichtige \u00fcber das LIDL-Logo: Geschichte \u2713 Ursprung \u2713 Entwicklung \u2713 Bedeutung \u2713 u.v.m. \u25ba Jetzt ansehen!","breadcrumb":{"@id":"https:\/\/www.designenlassen.de\/blog\/bekannte-logos\/lidl-logo\/#breadcrumb"},"inLanguage":"de","potentialAction":[{"@type":"ReadAction","target":["https:\/\/www.designenlassen.de\/blog\/bekannte-logos\/lidl-logo\/"]}]},{"@type":"ImageObject","inLanguage":"de","@id":"https:\/\/www.designenlassen.de\/blog\/bekannte-logos\/lidl-logo\/#primaryimage","url":"https:\/\/www.designenlassen.de\/blog\/wp-content\/uploads\/2024\/02\/Dein-Abschnittstext-23.png","contentUrl":"https:\/\/www.designenlassen.de\/blog\/wp-content\/uploads\/2024\/02\/Dein-Abschnittstext-23.png","width":600,"height":600},{"@type":"BreadcrumbList","@id":"https:\/\/www.designenlassen.de\/blog\/bekannte-logos\/lidl-logo\/#breadcrumb","itemListElement":[{"@type":"ListItem","position":1,"name":"Start","item":"https:\/\/www.designenlassen.de\/blog\/"},{"@type":"ListItem","position":2,"name":"Die 180 bekanntesten Logos im \u00dcberblick","item":"https:\/\/www.designenlassen.de\/blog\/bekannte-logos\/"},{"@type":"ListItem","position":3,"name":"LIDL Logo"}]},{"@type":"WebSite","@id":"https:\/\/www.designenlassen.de\/blog\/#website","url":"https:\/\/www.designenlassen.de\/blog\/","name":"designenlassen.de Blog","description":"Inspirationen, Tipps und Ideen f\u00fcr Designer sowie Gr\u00fcnder und Kleinbetriebe.","potentialAction":[{"@type":"SearchAction","target":{"@type":"EntryPoint","urlTemplate":"https:\/\/www.designenlassen.de\/blog\/?s={search_term_string}"},"query-input":{"@type":"PropertyValueSpecification","valueRequired":true,"valueName":"search_term_string"}}],"inLanguage":"de"}]}},"_links":{"self":[{"href":"https:\/\/www.designenlassen.de\/blog\/wp-json\/wp\/v2\/pages\/29055","targetHints":{"allow":["GET"]}}],"collection":[{"href":"https:\/\/www.designenlassen.de\/blog\/wp-json\/wp\/v2\/pages"}],"about":[{"href":"https:\/\/www.designenlassen.de\/blog\/wp-json\/wp\/v2\/types\/page"}],"author":[{"embeddable":true,"href":"https:\/\/www.designenlassen.de\/blog\/wp-json\/wp\/v2\/users\/27"}],"replies":[{"embeddable":true,"href":"https:\/\/www.designenlassen.de\/blog\/wp-json\/wp\/v2\/comments?post=29055"}],"version-history":[{"count":4,"href":"https:\/\/www.designenlassen.de\/blog\/wp-json\/wp\/v2\/pages\/29055\/revisions"}],"predecessor-version":[{"id":31682,"href":"https:\/\/www.designenlassen.de\/blog\/wp-json\/wp\/v2\/pages\/29055\/revisions\/31682"}],"up":[{"embeddable":true,"href":"https:\/\/www.designenlassen.de\/blog\/wp-json\/wp\/v2\/pages\/27972"}],"wp:featuredmedia":[{"embeddable":true,"href":"https:\/\/www.designenlassen.de\/blog\/wp-json\/wp\/v2\/media\/29057"}],"wp:attachment":[{"href":"https:\/\/www.designenlassen.de\/blog\/wp-json\/wp\/v2\/media?parent=29055"}],"curies":[{"name":"wp","href":"https:\/\/api.w.org\/{rel}","templated":true}]}}