{"id":29059,"date":"2024-02-23T13:47:45","date_gmt":"2024-02-23T11:47:45","guid":{"rendered":"https:\/\/www.designenlassen.de\/blog\/?page_id=29059"},"modified":"2024-05-16T09:27:16","modified_gmt":"2024-05-16T07:27:16","slug":"lindt-logo","status":"publish","type":"page","link":"https:\/\/www.designenlassen.de\/blog\/bekannte-logos\/lindt-logo\/","title":{"rendered":"Lindt Logo"},"content":{"rendered":"\n<figure class=\"wp-block-image size-full is-resized\"><img fetchpriority=\"high\" decoding=\"async\" width=\"1024\" height=\"410\" src=\"https:\/\/www.designenlassen.de\/blog\/wp-content\/uploads\/2024\/02\/1024px-Lindt-Logo.svg_.png\" alt=\"\" class=\"wp-image-29170\" style=\"width:625px;height:auto\" srcset=\"https:\/\/www.designenlassen.de\/blog\/wp-content\/uploads\/2024\/02\/1024px-Lindt-Logo.svg_.png 1024w, https:\/\/www.designenlassen.de\/blog\/wp-content\/uploads\/2024\/02\/1024px-Lindt-Logo.svg_-300x120.png 300w, https:\/\/www.designenlassen.de\/blog\/wp-content\/uploads\/2024\/02\/1024px-Lindt-Logo.svg_-768x308.png 768w\" sizes=\"(max-width: 1024px) 100vw, 1024px\" \/><figcaption class=\"wp-element-caption\"><strong>\u00a9<\/strong> Lindt \/ lindt.com<\/figcaption><\/figure>\n\n\n\n<p>Lindt ist eine der bekanntesten und beliebtesten Schokoladenmarken der Welt. Doch wie entstand diese Marke, die f\u00fcr ihre hohe Qualit\u00e4t, ihren einzigartigen Geschmack und ihr elegantes Design bekannt ist? Und was hat es mit dem Lindt-Logo auf sich, das zu den&nbsp;<a href=\"https:\/\/www.designenlassen.de\/blog\/bekannte-logos\/\">bekanntesten Logos<\/a>&nbsp;der Schokoladenindustrie geh\u00f6rt? <\/p>\n\n\n\n<p>In diesem Blogeintrag erf\u00e4hrst Du mehr \u00fcber die spannende Geschichte von Lindt, von seinen Anf\u00e4ngen in der Schweiz bis zum Lindt-Logo.<\/p>\n\n\n\n<div class=\"wp-block-buttons is-content-justification-center is-layout-flex wp-container-core-buttons-is-layout-16018d1d wp-block-buttons-is-layout-flex\">\n<div class=\"wp-block-button is-style-fill\"><a class=\"wp-block-button__link has-white-color has-text-color has-background has-text-align-left wp-element-button\" href=\"https:\/\/www.designenlassen.de\/logo-design?utm_source=blog&amp;utm_medium=button&amp;utm_campaign=logo-sammlung\" style=\"background-color:#091182\">Jetzt Logo erstellen<\/a><\/div>\n<\/div>\n\n\n\n\n\n<h2 class=\"wp-block-heading\">Ursprung<\/h2>\n\n\n\n<p>Lindt hat ihren Ursprung in der Schweiz, wo im Jahr 1836 David Spr\u00fcngli-Schwarz und sein Sohn Rudolf Spr\u00fcngli-Ammann eine kleine Zuckerb\u00e4ckerei in Z\u00fcrich \u00fcbernahmen. Sie begannen, Schokolade in fester Form herzustellen, was damals eine Neuheit war. <\/p>\n\n\n\n<p>1845 er\u00f6ffneten sie eine zweite Konditorei am Paradeplatz, die heute noch als Confiserie Spr\u00fcngli bekannt ist.&nbsp;Als Rudolf Spr\u00fcngli-Ammann 1892 in den Ruhestand ging, teilte er das Unternehmen zwischen seinen beiden S\u00f6hnen auf: David Robert Spr\u00fcngli-Baud erhielt die beiden S\u00fc\u00dfwarengesch\u00e4fte, w\u00e4hrend Johann Rudolf Spr\u00fcngli-Schifferli die Schokoladenfabrik \u00fcbernahm.<\/p>\n\n\n\n<h2 class=\"wp-block-heading\">Entwicklung <\/h2>\n\n\n\n<p>Johann Rudolf Spr\u00fcngli-Schifferli wandelte seine Firma 1899 in eine Aktiengesellschaft um und kaufte im selben Jahr die Berner Schokoladenmanufaktur von Rodolphe Lindt. Lindt war ein Konditor, der 1879 durch einen gl\u00fccklichen Zufall das Conchierverfahren erfand, das die Schokolade zart und cremig machte. <\/p>\n\n\n\n<p>Er lie\u00df seine Maschine ein ganzes Wochenende lang laufen und entdeckte am Montagmorgen, dass die Schokolade gl\u00e4nzte, duftete und auf der Zunge schmolz.&nbsp;Er hatte die Schokolade revolutioniert. Die Aktiengesellschaft Vereinigte Berner und Z\u00fcrcher Chocoladefabriken Lindt &amp; Spr\u00fcngli war geboren. Das Logo des Unternehmens bestand aus den beiden Familienwappen: Stern und Halbmond von der Familie Spr\u00fcngli und einem Drachen f\u00fcr die Familie Lindt.&nbsp;Der Drache lehnte sich an das althochdeutsche Wort \u201eLindwurm\u201c f\u00fcr Drache an.<\/p>\n\n\n\n<p>Lindt &amp; Spr\u00fcngli wuchs schnell und erweiterte seine Produktpalette. 1905 wurde die erste Milchschokolade eingef\u00fchrt, 1927 die erste gef\u00fcllte Schokolade. 1949 wurde der ber\u00fchmte Lindt Goldhase kreiert, der bis heute ein Symbol f\u00fcr Ostern ist.&nbsp;1967 wurde die erste LINDOR-Kugel mit dem zartschmelzenden Kern entwickelt, die zu einem der beliebtesten Produkte von Lindt wurde. Lindt &amp; Spr\u00fcngli ging 1986 an die B\u00f6rse und begann, international zu expandieren. <\/p>\n\n\n\n<p>Es \u00fcbernahm oder gr\u00fcndete mehrere Tochtergesellschaften in verschiedenen L\u00e4ndern, wie Frankreich, Italien, \u00d6sterreich, USA, Australien und Kanada.&nbsp;Es kaufte auch andere bekannte Schokoladenmarken, wie Caffarel, Hofbauer und Ghirardelli.<\/p>\n\n\n\n<h2 class=\"wp-block-heading\">Bedeutung<\/h2>\n\n\n\n<p>Lindt ist heute eine der f\u00fchrenden Schokoladenmarken der Welt, die f\u00fcr ihre hohe Qualit\u00e4t, ihren einzigartigen Geschmack und ihr elegantes Design bekannt ist. Lindt steht f\u00fcr Tradition, Innovation und Leidenschaft f\u00fcr Schokolade.&nbsp;<\/p>\n\n\n\n<p>Lindt hat mehr als 14.000 Mitarbeiter und produziert j\u00e4hrlich mehr als 400.000 Tonnen Schokolade, die in \u00fcber 120 L\u00e4ndern verkauft wird.&nbsp;Lindt hat auch mehrere Attraktionen f\u00fcr Schokoladenliebhaber geschaffen, wie das Lindt Home of Chocolate in Kilchberg, das 2020 er\u00f6ffnet wurde und das gr\u00f6\u00dfte Schokoladenmuseum der Welt ist.<\/p>\n\n\n\n<div class=\"sof\">\n<h2>Individuelles Design oder Logo gesucht?<\/h2>\n<p>Bei designenlassen.de findest Du \u00fcber <b>100.000 Designer, die Dir ein einzigartiges Design nach Deinen W\u00fcnschen kreieren.<\/b> Starte jetzt Deinen eigenen Designwettbewerb und erhalte zahlreiche individuelle Vorschl\u00e4ge.<br><\/p>\n\n\n\n<\/div>\n\n\n\n<div class=\"wp-block-buttons is-content-justification-center is-layout-flex wp-container-core-buttons-is-layout-16018d1d wp-block-buttons-is-layout-flex\">\n<div class=\"wp-block-button is-style-fill\"><a class=\"wp-block-button__link has-white-color has-text-color has-background has-text-align-left wp-element-button\" href=\"https:\/\/www.designenlassen.de\/logo-design?utm_source=blog&amp;utm_medium=button&amp;utm_campaign=logo-sammlung\" style=\"background-color:#091182\">Jetzt Logo erstellen<\/a><\/div>\n<\/div>\n\n\n\n<div style=\"height:34px\" aria-hidden=\"true\" class=\"wp-block-spacer\"><\/div>\n\n\n\n<h2 class=\"wp-block-heading\">Von uns erstellte Logos<\/h2>\n\n\n\n<figure class=\"wp-block-gallery has-nested-images columns-default is-cropped wp-block-gallery-1 is-layout-flex wp-block-gallery-is-layout-flex\">\n<figure class=\"wp-block-image size-large\"><img decoding=\"async\" width=\"338\" height=\"338\" data-id=\"18517\" src=\"https:\/\/www.designenlassen.de\/blog\/wp-content\/uploads\/2019\/11\/Schokolade-Edelmond-Design-Produktverpackung-675216.jpg\" alt=\"Schokolade Edelmond Design Produktverpackung\" class=\"wp-image-18517\" srcset=\"https:\/\/www.designenlassen.de\/blog\/wp-content\/uploads\/2019\/11\/Schokolade-Edelmond-Design-Produktverpackung-675216.jpg 338w, https:\/\/www.designenlassen.de\/blog\/wp-content\/uploads\/2019\/11\/Schokolade-Edelmond-Design-Produktverpackung-675216-150x150.jpg 150w, https:\/\/www.designenlassen.de\/blog\/wp-content\/uploads\/2019\/11\/Schokolade-Edelmond-Design-Produktverpackung-675216-300x300.jpg 300w\" sizes=\"(max-width: 338px) 100vw, 338px\" \/><\/figure>\n\n\n\n<figure class=\"wp-block-image size-large\"><img decoding=\"async\" width=\"500\" height=\"500\" data-id=\"25668\" src=\"https:\/\/www.designenlassen.de\/blog\/wp-content\/uploads\/2022\/05\/popup_16_952176.png\" alt=\"\" class=\"wp-image-25668\" srcset=\"https:\/\/www.designenlassen.de\/blog\/wp-content\/uploads\/2022\/05\/popup_16_952176.png 500w, https:\/\/www.designenlassen.de\/blog\/wp-content\/uploads\/2022\/05\/popup_16_952176-300x300.png 300w, https:\/\/www.designenlassen.de\/blog\/wp-content\/uploads\/2022\/05\/popup_16_952176-150x150.png 150w\" sizes=\"(max-width: 500px) 100vw, 500px\" \/><\/figure>\n\n\n\n<figure class=\"wp-block-image size-large\"><img loading=\"lazy\" decoding=\"async\" width=\"338\" height=\"338\" data-id=\"20139\" src=\"https:\/\/www.designenlassen.de\/blog\/wp-content\/uploads\/2020\/03\/Cover-Design-f\u00fcr-Buch-\u00fcber-Schokolade-Verf\u00fchrerisch-323311-Nivine.jpg\" alt=\"Cover-Design-f\u00fcr-Buch-\u00fcber-Schokolade-Verf\u00fchrerisch\" class=\"wp-image-20139\" srcset=\"https:\/\/www.designenlassen.de\/blog\/wp-content\/uploads\/2020\/03\/Cover-Design-f\u00fcr-Buch-\u00fcber-Schokolade-Verf\u00fchrerisch-323311-Nivine.jpg 338w, https:\/\/www.designenlassen.de\/blog\/wp-content\/uploads\/2020\/03\/Cover-Design-f\u00fcr-Buch-\u00fcber-Schokolade-Verf\u00fchrerisch-323311-Nivine-300x300.jpg 300w, https:\/\/www.designenlassen.de\/blog\/wp-content\/uploads\/2020\/03\/Cover-Design-f\u00fcr-Buch-\u00fcber-Schokolade-Verf\u00fchrerisch-323311-Nivine-150x150.jpg 150w\" sizes=\"(max-width: 338px) 100vw, 338px\" \/><figcaption class=\"wp-element-caption\">Buchcover-Design von Nivine<\/figcaption><\/figure>\n\n\n\n<figure class=\"wp-block-image size-large\"><img loading=\"lazy\" decoding=\"async\" width=\"1024\" height=\"1024\" data-id=\"18490\" src=\"https:\/\/www.designenlassen.de\/blog\/wp-content\/uploads\/2019\/11\/Edelmond-Schokoladen-Verpackung-Farbenfroh-675216-1-1024x1024.jpg\" alt=\"Edelmond-Schokoladen-Verpackung-Farbenfroh\" class=\"wp-image-18490\" srcset=\"https:\/\/www.designenlassen.de\/blog\/wp-content\/uploads\/2019\/11\/Edelmond-Schokoladen-Verpackung-Farbenfroh-675216-1-1024x1024.jpg 1024w, https:\/\/www.designenlassen.de\/blog\/wp-content\/uploads\/2019\/11\/Edelmond-Schokoladen-Verpackung-Farbenfroh-675216-1-150x150.jpg 150w, https:\/\/www.designenlassen.de\/blog\/wp-content\/uploads\/2019\/11\/Edelmond-Schokoladen-Verpackung-Farbenfroh-675216-1-300x300.jpg 300w, https:\/\/www.designenlassen.de\/blog\/wp-content\/uploads\/2019\/11\/Edelmond-Schokoladen-Verpackung-Farbenfroh-675216-1-768x768.jpg 768w, https:\/\/www.designenlassen.de\/blog\/wp-content\/uploads\/2019\/11\/Edelmond-Schokoladen-Verpackung-Farbenfroh-675216-1.jpg 1200w\" sizes=\"(max-width: 1024px) 100vw, 1024px\" \/><\/figure>\n\n\n\n<figure class=\"wp-block-image size-large\"><img loading=\"lazy\" decoding=\"async\" width=\"338\" height=\"338\" data-id=\"18488\" src=\"https:\/\/www.designenlassen.de\/blog\/wp-content\/uploads\/2019\/11\/Farbige-Produktverpackung-Zartbitter-Schokolade-675216.jpg\" alt=\"Farbige-Produktverpackung-Zartbitter-Schokolade\" class=\"wp-image-18488\" srcset=\"https:\/\/www.designenlassen.de\/blog\/wp-content\/uploads\/2019\/11\/Farbige-Produktverpackung-Zartbitter-Schokolade-675216.jpg 338w, https:\/\/www.designenlassen.de\/blog\/wp-content\/uploads\/2019\/11\/Farbige-Produktverpackung-Zartbitter-Schokolade-675216-150x150.jpg 150w, https:\/\/www.designenlassen.de\/blog\/wp-content\/uploads\/2019\/11\/Farbige-Produktverpackung-Zartbitter-Schokolade-675216-300x300.jpg 300w\" sizes=\"(max-width: 338px) 100vw, 338px\" \/><\/figure>\n\n\n\n<figure class=\"wp-block-image size-large\"><img loading=\"lazy\" decoding=\"async\" width=\"338\" height=\"338\" data-id=\"18484\" src=\"https:\/\/www.designenlassen.de\/blog\/wp-content\/uploads\/2019\/11\/Auff\u00e4llige-Produktverpackung-f\u00fcr-Schokolade-Edelmond-316868.jpg\" alt=\"Auff\u00e4llige Produktverpackung f\u00fcr Schokolade Edelmond 316868\" class=\"wp-image-18484\" srcset=\"https:\/\/www.designenlassen.de\/blog\/wp-content\/uploads\/2019\/11\/Auff\u00e4llige-Produktverpackung-f\u00fcr-Schokolade-Edelmond-316868.jpg 338w, https:\/\/www.designenlassen.de\/blog\/wp-content\/uploads\/2019\/11\/Auff\u00e4llige-Produktverpackung-f\u00fcr-Schokolade-Edelmond-316868-150x150.jpg 150w, https:\/\/www.designenlassen.de\/blog\/wp-content\/uploads\/2019\/11\/Auff\u00e4llige-Produktverpackung-f\u00fcr-Schokolade-Edelmond-316868-300x300.jpg 300w\" sizes=\"(max-width: 338px) 100vw, 338px\" \/><\/figure>\n\n\n\n<figure class=\"wp-block-image size-large\"><img loading=\"lazy\" decoding=\"async\" width=\"395\" height=\"443\" data-id=\"13035\" src=\"https:\/\/www.designenlassen.de\/blog\/wp-content\/uploads\/2018\/08\/Buchcover-Design-Kochbuch-Schokolade.jpg\" alt=\"Buchcover-Design Kochbuch Schokolade\" class=\"wp-image-13035\" srcset=\"https:\/\/www.designenlassen.de\/blog\/wp-content\/uploads\/2018\/08\/Buchcover-Design-Kochbuch-Schokolade.jpg 395w, https:\/\/www.designenlassen.de\/blog\/wp-content\/uploads\/2018\/08\/Buchcover-Design-Kochbuch-Schokolade-267x300.jpg 267w\" sizes=\"(max-width: 395px) 100vw, 395px\" \/><\/figure>\n\n\n\n<figure class=\"wp-block-image size-large\"><img loading=\"lazy\" decoding=\"async\" width=\"338\" height=\"338\" data-id=\"21575\" src=\"https:\/\/www.designenlassen.de\/blog\/wp-content\/uploads\/2020\/07\/Food-Logo-Design-Barku-532387-Cresign-Zone.png\" alt=\"Food-Logo-Design-Barku\" class=\"wp-image-21575\" srcset=\"https:\/\/www.designenlassen.de\/blog\/wp-content\/uploads\/2020\/07\/Food-Logo-Design-Barku-532387-Cresign-Zone.png 338w, https:\/\/www.designenlassen.de\/blog\/wp-content\/uploads\/2020\/07\/Food-Logo-Design-Barku-532387-Cresign-Zone-300x300.png 300w, https:\/\/www.designenlassen.de\/blog\/wp-content\/uploads\/2020\/07\/Food-Logo-Design-Barku-532387-Cresign-Zone-150x150.png 150w\" sizes=\"(max-width: 338px) 100vw, 338px\" \/><figcaption class=\"wp-element-caption\">Essen Logo von Cresign Zone<\/figcaption><\/figure>\n\n\n\n<figure class=\"wp-block-image size-large\"><img loading=\"lazy\" decoding=\"async\" width=\"338\" height=\"338\" data-id=\"21569\" src=\"https:\/\/www.designenlassen.de\/blog\/wp-content\/uploads\/2020\/07\/Logo-Food-Vietnam-Frozen-Ice-Coffee-Ca-Phe-Sua-Da-442386-Jashod.jpg\" alt=\"Logo-Food-Vietnam-Frozen-Ice-Coffee-Ca-Phe-Sua-Da\" class=\"wp-image-21569\" srcset=\"https:\/\/www.designenlassen.de\/blog\/wp-content\/uploads\/2020\/07\/Logo-Food-Vietnam-Frozen-Ice-Coffee-Ca-Phe-Sua-Da-442386-Jashod.jpg 338w, https:\/\/www.designenlassen.de\/blog\/wp-content\/uploads\/2020\/07\/Logo-Food-Vietnam-Frozen-Ice-Coffee-Ca-Phe-Sua-Da-442386-Jashod-300x300.jpg 300w, https:\/\/www.designenlassen.de\/blog\/wp-content\/uploads\/2020\/07\/Logo-Food-Vietnam-Frozen-Ice-Coffee-Ca-Phe-Sua-Da-442386-Jashod-150x150.jpg 150w\" sizes=\"(max-width: 338px) 100vw, 338px\" \/><figcaption class=\"wp-element-caption\">Logo f\u00fcr Essen von Jashod<\/figcaption><\/figure>\n<\/figure>\n\n\n\n<p class=\"has-text-align-center\"><a href=\"https:\/\/www.designenlassen.de\/blog\/category\/inspiration\/\">Mehr Designs entdecken<\/a><\/p>\n\n\n\n<h2 class=\"wp-block-heading\">FAQs: Die wichtigsten Fragen zum Lindt-Logo<\/h2>\n\n\n\n<div style=\"height:34px\" aria-hidden=\"true\" class=\"wp-block-spacer\"><\/div>\n\n\n\n<h3 class=\"wp-block-heading\">Was bedeutet der Drache im Lindt-Logo?<\/h3>\n\n\n\n<p>Der Drache im Lindt-Logo stammt von der Familie Lindt, die 1899 ihre Schokoladenmanufaktur an die Familie Spr\u00fcngli verkaufte.&nbsp;Der Drache lehnt sich an das althochdeutsche Wort \u201eLindwurm\u201c f\u00fcr Drache an.<\/p>\n\n\n\n<h3 class=\"wp-block-heading\">Wie alt ist das Lindt-Logo?<\/h3>\n\n\n\n<p>Das Lindt-Logo wurde 1899 eingef\u00fchrt, als die Vereinigte Berner und Z\u00fcrcher Chocoladefabriken Lindt &amp; Spr\u00fcngli gegr\u00fcndet wurde.&nbsp;Das <a href=\"https:\/\/www.designenlassen.de\/blog\/logo-erstellen-top-firmenlogo-einfach-entwerfen\/\">Logo<\/a> bestand aus den beiden Familienwappen: Stern und Halbmond von der Familie Spr\u00fcngli und einem Drachen f\u00fcr die Familie Lindt.<\/p>\n\n\n\n<h2 class=\"wp-block-heading\">Fazit<\/h2>\n\n\n\n<p>Lindt ist eine Marke mit einer langen und spannenden Geschichte, die von ihren Anf\u00e4ngen in der Schweiz bis zu ihrer internationalen Expansion reicht. Lindt hat die Schokolade revolutioniert, indem sie das Conchieren erfand, das die Schokolade zart und cremig machte. <\/p>\n\n\n\n<p>Lindt hat auch viele beliebte Produkte kreiert, wie den Lindt Goldhase, die LINDOR-Kugel und die Excellence-Tafeln. Lindt ist eine <a href=\"https:\/\/www.designenlassen.de\/blog\/erfolgreiches-branding\/\">Marke<\/a>, die f\u00fcr ihre hohe Qualit\u00e4t, ihren einzigartigen Geschmack und ihr elegantes Design bekannt ist. Lindt ist eine Marke, die Schokoladenliebhaber auf der ganzen Welt begeistert.<\/p>\n\n\n\n<div class=\"wp-block-buttons is-content-justification-center is-layout-flex wp-container-core-buttons-is-layout-16018d1d wp-block-buttons-is-layout-flex\">\n<div class=\"wp-block-button is-style-fill\"><a class=\"wp-block-button__link has-white-color has-text-color has-background has-text-align-left wp-element-button\" href=\"https:\/\/www.designenlassen.de\/logo-design?utm_source=blog&amp;utm_medium=button&amp;utm_campaign=logo-sammlung\" style=\"background-color:#091182\">Jetzt Logo erstellen<\/a><\/div>\n<\/div>\n\n\n\n<div style=\"height:38px\" aria-hidden=\"true\" class=\"wp-block-spacer\"><\/div>\n\n\n\n<h2 class=\"wp-block-heading\">Weiterf\u00fchrende Informationen<\/h2>\n\n\n\n<ul class=\"wp-block-list\">\n<li><a href=\"https:\/\/de.wikipedia.org\/wiki\/Lindt_%26_Spr%C3%BCngli\">Geschichte<\/a><\/li>\n<\/ul>\n\n\n\n<p><strong>Bildquelle:<\/strong><\/p>\n\n\n\n<ul class=\"wp-block-list\">\n<li><a href=\"https:\/\/de.wikipedia.org\/wiki\/Datei:Lindt-Logo.svg\">Foto von Wikipedia<\/a><\/li>\n<\/ul>\n","protected":false},"excerpt":{"rendered":"<p>Lindt ist eine der bekanntesten und beliebtesten Schokoladenmarken der Welt. Doch wie entstand diese Marke, die&hellip;<\/p>\n","protected":false},"author":27,"featured_media":29171,"parent":27972,"menu_order":0,"comment_status":"closed","ping_status":"closed","template":"","meta":{"_lmt_disableupdate":"","_lmt_disable":"","footnotes":""},"class_list":["post-29059","page","type-page","status-publish","has-post-thumbnail","hentry"],"yoast_head":"<!-- This site is optimized with the Yoast SEO plugin v27.5 - https:\/\/yoast.com\/product\/yoast-seo-wordpress\/ -->\n<title>Lindt Logo \u25ba Bilder, Geschichte, Entwicklung &amp; u.v.m<\/title>\n<meta name=\"description\" content=\"Erfahre alles Wichtige \u00fcber das Lindt-Logo: Geschichte \u2713 Ursprung \u2713 Entwicklung \u2713 Bedeutung \u2713 u.v.m. \u25ba Jetzt ansehen!\" \/>\n<meta name=\"robots\" content=\"index, follow, max-snippet:-1, max-image-preview:large, max-video-preview:-1\" \/>\n<link rel=\"canonical\" href=\"https:\/\/www.designenlassen.de\/blog\/bekannte-logos\/lindt-logo\/\" \/>\n<meta property=\"og:locale\" content=\"de_DE\" \/>\n<meta property=\"og:type\" content=\"article\" \/>\n<meta property=\"og:title\" content=\"Lindt Logo \u25ba Bilder, Geschichte, Entwicklung &amp; u.v.m\" \/>\n<meta property=\"og:description\" content=\"Erfahre alles Wichtige \u00fcber das Lindt-Logo: Geschichte \u2713 Ursprung \u2713 Entwicklung \u2713 Bedeutung \u2713 u.v.m. \u25ba Jetzt ansehen!\" \/>\n<meta property=\"og:url\" content=\"https:\/\/www.designenlassen.de\/blog\/bekannte-logos\/lindt-logo\/\" \/>\n<meta property=\"og:site_name\" content=\"designenlassen.de Blog\" \/>\n<meta property=\"article:modified_time\" content=\"2024-05-16T07:27:16+00:00\" \/>\n<meta property=\"og:image\" content=\"https:\/\/www.designenlassen.de\/blog\/wp-content\/uploads\/2024\/02\/Dein-Abschnittstext-24.png\" \/>\n\t<meta property=\"og:image:width\" content=\"600\" \/>\n\t<meta property=\"og:image:height\" content=\"600\" \/>\n\t<meta property=\"og:image:type\" content=\"image\/png\" \/>\n<meta name=\"twitter:card\" content=\"summary_large_image\" \/>\n<meta name=\"twitter:label1\" content=\"Gesch\u00e4tzte Lesezeit\" \/>\n\t<meta name=\"twitter:data1\" content=\"7\u00a0Minuten\" \/>\n<script type=\"application\/ld+json\" class=\"yoast-schema-graph\">{\"@context\":\"https:\\\/\\\/schema.org\",\"@graph\":[{\"@type\":\"WebPage\",\"@id\":\"https:\\\/\\\/www.designenlassen.de\\\/blog\\\/bekannte-logos\\\/lindt-logo\\\/\",\"url\":\"https:\\\/\\\/www.designenlassen.de\\\/blog\\\/bekannte-logos\\\/lindt-logo\\\/\",\"name\":\"Lindt Logo \u25ba Bilder, Geschichte, Entwicklung & u.v.m\",\"isPartOf\":{\"@id\":\"https:\\\/\\\/www.designenlassen.de\\\/blog\\\/#website\"},\"primaryImageOfPage\":{\"@id\":\"https:\\\/\\\/www.designenlassen.de\\\/blog\\\/bekannte-logos\\\/lindt-logo\\\/#primaryimage\"},\"image\":{\"@id\":\"https:\\\/\\\/www.designenlassen.de\\\/blog\\\/bekannte-logos\\\/lindt-logo\\\/#primaryimage\"},\"thumbnailUrl\":\"https:\\\/\\\/www.designenlassen.de\\\/blog\\\/wp-content\\\/uploads\\\/2024\\\/02\\\/Dein-Abschnittstext-24.png\",\"datePublished\":\"2024-02-23T11:47:45+00:00\",\"dateModified\":\"2024-05-16T07:27:16+00:00\",\"description\":\"Erfahre alles Wichtige \u00fcber das Lindt-Logo: Geschichte \u2713 Ursprung \u2713 Entwicklung \u2713 Bedeutung \u2713 u.v.m. \u25ba Jetzt ansehen!\",\"breadcrumb\":{\"@id\":\"https:\\\/\\\/www.designenlassen.de\\\/blog\\\/bekannte-logos\\\/lindt-logo\\\/#breadcrumb\"},\"inLanguage\":\"de\",\"potentialAction\":[{\"@type\":\"ReadAction\",\"target\":[\"https:\\\/\\\/www.designenlassen.de\\\/blog\\\/bekannte-logos\\\/lindt-logo\\\/\"]}]},{\"@type\":\"ImageObject\",\"inLanguage\":\"de\",\"@id\":\"https:\\\/\\\/www.designenlassen.de\\\/blog\\\/bekannte-logos\\\/lindt-logo\\\/#primaryimage\",\"url\":\"https:\\\/\\\/www.designenlassen.de\\\/blog\\\/wp-content\\\/uploads\\\/2024\\\/02\\\/Dein-Abschnittstext-24.png\",\"contentUrl\":\"https:\\\/\\\/www.designenlassen.de\\\/blog\\\/wp-content\\\/uploads\\\/2024\\\/02\\\/Dein-Abschnittstext-24.png\",\"width\":600,\"height\":600},{\"@type\":\"BreadcrumbList\",\"@id\":\"https:\\\/\\\/www.designenlassen.de\\\/blog\\\/bekannte-logos\\\/lindt-logo\\\/#breadcrumb\",\"itemListElement\":[{\"@type\":\"ListItem\",\"position\":1,\"name\":\"Start\",\"item\":\"https:\\\/\\\/www.designenlassen.de\\\/blog\\\/\"},{\"@type\":\"ListItem\",\"position\":2,\"name\":\"Die 180 bekanntesten Logos im \u00dcberblick\",\"item\":\"https:\\\/\\\/www.designenlassen.de\\\/blog\\\/bekannte-logos\\\/\"},{\"@type\":\"ListItem\",\"position\":3,\"name\":\"Lindt Logo\"}]},{\"@type\":\"WebSite\",\"@id\":\"https:\\\/\\\/www.designenlassen.de\\\/blog\\\/#website\",\"url\":\"https:\\\/\\\/www.designenlassen.de\\\/blog\\\/\",\"name\":\"designenlassen.de Blog\",\"description\":\"Inspirationen, Tipps und Ideen f\u00fcr Designer sowie Gr\u00fcnder und Kleinbetriebe.\",\"potentialAction\":[{\"@type\":\"SearchAction\",\"target\":{\"@type\":\"EntryPoint\",\"urlTemplate\":\"https:\\\/\\\/www.designenlassen.de\\\/blog\\\/?s={search_term_string}\"},\"query-input\":{\"@type\":\"PropertyValueSpecification\",\"valueRequired\":true,\"valueName\":\"search_term_string\"}}],\"inLanguage\":\"de\"}]}<\/script>\n<!-- \/ Yoast SEO plugin. -->","yoast_head_json":{"title":"Lindt Logo \u25ba Bilder, Geschichte, Entwicklung & u.v.m","description":"Erfahre alles Wichtige \u00fcber das Lindt-Logo: Geschichte \u2713 Ursprung \u2713 Entwicklung \u2713 Bedeutung \u2713 u.v.m. \u25ba Jetzt ansehen!","robots":{"index":"index","follow":"follow","max-snippet":"max-snippet:-1","max-image-preview":"max-image-preview:large","max-video-preview":"max-video-preview:-1"},"canonical":"https:\/\/www.designenlassen.de\/blog\/bekannte-logos\/lindt-logo\/","og_locale":"de_DE","og_type":"article","og_title":"Lindt Logo \u25ba Bilder, Geschichte, Entwicklung & u.v.m","og_description":"Erfahre alles Wichtige \u00fcber das Lindt-Logo: Geschichte \u2713 Ursprung \u2713 Entwicklung \u2713 Bedeutung \u2713 u.v.m. \u25ba Jetzt ansehen!","og_url":"https:\/\/www.designenlassen.de\/blog\/bekannte-logos\/lindt-logo\/","og_site_name":"designenlassen.de Blog","article_modified_time":"2024-05-16T07:27:16+00:00","og_image":[{"width":600,"height":600,"url":"https:\/\/www.designenlassen.de\/blog\/wp-content\/uploads\/2024\/02\/Dein-Abschnittstext-24.png","type":"image\/png"}],"twitter_card":"summary_large_image","twitter_misc":{"Gesch\u00e4tzte Lesezeit":"7\u00a0Minuten"},"schema":{"@context":"https:\/\/schema.org","@graph":[{"@type":"WebPage","@id":"https:\/\/www.designenlassen.de\/blog\/bekannte-logos\/lindt-logo\/","url":"https:\/\/www.designenlassen.de\/blog\/bekannte-logos\/lindt-logo\/","name":"Lindt Logo \u25ba Bilder, Geschichte, Entwicklung & u.v.m","isPartOf":{"@id":"https:\/\/www.designenlassen.de\/blog\/#website"},"primaryImageOfPage":{"@id":"https:\/\/www.designenlassen.de\/blog\/bekannte-logos\/lindt-logo\/#primaryimage"},"image":{"@id":"https:\/\/www.designenlassen.de\/blog\/bekannte-logos\/lindt-logo\/#primaryimage"},"thumbnailUrl":"https:\/\/www.designenlassen.de\/blog\/wp-content\/uploads\/2024\/02\/Dein-Abschnittstext-24.png","datePublished":"2024-02-23T11:47:45+00:00","dateModified":"2024-05-16T07:27:16+00:00","description":"Erfahre alles Wichtige \u00fcber das Lindt-Logo: Geschichte \u2713 Ursprung \u2713 Entwicklung \u2713 Bedeutung \u2713 u.v.m. \u25ba Jetzt ansehen!","breadcrumb":{"@id":"https:\/\/www.designenlassen.de\/blog\/bekannte-logos\/lindt-logo\/#breadcrumb"},"inLanguage":"de","potentialAction":[{"@type":"ReadAction","target":["https:\/\/www.designenlassen.de\/blog\/bekannte-logos\/lindt-logo\/"]}]},{"@type":"ImageObject","inLanguage":"de","@id":"https:\/\/www.designenlassen.de\/blog\/bekannte-logos\/lindt-logo\/#primaryimage","url":"https:\/\/www.designenlassen.de\/blog\/wp-content\/uploads\/2024\/02\/Dein-Abschnittstext-24.png","contentUrl":"https:\/\/www.designenlassen.de\/blog\/wp-content\/uploads\/2024\/02\/Dein-Abschnittstext-24.png","width":600,"height":600},{"@type":"BreadcrumbList","@id":"https:\/\/www.designenlassen.de\/blog\/bekannte-logos\/lindt-logo\/#breadcrumb","itemListElement":[{"@type":"ListItem","position":1,"name":"Start","item":"https:\/\/www.designenlassen.de\/blog\/"},{"@type":"ListItem","position":2,"name":"Die 180 bekanntesten Logos im \u00dcberblick","item":"https:\/\/www.designenlassen.de\/blog\/bekannte-logos\/"},{"@type":"ListItem","position":3,"name":"Lindt Logo"}]},{"@type":"WebSite","@id":"https:\/\/www.designenlassen.de\/blog\/#website","url":"https:\/\/www.designenlassen.de\/blog\/","name":"designenlassen.de Blog","description":"Inspirationen, Tipps und Ideen f\u00fcr Designer sowie Gr\u00fcnder und Kleinbetriebe.","potentialAction":[{"@type":"SearchAction","target":{"@type":"EntryPoint","urlTemplate":"https:\/\/www.designenlassen.de\/blog\/?s={search_term_string}"},"query-input":{"@type":"PropertyValueSpecification","valueRequired":true,"valueName":"search_term_string"}}],"inLanguage":"de"}]}},"_links":{"self":[{"href":"https:\/\/www.designenlassen.de\/blog\/wp-json\/wp\/v2\/pages\/29059","targetHints":{"allow":["GET"]}}],"collection":[{"href":"https:\/\/www.designenlassen.de\/blog\/wp-json\/wp\/v2\/pages"}],"about":[{"href":"https:\/\/www.designenlassen.de\/blog\/wp-json\/wp\/v2\/types\/page"}],"author":[{"embeddable":true,"href":"https:\/\/www.designenlassen.de\/blog\/wp-json\/wp\/v2\/users\/27"}],"replies":[{"embeddable":true,"href":"https:\/\/www.designenlassen.de\/blog\/wp-json\/wp\/v2\/comments?post=29059"}],"version-history":[{"count":5,"href":"https:\/\/www.designenlassen.de\/blog\/wp-json\/wp\/v2\/pages\/29059\/revisions"}],"predecessor-version":[{"id":31681,"href":"https:\/\/www.designenlassen.de\/blog\/wp-json\/wp\/v2\/pages\/29059\/revisions\/31681"}],"up":[{"embeddable":true,"href":"https:\/\/www.designenlassen.de\/blog\/wp-json\/wp\/v2\/pages\/27972"}],"wp:featuredmedia":[{"embeddable":true,"href":"https:\/\/www.designenlassen.de\/blog\/wp-json\/wp\/v2\/media\/29171"}],"wp:attachment":[{"href":"https:\/\/www.designenlassen.de\/blog\/wp-json\/wp\/v2\/media?parent=29059"}],"curies":[{"name":"wp","href":"https:\/\/api.w.org\/{rel}","templated":true}]}}