{"id":29375,"date":"2024-02-27T12:28:14","date_gmt":"2024-02-27T10:28:14","guid":{"rendered":"https:\/\/www.designenlassen.de\/blog\/?page_id=29375"},"modified":"2024-05-16T09:34:58","modified_gmt":"2024-05-16T07:34:58","slug":"merckkgaa-logo","status":"publish","type":"page","link":"https:\/\/www.designenlassen.de\/blog\/bekannte-logos\/merckkgaa-logo\/","title":{"rendered":"Merck KGaA Logo"},"content":{"rendered":"\n<figure class=\"wp-block-image size-full is-resized\"><img decoding=\"async\" width=\"533\" height=\"86\" src=\"https:\/\/www.designenlassen.de\/blog\/wp-content\/uploads\/2024\/02\/20230222155233Logo_Merck_KGaA_2015.png\" alt=\"\" class=\"wp-image-29376\" style=\"width:625px;height:auto\" srcset=\"https:\/\/www.designenlassen.de\/blog\/wp-content\/uploads\/2024\/02\/20230222155233Logo_Merck_KGaA_2015.png 533w, https:\/\/www.designenlassen.de\/blog\/wp-content\/uploads\/2024\/02\/20230222155233Logo_Merck_KGaA_2015-300x48.png 300w\" sizes=\"(max-width: 533px) 100vw, 533px\" \/><figcaption class=\"wp-element-caption\"><strong>\u00a9<\/strong> Merck KGaA \/ merckgroup.com<\/figcaption><\/figure>\n\n\n\n<p>Merck KGaA ist ein deutsches Unternehmen der Chemie- und Pharmaindustrie mit Sitz in Darmstadt. Es gilt als das \u00e4lteste pharmazeutisch-chemische Unternehmen der Welt, das seit 1668 besteht. Merck ist heute in drei Gesch\u00e4ftsbereichen t\u00e4tig: Healthcare, Life Science und Electronics. Das Unternehmen ist bekannt f\u00fcr seine innovativen Produkte und L\u00f6sungen, die das Leben von Millionen Menschen verbessern. Eines der <a href=\"https:\/\/www.designenlassen.de\/blog\/bekannte-logos\/\">bekanntesten Logos<\/a> von Merck ist das blaue Schriftzug-Logo, das den Namen des Unternehmens in einer unverwechselbaren Schriftart darstellt.<\/p>\n\n\n\n<div class=\"wp-block-buttons is-content-justification-center is-layout-flex wp-container-core-buttons-is-layout-16018d1d wp-block-buttons-is-layout-flex\">\n<div class=\"wp-block-button is-style-fill\"><a class=\"wp-block-button__link has-white-color has-text-color has-background has-text-align-left wp-element-button\" href=\"https:\/\/www.designenlassen.de\/logo-design?utm_source=blog&amp;utm_medium=button&amp;utm_campaign=logo-sammlung\" style=\"background-color:#091182\">Jetzt Logo erstellen<\/a><\/div>\n<\/div>\n\n\n\n\n\n<h2 class=\"wp-block-heading\">Ursprung<\/h2>\n\n\n\n<p>Die Geschichte von Merck beginnt mit der Engelapotheke in Darmstadt, die Friedrich Jacob Merck im Jahr 1668 erwarb. Die Apotheke geh\u00f6rt bis heute der Familie Merck. Heinrich Emanuel Merck begann 1827, selbst isolierte Wirkstoffe, wie Alkaloide, zu vertreiben. Mit seinen S\u00f6hnen gr\u00fcndete er 1850 ein Gemeinschaftsunternehmen (E. Merck Darmstadt), das 1860 bereits 800 verschiedene Produkte anbot. Merck arbeitete nach verbindlich formulierten Reinheitsstandards, was eine besondere Neuerung war.<\/p>\n\n\n\n<h2 class=\"wp-block-heading\">Entwicklung <\/h2>\n\n\n\n<p>Merck hat im Laufe seiner Geschichte mehrere internationale Tochtergesellschaften gegr\u00fcndet, darunter auch Merck &amp; Co., Inc. in den USA im Jahr 1891. Diese Tochtergesellschaft wurde jedoch im Ersten Weltkrieg von den USA beschlagnahmt und zu einem eigenst\u00e4ndigen Unternehmen, das heute als MSD (Merck Sharp &amp; Dohme) bekannt ist. Die deutsche Merck verlor dadurch die Namensrechte an Merck in Nordamerika und musste sich dort unter dem Namen EMD (Emanuel Merck, Darmstadt) pr\u00e4sentieren.<\/p>\n\n\n\n<p>Das Logo von Merck hat sich im Laufe der Zeit mehrmals gewandelt, um die Ver\u00e4nderungen und Herausforderungen des Unternehmens widerzuspiegeln. Das erste bekannte Logo war ein stilisierter Adler, der an das Wappen von Darmstadt angelehnt war. <\/p>\n\n\n\n<p>Dieses Logo wurde bis 1995 verwendet und sollte die Tradition und Qualit\u00e4t von Merck symbolisieren. Danach wurde ein <a href=\"https:\/\/www.designenlassen.de\/blog\/logo-redesign-wann-ist-es-wirklich-noetig\/\">Logo-Redesign<\/a> eingef\u00fchrt, das mit dem Schriftzug \u201cMerck\u201d in wei\u00dfer Farbe bestand. Dieses Logo sollte die globale Pr\u00e4senz und die Vielfalt von Merck ausdr\u00fccken.<\/p>\n\n\n\n<p>Im Jahr 2015 wurde das Logo erneut \u00fcberarbeitet, um die strategische Neuausrichtung von Merck zu reflektieren. Das neue Logo besteht aus dem Schriftzug \u201cMerck\u201d in einer blauen, geschwungenen Schriftart, die an eine DNA-Helix erinnert. Das Logo soll die Leidenschaft f\u00fcr Wissenschaft und Technologie von Merck ausdr\u00fccken. <\/p>\n\n\n\n<p>Das <a href=\"https:\/\/www.designenlassen.de\/blog\/logo-entwicklung-leicht-gemacht-8-aspekte-die-man-unbedingt-beachten-sollte\/\">Logo<\/a> hat auch verschiedene Variationen, die je nach Gesch\u00e4ftsbereich und Anwendung unterschiedliche Farben und Formen haben. Zum Beispiel hat das Logo f\u00fcr den Bereich Electronics einen pink-gelben Farbton und eine sechseckige Form, die an Halbleiter erinnert. Das Logo ist somit flexibel und anpassungsf\u00e4hig an die Bed\u00fcrfnisse von Merck.<\/p>\n\n\n\n<h2 class=\"wp-block-heading\">Bedeutung<\/h2>\n\n\n\n<p>Merck ist heute ein f\u00fchrender Anbieter von Produkten und L\u00f6sungen f\u00fcr das Life Science, das Healthcare und die Electronics. Das Unternehmen besch\u00e4ftigt mehr als 64.000 Mitarbeiter in 66 L\u00e4ndern und erzielte im Jahr 2022 einen Umsatz von 22,2 Milliarden Euro. <\/p>\n\n\n\n<p>Merck ist in verschiedenen Bereichen aktiv, wie z.B. Onkologie, Neurologie, Fruchtbarkeit, Endokrinologie, Halbleiter, Display und Oberfl\u00e4chen. Merck investiert kontinuierlich in Forschung und Entwicklung, um neue und bessere Therapien, Diagnostika und Technologien zu entdecken. Merck engagiert sich au\u00dferdem f\u00fcr Nachhaltigkeit, Gesch\u00e4ftsethik, Gesundheit f\u00fcr alle, Umweltschutz und gesellschaftliches Engagement.<\/p>\n\n\n\n<div class=\"sof\">\n<h2>Individuelles Design oder Logo gesucht?<\/h2>\n<p>Bei designenlassen.de findest Du \u00fcber <b>100.000 Designer, die Dir ein einzigartiges Design nach Deinen W\u00fcnschen kreieren.<\/b> Starte jetzt Deinen eigenen Designwettbewerb und erhalte zahlreiche individuelle Vorschl\u00e4ge.<br><\/p>\n\n\n\n<\/div>\n\n\n\n<div class=\"wp-block-buttons is-content-justification-center is-layout-flex wp-container-core-buttons-is-layout-16018d1d wp-block-buttons-is-layout-flex\">\n<div class=\"wp-block-button is-style-fill\"><a class=\"wp-block-button__link has-white-color has-text-color has-background has-text-align-left wp-element-button\" href=\"https:\/\/www.designenlassen.de\/logo-design?utm_source=blog&amp;utm_medium=button&amp;utm_campaign=logo-sammlung\" style=\"background-color:#091182\">Jetzt Logo erstellen<\/a><\/div>\n<\/div>\n\n\n\n<div style=\"height:34px\" aria-hidden=\"true\" class=\"wp-block-spacer\"><\/div>\n\n\n\n<h2 class=\"wp-block-heading\">Von uns erstellte Logos<\/h2>\n\n\n\n<figure class=\"wp-block-gallery has-nested-images columns-default is-cropped wp-block-gallery-1 is-layout-flex wp-block-gallery-is-layout-flex\">\n<figure class=\"wp-block-image size-large\"><img fetchpriority=\"high\" decoding=\"async\" width=\"422\" height=\"500\" data-id=\"27649\" src=\"https:\/\/www.designenlassen.de\/blog\/wp-content\/uploads\/2018\/11\/designenlassen_bauunternehmen-logo_rfr.jpg\" alt=\"\" class=\"wp-image-27649\" srcset=\"https:\/\/www.designenlassen.de\/blog\/wp-content\/uploads\/2018\/11\/designenlassen_bauunternehmen-logo_rfr.jpg 422w, https:\/\/www.designenlassen.de\/blog\/wp-content\/uploads\/2018\/11\/designenlassen_bauunternehmen-logo_rfr-253x300.jpg 253w\" sizes=\"(max-width: 422px) 100vw, 422px\" \/><\/figure>\n\n\n\n<figure class=\"wp-block-image size-large\"><img decoding=\"async\" width=\"393\" height=\"393\" data-id=\"27650\" src=\"https:\/\/www.designenlassen.de\/blog\/wp-content\/uploads\/2018\/11\/designenlassen_bauunternehmen-logo_roseug.jpg\" alt=\"\" class=\"wp-image-27650\" srcset=\"https:\/\/www.designenlassen.de\/blog\/wp-content\/uploads\/2018\/11\/designenlassen_bauunternehmen-logo_roseug.jpg 393w, https:\/\/www.designenlassen.de\/blog\/wp-content\/uploads\/2018\/11\/designenlassen_bauunternehmen-logo_roseug-300x300.jpg 300w, https:\/\/www.designenlassen.de\/blog\/wp-content\/uploads\/2018\/11\/designenlassen_bauunternehmen-logo_roseug-150x150.jpg 150w\" sizes=\"(max-width: 393px) 100vw, 393px\" \/><\/figure>\n\n\n\n<figure class=\"wp-block-image size-large\"><img loading=\"lazy\" decoding=\"async\" width=\"500\" height=\"420\" data-id=\"27644\" src=\"https:\/\/www.designenlassen.de\/blog\/wp-content\/uploads\/2018\/11\/designenlassen_bauunternehmen-logo_greentech.jpg\" alt=\"\" class=\"wp-image-27644\" srcset=\"https:\/\/www.designenlassen.de\/blog\/wp-content\/uploads\/2018\/11\/designenlassen_bauunternehmen-logo_greentech.jpg 500w, https:\/\/www.designenlassen.de\/blog\/wp-content\/uploads\/2018\/11\/designenlassen_bauunternehmen-logo_greentech-300x252.jpg 300w\" sizes=\"(max-width: 500px) 100vw, 500px\" \/><\/figure>\n\n\n\n<figure class=\"wp-block-image size-large\"><img loading=\"lazy\" decoding=\"async\" width=\"500\" height=\"500\" data-id=\"27645\" src=\"https:\/\/www.designenlassen.de\/blog\/wp-content\/uploads\/2018\/11\/designenlassen_bauunternehmen-logo_hammer-meisel.jpg\" alt=\"\" class=\"wp-image-27645\" srcset=\"https:\/\/www.designenlassen.de\/blog\/wp-content\/uploads\/2018\/11\/designenlassen_bauunternehmen-logo_hammer-meisel.jpg 500w, https:\/\/www.designenlassen.de\/blog\/wp-content\/uploads\/2018\/11\/designenlassen_bauunternehmen-logo_hammer-meisel-300x300.jpg 300w, https:\/\/www.designenlassen.de\/blog\/wp-content\/uploads\/2018\/11\/designenlassen_bauunternehmen-logo_hammer-meisel-150x150.jpg 150w\" sizes=\"(max-width: 500px) 100vw, 500px\" \/><\/figure>\n\n\n\n<figure class=\"wp-block-image size-large\"><img loading=\"lazy\" decoding=\"async\" width=\"500\" height=\"318\" data-id=\"27642\" src=\"https:\/\/www.designenlassen.de\/blog\/wp-content\/uploads\/2018\/11\/designenlassen_bauunternehmen-logo_busg.jpg\" alt=\"\" class=\"wp-image-27642\" srcset=\"https:\/\/www.designenlassen.de\/blog\/wp-content\/uploads\/2018\/11\/designenlassen_bauunternehmen-logo_busg.jpg 500w, https:\/\/www.designenlassen.de\/blog\/wp-content\/uploads\/2018\/11\/designenlassen_bauunternehmen-logo_busg-300x191.jpg 300w\" sizes=\"(max-width: 500px) 100vw, 500px\" \/><\/figure>\n\n\n\n<figure class=\"wp-block-image size-large\"><img loading=\"lazy\" decoding=\"async\" width=\"500\" height=\"471\" data-id=\"27637\" src=\"https:\/\/www.designenlassen.de\/blog\/wp-content\/uploads\/2018\/11\/designenlassen_bau-logo_jk-kaiser-bau.jpg\" alt=\"\" class=\"wp-image-27637\" srcset=\"https:\/\/www.designenlassen.de\/blog\/wp-content\/uploads\/2018\/11\/designenlassen_bau-logo_jk-kaiser-bau.jpg 500w, https:\/\/www.designenlassen.de\/blog\/wp-content\/uploads\/2018\/11\/designenlassen_bau-logo_jk-kaiser-bau-300x283.jpg 300w\" sizes=\"(max-width: 500px) 100vw, 500px\" \/><\/figure>\n\n\n\n<figure class=\"wp-block-image size-large\"><img loading=\"lazy\" decoding=\"async\" width=\"488\" height=\"500\" data-id=\"27635\" src=\"https:\/\/www.designenlassen.de\/blog\/wp-content\/uploads\/2018\/11\/designenlassen_baufirma-logo_isba.jpg\" alt=\"\" class=\"wp-image-27635\" srcset=\"https:\/\/www.designenlassen.de\/blog\/wp-content\/uploads\/2018\/11\/designenlassen_baufirma-logo_isba.jpg 488w, https:\/\/www.designenlassen.de\/blog\/wp-content\/uploads\/2018\/11\/designenlassen_baufirma-logo_isba-293x300.jpg 293w\" sizes=\"(max-width: 488px) 100vw, 488px\" \/><\/figure>\n\n\n\n<figure class=\"wp-block-image size-large\"><img loading=\"lazy\" decoding=\"async\" width=\"500\" height=\"500\" data-id=\"27321\" src=\"https:\/\/www.designenlassen.de\/blog\/wp-content\/uploads\/2022\/11\/designenlassen_gebaeudereinigung_kompa.jpg\" alt=\"\" class=\"wp-image-27321\" srcset=\"https:\/\/www.designenlassen.de\/blog\/wp-content\/uploads\/2022\/11\/designenlassen_gebaeudereinigung_kompa.jpg 500w, https:\/\/www.designenlassen.de\/blog\/wp-content\/uploads\/2022\/11\/designenlassen_gebaeudereinigung_kompa-300x300.jpg 300w, https:\/\/www.designenlassen.de\/blog\/wp-content\/uploads\/2022\/11\/designenlassen_gebaeudereinigung_kompa-150x150.jpg 150w\" sizes=\"(max-width: 500px) 100vw, 500px\" \/><\/figure>\n\n\n\n<figure class=\"wp-block-image size-large\"><img loading=\"lazy\" decoding=\"async\" width=\"500\" height=\"500\" data-id=\"27320\" src=\"https:\/\/www.designenlassen.de\/blog\/wp-content\/uploads\/2022\/11\/designenlassen_gebaeudereinigung_glasklar2.jpg\" alt=\"\" class=\"wp-image-27320\" srcset=\"https:\/\/www.designenlassen.de\/blog\/wp-content\/uploads\/2022\/11\/designenlassen_gebaeudereinigung_glasklar2.jpg 500w, https:\/\/www.designenlassen.de\/blog\/wp-content\/uploads\/2022\/11\/designenlassen_gebaeudereinigung_glasklar2-300x300.jpg 300w, https:\/\/www.designenlassen.de\/blog\/wp-content\/uploads\/2022\/11\/designenlassen_gebaeudereinigung_glasklar2-150x150.jpg 150w\" sizes=\"(max-width: 500px) 100vw, 500px\" \/><\/figure>\n<\/figure>\n\n\n\n<p class=\"has-text-align-center\"><a href=\"https:\/\/www.designenlassen.de\/blog\/category\/inspiration\/\">Mehr Designs entdecken<\/a><\/p>\n\n\n\n<h2 class=\"wp-block-heading\">FAQs: Die wichtigsten Fragen zum Merck KGaA-Logo<\/h2>\n\n\n\n<div style=\"height:34px\" aria-hidden=\"true\" class=\"wp-block-spacer\"><\/div>\n\n\n\n<h3 class=\"wp-block-heading\">Was bedeutet das Merck KGaA-Logo?<\/h3>\n\n\n\n<p>Das Merck KGaA-Logo ist der Name des Unternehmens in einer blauen, geschwungenen Schriftart, die an eine DNA-Helix erinnert. Das <a href=\"https:\/\/www.designenlassen.de\/blog\/logo-erstellen-top-firmenlogo-einfach-entwerfen\/\">Firmenlogo<\/a> soll die Leidenschaft f\u00fcr Wissenschaft und Technologie von Merck ausdr\u00fccken.<\/p>\n\n\n\n<h3 class=\"wp-block-heading\">Wie alt ist das Merck KGaA-Logo?<\/h3>\n\n\n\n<p>Das Merck KGaA-Logo wurde im Jahr 2015 eingef\u00fchrt, um die strategische Neuausrichtung von Merck zu reflektieren. Das Logo ist also etwa neun Jahre alt.<\/p>\n\n\n\n<h2 class=\"wp-block-heading\">Fazit<\/h2>\n\n\n\n<p>Merck KGaA ist ein Unternehmen mit einer langen und erfolgreichen Geschichte, das sich st\u00e4ndig <a href=\"https:\/\/www.designenlassen.de\/blog\/logo-entwicklung-leicht-gemacht-8-aspekte-die-man-unbedingt-beachten-sollte\/\">weiterentwickelt<\/a> und an die Bed\u00fcrfnisse der Menschen und der Welt anpasst. Merck ist ein Pionier der Wissenschaft und Technologie, der das Leben von Millionen Menschen verbessert. Das Logo von Merck ist ein Ausdruck seiner Identit\u00e4t, seiner Werte und seiner Vision.<\/p>\n\n\n\n<div class=\"wp-block-buttons is-content-justification-center is-layout-flex wp-container-core-buttons-is-layout-16018d1d wp-block-buttons-is-layout-flex\">\n<div class=\"wp-block-button is-style-fill\"><a class=\"wp-block-button__link has-white-color has-text-color has-background has-text-align-left wp-element-button\" href=\"https:\/\/www.designenlassen.de\/logo-design?utm_source=blog&amp;utm_medium=button&amp;utm_campaign=logo-sammlung\" style=\"background-color:#091182\">Jetzt Logo erstellen<\/a><\/div>\n<\/div>\n\n\n\n<div style=\"height:28px\" aria-hidden=\"true\" class=\"wp-block-spacer\"><\/div>\n\n\n\n<h2 class=\"wp-block-heading\">Weiterf\u00fchrende Informationen<\/h2>\n\n\n\n<ul class=\"wp-block-list\">\n<li><a href=\"https:\/\/de.wikipedia.org\/wiki\/Merck_KGaA\">Geschichte<\/a><\/li>\n<\/ul>\n\n\n\n<p><strong>Bildquelle:<\/strong><\/p>\n\n\n\n<ul class=\"wp-block-list\">\n<li><a href=\"https:\/\/de.wikipedia.org\/wiki\/Datei:Logo_Merck_KGaA_2015.svg\">Foto von Wikipedia<\/a><\/li>\n<\/ul>\n","protected":false},"excerpt":{"rendered":"<p>Merck KGaA ist ein deutsches Unternehmen der Chemie- und Pharmaindustrie mit Sitz in Darmstadt. Es gilt&hellip;<\/p>\n","protected":false},"author":27,"featured_media":29405,"parent":27972,"menu_order":0,"comment_status":"closed","ping_status":"closed","template":"","meta":{"_lmt_disableupdate":"","_lmt_disable":"","footnotes":""},"class_list":["post-29375","page","type-page","status-publish","has-post-thumbnail","hentry"],"yoast_head":"<!-- This site is optimized with the Yoast SEO plugin v27.5 - https:\/\/yoast.com\/product\/yoast-seo-wordpress\/ -->\n<title>Merck KGaA Logo \u25ba Bilder, Geschichte, Entwicklung &amp; u.v.m<\/title>\n<meta name=\"description\" content=\"Erfahre alles Wichtige \u00fcber das Merck KGaA-Logo: Geschichte \u2713 Ursprung \u2713 Entwicklung \u2713 Bedeutung \u2713 u.v.m. \u25ba Jetzt ansehen!\" \/>\n<meta name=\"robots\" content=\"index, follow, max-snippet:-1, max-image-preview:large, max-video-preview:-1\" \/>\n<link rel=\"canonical\" href=\"https:\/\/www.designenlassen.de\/blog\/bekannte-logos\/merckkgaa-logo\/\" \/>\n<meta property=\"og:locale\" content=\"de_DE\" \/>\n<meta property=\"og:type\" content=\"article\" \/>\n<meta property=\"og:title\" content=\"Merck KGaA Logo \u25ba Bilder, Geschichte, Entwicklung &amp; u.v.m\" \/>\n<meta property=\"og:description\" content=\"Erfahre alles Wichtige \u00fcber das Merck KGaA-Logo: Geschichte \u2713 Ursprung \u2713 Entwicklung \u2713 Bedeutung \u2713 u.v.m. \u25ba Jetzt ansehen!\" \/>\n<meta property=\"og:url\" content=\"https:\/\/www.designenlassen.de\/blog\/bekannte-logos\/merckkgaa-logo\/\" \/>\n<meta property=\"og:site_name\" content=\"designenlassen.de Blog\" \/>\n<meta property=\"article:modified_time\" content=\"2024-05-16T07:34:58+00:00\" \/>\n<meta property=\"og:image\" content=\"https:\/\/www.designenlassen.de\/blog\/wp-content\/uploads\/2024\/02\/Dein-Abschnittstext-40.png\" \/>\n\t<meta property=\"og:image:width\" content=\"600\" \/>\n\t<meta property=\"og:image:height\" content=\"600\" \/>\n\t<meta property=\"og:image:type\" content=\"image\/png\" \/>\n<meta name=\"twitter:card\" content=\"summary_large_image\" \/>\n<meta name=\"twitter:label1\" content=\"Gesch\u00e4tzte Lesezeit\" \/>\n\t<meta name=\"twitter:data1\" content=\"6\u00a0Minuten\" \/>\n<script type=\"application\/ld+json\" class=\"yoast-schema-graph\">{\"@context\":\"https:\\\/\\\/schema.org\",\"@graph\":[{\"@type\":\"WebPage\",\"@id\":\"https:\\\/\\\/www.designenlassen.de\\\/blog\\\/bekannte-logos\\\/merckkgaa-logo\\\/\",\"url\":\"https:\\\/\\\/www.designenlassen.de\\\/blog\\\/bekannte-logos\\\/merckkgaa-logo\\\/\",\"name\":\"Merck KGaA Logo \u25ba Bilder, Geschichte, Entwicklung & u.v.m\",\"isPartOf\":{\"@id\":\"https:\\\/\\\/www.designenlassen.de\\\/blog\\\/#website\"},\"primaryImageOfPage\":{\"@id\":\"https:\\\/\\\/www.designenlassen.de\\\/blog\\\/bekannte-logos\\\/merckkgaa-logo\\\/#primaryimage\"},\"image\":{\"@id\":\"https:\\\/\\\/www.designenlassen.de\\\/blog\\\/bekannte-logos\\\/merckkgaa-logo\\\/#primaryimage\"},\"thumbnailUrl\":\"https:\\\/\\\/www.designenlassen.de\\\/blog\\\/wp-content\\\/uploads\\\/2024\\\/02\\\/Dein-Abschnittstext-40.png\",\"datePublished\":\"2024-02-27T10:28:14+00:00\",\"dateModified\":\"2024-05-16T07:34:58+00:00\",\"description\":\"Erfahre alles Wichtige \u00fcber das Merck KGaA-Logo: Geschichte \u2713 Ursprung \u2713 Entwicklung \u2713 Bedeutung \u2713 u.v.m. \u25ba Jetzt ansehen!\",\"breadcrumb\":{\"@id\":\"https:\\\/\\\/www.designenlassen.de\\\/blog\\\/bekannte-logos\\\/merckkgaa-logo\\\/#breadcrumb\"},\"inLanguage\":\"de\",\"potentialAction\":[{\"@type\":\"ReadAction\",\"target\":[\"https:\\\/\\\/www.designenlassen.de\\\/blog\\\/bekannte-logos\\\/merckkgaa-logo\\\/\"]}]},{\"@type\":\"ImageObject\",\"inLanguage\":\"de\",\"@id\":\"https:\\\/\\\/www.designenlassen.de\\\/blog\\\/bekannte-logos\\\/merckkgaa-logo\\\/#primaryimage\",\"url\":\"https:\\\/\\\/www.designenlassen.de\\\/blog\\\/wp-content\\\/uploads\\\/2024\\\/02\\\/Dein-Abschnittstext-40.png\",\"contentUrl\":\"https:\\\/\\\/www.designenlassen.de\\\/blog\\\/wp-content\\\/uploads\\\/2024\\\/02\\\/Dein-Abschnittstext-40.png\",\"width\":600,\"height\":600},{\"@type\":\"BreadcrumbList\",\"@id\":\"https:\\\/\\\/www.designenlassen.de\\\/blog\\\/bekannte-logos\\\/merckkgaa-logo\\\/#breadcrumb\",\"itemListElement\":[{\"@type\":\"ListItem\",\"position\":1,\"name\":\"Start\",\"item\":\"https:\\\/\\\/www.designenlassen.de\\\/blog\\\/\"},{\"@type\":\"ListItem\",\"position\":2,\"name\":\"Die 180 bekanntesten Logos im \u00dcberblick\",\"item\":\"https:\\\/\\\/www.designenlassen.de\\\/blog\\\/bekannte-logos\\\/\"},{\"@type\":\"ListItem\",\"position\":3,\"name\":\"Merck KGaA Logo\"}]},{\"@type\":\"WebSite\",\"@id\":\"https:\\\/\\\/www.designenlassen.de\\\/blog\\\/#website\",\"url\":\"https:\\\/\\\/www.designenlassen.de\\\/blog\\\/\",\"name\":\"designenlassen.de Blog\",\"description\":\"Inspirationen, Tipps und Ideen f\u00fcr Designer sowie Gr\u00fcnder und Kleinbetriebe.\",\"potentialAction\":[{\"@type\":\"SearchAction\",\"target\":{\"@type\":\"EntryPoint\",\"urlTemplate\":\"https:\\\/\\\/www.designenlassen.de\\\/blog\\\/?s={search_term_string}\"},\"query-input\":{\"@type\":\"PropertyValueSpecification\",\"valueRequired\":true,\"valueName\":\"search_term_string\"}}],\"inLanguage\":\"de\"}]}<\/script>\n<!-- \/ Yoast SEO plugin. -->","yoast_head_json":{"title":"Merck KGaA Logo \u25ba Bilder, Geschichte, Entwicklung & u.v.m","description":"Erfahre alles Wichtige \u00fcber das Merck KGaA-Logo: Geschichte \u2713 Ursprung \u2713 Entwicklung \u2713 Bedeutung \u2713 u.v.m. \u25ba Jetzt ansehen!","robots":{"index":"index","follow":"follow","max-snippet":"max-snippet:-1","max-image-preview":"max-image-preview:large","max-video-preview":"max-video-preview:-1"},"canonical":"https:\/\/www.designenlassen.de\/blog\/bekannte-logos\/merckkgaa-logo\/","og_locale":"de_DE","og_type":"article","og_title":"Merck KGaA Logo \u25ba Bilder, Geschichte, Entwicklung & u.v.m","og_description":"Erfahre alles Wichtige \u00fcber das Merck KGaA-Logo: Geschichte \u2713 Ursprung \u2713 Entwicklung \u2713 Bedeutung \u2713 u.v.m. \u25ba Jetzt ansehen!","og_url":"https:\/\/www.designenlassen.de\/blog\/bekannte-logos\/merckkgaa-logo\/","og_site_name":"designenlassen.de Blog","article_modified_time":"2024-05-16T07:34:58+00:00","og_image":[{"width":600,"height":600,"url":"https:\/\/www.designenlassen.de\/blog\/wp-content\/uploads\/2024\/02\/Dein-Abschnittstext-40.png","type":"image\/png"}],"twitter_card":"summary_large_image","twitter_misc":{"Gesch\u00e4tzte Lesezeit":"6\u00a0Minuten"},"schema":{"@context":"https:\/\/schema.org","@graph":[{"@type":"WebPage","@id":"https:\/\/www.designenlassen.de\/blog\/bekannte-logos\/merckkgaa-logo\/","url":"https:\/\/www.designenlassen.de\/blog\/bekannte-logos\/merckkgaa-logo\/","name":"Merck KGaA Logo \u25ba Bilder, Geschichte, Entwicklung & u.v.m","isPartOf":{"@id":"https:\/\/www.designenlassen.de\/blog\/#website"},"primaryImageOfPage":{"@id":"https:\/\/www.designenlassen.de\/blog\/bekannte-logos\/merckkgaa-logo\/#primaryimage"},"image":{"@id":"https:\/\/www.designenlassen.de\/blog\/bekannte-logos\/merckkgaa-logo\/#primaryimage"},"thumbnailUrl":"https:\/\/www.designenlassen.de\/blog\/wp-content\/uploads\/2024\/02\/Dein-Abschnittstext-40.png","datePublished":"2024-02-27T10:28:14+00:00","dateModified":"2024-05-16T07:34:58+00:00","description":"Erfahre alles Wichtige \u00fcber das Merck KGaA-Logo: Geschichte \u2713 Ursprung \u2713 Entwicklung \u2713 Bedeutung \u2713 u.v.m. \u25ba Jetzt ansehen!","breadcrumb":{"@id":"https:\/\/www.designenlassen.de\/blog\/bekannte-logos\/merckkgaa-logo\/#breadcrumb"},"inLanguage":"de","potentialAction":[{"@type":"ReadAction","target":["https:\/\/www.designenlassen.de\/blog\/bekannte-logos\/merckkgaa-logo\/"]}]},{"@type":"ImageObject","inLanguage":"de","@id":"https:\/\/www.designenlassen.de\/blog\/bekannte-logos\/merckkgaa-logo\/#primaryimage","url":"https:\/\/www.designenlassen.de\/blog\/wp-content\/uploads\/2024\/02\/Dein-Abschnittstext-40.png","contentUrl":"https:\/\/www.designenlassen.de\/blog\/wp-content\/uploads\/2024\/02\/Dein-Abschnittstext-40.png","width":600,"height":600},{"@type":"BreadcrumbList","@id":"https:\/\/www.designenlassen.de\/blog\/bekannte-logos\/merckkgaa-logo\/#breadcrumb","itemListElement":[{"@type":"ListItem","position":1,"name":"Start","item":"https:\/\/www.designenlassen.de\/blog\/"},{"@type":"ListItem","position":2,"name":"Die 180 bekanntesten Logos im \u00dcberblick","item":"https:\/\/www.designenlassen.de\/blog\/bekannte-logos\/"},{"@type":"ListItem","position":3,"name":"Merck KGaA Logo"}]},{"@type":"WebSite","@id":"https:\/\/www.designenlassen.de\/blog\/#website","url":"https:\/\/www.designenlassen.de\/blog\/","name":"designenlassen.de Blog","description":"Inspirationen, Tipps und Ideen f\u00fcr Designer sowie Gr\u00fcnder und Kleinbetriebe.","potentialAction":[{"@type":"SearchAction","target":{"@type":"EntryPoint","urlTemplate":"https:\/\/www.designenlassen.de\/blog\/?s={search_term_string}"},"query-input":{"@type":"PropertyValueSpecification","valueRequired":true,"valueName":"search_term_string"}}],"inLanguage":"de"}]}},"_links":{"self":[{"href":"https:\/\/www.designenlassen.de\/blog\/wp-json\/wp\/v2\/pages\/29375","targetHints":{"allow":["GET"]}}],"collection":[{"href":"https:\/\/www.designenlassen.de\/blog\/wp-json\/wp\/v2\/pages"}],"about":[{"href":"https:\/\/www.designenlassen.de\/blog\/wp-json\/wp\/v2\/types\/page"}],"author":[{"embeddable":true,"href":"https:\/\/www.designenlassen.de\/blog\/wp-json\/wp\/v2\/users\/27"}],"replies":[{"embeddable":true,"href":"https:\/\/www.designenlassen.de\/blog\/wp-json\/wp\/v2\/comments?post=29375"}],"version-history":[{"count":5,"href":"https:\/\/www.designenlassen.de\/blog\/wp-json\/wp\/v2\/pages\/29375\/revisions"}],"predecessor-version":[{"id":31705,"href":"https:\/\/www.designenlassen.de\/blog\/wp-json\/wp\/v2\/pages\/29375\/revisions\/31705"}],"up":[{"embeddable":true,"href":"https:\/\/www.designenlassen.de\/blog\/wp-json\/wp\/v2\/pages\/27972"}],"wp:featuredmedia":[{"embeddable":true,"href":"https:\/\/www.designenlassen.de\/blog\/wp-json\/wp\/v2\/media\/29405"}],"wp:attachment":[{"href":"https:\/\/www.designenlassen.de\/blog\/wp-json\/wp\/v2\/media?parent=29375"}],"curies":[{"name":"wp","href":"https:\/\/api.w.org\/{rel}","templated":true}]}}