{"id":29477,"date":"2024-02-28T10:36:25","date_gmt":"2024-02-28T08:36:25","guid":{"rendered":"https:\/\/www.designenlassen.de\/blog\/?page_id=29477"},"modified":"2024-05-16T09:34:22","modified_gmt":"2024-05-16T07:34:22","slug":"miele-logo","status":"publish","type":"page","link":"https:\/\/www.designenlassen.de\/blog\/bekannte-logos\/miele-logo\/","title":{"rendered":"Miele Logo"},"content":{"rendered":"\n<figure class=\"wp-block-image size-full is-resized\"><img fetchpriority=\"high\" decoding=\"async\" width=\"640\" height=\"245\" src=\"https:\/\/www.designenlassen.de\/blog\/wp-content\/uploads\/2024\/02\/640px-Miele_Logo_M_Red_sRGB.png\" alt=\"\" class=\"wp-image-29479\" style=\"width:671px;height:auto\" srcset=\"https:\/\/www.designenlassen.de\/blog\/wp-content\/uploads\/2024\/02\/640px-Miele_Logo_M_Red_sRGB.png 640w, https:\/\/www.designenlassen.de\/blog\/wp-content\/uploads\/2024\/02\/640px-Miele_Logo_M_Red_sRGB-300x115.png 300w\" sizes=\"(max-width: 640px) 100vw, 640px\" \/><figcaption class=\"wp-element-caption\"><strong>\u00a9<\/strong> Miele \/ miele.de<\/figcaption><\/figure>\n\n\n\n<p>Miele ist ein deutscher Hersteller von Haushalts- und Gewerbeger\u00e4ten, der seit 1899 f\u00fcr Qualit\u00e4t, Langlebigkeit und Innovation steht. Das Unternehmen ist in vierter Generation im Familienbesitz und hat sich zu einem weltweit f\u00fchrenden Anbieter von Premium-Hausger\u00e4ten entwickelt. In diesem Blogeintrag erf\u00e4hrst Du mehr \u00fcber den Ursprung, die Entwicklung und die Bedeutung von Miele. Au\u00dferdem beantworte ich die drei h\u00e4ufigsten Fragen zum Miele-Logo, das zu den&nbsp;<a href=\"https:\/\/www.designenlassen.de\/blog\/bekannte-logos\/\">bekanntesten Logos<\/a>&nbsp;im Bereich der Hausger\u00e4te geh\u00f6rt.<\/p>\n\n\n\n<div class=\"wp-block-buttons is-content-justification-center is-layout-flex wp-container-core-buttons-is-layout-16018d1d wp-block-buttons-is-layout-flex\">\n<div class=\"wp-block-button is-style-fill\"><a class=\"wp-block-button__link has-white-color has-text-color has-background has-text-align-left wp-element-button\" href=\"https:\/\/www.designenlassen.de\/logo-design?utm_source=blog&amp;utm_medium=button&amp;utm_campaign=logo-sammlung\" style=\"background-color:#091182\">Jetzt Logo erstellen<\/a><\/div>\n<\/div>\n\n\n\n\n\n<h2 class=\"wp-block-heading\">Ursprung<\/h2>\n\n\n\n<p>Miele wurde am 1. Juli 1899 von Carl Miele und Reinhard Zinkann in Herzebrock, Westfalen, gegr\u00fcndet. Die beiden waren technisch begabt und hatten eine gemeinsame Vision: Sie wollten langlebige und qualitativ hochwertige Produkte herstellen, die den Alltag der Menschen erleichtern. <\/p>\n\n\n\n<p>Sie begannen mit der Produktion von Milchzentrifugen und Buttermaschinen, die damals eine gro\u00dfe Nachfrage hatten. Im Jahr 1900 entwickelten sie die erste Waschmaschine der Firma, die auf der technischen Grundlage der Buttermaschine basierte. Das war der Beginn einer langen Erfolgsgeschichte im Bereich der W\u00e4schepflege.<\/p>\n\n\n\n<h2 class=\"wp-block-heading\">Entwicklung <\/h2>\n\n\n\n<p>Miele wuchs schnell und verlegte 1907 seinen Hauptsitz nach G\u00fctersloh, wo sich noch heute die Zentrale befindet. Das Unternehmen erweiterte sein Produktportfolio kontinuierlich und nahm die Produktion von Staubsaugern (1927), Geschirrsp\u00fclern (1929), K\u00fchlschr\u00e4nken (1930), Motorr\u00e4dern (1930) und K\u00fcchenm\u00f6beln (1969) auf. Miele war oft Vorreiter in der Entwicklung neuer Technologien und setzte Ma\u00dfst\u00e4be in Sachen Design, Bedienkomfort und Energieeffizienz. Einige Beispiele f\u00fcr Miele-Innovationen sind:<\/p>\n\n\n\n<ul class=\"wp-block-list\">\n<li>Die erste elektrische Geschirrsp\u00fclmaschine Europas (1929)<\/li>\n\n\n\n<li>Die erste vollautomatische Waschmaschine mit elektronischer Steuerung (1956)<\/li>\n\n\n\n<li>Der erste W\u00e4schetrockner mit W\u00e4rmepumpe (1997)<\/li>\n\n\n\n<li>Der erste Backofen mit Feuchtigkeitszugabe (2001)<\/li>\n\n\n\n<li>Der erste Kaffeevollautomat mit integriertem Milchbeh\u00e4lter (2004)<\/li>\n\n\n\n<li>Der erste Staubsauger mit 3-in-1-Design (2019)<\/li>\n<\/ul>\n\n\n\n<p>Miele expandierte auch international und gr\u00fcndete eigene Vertriebsgesellschaften oder Importeure in fast 100 L\u00e4ndern. Heute hat Miele 12 Produktionsstandorte in Deutschland und im Ausland, sowie rund 23.000 Mitarbeiter weltweit. Der Umsatz betrug im Gesch\u00e4ftsjahr 2021\/22 rund 5,43 Milliarden Euro, wovon 75 Prozent au\u00dferhalb Deutschlands erzielt wurden.<\/p>\n\n\n\n<figure class=\"wp-block-image size-full is-resized\"><img decoding=\"async\" width=\"600\" height=\"600\" src=\"https:\/\/www.designenlassen.de\/blog\/wp-content\/uploads\/2024\/02\/Dein-Abschnittstext-44.png\" alt=\"\" class=\"wp-image-29481\" style=\"width:382px;height:auto\" srcset=\"https:\/\/www.designenlassen.de\/blog\/wp-content\/uploads\/2024\/02\/Dein-Abschnittstext-44.png 600w, https:\/\/www.designenlassen.de\/blog\/wp-content\/uploads\/2024\/02\/Dein-Abschnittstext-44-300x300.png 300w, https:\/\/www.designenlassen.de\/blog\/wp-content\/uploads\/2024\/02\/Dein-Abschnittstext-44-150x150.png 150w\" sizes=\"(max-width: 600px) 100vw, 600px\" \/><figcaption class=\"wp-element-caption\"><strong>\u00a9<\/strong> Miele \/ miele.de<\/figcaption><\/figure>\n\n\n\n<h2 class=\"wp-block-heading\">Bedeutung<\/h2>\n\n\n\n<p>Miele ist eine Marke, die f\u00fcr hohe Anspr\u00fcche an Qualit\u00e4t, Langlebigkeit, Leistung, Umweltschutz und Service steht. Das Motto \u201cImmer besser\u201d spiegelt die Philosophie des Unternehmens wider, die sich in allen Bereichen von der Produktentwicklung \u00fcber die Fertigung bis hin zum Kundendienst zeigt. Miele ist eine <a href=\"https:\/\/www.designenlassen.de\/blog\/erfolgreiches-branding\/\">Marke<\/a>, die das Vertrauen und die Zufriedenheit der Kunden gewinnt und langfristig bindet.<\/p>\n\n\n\n<div class=\"sof\">\n<h2>Individuelles Design oder Logo gesucht?<\/h2>\n<p>Bei designenlassen.de findest Du \u00fcber <b>100.000 Designer, die Dir ein einzigartiges Design nach Deinen W\u00fcnschen kreieren.<\/b> Starte jetzt Deinen eigenen Designwettbewerb und erhalte zahlreiche individuelle Vorschl\u00e4ge.<br><\/p>\n\n\n\n<\/div>\n\n\n\n<div class=\"wp-block-buttons is-content-justification-center is-layout-flex wp-container-core-buttons-is-layout-16018d1d wp-block-buttons-is-layout-flex\">\n<div class=\"wp-block-button is-style-fill\"><a class=\"wp-block-button__link has-white-color has-text-color has-background has-text-align-left wp-element-button\" href=\"https:\/\/www.designenlassen.de\/logo-design?utm_source=blog&amp;utm_medium=button&amp;utm_campaign=logo-sammlung\" style=\"background-color:#091182\">Jetzt Logo erstellen<\/a><\/div>\n<\/div>\n\n\n\n<div style=\"height:34px\" aria-hidden=\"true\" class=\"wp-block-spacer\"><\/div>\n\n\n\n<h2 class=\"wp-block-heading\">Von uns erstellte Logos<\/h2>\n\n\n\n<figure class=\"wp-block-gallery has-nested-images columns-default is-cropped wp-block-gallery-1 is-layout-flex wp-block-gallery-is-layout-flex\">\n<figure class=\"wp-block-image size-full\"><img decoding=\"async\" width=\"500\" height=\"500\" data-id=\"27462\" src=\"https:\/\/www.designenlassen.de\/blog\/wp-content\/uploads\/2023\/08\/designenlassen_gartenbau-logo_wrede.jpg\" alt=\"\" class=\"wp-image-27462\" srcset=\"https:\/\/www.designenlassen.de\/blog\/wp-content\/uploads\/2023\/08\/designenlassen_gartenbau-logo_wrede.jpg 500w, https:\/\/www.designenlassen.de\/blog\/wp-content\/uploads\/2023\/08\/designenlassen_gartenbau-logo_wrede-300x300.jpg 300w, https:\/\/www.designenlassen.de\/blog\/wp-content\/uploads\/2023\/08\/designenlassen_gartenbau-logo_wrede-150x150.jpg 150w\" sizes=\"(max-width: 500px) 100vw, 500px\" \/><figcaption class=\"wp-element-caption\">eCommerce Logo von ichoomi<\/figcaption><\/figure>\n\n\n\n<figure class=\"wp-block-image size-full\"><img loading=\"lazy\" decoding=\"async\" width=\"338\" height=\"338\" data-id=\"24260\" src=\"https:\/\/www.designenlassen.de\/blog\/wp-content\/uploads\/2021\/05\/Kaiser-Bau-One-Line-Logo-Design-224448-arrasyiqjpr.jpg\" alt=\"Kaiser-Bau-One-Line-Logo-Design\" class=\"wp-image-24260\" srcset=\"https:\/\/www.designenlassen.de\/blog\/wp-content\/uploads\/2021\/05\/Kaiser-Bau-One-Line-Logo-Design-224448-arrasyiqjpr.jpg 338w, https:\/\/www.designenlassen.de\/blog\/wp-content\/uploads\/2021\/05\/Kaiser-Bau-One-Line-Logo-Design-224448-arrasyiqjpr-300x300.jpg 300w, https:\/\/www.designenlassen.de\/blog\/wp-content\/uploads\/2021\/05\/Kaiser-Bau-One-Line-Logo-Design-224448-arrasyiqjpr-150x150.jpg 150w\" sizes=\"(max-width: 338px) 100vw, 338px\" \/><figcaption class=\"wp-element-caption\">Bank Logo f\u00fcr &#8222;immer im Plus&#8220; von DesING mit Eurozeichen und Plussymbol<\/figcaption><\/figure>\n\n\n\n<figure class=\"wp-block-image size-full\"><img loading=\"lazy\" decoding=\"async\" width=\"900\" height=\"900\" data-id=\"23407\" src=\"https:\/\/www.designenlassen.de\/blog\/wp-content\/uploads\/2021\/02\/All_about_prop_Gebaeude_Logo_352833.png\" alt=\"Geb\u00e4ude-Logo f\u00fcr Immobilienmanagement\" class=\"wp-image-23407\" srcset=\"https:\/\/www.designenlassen.de\/blog\/wp-content\/uploads\/2021\/02\/All_about_prop_Gebaeude_Logo_352833.png 900w, https:\/\/www.designenlassen.de\/blog\/wp-content\/uploads\/2021\/02\/All_about_prop_Gebaeude_Logo_352833-300x300.png 300w, https:\/\/www.designenlassen.de\/blog\/wp-content\/uploads\/2021\/02\/All_about_prop_Gebaeude_Logo_352833-150x150.png 150w, https:\/\/www.designenlassen.de\/blog\/wp-content\/uploads\/2021\/02\/All_about_prop_Gebaeude_Logo_352833-768x768.png 768w\" sizes=\"(max-width: 900px) 100vw, 900px\" \/><figcaption class=\"wp-element-caption\">Geb\u00e4ude-Logo f\u00fcr All About Prop<\/figcaption><\/figure>\n\n\n\n<figure class=\"wp-block-image size-full\"><img loading=\"lazy\" decoding=\"async\" width=\"338\" height=\"338\" data-id=\"10349\" src=\"https:\/\/www.designenlassen.de\/blog\/wp-content\/uploads\/2015\/07\/schlossberg-hotel-oberhof-logo-design.png\" alt=\"\" class=\"wp-image-10349\" srcset=\"https:\/\/www.designenlassen.de\/blog\/wp-content\/uploads\/2015\/07\/schlossberg-hotel-oberhof-logo-design.png 338w, https:\/\/www.designenlassen.de\/blog\/wp-content\/uploads\/2015\/07\/schlossberg-hotel-oberhof-logo-design-150x150.png 150w, https:\/\/www.designenlassen.de\/blog\/wp-content\/uploads\/2015\/07\/schlossberg-hotel-oberhof-logo-design-300x300.png 300w\" sizes=\"(max-width: 338px) 100vw, 338px\" \/><figcaption class=\"wp-element-caption\">eCommerce Logo von CreativeLogo<\/figcaption><\/figure>\n\n\n\n<figure class=\"wp-block-image size-full\"><img loading=\"lazy\" decoding=\"async\" width=\"800\" height=\"520\" data-id=\"10352\" src=\"https:\/\/www.designenlassen.de\/blog\/wp-content\/uploads\/2015\/07\/b\u00e4ckerei-hotel-imseng-design.png\" alt=\"\" class=\"wp-image-10352\" srcset=\"https:\/\/www.designenlassen.de\/blog\/wp-content\/uploads\/2015\/07\/b\u00e4ckerei-hotel-imseng-design.png 800w, https:\/\/www.designenlassen.de\/blog\/wp-content\/uploads\/2015\/07\/b\u00e4ckerei-hotel-imseng-design-300x195.png 300w, https:\/\/www.designenlassen.de\/blog\/wp-content\/uploads\/2015\/07\/b\u00e4ckerei-hotel-imseng-design-768x499.png 768w\" sizes=\"(max-width: 800px) 100vw, 800px\" \/><\/figure>\n\n\n\n<figure class=\"wp-block-image size-full\"><img loading=\"lazy\" decoding=\"async\" width=\"800\" height=\"358\" data-id=\"12766\" src=\"https:\/\/www.designenlassen.de\/blog\/wp-content\/uploads\/2016\/09\/Logo-Design-Wellness-Wald-Spa-Schwarzwaldhotel-24996.png\" alt=\"Logo Design Wellness Wald Spa Schwarzwaldhotel 24996\" class=\"wp-image-12766\" srcset=\"https:\/\/www.designenlassen.de\/blog\/wp-content\/uploads\/2016\/09\/Logo-Design-Wellness-Wald-Spa-Schwarzwaldhotel-24996.png 800w, https:\/\/www.designenlassen.de\/blog\/wp-content\/uploads\/2016\/09\/Logo-Design-Wellness-Wald-Spa-Schwarzwaldhotel-24996-300x134.png 300w, https:\/\/www.designenlassen.de\/blog\/wp-content\/uploads\/2016\/09\/Logo-Design-Wellness-Wald-Spa-Schwarzwaldhotel-24996-768x344.png 768w\" sizes=\"(max-width: 800px) 100vw, 800px\" \/><figcaption class=\"wp-element-caption\">eCommerce Logo von jhdesign<\/figcaption><\/figure>\n\n\n\n<figure class=\"wp-block-image size-full\"><img loading=\"lazy\" decoding=\"async\" width=\"1024\" height=\"1024\" data-id=\"28806\" src=\"https:\/\/www.designenlassen.de\/blog\/wp-content\/uploads\/2024\/02\/73a23ad6-1854-4bd9-a718-4c2c37fffa37.jpg\" alt=\"\" class=\"wp-image-28806\" srcset=\"https:\/\/www.designenlassen.de\/blog\/wp-content\/uploads\/2024\/02\/73a23ad6-1854-4bd9-a718-4c2c37fffa37.jpg 1024w, https:\/\/www.designenlassen.de\/blog\/wp-content\/uploads\/2024\/02\/73a23ad6-1854-4bd9-a718-4c2c37fffa37-300x300.jpg 300w, https:\/\/www.designenlassen.de\/blog\/wp-content\/uploads\/2024\/02\/73a23ad6-1854-4bd9-a718-4c2c37fffa37-150x150.jpg 150w, https:\/\/www.designenlassen.de\/blog\/wp-content\/uploads\/2024\/02\/73a23ad6-1854-4bd9-a718-4c2c37fffa37-768x768.jpg 768w\" sizes=\"(max-width: 1024px) 100vw, 1024px\" \/><\/figure>\n\n\n\n<figure class=\"wp-block-image size-full\"><img loading=\"lazy\" decoding=\"async\" width=\"984\" height=\"450\" data-id=\"23398\" src=\"https:\/\/www.designenlassen.de\/blog\/wp-content\/uploads\/2021\/02\/K3_Gebaeude_Logo_836967.png\" alt=\"Geb\u00e4ude Logo f\u00fcr Beratungsunternehmen K3\" class=\"wp-image-23398\" srcset=\"https:\/\/www.designenlassen.de\/blog\/wp-content\/uploads\/2021\/02\/K3_Gebaeude_Logo_836967.png 984w, https:\/\/www.designenlassen.de\/blog\/wp-content\/uploads\/2021\/02\/K3_Gebaeude_Logo_836967-300x137.png 300w, https:\/\/www.designenlassen.de\/blog\/wp-content\/uploads\/2021\/02\/K3_Gebaeude_Logo_836967-768x351.png 768w\" sizes=\"(max-width: 984px) 100vw, 984px\" \/><figcaption class=\"wp-element-caption\">Logo-Design mit Geb\u00e4ude f\u00fcr K3<\/figcaption><\/figure>\n\n\n\n<figure class=\"wp-block-image size-full\"><img loading=\"lazy\" decoding=\"async\" width=\"500\" height=\"358\" data-id=\"27460\" src=\"https:\/\/www.designenlassen.de\/blog\/wp-content\/uploads\/2023\/08\/designenlassen_gartenbau-logo_wimer.jpg\" alt=\"\" class=\"wp-image-27460\" srcset=\"https:\/\/www.designenlassen.de\/blog\/wp-content\/uploads\/2023\/08\/designenlassen_gartenbau-logo_wimer.jpg 500w, https:\/\/www.designenlassen.de\/blog\/wp-content\/uploads\/2023\/08\/designenlassen_gartenbau-logo_wimer-300x215.jpg 300w\" sizes=\"(max-width: 500px) 100vw, 500px\" \/><\/figure>\n<\/figure>\n\n\n\n<p class=\"has-text-align-center\"><a href=\"https:\/\/www.designenlassen.de\/blog\/category\/inspiration\/\">Mehr Designs entdecken<\/a><\/p>\n\n\n\n<h2 class=\"wp-block-heading\">FAQs: Die wichtigsten Fragen zum Miele-Logo<\/h2>\n\n\n\n<div style=\"height:34px\" aria-hidden=\"true\" class=\"wp-block-spacer\"><\/div>\n\n\n\n<h3 class=\"wp-block-heading\">Was bedeutet der Punkt auf dem \u201ci\u201d im Miele-Logo?<\/h3>\n\n\n\n<p>Der Punkt auf dem \u201ci\u201d im Miele-Logo ist ein charakteristisches Element, das das Logo von anderen unterscheidet. Der Punkt ist leicht schr\u00e4g gestellt, um Dynamik und Bewegung auszudr\u00fccken. Der Punkt symbolisiert auch die Qualit\u00e4t und Pr\u00e4zision, die Miele in seinen Produkten anstrebt. Der Punkt ist seit 1949 Teil des <a href=\"https:\/\/www.designenlassen.de\/blog\/was-ist-ein-logo\/\">Logos<\/a> und wurde seitdem nicht ver\u00e4ndert.<\/p>\n\n\n\n<h3 class=\"wp-block-heading\">Warum ist das Miele-Logo rot?<\/h3>\n\n\n\n<p>Die Farbe Rot ist eine auff\u00e4llige und <a href=\"https:\/\/www.designenlassen.de\/blog\/farben-und-ihre-bedeutung\/\">lebendige Farbe<\/a>, die Aufmerksamkeit erregt und Emotionen weckt. Rot steht auch f\u00fcr Leidenschaft, Energie und W\u00e4rme, die Miele in seinen Produkten und seinem Service vermittelt. Rot ist zudem die Farbe des Feuers, das Reinheit und Transformation symbolisiert. Rot ist seit 1949 die <a href=\"https:\/\/www.designenlassen.de\/blog\/farbenlehre-die-macht-der-farben-verstehen\/\">Hauptfarbe<\/a> des Miele-Logos und wurde 2018 leicht dunkler gestaltet, um es an das Shop-<a href=\"http:\/\/designenlassen.de\">Design<\/a> anzupassen.<\/p>\n\n\n\n<h2 class=\"wp-block-heading\">Fazit<\/h2>\n\n\n\n<p>Miele ist eine Erfolgsgeschichte, die seit \u00fcber 120 Jahren andauert. Das Unternehmen hat sich von einem kleinen Handwerksbetrieb zu einem globalen Marktf\u00fchrer f\u00fcr Premium-Hausger\u00e4te entwickelt. Dabei hat Miele seine Werte und Traditionen bewahrt und gleichzeitig Innovationen und Trends gesetzt. Miele ist eine Marke, die f\u00fcr Qualit\u00e4t, Langlebigkeit und Innovation steht.<\/p>\n\n\n\n<div class=\"wp-block-buttons is-content-justification-center is-layout-flex wp-container-core-buttons-is-layout-16018d1d wp-block-buttons-is-layout-flex\">\n<div class=\"wp-block-button is-style-fill\"><a class=\"wp-block-button__link has-white-color has-text-color has-background has-text-align-left wp-element-button\" href=\"https:\/\/www.designenlassen.de\/logo-design?utm_source=blog&amp;utm_medium=button&amp;utm_campaign=logo-sammlung\" style=\"background-color:#091182\">Jetzt Logo erstellen<\/a><\/div>\n<\/div>\n\n\n\n<div style=\"height:30px\" aria-hidden=\"true\" class=\"wp-block-spacer\"><\/div>\n\n\n\n<h2 class=\"wp-block-heading\">Weiterf\u00fchrende Informationen<\/h2>\n\n\n\n<ul class=\"wp-block-list\">\n<li><a href=\"https:\/\/de.wikipedia.org\/wiki\/Miele\">Geschichte<\/a><\/li>\n<\/ul>\n\n\n\n<p><strong>Bildquelle:<\/strong><\/p>\n\n\n\n<ul class=\"wp-block-list\">\n<li><a href=\"https:\/\/de.wikipedia.org\/wiki\/Datei:Miele_Logo_M_Red_sRGB.png\">Foto von Wikipedia<\/a><\/li>\n<\/ul>\n","protected":false},"excerpt":{"rendered":"<p>Miele ist ein deutscher Hersteller von Haushalts- und Gewerbeger\u00e4ten, der seit 1899 f\u00fcr Qualit\u00e4t, Langlebigkeit und&hellip;<\/p>\n","protected":false},"author":27,"featured_media":29482,"parent":27972,"menu_order":0,"comment_status":"closed","ping_status":"closed","template":"","meta":{"_lmt_disableupdate":"","_lmt_disable":"","footnotes":""},"class_list":["post-29477","page","type-page","status-publish","has-post-thumbnail","hentry"],"yoast_head":"<!-- This site is optimized with the Yoast SEO plugin v27.5 - https:\/\/yoast.com\/product\/yoast-seo-wordpress\/ -->\n<title>Miele Logo \u25ba Bilder, Geschichte, Entwicklung &amp; u.v.m<\/title>\n<meta name=\"description\" content=\"Erfahre alles Wichtige \u00fcber das Miele-Logo: Geschichte \u2713 Ursprung \u2713 Entwicklung \u2713 Bedeutung \u2713 u.v.m. \u25ba Jetzt ansehen!\" \/>\n<meta name=\"robots\" content=\"index, follow, max-snippet:-1, max-image-preview:large, max-video-preview:-1\" \/>\n<link rel=\"canonical\" href=\"https:\/\/www.designenlassen.de\/blog\/bekannte-logos\/miele-logo\/\" \/>\n<meta property=\"og:locale\" content=\"de_DE\" \/>\n<meta property=\"og:type\" content=\"article\" \/>\n<meta property=\"og:title\" content=\"Miele Logo \u25ba Bilder, Geschichte, Entwicklung &amp; u.v.m\" \/>\n<meta property=\"og:description\" content=\"Erfahre alles Wichtige \u00fcber das Miele-Logo: Geschichte \u2713 Ursprung \u2713 Entwicklung \u2713 Bedeutung \u2713 u.v.m. \u25ba Jetzt ansehen!\" \/>\n<meta property=\"og:url\" content=\"https:\/\/www.designenlassen.de\/blog\/bekannte-logos\/miele-logo\/\" \/>\n<meta property=\"og:site_name\" content=\"designenlassen.de Blog\" \/>\n<meta property=\"article:modified_time\" content=\"2024-05-16T07:34:22+00:00\" \/>\n<meta property=\"og:image\" content=\"https:\/\/www.designenlassen.de\/blog\/wp-content\/uploads\/2024\/02\/Dein-Abschnittstext-43.png\" \/>\n\t<meta property=\"og:image:width\" content=\"600\" \/>\n\t<meta property=\"og:image:height\" content=\"600\" \/>\n\t<meta property=\"og:image:type\" content=\"image\/png\" \/>\n<meta name=\"twitter:card\" content=\"summary_large_image\" \/>\n<meta name=\"twitter:label1\" content=\"Gesch\u00e4tzte Lesezeit\" \/>\n\t<meta name=\"twitter:data1\" content=\"7\u00a0Minuten\" \/>\n<script type=\"application\/ld+json\" class=\"yoast-schema-graph\">{\"@context\":\"https:\\\/\\\/schema.org\",\"@graph\":[{\"@type\":\"WebPage\",\"@id\":\"https:\\\/\\\/www.designenlassen.de\\\/blog\\\/bekannte-logos\\\/miele-logo\\\/\",\"url\":\"https:\\\/\\\/www.designenlassen.de\\\/blog\\\/bekannte-logos\\\/miele-logo\\\/\",\"name\":\"Miele Logo \u25ba Bilder, Geschichte, Entwicklung & u.v.m\",\"isPartOf\":{\"@id\":\"https:\\\/\\\/www.designenlassen.de\\\/blog\\\/#website\"},\"primaryImageOfPage\":{\"@id\":\"https:\\\/\\\/www.designenlassen.de\\\/blog\\\/bekannte-logos\\\/miele-logo\\\/#primaryimage\"},\"image\":{\"@id\":\"https:\\\/\\\/www.designenlassen.de\\\/blog\\\/bekannte-logos\\\/miele-logo\\\/#primaryimage\"},\"thumbnailUrl\":\"https:\\\/\\\/www.designenlassen.de\\\/blog\\\/wp-content\\\/uploads\\\/2024\\\/02\\\/Dein-Abschnittstext-43.png\",\"datePublished\":\"2024-02-28T08:36:25+00:00\",\"dateModified\":\"2024-05-16T07:34:22+00:00\",\"description\":\"Erfahre alles Wichtige \u00fcber das Miele-Logo: Geschichte \u2713 Ursprung \u2713 Entwicklung \u2713 Bedeutung \u2713 u.v.m. \u25ba Jetzt ansehen!\",\"breadcrumb\":{\"@id\":\"https:\\\/\\\/www.designenlassen.de\\\/blog\\\/bekannte-logos\\\/miele-logo\\\/#breadcrumb\"},\"inLanguage\":\"de\",\"potentialAction\":[{\"@type\":\"ReadAction\",\"target\":[\"https:\\\/\\\/www.designenlassen.de\\\/blog\\\/bekannte-logos\\\/miele-logo\\\/\"]}]},{\"@type\":\"ImageObject\",\"inLanguage\":\"de\",\"@id\":\"https:\\\/\\\/www.designenlassen.de\\\/blog\\\/bekannte-logos\\\/miele-logo\\\/#primaryimage\",\"url\":\"https:\\\/\\\/www.designenlassen.de\\\/blog\\\/wp-content\\\/uploads\\\/2024\\\/02\\\/Dein-Abschnittstext-43.png\",\"contentUrl\":\"https:\\\/\\\/www.designenlassen.de\\\/blog\\\/wp-content\\\/uploads\\\/2024\\\/02\\\/Dein-Abschnittstext-43.png\",\"width\":600,\"height\":600},{\"@type\":\"BreadcrumbList\",\"@id\":\"https:\\\/\\\/www.designenlassen.de\\\/blog\\\/bekannte-logos\\\/miele-logo\\\/#breadcrumb\",\"itemListElement\":[{\"@type\":\"ListItem\",\"position\":1,\"name\":\"Start\",\"item\":\"https:\\\/\\\/www.designenlassen.de\\\/blog\\\/\"},{\"@type\":\"ListItem\",\"position\":2,\"name\":\"Die 180 bekanntesten Logos im \u00dcberblick\",\"item\":\"https:\\\/\\\/www.designenlassen.de\\\/blog\\\/bekannte-logos\\\/\"},{\"@type\":\"ListItem\",\"position\":3,\"name\":\"Miele Logo\"}]},{\"@type\":\"WebSite\",\"@id\":\"https:\\\/\\\/www.designenlassen.de\\\/blog\\\/#website\",\"url\":\"https:\\\/\\\/www.designenlassen.de\\\/blog\\\/\",\"name\":\"designenlassen.de Blog\",\"description\":\"Inspirationen, Tipps und Ideen f\u00fcr Designer sowie Gr\u00fcnder und Kleinbetriebe.\",\"potentialAction\":[{\"@type\":\"SearchAction\",\"target\":{\"@type\":\"EntryPoint\",\"urlTemplate\":\"https:\\\/\\\/www.designenlassen.de\\\/blog\\\/?s={search_term_string}\"},\"query-input\":{\"@type\":\"PropertyValueSpecification\",\"valueRequired\":true,\"valueName\":\"search_term_string\"}}],\"inLanguage\":\"de\"}]}<\/script>\n<!-- \/ Yoast SEO plugin. -->","yoast_head_json":{"title":"Miele Logo \u25ba Bilder, Geschichte, Entwicklung & u.v.m","description":"Erfahre alles Wichtige \u00fcber das Miele-Logo: Geschichte \u2713 Ursprung \u2713 Entwicklung \u2713 Bedeutung \u2713 u.v.m. \u25ba Jetzt ansehen!","robots":{"index":"index","follow":"follow","max-snippet":"max-snippet:-1","max-image-preview":"max-image-preview:large","max-video-preview":"max-video-preview:-1"},"canonical":"https:\/\/www.designenlassen.de\/blog\/bekannte-logos\/miele-logo\/","og_locale":"de_DE","og_type":"article","og_title":"Miele Logo \u25ba Bilder, Geschichte, Entwicklung & u.v.m","og_description":"Erfahre alles Wichtige \u00fcber das Miele-Logo: Geschichte \u2713 Ursprung \u2713 Entwicklung \u2713 Bedeutung \u2713 u.v.m. \u25ba Jetzt ansehen!","og_url":"https:\/\/www.designenlassen.de\/blog\/bekannte-logos\/miele-logo\/","og_site_name":"designenlassen.de Blog","article_modified_time":"2024-05-16T07:34:22+00:00","og_image":[{"width":600,"height":600,"url":"https:\/\/www.designenlassen.de\/blog\/wp-content\/uploads\/2024\/02\/Dein-Abschnittstext-43.png","type":"image\/png"}],"twitter_card":"summary_large_image","twitter_misc":{"Gesch\u00e4tzte Lesezeit":"7\u00a0Minuten"},"schema":{"@context":"https:\/\/schema.org","@graph":[{"@type":"WebPage","@id":"https:\/\/www.designenlassen.de\/blog\/bekannte-logos\/miele-logo\/","url":"https:\/\/www.designenlassen.de\/blog\/bekannte-logos\/miele-logo\/","name":"Miele Logo \u25ba Bilder, Geschichte, Entwicklung & u.v.m","isPartOf":{"@id":"https:\/\/www.designenlassen.de\/blog\/#website"},"primaryImageOfPage":{"@id":"https:\/\/www.designenlassen.de\/blog\/bekannte-logos\/miele-logo\/#primaryimage"},"image":{"@id":"https:\/\/www.designenlassen.de\/blog\/bekannte-logos\/miele-logo\/#primaryimage"},"thumbnailUrl":"https:\/\/www.designenlassen.de\/blog\/wp-content\/uploads\/2024\/02\/Dein-Abschnittstext-43.png","datePublished":"2024-02-28T08:36:25+00:00","dateModified":"2024-05-16T07:34:22+00:00","description":"Erfahre alles Wichtige \u00fcber das Miele-Logo: Geschichte \u2713 Ursprung \u2713 Entwicklung \u2713 Bedeutung \u2713 u.v.m. \u25ba Jetzt ansehen!","breadcrumb":{"@id":"https:\/\/www.designenlassen.de\/blog\/bekannte-logos\/miele-logo\/#breadcrumb"},"inLanguage":"de","potentialAction":[{"@type":"ReadAction","target":["https:\/\/www.designenlassen.de\/blog\/bekannte-logos\/miele-logo\/"]}]},{"@type":"ImageObject","inLanguage":"de","@id":"https:\/\/www.designenlassen.de\/blog\/bekannte-logos\/miele-logo\/#primaryimage","url":"https:\/\/www.designenlassen.de\/blog\/wp-content\/uploads\/2024\/02\/Dein-Abschnittstext-43.png","contentUrl":"https:\/\/www.designenlassen.de\/blog\/wp-content\/uploads\/2024\/02\/Dein-Abschnittstext-43.png","width":600,"height":600},{"@type":"BreadcrumbList","@id":"https:\/\/www.designenlassen.de\/blog\/bekannte-logos\/miele-logo\/#breadcrumb","itemListElement":[{"@type":"ListItem","position":1,"name":"Start","item":"https:\/\/www.designenlassen.de\/blog\/"},{"@type":"ListItem","position":2,"name":"Die 180 bekanntesten Logos im \u00dcberblick","item":"https:\/\/www.designenlassen.de\/blog\/bekannte-logos\/"},{"@type":"ListItem","position":3,"name":"Miele Logo"}]},{"@type":"WebSite","@id":"https:\/\/www.designenlassen.de\/blog\/#website","url":"https:\/\/www.designenlassen.de\/blog\/","name":"designenlassen.de Blog","description":"Inspirationen, Tipps und Ideen f\u00fcr Designer sowie Gr\u00fcnder und Kleinbetriebe.","potentialAction":[{"@type":"SearchAction","target":{"@type":"EntryPoint","urlTemplate":"https:\/\/www.designenlassen.de\/blog\/?s={search_term_string}"},"query-input":{"@type":"PropertyValueSpecification","valueRequired":true,"valueName":"search_term_string"}}],"inLanguage":"de"}]}},"_links":{"self":[{"href":"https:\/\/www.designenlassen.de\/blog\/wp-json\/wp\/v2\/pages\/29477","targetHints":{"allow":["GET"]}}],"collection":[{"href":"https:\/\/www.designenlassen.de\/blog\/wp-json\/wp\/v2\/pages"}],"about":[{"href":"https:\/\/www.designenlassen.de\/blog\/wp-json\/wp\/v2\/types\/page"}],"author":[{"embeddable":true,"href":"https:\/\/www.designenlassen.de\/blog\/wp-json\/wp\/v2\/users\/27"}],"replies":[{"embeddable":true,"href":"https:\/\/www.designenlassen.de\/blog\/wp-json\/wp\/v2\/comments?post=29477"}],"version-history":[{"count":4,"href":"https:\/\/www.designenlassen.de\/blog\/wp-json\/wp\/v2\/pages\/29477\/revisions"}],"predecessor-version":[{"id":31703,"href":"https:\/\/www.designenlassen.de\/blog\/wp-json\/wp\/v2\/pages\/29477\/revisions\/31703"}],"up":[{"embeddable":true,"href":"https:\/\/www.designenlassen.de\/blog\/wp-json\/wp\/v2\/pages\/27972"}],"wp:featuredmedia":[{"embeddable":true,"href":"https:\/\/www.designenlassen.de\/blog\/wp-json\/wp\/v2\/media\/29482"}],"wp:attachment":[{"href":"https:\/\/www.designenlassen.de\/blog\/wp-json\/wp\/v2\/media?parent=29477"}],"curies":[{"name":"wp","href":"https:\/\/api.w.org\/{rel}","templated":true}]}}