{"id":29496,"date":"2024-02-28T11:08:55","date_gmt":"2024-02-28T09:08:55","guid":{"rendered":"https:\/\/www.designenlassen.de\/blog\/?page_id=29496"},"modified":"2024-05-16T09:33:47","modified_gmt":"2024-05-16T07:33:47","slug":"mtu-aero-engines-logo","status":"publish","type":"page","link":"https:\/\/www.designenlassen.de\/blog\/bekannte-logos\/mtu-aero-engines-logo\/","title":{"rendered":"MTU Aero Engines Logo"},"content":{"rendered":"\n<figure class=\"wp-block-image size-full is-resized\"><img fetchpriority=\"high\" decoding=\"async\" width=\"640\" height=\"311\" src=\"https:\/\/www.designenlassen.de\/blog\/wp-content\/uploads\/2024\/02\/MTU_Aero_Engines_Logo.svg_.png\" alt=\"\" class=\"wp-image-29508\" style=\"width:532px;height:auto\" srcset=\"https:\/\/www.designenlassen.de\/blog\/wp-content\/uploads\/2024\/02\/MTU_Aero_Engines_Logo.svg_.png 640w, https:\/\/www.designenlassen.de\/blog\/wp-content\/uploads\/2024\/02\/MTU_Aero_Engines_Logo.svg_-300x146.png 300w\" sizes=\"(max-width: 640px) 100vw, 640px\" \/><figcaption class=\"wp-element-caption\"><strong>\u00a9<\/strong> MTU Aero Engines \/ mtu.de<\/figcaption><\/figure>\n\n\n\n<p>Wenn Du Dich f\u00fcr Luftfahrt interessierst, hast du bestimmt schon mal von MTU Aero Engines geh\u00f6rt. Das Unternehmen ist Deutschlands f\u00fchrender Anbieter von Triebwerken f\u00fcr Flugzeuge und Hubschrauber. Es ist sowohl im zivilen als auch im milit\u00e4rischen Bereich t\u00e4tig und bietet innovative Technologien, hohe Qualit\u00e4t und umfassende Serviceleistungen an. <\/p>\n\n\n\n<p>MTU Aero Engines ist auch f\u00fcr sein einzigartig <a href=\"https:\/\/www.designenlassen.de\/blog\/logo-erstellen-top-firmenlogo-einfach-entwerfen\/\">erstelltes Logo<\/a> bekannt, das aus drei blauen Buchstaben auf wei\u00dfem Hintergrund besteht. Das Logo ist eines der&nbsp;<a href=\"https:\/\/www.designenlassen.de\/blog\/bekannte-logos\/\">bekanntesten Logos<\/a>&nbsp;in der Luftfahrtbranche und steht f\u00fcr die Werte und die Geschichte des Unternehmens. In diesem Blogeintrag erf\u00e4hrst Du mehr \u00fcber den Ursprung, die Entwicklung und die Bedeutung von MTU Aero Engines.<\/p>\n\n\n\n<div class=\"wp-block-buttons is-content-justification-center is-layout-flex wp-container-core-buttons-is-layout-16018d1d wp-block-buttons-is-layout-flex\">\n<div class=\"wp-block-button is-style-fill\"><a class=\"wp-block-button__link has-white-color has-text-color has-background has-text-align-left wp-element-button\" href=\"https:\/\/www.designenlassen.de\/logo-design?utm_source=blog&amp;utm_medium=button&amp;utm_campaign=logo-sammlung\" style=\"background-color:#091182\">Jetzt Logo erstellen<\/a><\/div>\n<\/div>\n\n\n\n\n\n<h2 class=\"wp-block-heading\">Ursprung<\/h2>\n\n\n\n<p>MTU Aero Engines hat sich seit seiner Gr\u00fcndung stetig weiterentwickelt und an zahlreichen zivilen und milit\u00e4rischen Triebwerksprogrammen teilgenommen. Zu den wichtigsten zivilen Projekten geh\u00f6ren das CF6 f\u00fcr Gro\u00dfraumflugzeuge, das V2500 f\u00fcr Mittelstreckenflugzeuge, das PW2000 f\u00fcr die Boeing 757, das GP7000 f\u00fcr den Airbus A380, das GEnx f\u00fcr die Boeing 787 und 747-8, das PW1100G-JM f\u00fcr die Airbus A320neo-Familie und das GE9X f\u00fcr die Boeing 777X. Zu den bedeutenden milit\u00e4rischen Projekten geh\u00f6ren das RB199 f\u00fcr den Tornado, das EJ200 f\u00fcr den Eurofighter Typhoon, das TP400-D6 f\u00fcr den Airbus A400M und das MTR390 f\u00fcr den Tiger-Hubschrauber. MTU Aero Engines ist auch an der Entwicklung von Industriegasturbinen beteiligt, die in Kraftwerken, \u00d6l- und Gasanlagen und Schiffen eingesetzt werden.<\/p>\n\n\n\n<h2 class=\"wp-block-heading\">Entwicklung <\/h2>\n\n\n\n<p>MTU Aero Engines ist heute ein weltweit anerkannter und erfolgreicher Triebwerkshersteller, der mit seinen Produkten und Dienstleistungen die Luftfahrt sicherer, effizienter und nachhaltiger macht. Das Unternehmen besch\u00e4ftigt \u00fcber 11.000 Mitarbeiter an 18 Standorten weltweit und erzielte 2022 einen Umsatz von 5,33 Milliarden Euro. MTU Aero Engines ist auch ein verantwortungsvoller und sozialer Arbeitgeber, der sich f\u00fcr die Umwelt, die Gesellschaft und die Mitarbeiter engagiert. Das Unternehmen wurde mehrfach f\u00fcr seine Nachhaltigkeitsleistung, seine Innovationskraft, seine Mitarbeiterzufriedenheit und seine Kundenorientierung ausgezeichnet.<\/p>\n\n\n\n<h2 class=\"wp-block-heading\">Bedeutung<\/h2>\n\n\n\n<p>Das <a href=\"https:\/\/www.designenlassen.de\/blog\/was-ist-ein-logo\/\">Logo<\/a> von Monster Energy hat eine klare Botschaft: Es soll die Kunden dazu ermutigen, ihre Grenzen zu \u00fcberschreiten, ihre Leidenschaften zu verfolgen und das Leben in vollen Z\u00fcgen zu genie\u00dfen. Die Marke richtet sich vor allem an junge und sportliche Menschen, die einen aktiven und abenteuerlustigen Lebensstil haben. Monster Energy unterst\u00fctzt daher viele Sportarten, wie zum Beispiel Motocross, Skateboarding, BMX oder Snowboarding. Die <a href=\"https:\/\/www.designenlassen.de\/blog\/erfolgreiches-branding\/\">Brand<\/a> sponsert auch viele Athleten, Musiker und Events, die zu ihrer Zielgruppe passen. Das Logo soll also nicht nur ein Markenzeichen sein, sondern auch ein Ausdruck einer bestimmten Einstellung und Kultur.<\/p>\n\n\n\n<div class=\"sof\">\n<h2>Individuelles Design oder Logo gesucht?<\/h2>\n<p>Bei designenlassen.de findest Du \u00fcber <b>100.000 Designer, die Dir ein einzigartiges Design nach Deinen W\u00fcnschen kreieren.<\/b> Starte jetzt Deinen eigenen Designwettbewerb und erhalte zahlreiche individuelle Vorschl\u00e4ge.<br><\/p>\n\n\n\n<\/div>\n\n\n\n<div class=\"wp-block-buttons is-content-justification-center is-layout-flex wp-container-core-buttons-is-layout-16018d1d wp-block-buttons-is-layout-flex\">\n<div class=\"wp-block-button is-style-fill\"><a class=\"wp-block-button__link has-white-color has-text-color has-background has-text-align-left wp-element-button\" href=\"https:\/\/www.designenlassen.de\/logo-design?utm_source=blog&amp;utm_medium=button&amp;utm_campaign=logo-sammlung\" style=\"background-color:#091182\">Jetzt Logo erstellen<\/a><\/div>\n<\/div>\n\n\n\n<div style=\"height:34px\" aria-hidden=\"true\" class=\"wp-block-spacer\"><\/div>\n\n\n\n<h2 class=\"wp-block-heading\">Von uns erstellte Logos<\/h2>\n\n\n\n<figure class=\"wp-block-gallery has-nested-images columns-default is-cropped wp-block-gallery-1 is-layout-flex wp-block-gallery-is-layout-flex\">\n<figure class=\"wp-block-image size-full\"><img decoding=\"async\" width=\"500\" height=\"500\" data-id=\"27462\" src=\"https:\/\/www.designenlassen.de\/blog\/wp-content\/uploads\/2023\/08\/designenlassen_gartenbau-logo_wrede.jpg\" alt=\"\" class=\"wp-image-27462\" srcset=\"https:\/\/www.designenlassen.de\/blog\/wp-content\/uploads\/2023\/08\/designenlassen_gartenbau-logo_wrede.jpg 500w, https:\/\/www.designenlassen.de\/blog\/wp-content\/uploads\/2023\/08\/designenlassen_gartenbau-logo_wrede-300x300.jpg 300w, https:\/\/www.designenlassen.de\/blog\/wp-content\/uploads\/2023\/08\/designenlassen_gartenbau-logo_wrede-150x150.jpg 150w\" sizes=\"(max-width: 500px) 100vw, 500px\" \/><figcaption class=\"wp-element-caption\">eCommerce Logo von ichoomi<\/figcaption><\/figure>\n\n\n\n<figure class=\"wp-block-image size-full\"><img decoding=\"async\" width=\"338\" height=\"338\" data-id=\"24260\" src=\"https:\/\/www.designenlassen.de\/blog\/wp-content\/uploads\/2021\/05\/Kaiser-Bau-One-Line-Logo-Design-224448-arrasyiqjpr.jpg\" alt=\"Kaiser-Bau-One-Line-Logo-Design\" class=\"wp-image-24260\" srcset=\"https:\/\/www.designenlassen.de\/blog\/wp-content\/uploads\/2021\/05\/Kaiser-Bau-One-Line-Logo-Design-224448-arrasyiqjpr.jpg 338w, https:\/\/www.designenlassen.de\/blog\/wp-content\/uploads\/2021\/05\/Kaiser-Bau-One-Line-Logo-Design-224448-arrasyiqjpr-300x300.jpg 300w, https:\/\/www.designenlassen.de\/blog\/wp-content\/uploads\/2021\/05\/Kaiser-Bau-One-Line-Logo-Design-224448-arrasyiqjpr-150x150.jpg 150w\" sizes=\"(max-width: 338px) 100vw, 338px\" \/><figcaption class=\"wp-element-caption\">Bank Logo f\u00fcr &#8222;immer im Plus&#8220; von DesING mit Eurozeichen und Plussymbol<\/figcaption><\/figure>\n\n\n\n<figure class=\"wp-block-image size-full\"><img loading=\"lazy\" decoding=\"async\" width=\"900\" height=\"900\" data-id=\"23407\" src=\"https:\/\/www.designenlassen.de\/blog\/wp-content\/uploads\/2021\/02\/All_about_prop_Gebaeude_Logo_352833.png\" alt=\"Geb\u00e4ude-Logo f\u00fcr Immobilienmanagement\" class=\"wp-image-23407\" srcset=\"https:\/\/www.designenlassen.de\/blog\/wp-content\/uploads\/2021\/02\/All_about_prop_Gebaeude_Logo_352833.png 900w, https:\/\/www.designenlassen.de\/blog\/wp-content\/uploads\/2021\/02\/All_about_prop_Gebaeude_Logo_352833-300x300.png 300w, https:\/\/www.designenlassen.de\/blog\/wp-content\/uploads\/2021\/02\/All_about_prop_Gebaeude_Logo_352833-150x150.png 150w, https:\/\/www.designenlassen.de\/blog\/wp-content\/uploads\/2021\/02\/All_about_prop_Gebaeude_Logo_352833-768x768.png 768w\" sizes=\"(max-width: 900px) 100vw, 900px\" \/><figcaption class=\"wp-element-caption\">Geb\u00e4ude-Logo f\u00fcr All About Prop<\/figcaption><\/figure>\n\n\n\n<figure class=\"wp-block-image size-full\"><img loading=\"lazy\" decoding=\"async\" width=\"338\" height=\"338\" data-id=\"10349\" src=\"https:\/\/www.designenlassen.de\/blog\/wp-content\/uploads\/2015\/07\/schlossberg-hotel-oberhof-logo-design.png\" alt=\"\" class=\"wp-image-10349\" srcset=\"https:\/\/www.designenlassen.de\/blog\/wp-content\/uploads\/2015\/07\/schlossberg-hotel-oberhof-logo-design.png 338w, https:\/\/www.designenlassen.de\/blog\/wp-content\/uploads\/2015\/07\/schlossberg-hotel-oberhof-logo-design-150x150.png 150w, https:\/\/www.designenlassen.de\/blog\/wp-content\/uploads\/2015\/07\/schlossberg-hotel-oberhof-logo-design-300x300.png 300w\" sizes=\"(max-width: 338px) 100vw, 338px\" \/><figcaption class=\"wp-element-caption\">eCommerce Logo von CreativeLogo<\/figcaption><\/figure>\n\n\n\n<figure class=\"wp-block-image size-full\"><img loading=\"lazy\" decoding=\"async\" width=\"800\" height=\"520\" data-id=\"10352\" src=\"https:\/\/www.designenlassen.de\/blog\/wp-content\/uploads\/2015\/07\/b\u00e4ckerei-hotel-imseng-design.png\" alt=\"\" class=\"wp-image-10352\" srcset=\"https:\/\/www.designenlassen.de\/blog\/wp-content\/uploads\/2015\/07\/b\u00e4ckerei-hotel-imseng-design.png 800w, https:\/\/www.designenlassen.de\/blog\/wp-content\/uploads\/2015\/07\/b\u00e4ckerei-hotel-imseng-design-300x195.png 300w, https:\/\/www.designenlassen.de\/blog\/wp-content\/uploads\/2015\/07\/b\u00e4ckerei-hotel-imseng-design-768x499.png 768w\" sizes=\"(max-width: 800px) 100vw, 800px\" \/><\/figure>\n\n\n\n<figure class=\"wp-block-image size-full\"><img loading=\"lazy\" decoding=\"async\" width=\"800\" height=\"358\" data-id=\"12766\" src=\"https:\/\/www.designenlassen.de\/blog\/wp-content\/uploads\/2016\/09\/Logo-Design-Wellness-Wald-Spa-Schwarzwaldhotel-24996.png\" alt=\"Logo Design Wellness Wald Spa Schwarzwaldhotel 24996\" class=\"wp-image-12766\" srcset=\"https:\/\/www.designenlassen.de\/blog\/wp-content\/uploads\/2016\/09\/Logo-Design-Wellness-Wald-Spa-Schwarzwaldhotel-24996.png 800w, https:\/\/www.designenlassen.de\/blog\/wp-content\/uploads\/2016\/09\/Logo-Design-Wellness-Wald-Spa-Schwarzwaldhotel-24996-300x134.png 300w, https:\/\/www.designenlassen.de\/blog\/wp-content\/uploads\/2016\/09\/Logo-Design-Wellness-Wald-Spa-Schwarzwaldhotel-24996-768x344.png 768w\" sizes=\"(max-width: 800px) 100vw, 800px\" \/><figcaption class=\"wp-element-caption\">eCommerce Logo von jhdesign<\/figcaption><\/figure>\n\n\n\n<figure class=\"wp-block-image size-full\"><img loading=\"lazy\" decoding=\"async\" width=\"1024\" height=\"1024\" data-id=\"28806\" src=\"https:\/\/www.designenlassen.de\/blog\/wp-content\/uploads\/2024\/02\/73a23ad6-1854-4bd9-a718-4c2c37fffa37.jpg\" alt=\"\" class=\"wp-image-28806\" srcset=\"https:\/\/www.designenlassen.de\/blog\/wp-content\/uploads\/2024\/02\/73a23ad6-1854-4bd9-a718-4c2c37fffa37.jpg 1024w, https:\/\/www.designenlassen.de\/blog\/wp-content\/uploads\/2024\/02\/73a23ad6-1854-4bd9-a718-4c2c37fffa37-300x300.jpg 300w, https:\/\/www.designenlassen.de\/blog\/wp-content\/uploads\/2024\/02\/73a23ad6-1854-4bd9-a718-4c2c37fffa37-150x150.jpg 150w, https:\/\/www.designenlassen.de\/blog\/wp-content\/uploads\/2024\/02\/73a23ad6-1854-4bd9-a718-4c2c37fffa37-768x768.jpg 768w\" sizes=\"(max-width: 1024px) 100vw, 1024px\" \/><\/figure>\n\n\n\n<figure class=\"wp-block-image size-full\"><img loading=\"lazy\" decoding=\"async\" width=\"984\" height=\"450\" data-id=\"23398\" src=\"https:\/\/www.designenlassen.de\/blog\/wp-content\/uploads\/2021\/02\/K3_Gebaeude_Logo_836967.png\" alt=\"Geb\u00e4ude Logo f\u00fcr Beratungsunternehmen K3\" class=\"wp-image-23398\" srcset=\"https:\/\/www.designenlassen.de\/blog\/wp-content\/uploads\/2021\/02\/K3_Gebaeude_Logo_836967.png 984w, https:\/\/www.designenlassen.de\/blog\/wp-content\/uploads\/2021\/02\/K3_Gebaeude_Logo_836967-300x137.png 300w, https:\/\/www.designenlassen.de\/blog\/wp-content\/uploads\/2021\/02\/K3_Gebaeude_Logo_836967-768x351.png 768w\" sizes=\"(max-width: 984px) 100vw, 984px\" \/><figcaption class=\"wp-element-caption\">Logo-Design mit Geb\u00e4ude f\u00fcr K3<\/figcaption><\/figure>\n\n\n\n<figure class=\"wp-block-image size-full\"><img loading=\"lazy\" decoding=\"async\" width=\"500\" height=\"358\" data-id=\"27460\" src=\"https:\/\/www.designenlassen.de\/blog\/wp-content\/uploads\/2023\/08\/designenlassen_gartenbau-logo_wimer.jpg\" alt=\"\" class=\"wp-image-27460\" srcset=\"https:\/\/www.designenlassen.de\/blog\/wp-content\/uploads\/2023\/08\/designenlassen_gartenbau-logo_wimer.jpg 500w, https:\/\/www.designenlassen.de\/blog\/wp-content\/uploads\/2023\/08\/designenlassen_gartenbau-logo_wimer-300x215.jpg 300w\" sizes=\"(max-width: 500px) 100vw, 500px\" \/><\/figure>\n<\/figure>\n\n\n\n<p class=\"has-text-align-center\"><a href=\"https:\/\/www.designenlassen.de\/blog\/category\/inspiration\/\">Mehr Designs entdecken<\/a><\/p>\n\n\n\n<h2 class=\"wp-block-heading\">FAQs: Die wichtigsten Fragen zum MTU Aero Engines-Logo<\/h2>\n\n\n\n<div style=\"height:34px\" aria-hidden=\"true\" class=\"wp-block-spacer\"><\/div>\n\n\n\n<h3 class=\"wp-block-heading\">Was bedeutet MTU?<\/h3>\n\n\n\n<p>MTU steht f\u00fcr Motoren- und Turbinen-Union, den Namen des Unternehmens, das 1969 aus der Fusion von MAN und Daimler-Benz entstand. Der Name wurde beibehalten, als das Unternehmen 2005 an die B\u00f6rse ging und sich von DaimlerChrysler AG abspaltete. Heute ist MTU Aero Engines AG der offizielle Name des Unternehmens, aber MTU wird oft als Kurzform verwendet.<\/p>\n\n\n\n<h3 class=\"wp-block-heading\">Wer besitzt MTU Aero Engines?<\/h3>\n\n\n\n<p>Die M.A.N. AG verkaufte ihren 50% -Anteil an dem Unternehmen an die <a href=\"https:\/\/www.designenlassen.de\/blog\/bekannte-logos\/mercedes-benz-logo\/\">Daimler-Benz AG<\/a>, wodurch MTU zu einem vollst\u00e4ndig im Besitz von Daimler-Benz befindlichen Unternehmen wurde.<\/p>\n\n\n\n<h2 class=\"wp-block-heading\">Fazit<\/h2>\n\n\n\n<p>MTU Aero Engines ist ein Unternehmen mit einer langen und spannenden Geschichte, die von der <a href=\"https:\/\/www.designenlassen.de\/blog\/bekannte-logos\/bmw-logo\/\">BMW<\/a> Flugmotorenbau GmbH \u00fcber die MTU bis zur heutigen MTU Aero Engines AG reicht. Das Unternehmen hat sich immer wieder an die Herausforderungen und Chancen des Marktes angepasst und ist zu einem f\u00fchrenden Triebwerkshersteller geworden. <\/p>\n\n\n\n<p>Das <a href=\"https:\/\/www.designenlassen.de\/logo-design\">Logo-Design<\/a> von MTU Aero Engines spiegelt die Werte und die Identit\u00e4t des Unternehmens wider, das f\u00fcr Qualit\u00e4t, Innovation, Pr\u00e4zision und Fortschritt steht. MTU Aero Engines ist ein Unternehmen, das die Luftfahrt vorantreibt und die Zukunft gestaltet.<\/p>\n\n\n\n<div class=\"wp-block-buttons is-content-justification-center is-layout-flex wp-container-core-buttons-is-layout-16018d1d wp-block-buttons-is-layout-flex\">\n<div class=\"wp-block-button is-style-fill\"><a class=\"wp-block-button__link has-white-color has-text-color has-background has-text-align-left wp-element-button\" href=\"https:\/\/www.designenlassen.de\/logo-design?utm_source=blog&amp;utm_medium=button&amp;utm_campaign=logo-sammlung\" style=\"background-color:#091182\">Jetzt Logo erstellen<\/a><\/div>\n<\/div>\n\n\n\n<div style=\"height:43px\" aria-hidden=\"true\" class=\"wp-block-spacer\"><\/div>\n\n\n\n<h2 class=\"wp-block-heading\">Weiterf\u00fchrende Informationen<\/h2>\n\n\n\n<ul class=\"wp-block-list\">\n<li><a href=\"https:\/\/de.wikipedia.org\/wiki\/MTU_Aero_Engines\">Geschichte<\/a><\/li>\n<\/ul>\n\n\n\n<p><strong>Bildquelle:<\/strong><\/p>\n\n\n\n<ul class=\"wp-block-list\">\n<li><a href=\"https:\/\/de.wikipedia.org\/wiki\/Datei:MTU_Aero_Engines_Logo.svg\">Foto von der Unternehmenswebseite<\/a><\/li>\n<\/ul>\n","protected":false},"excerpt":{"rendered":"<p>Wenn Du Dich f\u00fcr Luftfahrt interessierst, hast du bestimmt schon mal von MTU Aero Engines geh\u00f6rt.&hellip;<\/p>\n","protected":false},"author":27,"featured_media":29509,"parent":27972,"menu_order":0,"comment_status":"closed","ping_status":"closed","template":"","meta":{"_lmt_disableupdate":"","_lmt_disable":"","footnotes":""},"class_list":["post-29496","page","type-page","status-publish","has-post-thumbnail","hentry"],"yoast_head":"<!-- This site is optimized with the Yoast SEO plugin v27.5 - https:\/\/yoast.com\/product\/yoast-seo-wordpress\/ -->\n<title>MTU Aero Engines Logo \u25ba Bilder, Geschichte, Entwicklung &amp; u.v.m<\/title>\n<meta name=\"description\" content=\"Erfahre alles Wichtige \u00fcber das MTU Aero Engines-Logo: Geschichte \u2713 Ursprung \u2713 Entwicklung \u2713 Bedeutung \u2713 u.v.m. \u25ba Jetzt ansehen!\" \/>\n<meta name=\"robots\" content=\"index, follow, max-snippet:-1, max-image-preview:large, max-video-preview:-1\" \/>\n<link rel=\"canonical\" href=\"https:\/\/www.designenlassen.de\/blog\/bekannte-logos\/mtu-aero-engines-logo\/\" \/>\n<meta property=\"og:locale\" content=\"de_DE\" \/>\n<meta property=\"og:type\" content=\"article\" \/>\n<meta property=\"og:title\" content=\"MTU Aero Engines Logo \u25ba Bilder, Geschichte, Entwicklung &amp; u.v.m\" \/>\n<meta property=\"og:description\" content=\"Erfahre alles Wichtige \u00fcber das MTU Aero Engines-Logo: Geschichte \u2713 Ursprung \u2713 Entwicklung \u2713 Bedeutung \u2713 u.v.m. \u25ba Jetzt ansehen!\" \/>\n<meta property=\"og:url\" content=\"https:\/\/www.designenlassen.de\/blog\/bekannte-logos\/mtu-aero-engines-logo\/\" \/>\n<meta property=\"og:site_name\" content=\"designenlassen.de Blog\" \/>\n<meta property=\"article:modified_time\" content=\"2024-05-16T07:33:47+00:00\" \/>\n<meta property=\"og:image\" content=\"https:\/\/www.designenlassen.de\/blog\/wp-content\/uploads\/2024\/02\/Dein-Abschnittstext-46.png\" \/>\n\t<meta property=\"og:image:width\" content=\"600\" \/>\n\t<meta property=\"og:image:height\" content=\"600\" \/>\n\t<meta property=\"og:image:type\" content=\"image\/png\" \/>\n<meta name=\"twitter:card\" content=\"summary_large_image\" \/>\n<meta name=\"twitter:label1\" content=\"Gesch\u00e4tzte Lesezeit\" \/>\n\t<meta name=\"twitter:data1\" content=\"6\u00a0Minuten\" \/>\n<script type=\"application\/ld+json\" class=\"yoast-schema-graph\">{\"@context\":\"https:\\\/\\\/schema.org\",\"@graph\":[{\"@type\":\"WebPage\",\"@id\":\"https:\\\/\\\/www.designenlassen.de\\\/blog\\\/bekannte-logos\\\/mtu-aero-engines-logo\\\/\",\"url\":\"https:\\\/\\\/www.designenlassen.de\\\/blog\\\/bekannte-logos\\\/mtu-aero-engines-logo\\\/\",\"name\":\"MTU Aero Engines Logo \u25ba Bilder, Geschichte, Entwicklung & u.v.m\",\"isPartOf\":{\"@id\":\"https:\\\/\\\/www.designenlassen.de\\\/blog\\\/#website\"},\"primaryImageOfPage\":{\"@id\":\"https:\\\/\\\/www.designenlassen.de\\\/blog\\\/bekannte-logos\\\/mtu-aero-engines-logo\\\/#primaryimage\"},\"image\":{\"@id\":\"https:\\\/\\\/www.designenlassen.de\\\/blog\\\/bekannte-logos\\\/mtu-aero-engines-logo\\\/#primaryimage\"},\"thumbnailUrl\":\"https:\\\/\\\/www.designenlassen.de\\\/blog\\\/wp-content\\\/uploads\\\/2024\\\/02\\\/Dein-Abschnittstext-46.png\",\"datePublished\":\"2024-02-28T09:08:55+00:00\",\"dateModified\":\"2024-05-16T07:33:47+00:00\",\"description\":\"Erfahre alles Wichtige \u00fcber das MTU Aero Engines-Logo: Geschichte \u2713 Ursprung \u2713 Entwicklung \u2713 Bedeutung \u2713 u.v.m. \u25ba Jetzt ansehen!\",\"breadcrumb\":{\"@id\":\"https:\\\/\\\/www.designenlassen.de\\\/blog\\\/bekannte-logos\\\/mtu-aero-engines-logo\\\/#breadcrumb\"},\"inLanguage\":\"de\",\"potentialAction\":[{\"@type\":\"ReadAction\",\"target\":[\"https:\\\/\\\/www.designenlassen.de\\\/blog\\\/bekannte-logos\\\/mtu-aero-engines-logo\\\/\"]}]},{\"@type\":\"ImageObject\",\"inLanguage\":\"de\",\"@id\":\"https:\\\/\\\/www.designenlassen.de\\\/blog\\\/bekannte-logos\\\/mtu-aero-engines-logo\\\/#primaryimage\",\"url\":\"https:\\\/\\\/www.designenlassen.de\\\/blog\\\/wp-content\\\/uploads\\\/2024\\\/02\\\/Dein-Abschnittstext-46.png\",\"contentUrl\":\"https:\\\/\\\/www.designenlassen.de\\\/blog\\\/wp-content\\\/uploads\\\/2024\\\/02\\\/Dein-Abschnittstext-46.png\",\"width\":600,\"height\":600},{\"@type\":\"BreadcrumbList\",\"@id\":\"https:\\\/\\\/www.designenlassen.de\\\/blog\\\/bekannte-logos\\\/mtu-aero-engines-logo\\\/#breadcrumb\",\"itemListElement\":[{\"@type\":\"ListItem\",\"position\":1,\"name\":\"Start\",\"item\":\"https:\\\/\\\/www.designenlassen.de\\\/blog\\\/\"},{\"@type\":\"ListItem\",\"position\":2,\"name\":\"Die 180 bekanntesten Logos im \u00dcberblick\",\"item\":\"https:\\\/\\\/www.designenlassen.de\\\/blog\\\/bekannte-logos\\\/\"},{\"@type\":\"ListItem\",\"position\":3,\"name\":\"MTU Aero Engines Logo\"}]},{\"@type\":\"WebSite\",\"@id\":\"https:\\\/\\\/www.designenlassen.de\\\/blog\\\/#website\",\"url\":\"https:\\\/\\\/www.designenlassen.de\\\/blog\\\/\",\"name\":\"designenlassen.de Blog\",\"description\":\"Inspirationen, Tipps und Ideen f\u00fcr Designer sowie Gr\u00fcnder und Kleinbetriebe.\",\"potentialAction\":[{\"@type\":\"SearchAction\",\"target\":{\"@type\":\"EntryPoint\",\"urlTemplate\":\"https:\\\/\\\/www.designenlassen.de\\\/blog\\\/?s={search_term_string}\"},\"query-input\":{\"@type\":\"PropertyValueSpecification\",\"valueRequired\":true,\"valueName\":\"search_term_string\"}}],\"inLanguage\":\"de\"}]}<\/script>\n<!-- \/ Yoast SEO plugin. -->","yoast_head_json":{"title":"MTU Aero Engines Logo \u25ba Bilder, Geschichte, Entwicklung & u.v.m","description":"Erfahre alles Wichtige \u00fcber das MTU Aero Engines-Logo: Geschichte \u2713 Ursprung \u2713 Entwicklung \u2713 Bedeutung \u2713 u.v.m. \u25ba Jetzt ansehen!","robots":{"index":"index","follow":"follow","max-snippet":"max-snippet:-1","max-image-preview":"max-image-preview:large","max-video-preview":"max-video-preview:-1"},"canonical":"https:\/\/www.designenlassen.de\/blog\/bekannte-logos\/mtu-aero-engines-logo\/","og_locale":"de_DE","og_type":"article","og_title":"MTU Aero Engines Logo \u25ba Bilder, Geschichte, Entwicklung & u.v.m","og_description":"Erfahre alles Wichtige \u00fcber das MTU Aero Engines-Logo: Geschichte \u2713 Ursprung \u2713 Entwicklung \u2713 Bedeutung \u2713 u.v.m. \u25ba Jetzt ansehen!","og_url":"https:\/\/www.designenlassen.de\/blog\/bekannte-logos\/mtu-aero-engines-logo\/","og_site_name":"designenlassen.de Blog","article_modified_time":"2024-05-16T07:33:47+00:00","og_image":[{"width":600,"height":600,"url":"https:\/\/www.designenlassen.de\/blog\/wp-content\/uploads\/2024\/02\/Dein-Abschnittstext-46.png","type":"image\/png"}],"twitter_card":"summary_large_image","twitter_misc":{"Gesch\u00e4tzte Lesezeit":"6\u00a0Minuten"},"schema":{"@context":"https:\/\/schema.org","@graph":[{"@type":"WebPage","@id":"https:\/\/www.designenlassen.de\/blog\/bekannte-logos\/mtu-aero-engines-logo\/","url":"https:\/\/www.designenlassen.de\/blog\/bekannte-logos\/mtu-aero-engines-logo\/","name":"MTU Aero Engines Logo \u25ba Bilder, Geschichte, Entwicklung & u.v.m","isPartOf":{"@id":"https:\/\/www.designenlassen.de\/blog\/#website"},"primaryImageOfPage":{"@id":"https:\/\/www.designenlassen.de\/blog\/bekannte-logos\/mtu-aero-engines-logo\/#primaryimage"},"image":{"@id":"https:\/\/www.designenlassen.de\/blog\/bekannte-logos\/mtu-aero-engines-logo\/#primaryimage"},"thumbnailUrl":"https:\/\/www.designenlassen.de\/blog\/wp-content\/uploads\/2024\/02\/Dein-Abschnittstext-46.png","datePublished":"2024-02-28T09:08:55+00:00","dateModified":"2024-05-16T07:33:47+00:00","description":"Erfahre alles Wichtige \u00fcber das MTU Aero Engines-Logo: Geschichte \u2713 Ursprung \u2713 Entwicklung \u2713 Bedeutung \u2713 u.v.m. \u25ba Jetzt ansehen!","breadcrumb":{"@id":"https:\/\/www.designenlassen.de\/blog\/bekannte-logos\/mtu-aero-engines-logo\/#breadcrumb"},"inLanguage":"de","potentialAction":[{"@type":"ReadAction","target":["https:\/\/www.designenlassen.de\/blog\/bekannte-logos\/mtu-aero-engines-logo\/"]}]},{"@type":"ImageObject","inLanguage":"de","@id":"https:\/\/www.designenlassen.de\/blog\/bekannte-logos\/mtu-aero-engines-logo\/#primaryimage","url":"https:\/\/www.designenlassen.de\/blog\/wp-content\/uploads\/2024\/02\/Dein-Abschnittstext-46.png","contentUrl":"https:\/\/www.designenlassen.de\/blog\/wp-content\/uploads\/2024\/02\/Dein-Abschnittstext-46.png","width":600,"height":600},{"@type":"BreadcrumbList","@id":"https:\/\/www.designenlassen.de\/blog\/bekannte-logos\/mtu-aero-engines-logo\/#breadcrumb","itemListElement":[{"@type":"ListItem","position":1,"name":"Start","item":"https:\/\/www.designenlassen.de\/blog\/"},{"@type":"ListItem","position":2,"name":"Die 180 bekanntesten Logos im \u00dcberblick","item":"https:\/\/www.designenlassen.de\/blog\/bekannte-logos\/"},{"@type":"ListItem","position":3,"name":"MTU Aero Engines Logo"}]},{"@type":"WebSite","@id":"https:\/\/www.designenlassen.de\/blog\/#website","url":"https:\/\/www.designenlassen.de\/blog\/","name":"designenlassen.de Blog","description":"Inspirationen, Tipps und Ideen f\u00fcr Designer sowie Gr\u00fcnder und Kleinbetriebe.","potentialAction":[{"@type":"SearchAction","target":{"@type":"EntryPoint","urlTemplate":"https:\/\/www.designenlassen.de\/blog\/?s={search_term_string}"},"query-input":{"@type":"PropertyValueSpecification","valueRequired":true,"valueName":"search_term_string"}}],"inLanguage":"de"}]}},"_links":{"self":[{"href":"https:\/\/www.designenlassen.de\/blog\/wp-json\/wp\/v2\/pages\/29496","targetHints":{"allow":["GET"]}}],"collection":[{"href":"https:\/\/www.designenlassen.de\/blog\/wp-json\/wp\/v2\/pages"}],"about":[{"href":"https:\/\/www.designenlassen.de\/blog\/wp-json\/wp\/v2\/types\/page"}],"author":[{"embeddable":true,"href":"https:\/\/www.designenlassen.de\/blog\/wp-json\/wp\/v2\/users\/27"}],"replies":[{"embeddable":true,"href":"https:\/\/www.designenlassen.de\/blog\/wp-json\/wp\/v2\/comments?post=29496"}],"version-history":[{"count":4,"href":"https:\/\/www.designenlassen.de\/blog\/wp-json\/wp\/v2\/pages\/29496\/revisions"}],"predecessor-version":[{"id":31701,"href":"https:\/\/www.designenlassen.de\/blog\/wp-json\/wp\/v2\/pages\/29496\/revisions\/31701"}],"up":[{"embeddable":true,"href":"https:\/\/www.designenlassen.de\/blog\/wp-json\/wp\/v2\/pages\/27972"}],"wp:featuredmedia":[{"embeddable":true,"href":"https:\/\/www.designenlassen.de\/blog\/wp-json\/wp\/v2\/media\/29509"}],"wp:attachment":[{"href":"https:\/\/www.designenlassen.de\/blog\/wp-json\/wp\/v2\/media?parent=29496"}],"curies":[{"name":"wp","href":"https:\/\/api.w.org\/{rel}","templated":true}]}}