{"id":29511,"date":"2024-02-28T11:23:38","date_gmt":"2024-02-28T09:23:38","guid":{"rendered":"https:\/\/www.designenlassen.de\/blog\/?page_id=29511"},"modified":"2024-05-16T09:33:19","modified_gmt":"2024-05-16T07:33:19","slug":"munich-re-logo","status":"publish","type":"page","link":"https:\/\/www.designenlassen.de\/blog\/bekannte-logos\/munich-re-logo\/","title":{"rendered":"Munich Re Logo"},"content":{"rendered":"\n<figure class=\"wp-block-image size-full is-resized\"><img fetchpriority=\"high\" decoding=\"async\" width=\"1024\" height=\"247\" src=\"https:\/\/www.designenlassen.de\/blog\/wp-content\/uploads\/2024\/02\/1024px-Muenchener_Rueck_logo.svg_.png\" alt=\"\" class=\"wp-image-29513\" style=\"width:667px;height:auto\" srcset=\"https:\/\/www.designenlassen.de\/blog\/wp-content\/uploads\/2024\/02\/1024px-Muenchener_Rueck_logo.svg_.png 1024w, https:\/\/www.designenlassen.de\/blog\/wp-content\/uploads\/2024\/02\/1024px-Muenchener_Rueck_logo.svg_-300x72.png 300w, https:\/\/www.designenlassen.de\/blog\/wp-content\/uploads\/2024\/02\/1024px-Muenchener_Rueck_logo.svg_-768x185.png 768w\" sizes=\"(max-width: 1024px) 100vw, 1024px\" \/><figcaption class=\"wp-element-caption\"><strong>\u00a9<\/strong> Munich Re \/ munichre.com<\/figcaption><\/figure>\n\n\n\n<p>Munich Re ist einer der&nbsp;f\u00fchrenden Anbieter von R\u00fcckversicherung, Erstversicherung und versicherungsnahen Risikol\u00f6sungen weltweit.&nbsp;Das Unternehmen wurde 1880 in M\u00fcnchen gegr\u00fcndet und ist heute in allen Versicherungssparten aktiv. <\/p>\n\n\n\n<p>Munich Re ist nicht nur f\u00fcr seine innovativen und ma\u00dfgeschneiderten L\u00f6sungen bekannt, sondern auch f\u00fcr sein&nbsp;<strong>markantes Logo<\/strong>, das zu den&nbsp;<a href=\"https:\/\/www.designenlassen.de\/blog\/bekannte-logos\/\">bekanntesten Logos<\/a> in der Versicherungsbranche geh\u00f6rt. In diesem Blogeintrag erf\u00e4hrst Du mehr \u00fcber die Geschichte, die Entwicklung und die Bedeutung des Munich Re-Logos.<\/p>\n\n\n\n<div class=\"wp-block-buttons is-content-justification-center is-layout-flex wp-container-core-buttons-is-layout-16018d1d wp-block-buttons-is-layout-flex\">\n<div class=\"wp-block-button is-style-fill\"><a class=\"wp-block-button__link has-white-color has-text-color has-background has-text-align-left wp-element-button\" href=\"https:\/\/www.designenlassen.de\/logo-design?utm_source=blog&amp;utm_medium=button&amp;utm_campaign=logo-sammlung\" style=\"background-color:#091182\">Jetzt Logo erstellen<\/a><\/div>\n<\/div>\n\n\n\n\n\n<h2 class=\"wp-block-heading\">Ursprung<\/h2>\n\n\n\n<p>Das Munich Re-Logo geht auf das Jahr 1973 zur\u00fcck, als der bekannte <a href=\"http:\/\/designenlassen.de\">Designer<\/a>&nbsp;<strong>Anton Stankowski<\/strong>&nbsp;den Auftrag erhielt, ein neues Erscheinungsbild f\u00fcr die M\u00fcnchener R\u00fcckversicherungs-Gesellschaft zu entwerfen.&nbsp;Stankowski war ein Meister der&nbsp;<strong>konstruktiven Grafik<\/strong>, die sich durch klare Formen, geometrische Strukturen und reduzierte Farben auszeichnet.&nbsp;Er <a href=\"https:\/\/www.designenlassen.de\/blog\/logo-entwicklung-leicht-gemacht-8-aspekte-die-man-unbedingt-beachten-sollte\/\">entwickelte zahlreiche individuelle Logos<\/a> f\u00fcr namhafte Unternehmen wie Deutsche Bank, Lufthansa oder SEL.<\/p>\n\n\n\n<p>Die M\u00fcnchener R\u00fcckversicherungs-Gesellschaft war damals schon fast 100 Jahre alt und hatte sich zu einem weltweit f\u00fchrenden Risikotr\u00e4ger entwickelt.&nbsp;Sie war an vielen historischen Ereignissen beteiligt, wie dem Bau des Panamakanals, der San-Francisco-Erdbebenversicherung oder der Titanic-Versicherung.&nbsp;Sie brauchte ein <a href=\"https:\/\/www.designenlassen.de\/blog\/logo-erstellen-top-firmenlogo-einfach-entwerfen\/\">Firmenlogo<\/a>, das ihre Tradition, ihre Kompetenz und ihre Zukunftsf\u00e4higkeit ausdr\u00fcckte.<\/p>\n\n\n\n<h2 class=\"wp-block-heading\">Entwicklung <\/h2>\n\n\n\n<p>Das Munich Re-Logo besteht aus einer Kombination von <a href=\"https:\/\/www.designenlassen.de\/blog\/wortmarke-vs-wort-bildmarke-das-musst-du-wissen\/\">Wortmarke<\/a> und Symbol. Die Wortmarke ist der charakteristische verbale Ausdruck des Unternehmens.&nbsp;Sie wird grunds\u00e4tzlich nicht ohne das Symbol verwendet. Das Symbol ist ein&nbsp;<strong>kubischer Diamant<\/strong>&nbsp;mit horizontalen Linien, die durch die gesamte Form verlaufen.&nbsp;Die Linien stehen f\u00fcr&nbsp;<strong>Austausch, Partnerschaft, Vertrauen, Solidarit\u00e4t und Differenzierung<\/strong>.&nbsp;Diese Werte spiegeln sich auch in der blauen Farbe der Schrift wider.<\/p>\n\n\n\n<p>Das Logo hat sich im Laufe der Zeit nur geringf\u00fcgig ver\u00e4ndert.&nbsp;Die urspr\u00fcngliche Version von 1973 hatte eine etwas andere Schriftart und einen kleineren Abstand zwischen den Buchstaben.&nbsp;Im Jahr 2009 wurde der Name des Unternehmens von M\u00fcnchener R\u00fcck zu Munich Re ge\u00e4ndert, um die internationale Ausrichtung zu betonen.&nbsp;Das <a href=\"https:\/\/www.designenlassen.de\/blog\/was-ist-ein-logo\/\">Logo<\/a> wurde entsprechend angepasst, wobei die Form und die Farbe des Symbols unver\u00e4ndert blieben.<\/p>\n\n\n\n<h2 class=\"wp-block-heading\">Bedeutung<\/h2>\n\n\n\n<p>Das Munich Re-Logo ist mehr als nur ein visueller Identifikator.&nbsp;Es ist ein&nbsp;Ausdruck der Unternehmensphilosophie&nbsp;und der&nbsp;Positionierung im Markt.&nbsp;Das Logo vermittelt die Botschaft, dass Munich Re ein&nbsp;zuverl\u00e4ssiger, kompetenter und innovativer Partner&nbsp;f\u00fcr seine Kunden ist, der ihnen hilft, ihre Risiken zu bew\u00e4ltigen.&nbsp;<\/p>\n\n\n\n<p>Das Logo symbolisiert auch die&nbsp;Vielfalt und Komplexit\u00e4t&nbsp;der Risiken, die Munich Re weltweit \u00fcbernimmt.&nbsp;Der kubische Diamant steht f\u00fcr die&nbsp;Qualit\u00e4t und Wertigkeit&nbsp;der L\u00f6sungen, die Munich Re anbietet.<\/p>\n\n\n\n<div class=\"sof\">\n<h2>Individuelles Design oder Logo gesucht?<\/h2>\n<p>Bei designenlassen.de findest Du \u00fcber <b>100.000 Designer, die Dir ein einzigartiges Design nach Deinen W\u00fcnschen kreieren.<\/b> Starte jetzt Deinen eigenen Designwettbewerb und erhalte zahlreiche individuelle Vorschl\u00e4ge.<br><\/p>\n\n\n\n<\/div>\n\n\n\n<div class=\"wp-block-buttons is-content-justification-center is-layout-flex wp-container-core-buttons-is-layout-16018d1d wp-block-buttons-is-layout-flex\">\n<div class=\"wp-block-button is-style-fill\"><a class=\"wp-block-button__link has-white-color has-text-color has-background has-text-align-left wp-element-button\" href=\"https:\/\/www.designenlassen.de\/logo-design?utm_source=blog&amp;utm_medium=button&amp;utm_campaign=logo-sammlung\" style=\"background-color:#091182\">Jetzt Logo erstellen<\/a><\/div>\n<\/div>\n\n\n\n<div style=\"height:34px\" aria-hidden=\"true\" class=\"wp-block-spacer\"><\/div>\n\n\n\n<h2 class=\"wp-block-heading\">Von uns erstellte Logos<\/h2>\n\n\n\n<figure class=\"wp-block-gallery has-nested-images columns-default is-cropped wp-block-gallery-1 is-layout-flex wp-block-gallery-is-layout-flex\">\n<figure class=\"wp-block-image size-full\"><img decoding=\"async\" width=\"500\" height=\"500\" data-id=\"27462\" src=\"https:\/\/www.designenlassen.de\/blog\/wp-content\/uploads\/2023\/08\/designenlassen_gartenbau-logo_wrede.jpg\" alt=\"\" class=\"wp-image-27462\" srcset=\"https:\/\/www.designenlassen.de\/blog\/wp-content\/uploads\/2023\/08\/designenlassen_gartenbau-logo_wrede.jpg 500w, https:\/\/www.designenlassen.de\/blog\/wp-content\/uploads\/2023\/08\/designenlassen_gartenbau-logo_wrede-300x300.jpg 300w, https:\/\/www.designenlassen.de\/blog\/wp-content\/uploads\/2023\/08\/designenlassen_gartenbau-logo_wrede-150x150.jpg 150w\" sizes=\"(max-width: 500px) 100vw, 500px\" \/><figcaption class=\"wp-element-caption\">eCommerce Logo von ichoomi<\/figcaption><\/figure>\n\n\n\n<figure class=\"wp-block-image size-full\"><img decoding=\"async\" width=\"338\" height=\"338\" data-id=\"24260\" src=\"https:\/\/www.designenlassen.de\/blog\/wp-content\/uploads\/2021\/05\/Kaiser-Bau-One-Line-Logo-Design-224448-arrasyiqjpr.jpg\" alt=\"Kaiser-Bau-One-Line-Logo-Design\" class=\"wp-image-24260\" srcset=\"https:\/\/www.designenlassen.de\/blog\/wp-content\/uploads\/2021\/05\/Kaiser-Bau-One-Line-Logo-Design-224448-arrasyiqjpr.jpg 338w, https:\/\/www.designenlassen.de\/blog\/wp-content\/uploads\/2021\/05\/Kaiser-Bau-One-Line-Logo-Design-224448-arrasyiqjpr-300x300.jpg 300w, https:\/\/www.designenlassen.de\/blog\/wp-content\/uploads\/2021\/05\/Kaiser-Bau-One-Line-Logo-Design-224448-arrasyiqjpr-150x150.jpg 150w\" sizes=\"(max-width: 338px) 100vw, 338px\" \/><figcaption class=\"wp-element-caption\">Bank Logo f\u00fcr &#8222;immer im Plus&#8220; von DesING mit Eurozeichen und Plussymbol<\/figcaption><\/figure>\n\n\n\n<figure class=\"wp-block-image size-full\"><img loading=\"lazy\" decoding=\"async\" width=\"900\" height=\"900\" data-id=\"23407\" src=\"https:\/\/www.designenlassen.de\/blog\/wp-content\/uploads\/2021\/02\/All_about_prop_Gebaeude_Logo_352833.png\" alt=\"Geb\u00e4ude-Logo f\u00fcr Immobilienmanagement\" class=\"wp-image-23407\" srcset=\"https:\/\/www.designenlassen.de\/blog\/wp-content\/uploads\/2021\/02\/All_about_prop_Gebaeude_Logo_352833.png 900w, https:\/\/www.designenlassen.de\/blog\/wp-content\/uploads\/2021\/02\/All_about_prop_Gebaeude_Logo_352833-300x300.png 300w, https:\/\/www.designenlassen.de\/blog\/wp-content\/uploads\/2021\/02\/All_about_prop_Gebaeude_Logo_352833-150x150.png 150w, https:\/\/www.designenlassen.de\/blog\/wp-content\/uploads\/2021\/02\/All_about_prop_Gebaeude_Logo_352833-768x768.png 768w\" sizes=\"(max-width: 900px) 100vw, 900px\" \/><figcaption class=\"wp-element-caption\">Geb\u00e4ude-Logo f\u00fcr All About Prop<\/figcaption><\/figure>\n\n\n\n<figure class=\"wp-block-image size-full\"><img loading=\"lazy\" decoding=\"async\" width=\"338\" height=\"338\" data-id=\"10349\" src=\"https:\/\/www.designenlassen.de\/blog\/wp-content\/uploads\/2015\/07\/schlossberg-hotel-oberhof-logo-design.png\" alt=\"\" class=\"wp-image-10349\" srcset=\"https:\/\/www.designenlassen.de\/blog\/wp-content\/uploads\/2015\/07\/schlossberg-hotel-oberhof-logo-design.png 338w, https:\/\/www.designenlassen.de\/blog\/wp-content\/uploads\/2015\/07\/schlossberg-hotel-oberhof-logo-design-150x150.png 150w, https:\/\/www.designenlassen.de\/blog\/wp-content\/uploads\/2015\/07\/schlossberg-hotel-oberhof-logo-design-300x300.png 300w\" sizes=\"(max-width: 338px) 100vw, 338px\" \/><figcaption class=\"wp-element-caption\">eCommerce Logo von CreativeLogo<\/figcaption><\/figure>\n\n\n\n<figure class=\"wp-block-image size-full\"><img loading=\"lazy\" decoding=\"async\" width=\"800\" height=\"520\" data-id=\"10352\" src=\"https:\/\/www.designenlassen.de\/blog\/wp-content\/uploads\/2015\/07\/b\u00e4ckerei-hotel-imseng-design.png\" alt=\"\" class=\"wp-image-10352\" srcset=\"https:\/\/www.designenlassen.de\/blog\/wp-content\/uploads\/2015\/07\/b\u00e4ckerei-hotel-imseng-design.png 800w, https:\/\/www.designenlassen.de\/blog\/wp-content\/uploads\/2015\/07\/b\u00e4ckerei-hotel-imseng-design-300x195.png 300w, https:\/\/www.designenlassen.de\/blog\/wp-content\/uploads\/2015\/07\/b\u00e4ckerei-hotel-imseng-design-768x499.png 768w\" sizes=\"(max-width: 800px) 100vw, 800px\" \/><\/figure>\n\n\n\n<figure class=\"wp-block-image size-full\"><img loading=\"lazy\" decoding=\"async\" width=\"800\" height=\"358\" data-id=\"12766\" src=\"https:\/\/www.designenlassen.de\/blog\/wp-content\/uploads\/2016\/09\/Logo-Design-Wellness-Wald-Spa-Schwarzwaldhotel-24996.png\" alt=\"Logo Design Wellness Wald Spa Schwarzwaldhotel 24996\" class=\"wp-image-12766\" srcset=\"https:\/\/www.designenlassen.de\/blog\/wp-content\/uploads\/2016\/09\/Logo-Design-Wellness-Wald-Spa-Schwarzwaldhotel-24996.png 800w, https:\/\/www.designenlassen.de\/blog\/wp-content\/uploads\/2016\/09\/Logo-Design-Wellness-Wald-Spa-Schwarzwaldhotel-24996-300x134.png 300w, https:\/\/www.designenlassen.de\/blog\/wp-content\/uploads\/2016\/09\/Logo-Design-Wellness-Wald-Spa-Schwarzwaldhotel-24996-768x344.png 768w\" sizes=\"(max-width: 800px) 100vw, 800px\" \/><figcaption class=\"wp-element-caption\">eCommerce Logo von jhdesign<\/figcaption><\/figure>\n\n\n\n<figure class=\"wp-block-image size-full\"><img loading=\"lazy\" decoding=\"async\" width=\"1024\" height=\"1024\" data-id=\"28806\" src=\"https:\/\/www.designenlassen.de\/blog\/wp-content\/uploads\/2024\/02\/73a23ad6-1854-4bd9-a718-4c2c37fffa37.jpg\" alt=\"\" class=\"wp-image-28806\" srcset=\"https:\/\/www.designenlassen.de\/blog\/wp-content\/uploads\/2024\/02\/73a23ad6-1854-4bd9-a718-4c2c37fffa37.jpg 1024w, https:\/\/www.designenlassen.de\/blog\/wp-content\/uploads\/2024\/02\/73a23ad6-1854-4bd9-a718-4c2c37fffa37-300x300.jpg 300w, https:\/\/www.designenlassen.de\/blog\/wp-content\/uploads\/2024\/02\/73a23ad6-1854-4bd9-a718-4c2c37fffa37-150x150.jpg 150w, https:\/\/www.designenlassen.de\/blog\/wp-content\/uploads\/2024\/02\/73a23ad6-1854-4bd9-a718-4c2c37fffa37-768x768.jpg 768w\" sizes=\"(max-width: 1024px) 100vw, 1024px\" \/><\/figure>\n\n\n\n<figure class=\"wp-block-image size-full\"><img loading=\"lazy\" decoding=\"async\" width=\"984\" height=\"450\" data-id=\"23398\" src=\"https:\/\/www.designenlassen.de\/blog\/wp-content\/uploads\/2021\/02\/K3_Gebaeude_Logo_836967.png\" alt=\"Geb\u00e4ude Logo f\u00fcr Beratungsunternehmen K3\" class=\"wp-image-23398\" srcset=\"https:\/\/www.designenlassen.de\/blog\/wp-content\/uploads\/2021\/02\/K3_Gebaeude_Logo_836967.png 984w, https:\/\/www.designenlassen.de\/blog\/wp-content\/uploads\/2021\/02\/K3_Gebaeude_Logo_836967-300x137.png 300w, https:\/\/www.designenlassen.de\/blog\/wp-content\/uploads\/2021\/02\/K3_Gebaeude_Logo_836967-768x351.png 768w\" sizes=\"(max-width: 984px) 100vw, 984px\" \/><figcaption class=\"wp-element-caption\">Logo-Design mit Geb\u00e4ude f\u00fcr K3<\/figcaption><\/figure>\n\n\n\n<figure class=\"wp-block-image size-full\"><img loading=\"lazy\" decoding=\"async\" width=\"500\" height=\"358\" data-id=\"27460\" src=\"https:\/\/www.designenlassen.de\/blog\/wp-content\/uploads\/2023\/08\/designenlassen_gartenbau-logo_wimer.jpg\" alt=\"\" class=\"wp-image-27460\" srcset=\"https:\/\/www.designenlassen.de\/blog\/wp-content\/uploads\/2023\/08\/designenlassen_gartenbau-logo_wimer.jpg 500w, https:\/\/www.designenlassen.de\/blog\/wp-content\/uploads\/2023\/08\/designenlassen_gartenbau-logo_wimer-300x215.jpg 300w\" sizes=\"(max-width: 500px) 100vw, 500px\" \/><\/figure>\n<\/figure>\n\n\n\n<p class=\"has-text-align-center\"><a href=\"https:\/\/www.designenlassen.de\/blog\/category\/inspiration\/\">Mehr Designs entdecken<\/a><\/p>\n\n\n\n<h2 class=\"wp-block-heading\">FAQs: Die wichtigsten Fragen zum Munich Re-Logo<\/h2>\n\n\n\n<div style=\"height:34px\" aria-hidden=\"true\" class=\"wp-block-spacer\"><\/div>\n\n\n\n<h3 class=\"wp-block-heading\">Wer hat das Munich Re-Logo entworfen?<\/h3>\n\n\n\n<p>Das Munich Re-Logo wurde 1973 von dem ber\u00fchmten Designer Anton Stankowski entworfen..<\/p>\n\n\n\n<h3 class=\"wp-block-heading\">Was bedeutet das Symbol im Munich Re-Logo?<\/h3>\n\n\n\n<p>Das Symbol im Munich Re-Logo ist ein kubischer Diamant mit horizontalen Linien, die durch die gesamte Form verlaufen.&nbsp;Die Linien stehen f\u00fcr Austausch, Partnerschaft, Vertrauen, Solidarit\u00e4t und Differenzierung.<\/p>\n\n\n\n<h2 class=\"wp-block-heading\">Fazit<\/h2>\n\n\n\n<p>Das Munich Re-Logo ist ein gelungenes Beispiel f\u00fcr ein&nbsp;<strong>einfaches, aber aussagekr\u00e4ftiges Design<\/strong>, das die Identit\u00e4t und die Strategie des Unternehmens widerspiegelt. Das Logo hat sich seit seiner Einf\u00fchrung im Jahr 1973 kaum ver\u00e4ndert und ist zu einem&nbsp;wiedererkennbaren und vertrauensw\u00fcrdigen Zeichen&nbsp;in der Versicherungswelt geworden.&nbsp;Das <a href=\"https:\/\/www.designenlassen.de\/blog\/was-ist-ein-logo\/\">Logo<\/a> ist nicht nur ein visueller Aspekt, sondern auch ein&nbsp;wichtiger Bestandteil der Kommunikation&nbsp;zwischen Munich Re und seinen Stakeholdern.<\/p>\n\n\n\n<div class=\"wp-block-buttons is-content-justification-center is-layout-flex wp-container-core-buttons-is-layout-16018d1d wp-block-buttons-is-layout-flex\">\n<div class=\"wp-block-button is-style-fill\"><a class=\"wp-block-button__link has-white-color has-text-color has-background has-text-align-left wp-element-button\" href=\"https:\/\/www.designenlassen.de\/logo-design?utm_source=blog&amp;utm_medium=button&amp;utm_campaign=logo-sammlung\" style=\"background-color:#091182\">Jetzt Logo erstellen<\/a><\/div>\n<\/div>\n\n\n\n<div style=\"height:22px\" aria-hidden=\"true\" class=\"wp-block-spacer\"><\/div>\n\n\n\n<h2 class=\"wp-block-heading\">Weiterf\u00fchrende Informationen<\/h2>\n\n\n\n<ul class=\"wp-block-list\">\n<li><a href=\"https:\/\/de.wikipedia.org\/wiki\/M%C3%BCnchener_R%C3%BCck\">Geschichte<\/a><\/li>\n<\/ul>\n\n\n\n<p><strong>Bildquelle:<\/strong><\/p>\n\n\n\n<ul class=\"wp-block-list\">\n<li><a href=\"https:\/\/de.wikipedia.org\/wiki\/Datei:M%C3%BCnchener_R%C3%BCck_logo.svg\">Foto von Wikipedia<\/a><\/li>\n<\/ul>\n","protected":false},"excerpt":{"rendered":"<p>Munich Re ist einer der&nbsp;f\u00fchrenden Anbieter von R\u00fcckversicherung, Erstversicherung und versicherungsnahen Risikol\u00f6sungen weltweit.&nbsp;Das Unternehmen wurde 1880&hellip;<\/p>\n","protected":false},"author":27,"featured_media":29512,"parent":27972,"menu_order":0,"comment_status":"closed","ping_status":"closed","template":"","meta":{"_lmt_disableupdate":"","_lmt_disable":"","footnotes":""},"class_list":["post-29511","page","type-page","status-publish","has-post-thumbnail","hentry"],"yoast_head":"<!-- This site is optimized with the Yoast SEO plugin v27.5 - https:\/\/yoast.com\/product\/yoast-seo-wordpress\/ -->\n<title>Munich Re Logo \u25ba Bilder, Geschichte, Entwicklung &amp; u.v.m<\/title>\n<meta name=\"description\" content=\"Erfahre alles Wichtige \u00fcber das Munich Re-Logo: Geschichte \u2713 Ursprung \u2713 Entwicklung \u2713 Bedeutung \u2713 u.v.m. \u25ba Jetzt ansehen!\" \/>\n<meta name=\"robots\" content=\"index, follow, max-snippet:-1, max-image-preview:large, max-video-preview:-1\" \/>\n<link rel=\"canonical\" href=\"https:\/\/www.designenlassen.de\/blog\/bekannte-logos\/munich-re-logo\/\" \/>\n<meta property=\"og:locale\" content=\"de_DE\" \/>\n<meta property=\"og:type\" content=\"article\" \/>\n<meta property=\"og:title\" content=\"Munich Re Logo \u25ba Bilder, Geschichte, Entwicklung &amp; u.v.m\" \/>\n<meta property=\"og:description\" content=\"Erfahre alles Wichtige \u00fcber das Munich Re-Logo: Geschichte \u2713 Ursprung \u2713 Entwicklung \u2713 Bedeutung \u2713 u.v.m. \u25ba Jetzt ansehen!\" \/>\n<meta property=\"og:url\" content=\"https:\/\/www.designenlassen.de\/blog\/bekannte-logos\/munich-re-logo\/\" \/>\n<meta property=\"og:site_name\" content=\"designenlassen.de Blog\" \/>\n<meta property=\"article:modified_time\" content=\"2024-05-16T07:33:19+00:00\" \/>\n<meta property=\"og:image\" content=\"https:\/\/www.designenlassen.de\/blog\/wp-content\/uploads\/2024\/02\/Dein-Abschnittstext-47.png\" \/>\n\t<meta property=\"og:image:width\" content=\"600\" \/>\n\t<meta property=\"og:image:height\" content=\"600\" \/>\n\t<meta property=\"og:image:type\" content=\"image\/png\" \/>\n<meta name=\"twitter:card\" content=\"summary_large_image\" \/>\n<meta name=\"twitter:label1\" content=\"Gesch\u00e4tzte Lesezeit\" \/>\n\t<meta name=\"twitter:data1\" content=\"6\u00a0Minuten\" \/>\n<script type=\"application\/ld+json\" class=\"yoast-schema-graph\">{\"@context\":\"https:\\\/\\\/schema.org\",\"@graph\":[{\"@type\":\"WebPage\",\"@id\":\"https:\\\/\\\/www.designenlassen.de\\\/blog\\\/bekannte-logos\\\/munich-re-logo\\\/\",\"url\":\"https:\\\/\\\/www.designenlassen.de\\\/blog\\\/bekannte-logos\\\/munich-re-logo\\\/\",\"name\":\"Munich Re Logo \u25ba Bilder, Geschichte, Entwicklung & u.v.m\",\"isPartOf\":{\"@id\":\"https:\\\/\\\/www.designenlassen.de\\\/blog\\\/#website\"},\"primaryImageOfPage\":{\"@id\":\"https:\\\/\\\/www.designenlassen.de\\\/blog\\\/bekannte-logos\\\/munich-re-logo\\\/#primaryimage\"},\"image\":{\"@id\":\"https:\\\/\\\/www.designenlassen.de\\\/blog\\\/bekannte-logos\\\/munich-re-logo\\\/#primaryimage\"},\"thumbnailUrl\":\"https:\\\/\\\/www.designenlassen.de\\\/blog\\\/wp-content\\\/uploads\\\/2024\\\/02\\\/Dein-Abschnittstext-47.png\",\"datePublished\":\"2024-02-28T09:23:38+00:00\",\"dateModified\":\"2024-05-16T07:33:19+00:00\",\"description\":\"Erfahre alles Wichtige \u00fcber das Munich Re-Logo: Geschichte \u2713 Ursprung \u2713 Entwicklung \u2713 Bedeutung \u2713 u.v.m. \u25ba Jetzt ansehen!\",\"breadcrumb\":{\"@id\":\"https:\\\/\\\/www.designenlassen.de\\\/blog\\\/bekannte-logos\\\/munich-re-logo\\\/#breadcrumb\"},\"inLanguage\":\"de\",\"potentialAction\":[{\"@type\":\"ReadAction\",\"target\":[\"https:\\\/\\\/www.designenlassen.de\\\/blog\\\/bekannte-logos\\\/munich-re-logo\\\/\"]}]},{\"@type\":\"ImageObject\",\"inLanguage\":\"de\",\"@id\":\"https:\\\/\\\/www.designenlassen.de\\\/blog\\\/bekannte-logos\\\/munich-re-logo\\\/#primaryimage\",\"url\":\"https:\\\/\\\/www.designenlassen.de\\\/blog\\\/wp-content\\\/uploads\\\/2024\\\/02\\\/Dein-Abschnittstext-47.png\",\"contentUrl\":\"https:\\\/\\\/www.designenlassen.de\\\/blog\\\/wp-content\\\/uploads\\\/2024\\\/02\\\/Dein-Abschnittstext-47.png\",\"width\":600,\"height\":600},{\"@type\":\"BreadcrumbList\",\"@id\":\"https:\\\/\\\/www.designenlassen.de\\\/blog\\\/bekannte-logos\\\/munich-re-logo\\\/#breadcrumb\",\"itemListElement\":[{\"@type\":\"ListItem\",\"position\":1,\"name\":\"Start\",\"item\":\"https:\\\/\\\/www.designenlassen.de\\\/blog\\\/\"},{\"@type\":\"ListItem\",\"position\":2,\"name\":\"Die 180 bekanntesten Logos im \u00dcberblick\",\"item\":\"https:\\\/\\\/www.designenlassen.de\\\/blog\\\/bekannte-logos\\\/\"},{\"@type\":\"ListItem\",\"position\":3,\"name\":\"Munich Re Logo\"}]},{\"@type\":\"WebSite\",\"@id\":\"https:\\\/\\\/www.designenlassen.de\\\/blog\\\/#website\",\"url\":\"https:\\\/\\\/www.designenlassen.de\\\/blog\\\/\",\"name\":\"designenlassen.de Blog\",\"description\":\"Inspirationen, Tipps und Ideen f\u00fcr Designer sowie Gr\u00fcnder und Kleinbetriebe.\",\"potentialAction\":[{\"@type\":\"SearchAction\",\"target\":{\"@type\":\"EntryPoint\",\"urlTemplate\":\"https:\\\/\\\/www.designenlassen.de\\\/blog\\\/?s={search_term_string}\"},\"query-input\":{\"@type\":\"PropertyValueSpecification\",\"valueRequired\":true,\"valueName\":\"search_term_string\"}}],\"inLanguage\":\"de\"}]}<\/script>\n<!-- \/ Yoast SEO plugin. -->","yoast_head_json":{"title":"Munich Re Logo \u25ba Bilder, Geschichte, Entwicklung & u.v.m","description":"Erfahre alles Wichtige \u00fcber das Munich Re-Logo: Geschichte \u2713 Ursprung \u2713 Entwicklung \u2713 Bedeutung \u2713 u.v.m. \u25ba Jetzt ansehen!","robots":{"index":"index","follow":"follow","max-snippet":"max-snippet:-1","max-image-preview":"max-image-preview:large","max-video-preview":"max-video-preview:-1"},"canonical":"https:\/\/www.designenlassen.de\/blog\/bekannte-logos\/munich-re-logo\/","og_locale":"de_DE","og_type":"article","og_title":"Munich Re Logo \u25ba Bilder, Geschichte, Entwicklung & u.v.m","og_description":"Erfahre alles Wichtige \u00fcber das Munich Re-Logo: Geschichte \u2713 Ursprung \u2713 Entwicklung \u2713 Bedeutung \u2713 u.v.m. \u25ba Jetzt ansehen!","og_url":"https:\/\/www.designenlassen.de\/blog\/bekannte-logos\/munich-re-logo\/","og_site_name":"designenlassen.de Blog","article_modified_time":"2024-05-16T07:33:19+00:00","og_image":[{"width":600,"height":600,"url":"https:\/\/www.designenlassen.de\/blog\/wp-content\/uploads\/2024\/02\/Dein-Abschnittstext-47.png","type":"image\/png"}],"twitter_card":"summary_large_image","twitter_misc":{"Gesch\u00e4tzte Lesezeit":"6\u00a0Minuten"},"schema":{"@context":"https:\/\/schema.org","@graph":[{"@type":"WebPage","@id":"https:\/\/www.designenlassen.de\/blog\/bekannte-logos\/munich-re-logo\/","url":"https:\/\/www.designenlassen.de\/blog\/bekannte-logos\/munich-re-logo\/","name":"Munich Re Logo \u25ba Bilder, Geschichte, Entwicklung & u.v.m","isPartOf":{"@id":"https:\/\/www.designenlassen.de\/blog\/#website"},"primaryImageOfPage":{"@id":"https:\/\/www.designenlassen.de\/blog\/bekannte-logos\/munich-re-logo\/#primaryimage"},"image":{"@id":"https:\/\/www.designenlassen.de\/blog\/bekannte-logos\/munich-re-logo\/#primaryimage"},"thumbnailUrl":"https:\/\/www.designenlassen.de\/blog\/wp-content\/uploads\/2024\/02\/Dein-Abschnittstext-47.png","datePublished":"2024-02-28T09:23:38+00:00","dateModified":"2024-05-16T07:33:19+00:00","description":"Erfahre alles Wichtige \u00fcber das Munich Re-Logo: Geschichte \u2713 Ursprung \u2713 Entwicklung \u2713 Bedeutung \u2713 u.v.m. \u25ba Jetzt ansehen!","breadcrumb":{"@id":"https:\/\/www.designenlassen.de\/blog\/bekannte-logos\/munich-re-logo\/#breadcrumb"},"inLanguage":"de","potentialAction":[{"@type":"ReadAction","target":["https:\/\/www.designenlassen.de\/blog\/bekannte-logos\/munich-re-logo\/"]}]},{"@type":"ImageObject","inLanguage":"de","@id":"https:\/\/www.designenlassen.de\/blog\/bekannte-logos\/munich-re-logo\/#primaryimage","url":"https:\/\/www.designenlassen.de\/blog\/wp-content\/uploads\/2024\/02\/Dein-Abschnittstext-47.png","contentUrl":"https:\/\/www.designenlassen.de\/blog\/wp-content\/uploads\/2024\/02\/Dein-Abschnittstext-47.png","width":600,"height":600},{"@type":"BreadcrumbList","@id":"https:\/\/www.designenlassen.de\/blog\/bekannte-logos\/munich-re-logo\/#breadcrumb","itemListElement":[{"@type":"ListItem","position":1,"name":"Start","item":"https:\/\/www.designenlassen.de\/blog\/"},{"@type":"ListItem","position":2,"name":"Die 180 bekanntesten Logos im \u00dcberblick","item":"https:\/\/www.designenlassen.de\/blog\/bekannte-logos\/"},{"@type":"ListItem","position":3,"name":"Munich Re Logo"}]},{"@type":"WebSite","@id":"https:\/\/www.designenlassen.de\/blog\/#website","url":"https:\/\/www.designenlassen.de\/blog\/","name":"designenlassen.de Blog","description":"Inspirationen, Tipps und Ideen f\u00fcr Designer sowie Gr\u00fcnder und Kleinbetriebe.","potentialAction":[{"@type":"SearchAction","target":{"@type":"EntryPoint","urlTemplate":"https:\/\/www.designenlassen.de\/blog\/?s={search_term_string}"},"query-input":{"@type":"PropertyValueSpecification","valueRequired":true,"valueName":"search_term_string"}}],"inLanguage":"de"}]}},"_links":{"self":[{"href":"https:\/\/www.designenlassen.de\/blog\/wp-json\/wp\/v2\/pages\/29511","targetHints":{"allow":["GET"]}}],"collection":[{"href":"https:\/\/www.designenlassen.de\/blog\/wp-json\/wp\/v2\/pages"}],"about":[{"href":"https:\/\/www.designenlassen.de\/blog\/wp-json\/wp\/v2\/types\/page"}],"author":[{"embeddable":true,"href":"https:\/\/www.designenlassen.de\/blog\/wp-json\/wp\/v2\/users\/27"}],"replies":[{"embeddable":true,"href":"https:\/\/www.designenlassen.de\/blog\/wp-json\/wp\/v2\/comments?post=29511"}],"version-history":[{"count":5,"href":"https:\/\/www.designenlassen.de\/blog\/wp-json\/wp\/v2\/pages\/29511\/revisions"}],"predecessor-version":[{"id":31700,"href":"https:\/\/www.designenlassen.de\/blog\/wp-json\/wp\/v2\/pages\/29511\/revisions\/31700"}],"up":[{"embeddable":true,"href":"https:\/\/www.designenlassen.de\/blog\/wp-json\/wp\/v2\/pages\/27972"}],"wp:featuredmedia":[{"embeddable":true,"href":"https:\/\/www.designenlassen.de\/blog\/wp-json\/wp\/v2\/media\/29512"}],"wp:attachment":[{"href":"https:\/\/www.designenlassen.de\/blog\/wp-json\/wp\/v2\/media?parent=29511"}],"curies":[{"name":"wp","href":"https:\/\/api.w.org\/{rel}","templated":true}]}}