{"id":29676,"date":"2024-03-06T09:53:02","date_gmt":"2024-03-06T07:53:02","guid":{"rendered":"https:\/\/www.designenlassen.de\/blog\/?page_id=29676"},"modified":"2024-05-16T09:37:54","modified_gmt":"2024-05-16T07:37:54","slug":"philips-logo","status":"publish","type":"page","link":"https:\/\/www.designenlassen.de\/blog\/bekannte-logos\/philips-logo\/","title":{"rendered":"Philips Logo"},"content":{"rendered":"<div class=\"wp-block-image\">\n<figure class=\"aligncenter size-full is-resized\"><img fetchpriority=\"high\" decoding=\"async\" width=\"400\" height=\"510\" src=\"https:\/\/www.designenlassen.de\/blog\/wp-content\/uploads\/2024\/03\/20200413160450Philips_logo.png\" alt=\"\" class=\"wp-image-29677\" style=\"width:276px;height:auto\" srcset=\"https:\/\/www.designenlassen.de\/blog\/wp-content\/uploads\/2024\/03\/20200413160450Philips_logo.png 400w, https:\/\/www.designenlassen.de\/blog\/wp-content\/uploads\/2024\/03\/20200413160450Philips_logo-235x300.png 235w\" sizes=\"(max-width: 400px) 100vw, 400px\" \/><figcaption class=\"wp-element-caption\"><strong>\u00a9<\/strong> Philips \/ philips.de<\/figcaption><\/figure>\n<\/div>\n\n\n<p>Philips ist ein niederl\u00e4ndisches Unternehmen, das sich auf Gesundheitstechnologie, Haushaltsprodukte und Beleuchtung spezialisiert hat. Philips wurde 1891 von den Br\u00fcdern Gerard und Anton Philips gegr\u00fcndet und ist heute einer der gr\u00f6\u00dften Elektronikkonzerne der Welt. <\/p>\n\n\n\n<p>Philips ist auch bekannt f\u00fcr sein&nbsp;<strong>Logo<\/strong>, das aus einem stilisierten Globus mit zwei geschwungenen Wellen besteht. Das Logo ist eines der&nbsp;<a href=\"https:\/\/www.designenlassen.de\/blog\/bekannte-logos\/\">bekanntesten Logos<\/a>&nbsp;der Welt und steht f\u00fcr Innovation und Fortschritt.<\/p>\n\n\n\n<div class=\"wp-block-buttons is-content-justification-center is-layout-flex wp-container-core-buttons-is-layout-16018d1d wp-block-buttons-is-layout-flex\">\n<div class=\"wp-block-button is-style-fill\"><a class=\"wp-block-button__link has-white-color has-text-color has-background has-text-align-left wp-element-button\" href=\"https:\/\/www.designenlassen.de\/logo-design?utm_source=blog&amp;utm_medium=button&amp;utm_campaign=logo-sammlung\" style=\"background-color:#091182\">Jetzt Logo erstellen<\/a><\/div>\n<\/div>\n\n\n\n\n\n<h2 class=\"wp-block-heading\">Ursprung<\/h2>\n\n\n\n<p>Die Geschichte von Philips begann in Eindhoven, wo die Br\u00fcder Philips eine Gl\u00fchlampenfabrik er\u00f6ffneten. Sie wollten die wachsende Nachfrage nach elektrischem Licht nutzen, das damals noch eine Neuheit war. Die Br\u00fcder Philips waren geschickte Unternehmer, die sich auf Qualit\u00e4t, Effizienz und Kundenorientierung konzentrierten. Sie erweiterten ihr Gesch\u00e4ft schnell und begannen, andere Produkte wie R\u00f6ntgenr\u00f6hren, Radios, Fernseher und Schallplatten herzustellen.<\/p>\n\n\n\n<h2 class=\"wp-block-heading\">Entwicklung <\/h2>\n\n\n\n<p>Philips entwickelte sich im Laufe des 20. Jahrhunderts zu einem globalen Konzern, der in vielen Bereichen Pionierarbeit leistete. Philips war an der Erfindung von Produkten wie dem Kassettenrekorder, dem CD-Player, dem DVD-Player und dem Ambilight-Fernseher beteiligt. <\/p>\n\n\n\n<p>Philips war auch ein Vorreiter in der Medizintechnik, der Beleuchtung und der Solarenergie. Philips passte sich st\u00e4ndig an die Ver\u00e4nderungen in der Technologie und der Gesellschaft an und erneuerte seine Strategie, sein Portfolio und seine Organisation.<\/p>\n\n\n\n<p>Das Logo von Philips wurde im Laufe der Zeit mehrmals ver\u00e4ndert, um die Identit\u00e4t und die Werte des Unternehmens widerzuspiegeln. Das erste <a href=\"https:\/\/www.designenlassen.de\/blog\/logo-erstellen-top-firmenlogo-einfach-entwerfen\/\">Logo<\/a> war ein einfacher Schriftzug mit dem Namen Philips, der 1930 durch ein Schild mit vier Sternen und drei Wellen ersetzt wurde. <\/p>\n\n\n\n<p>Die Sterne symbolisierten die Gl\u00fchlampen, die das Kerngesch\u00e4ft von Philips waren, und die Wellen symbolisierten die Funkwellen, die das neue Gesch\u00e4ftsfeld von Philips waren. 1968 wurde das Logo durch das heutige <a href=\"http:\/\/designenlassen.de\">Design<\/a> ersetzt, das einen Globus mit zwei geschwungenen Wellen zeigt. Der Globus steht f\u00fcr die weltweite Pr\u00e4senz und die Vielfalt von Philips, und die Strahlen stehen f\u00fcr die Innovation und den Fortschritt, die Philips anstrebt.<\/p>\n\n\n\n<h2 class=\"wp-block-heading\">Bedeutung<\/h2>\n\n\n\n<p>Philips ist heute ein f\u00fchrender Anbieter von Gesundheitstechnologie und Haushaltsprodukten, der sich zum Ziel gesetzt hat, das Leben der Menschen durch sinnvolle Innovationen zu verbessern. Philips bietet L\u00f6sungen f\u00fcr verschiedene Bereiche wie pers\u00f6nliche Gesundheit, Diagnose und Behandlung, vernetzte Pflege und Gesundheitsinformatik. <\/p>\n\n\n\n<p>Philips bietet auch Produkte f\u00fcr den Haushalt an, wie elektrische Zahnb\u00fcrsten, Luftreiniger, Kaffeemaschinen und Fritteusen. Philips ist au\u00dferdem ein wichtiger Akteur in der Beleuchtungsindustrie, der energieeffiziente und intelligente Beleuchtungsl\u00f6sungen anbietet.<\/p>\n\n\n\n<p>Das Logo von Philips ist ein wesentlicher Bestandteil der Markenidentit\u00e4t und des Images von Philips. Das Logo vermittelt die Botschaft, dass Philips ein innovatives, fortschrittliches und vertrauensw\u00fcrdiges Unternehmen ist, das sich um die Bed\u00fcrfnisse und das Wohlbefinden der Menschen k\u00fcmmert. Das Logo ist auch ein Zeichen der Kontinuit\u00e4t und der Tradition von Philips, das die Wurzeln und die Geschichte des Unternehmens respektiert.<\/p>\n\n\n\n<div class=\"sof\">\n<h2>Individuelles Design oder Logo gesucht?<\/h2>\n<p>Bei designenlassen.de findest Du \u00fcber <b>100.000 Designer, die Dir ein einzigartiges Design nach Deinen W\u00fcnschen kreieren.<\/b> Starte jetzt Deinen eigenen Designwettbewerb und erhalte zahlreiche individuelle Vorschl\u00e4ge.<br><\/p>\n\n\n\n<\/div>\n\n\n\n<div class=\"wp-block-buttons is-content-justification-center is-layout-flex wp-container-core-buttons-is-layout-16018d1d wp-block-buttons-is-layout-flex\">\n<div class=\"wp-block-button is-style-fill\"><a class=\"wp-block-button__link has-white-color has-text-color has-background has-text-align-left wp-element-button\" href=\"https:\/\/www.designenlassen.de\/logo-design?utm_source=blog&amp;utm_medium=button&amp;utm_campaign=logo-sammlung\" style=\"background-color:#091182\">Jetzt Logo erstellen<\/a><\/div>\n<\/div>\n\n\n\n<div style=\"height:34px\" aria-hidden=\"true\" class=\"wp-block-spacer\"><\/div>\n\n\n\n<h2 class=\"wp-block-heading\">Von uns erstellte Logos<\/h2>\n\n\n\n<figure class=\"wp-block-gallery has-nested-images columns-default is-cropped wp-block-gallery-1 is-layout-flex wp-block-gallery-is-layout-flex\">\n<figure class=\"wp-block-image size-large\"><img decoding=\"async\" width=\"338\" height=\"338\" data-id=\"23288\" src=\"https:\/\/www.designenlassen.de\/blog\/wp-content\/uploads\/2021\/02\/SEK-Elektrotechnik-Elektriker-Logo-Design-536236-Ariza-Mauliza.jpg\" alt=\"SEK-Elektrotechnik-Elektriker-Logo-Design\" class=\"wp-image-23288\" srcset=\"https:\/\/www.designenlassen.de\/blog\/wp-content\/uploads\/2021\/02\/SEK-Elektrotechnik-Elektriker-Logo-Design-536236-Ariza-Mauliza.jpg 338w, https:\/\/www.designenlassen.de\/blog\/wp-content\/uploads\/2021\/02\/SEK-Elektrotechnik-Elektriker-Logo-Design-536236-Ariza-Mauliza-300x300.jpg 300w, https:\/\/www.designenlassen.de\/blog\/wp-content\/uploads\/2021\/02\/SEK-Elektrotechnik-Elektriker-Logo-Design-536236-Ariza-Mauliza-150x150.jpg 150w\" sizes=\"(max-width: 338px) 100vw, 338px\" \/><\/figure>\n\n\n\n<figure class=\"wp-block-image size-large\"><img decoding=\"async\" width=\"373\" height=\"373\" data-id=\"27818\" src=\"https:\/\/www.designenlassen.de\/blog\/wp-content\/uploads\/2024\/01\/989235_energietechnik-joa2.jpg\" alt=\"\" class=\"wp-image-27818\" srcset=\"https:\/\/www.designenlassen.de\/blog\/wp-content\/uploads\/2024\/01\/989235_energietechnik-joa2.jpg 373w, https:\/\/www.designenlassen.de\/blog\/wp-content\/uploads\/2024\/01\/989235_energietechnik-joa2-300x300.jpg 300w, https:\/\/www.designenlassen.de\/blog\/wp-content\/uploads\/2024\/01\/989235_energietechnik-joa2-150x150.jpg 150w\" sizes=\"(max-width: 373px) 100vw, 373px\" \/><\/figure>\n\n\n\n<figure class=\"wp-block-image size-large\"><img loading=\"lazy\" decoding=\"async\" width=\"338\" height=\"338\" data-id=\"23292\" src=\"https:\/\/www.designenlassen.de\/blog\/wp-content\/uploads\/2021\/02\/Elektriker-Logo-Stromimpuls-Elektrotechnik-977456-p-i-t-u-e.png\" alt=\"Elektriker-Logo-Stromimpuls-Elektrotechnik\" class=\"wp-image-23292\" srcset=\"https:\/\/www.designenlassen.de\/blog\/wp-content\/uploads\/2021\/02\/Elektriker-Logo-Stromimpuls-Elektrotechnik-977456-p-i-t-u-e.png 338w, https:\/\/www.designenlassen.de\/blog\/wp-content\/uploads\/2021\/02\/Elektriker-Logo-Stromimpuls-Elektrotechnik-977456-p-i-t-u-e-300x300.png 300w, https:\/\/www.designenlassen.de\/blog\/wp-content\/uploads\/2021\/02\/Elektriker-Logo-Stromimpuls-Elektrotechnik-977456-p-i-t-u-e-150x150.png 150w\" sizes=\"(max-width: 338px) 100vw, 338px\" \/><\/figure>\n\n\n\n<figure class=\"wp-block-image size-large\"><img loading=\"lazy\" decoding=\"async\" width=\"338\" height=\"338\" data-id=\"11899\" src=\"https:\/\/www.designenlassen.de\/blog\/wp-content\/uploads\/2018\/06\/experion-it-logo-design-edv-technik.png\" alt=\"experion it logo design edv technik\" class=\"wp-image-11899\" srcset=\"https:\/\/www.designenlassen.de\/blog\/wp-content\/uploads\/2018\/06\/experion-it-logo-design-edv-technik.png 338w, https:\/\/www.designenlassen.de\/blog\/wp-content\/uploads\/2018\/06\/experion-it-logo-design-edv-technik-150x150.png 150w, https:\/\/www.designenlassen.de\/blog\/wp-content\/uploads\/2018\/06\/experion-it-logo-design-edv-technik-300x300.png 300w\" sizes=\"(max-width: 338px) 100vw, 338px\" \/><\/figure>\n\n\n\n<figure class=\"wp-block-image size-large\"><img loading=\"lazy\" decoding=\"async\" width=\"338\" height=\"338\" data-id=\"11923\" src=\"https:\/\/www.designenlassen.de\/blog\/wp-content\/uploads\/2018\/06\/technik-logo-wolfbyte-web-development.png\" alt=\"\" class=\"wp-image-11923\" srcset=\"https:\/\/www.designenlassen.de\/blog\/wp-content\/uploads\/2018\/06\/technik-logo-wolfbyte-web-development.png 338w, https:\/\/www.designenlassen.de\/blog\/wp-content\/uploads\/2018\/06\/technik-logo-wolfbyte-web-development-150x150.png 150w, https:\/\/www.designenlassen.de\/blog\/wp-content\/uploads\/2018\/06\/technik-logo-wolfbyte-web-development-300x300.png 300w\" sizes=\"(max-width: 338px) 100vw, 338px\" \/><\/figure>\n\n\n\n<figure class=\"wp-block-image size-large\"><img loading=\"lazy\" decoding=\"async\" width=\"338\" height=\"338\" data-id=\"12613\" src=\"https:\/\/www.designenlassen.de\/blog\/wp-content\/uploads\/2015\/08\/Dachdecker-Logo-Design-Denzer-Dachtechnik-531937.png\" alt=\"Dachdecker Logo Design Denzer Dachtechnik 531937\" class=\"wp-image-12613\" srcset=\"https:\/\/www.designenlassen.de\/blog\/wp-content\/uploads\/2015\/08\/Dachdecker-Logo-Design-Denzer-Dachtechnik-531937.png 338w, https:\/\/www.designenlassen.de\/blog\/wp-content\/uploads\/2015\/08\/Dachdecker-Logo-Design-Denzer-Dachtechnik-531937-150x150.png 150w, https:\/\/www.designenlassen.de\/blog\/wp-content\/uploads\/2015\/08\/Dachdecker-Logo-Design-Denzer-Dachtechnik-531937-300x300.png 300w\" sizes=\"(max-width: 338px) 100vw, 338px\" \/><\/figure>\n\n\n\n<figure class=\"wp-block-image size-large\"><img loading=\"lazy\" decoding=\"async\" width=\"338\" height=\"338\" data-id=\"12651\" src=\"https:\/\/www.designenlassen.de\/blog\/wp-content\/uploads\/2015\/08\/Elektriker-Logo-Design-Elektrotechnik-Kowolik-554488.jpg\" alt=\"Elektriker Logo Design Elektrotechnik Kowolik 554488\" class=\"wp-image-12651\" srcset=\"https:\/\/www.designenlassen.de\/blog\/wp-content\/uploads\/2015\/08\/Elektriker-Logo-Design-Elektrotechnik-Kowolik-554488.jpg 338w, https:\/\/www.designenlassen.de\/blog\/wp-content\/uploads\/2015\/08\/Elektriker-Logo-Design-Elektrotechnik-Kowolik-554488-150x150.jpg 150w, https:\/\/www.designenlassen.de\/blog\/wp-content\/uploads\/2015\/08\/Elektriker-Logo-Design-Elektrotechnik-Kowolik-554488-300x300.jpg 300w\" sizes=\"(max-width: 338px) 100vw, 338px\" \/><\/figure>\n\n\n\n<figure class=\"wp-block-image size-large\"><img loading=\"lazy\" decoding=\"async\" width=\"338\" height=\"338\" data-id=\"23282\" src=\"https:\/\/www.designenlassen.de\/blog\/wp-content\/uploads\/2021\/02\/etrio-Elektrotechnik-Logo-Design-Elektriker-618587-zisdsg.jpg\" alt=\"etrio-Elektrotechnik-Logo-Design-Elektriker\" class=\"wp-image-23282\" srcset=\"https:\/\/www.designenlassen.de\/blog\/wp-content\/uploads\/2021\/02\/etrio-Elektrotechnik-Logo-Design-Elektriker-618587-zisdsg.jpg 338w, https:\/\/www.designenlassen.de\/blog\/wp-content\/uploads\/2021\/02\/etrio-Elektrotechnik-Logo-Design-Elektriker-618587-zisdsg-300x300.jpg 300w, https:\/\/www.designenlassen.de\/blog\/wp-content\/uploads\/2021\/02\/etrio-Elektrotechnik-Logo-Design-Elektriker-618587-zisdsg-150x150.jpg 150w\" sizes=\"(max-width: 338px) 100vw, 338px\" \/><\/figure>\n\n\n\n<figure class=\"wp-block-image size-large\"><img loading=\"lazy\" decoding=\"async\" width=\"338\" height=\"338\" data-id=\"23297\" src=\"https:\/\/www.designenlassen.de\/blog\/wp-content\/uploads\/2021\/02\/Elektrotechnik-Schwarz-Logo-Design-Elektro-454991-darkviruz.png\" alt=\"Elektrotechnik-Schwarz-Logo-Design-Elektro\" class=\"wp-image-23297\" srcset=\"https:\/\/www.designenlassen.de\/blog\/wp-content\/uploads\/2021\/02\/Elektrotechnik-Schwarz-Logo-Design-Elektro-454991-darkviruz.png 338w, https:\/\/www.designenlassen.de\/blog\/wp-content\/uploads\/2021\/02\/Elektrotechnik-Schwarz-Logo-Design-Elektro-454991-darkviruz-300x300.png 300w, https:\/\/www.designenlassen.de\/blog\/wp-content\/uploads\/2021\/02\/Elektrotechnik-Schwarz-Logo-Design-Elektro-454991-darkviruz-150x150.png 150w\" sizes=\"(max-width: 338px) 100vw, 338px\" \/><\/figure>\n<\/figure>\n\n\n\n<p class=\"has-text-align-center\"><a href=\"https:\/\/www.designenlassen.de\/blog\/category\/inspiration\/\">Mehr Designs entdecken<\/a><\/p>\n\n\n\n<h2 class=\"wp-block-heading\">FAQs: Die wichtigsten Fragen zum Philips-Logo<\/h2>\n\n\n\n<div style=\"height:34px\" aria-hidden=\"true\" class=\"wp-block-spacer\"><\/div>\n\n\n\n<h3 class=\"wp-block-heading\">Was sind die Farben des Philips-Logos?<\/h3>\n\n\n\n<p>Die Farben des Philips-Logos sind Blau und Wei\u00df. Blau ist eine Farbe, die Ruhe, Vertrauen, Professionalit\u00e4t und Zuverl\u00e4ssigkeit ausstrahlt. Wei\u00df ist eine <a href=\"https:\/\/www.designenlassen.de\/blog\/farben-und-ihre-bedeutung\/\">Farbe<\/a>, die Reinheit, Einfachheit, Klarheit und Qualit\u00e4t symbolisiert. Die Kombination von Blau und Wei\u00df soll die Werte und die Pers\u00f6nlichkeit von Philips widerspiegeln.<\/p>\n\n\n\n<h3 class=\"wp-block-heading\">Was bedeutet der Name Philips?<\/h3>\n\n\n\n<p>Der Name Philips stammt von den Gr\u00fcndern des Unternehmens, den Br\u00fcdern Gerard und Anton Philips. Der Name ist ein patronymischer Familienname, der \u201cSohn von Philipp\u201d bedeutet. Philipp ist ein griechischer Name, der \u201cPferdefreund\u201d bedeutet.<\/p>\n\n\n\n<h2 class=\"wp-block-heading\">Fazit<\/h2>\n\n\n\n<p>Philips ist ein Unternehmen, das seit mehr als einem Jahrhundert die Welt mit seinen Produkten und L\u00f6sungen bereichert. Philips ist ein Unternehmen, das sich st\u00e4ndig <a href=\"https:\/\/www.designenlassen.de\/blog\/logo-entwicklung-leicht-gemacht-8-aspekte-die-man-unbedingt-beachten-sollte\/\">weiterentwickelt<\/a> und anpasst, um den Herausforderungen und Chancen der Zukunft zu begegnen. Philips ist ein Unternehmen, das sich durch sein Logo auszeichnet, das seine Vision, seine Werte und seine Mission ausdr\u00fcckt.<\/p>\n\n\n\n<div class=\"wp-block-buttons is-content-justification-center is-layout-flex wp-container-core-buttons-is-layout-16018d1d wp-block-buttons-is-layout-flex\">\n<div class=\"wp-block-button is-style-fill\"><a class=\"wp-block-button__link has-white-color has-text-color has-background has-text-align-left wp-element-button\" href=\"https:\/\/www.designenlassen.de\/logo-design?utm_source=blog&amp;utm_medium=button&amp;utm_campaign=logo-sammlung\" style=\"background-color:#091182\">Jetzt Logo erstellen<\/a><\/div>\n<\/div>\n\n\n\n<div style=\"height:27px\" aria-hidden=\"true\" class=\"wp-block-spacer\"><\/div>\n\n\n\n<h2 class=\"wp-block-heading\">Weiterf\u00fchrende Informationen<\/h2>\n\n\n\n<ul class=\"wp-block-list\">\n<li><a href=\"https:\/\/de.wikipedia.org\/wiki\/Philips\">Geschichte<\/a><\/li>\n<\/ul>\n\n\n\n<p><strong>Bildquelle:<\/strong><\/p>\n\n\n\n<ul class=\"wp-block-list\">\n<li><a href=\"https:\/\/de.wikipedia.org\/wiki\/Datei:Philips_logo.svg\">Foto von Wikipedia<\/a><\/li>\n<\/ul>\n","protected":false},"excerpt":{"rendered":"<p>Philips ist ein niederl\u00e4ndisches Unternehmen, das sich auf Gesundheitstechnologie, Haushaltsprodukte und Beleuchtung spezialisiert hat. Philips wurde&hellip;<\/p>\n","protected":false},"author":27,"featured_media":29679,"parent":27972,"menu_order":0,"comment_status":"closed","ping_status":"closed","template":"","meta":{"_lmt_disableupdate":"","_lmt_disable":"","footnotes":""},"class_list":["post-29676","page","type-page","status-publish","has-post-thumbnail","hentry"],"yoast_head":"<!-- This site is optimized with the Yoast SEO plugin v27.5 - https:\/\/yoast.com\/product\/yoast-seo-wordpress\/ -->\n<title>Philips Logo \u25ba Bilder, Geschichte, Entwicklung &amp; u.v.m<\/title>\n<meta name=\"description\" content=\"Erfahre alles Wichtige \u00fcber das Philips-Logo: Geschichte \u2713 Ursprung \u2713 Entwicklung \u2713 Bedeutung \u2713 u.v.m. \u25ba Jetzt ansehen!\" \/>\n<meta name=\"robots\" content=\"index, follow, max-snippet:-1, max-image-preview:large, max-video-preview:-1\" \/>\n<link rel=\"canonical\" href=\"https:\/\/www.designenlassen.de\/blog\/bekannte-logos\/philips-logo\/\" \/>\n<meta property=\"og:locale\" content=\"de_DE\" \/>\n<meta property=\"og:type\" content=\"article\" \/>\n<meta property=\"og:title\" content=\"Philips Logo \u25ba Bilder, Geschichte, Entwicklung &amp; u.v.m\" \/>\n<meta property=\"og:description\" content=\"Erfahre alles Wichtige \u00fcber das Philips-Logo: Geschichte \u2713 Ursprung \u2713 Entwicklung \u2713 Bedeutung \u2713 u.v.m. \u25ba Jetzt ansehen!\" \/>\n<meta property=\"og:url\" content=\"https:\/\/www.designenlassen.de\/blog\/bekannte-logos\/philips-logo\/\" \/>\n<meta property=\"og:site_name\" content=\"designenlassen.de Blog\" \/>\n<meta property=\"article:modified_time\" content=\"2024-05-16T07:37:54+00:00\" \/>\n<meta property=\"og:image\" content=\"https:\/\/www.designenlassen.de\/blog\/wp-content\/uploads\/2024\/03\/philips.png\" \/>\n\t<meta property=\"og:image:width\" content=\"600\" \/>\n\t<meta property=\"og:image:height\" content=\"600\" \/>\n\t<meta property=\"og:image:type\" content=\"image\/png\" \/>\n<meta name=\"twitter:card\" content=\"summary_large_image\" \/>\n<meta name=\"twitter:label1\" content=\"Gesch\u00e4tzte Lesezeit\" \/>\n\t<meta name=\"twitter:data1\" content=\"6\u00a0Minuten\" \/>\n<script type=\"application\/ld+json\" class=\"yoast-schema-graph\">{\"@context\":\"https:\\\/\\\/schema.org\",\"@graph\":[{\"@type\":\"WebPage\",\"@id\":\"https:\\\/\\\/www.designenlassen.de\\\/blog\\\/bekannte-logos\\\/philips-logo\\\/\",\"url\":\"https:\\\/\\\/www.designenlassen.de\\\/blog\\\/bekannte-logos\\\/philips-logo\\\/\",\"name\":\"Philips Logo \u25ba Bilder, Geschichte, Entwicklung & u.v.m\",\"isPartOf\":{\"@id\":\"https:\\\/\\\/www.designenlassen.de\\\/blog\\\/#website\"},\"primaryImageOfPage\":{\"@id\":\"https:\\\/\\\/www.designenlassen.de\\\/blog\\\/bekannte-logos\\\/philips-logo\\\/#primaryimage\"},\"image\":{\"@id\":\"https:\\\/\\\/www.designenlassen.de\\\/blog\\\/bekannte-logos\\\/philips-logo\\\/#primaryimage\"},\"thumbnailUrl\":\"https:\\\/\\\/www.designenlassen.de\\\/blog\\\/wp-content\\\/uploads\\\/2024\\\/03\\\/philips.png\",\"datePublished\":\"2024-03-06T07:53:02+00:00\",\"dateModified\":\"2024-05-16T07:37:54+00:00\",\"description\":\"Erfahre alles Wichtige \u00fcber das Philips-Logo: Geschichte \u2713 Ursprung \u2713 Entwicklung \u2713 Bedeutung \u2713 u.v.m. \u25ba Jetzt ansehen!\",\"breadcrumb\":{\"@id\":\"https:\\\/\\\/www.designenlassen.de\\\/blog\\\/bekannte-logos\\\/philips-logo\\\/#breadcrumb\"},\"inLanguage\":\"de\",\"potentialAction\":[{\"@type\":\"ReadAction\",\"target\":[\"https:\\\/\\\/www.designenlassen.de\\\/blog\\\/bekannte-logos\\\/philips-logo\\\/\"]}]},{\"@type\":\"ImageObject\",\"inLanguage\":\"de\",\"@id\":\"https:\\\/\\\/www.designenlassen.de\\\/blog\\\/bekannte-logos\\\/philips-logo\\\/#primaryimage\",\"url\":\"https:\\\/\\\/www.designenlassen.de\\\/blog\\\/wp-content\\\/uploads\\\/2024\\\/03\\\/philips.png\",\"contentUrl\":\"https:\\\/\\\/www.designenlassen.de\\\/blog\\\/wp-content\\\/uploads\\\/2024\\\/03\\\/philips.png\",\"width\":600,\"height\":600},{\"@type\":\"BreadcrumbList\",\"@id\":\"https:\\\/\\\/www.designenlassen.de\\\/blog\\\/bekannte-logos\\\/philips-logo\\\/#breadcrumb\",\"itemListElement\":[{\"@type\":\"ListItem\",\"position\":1,\"name\":\"Start\",\"item\":\"https:\\\/\\\/www.designenlassen.de\\\/blog\\\/\"},{\"@type\":\"ListItem\",\"position\":2,\"name\":\"Die 180 bekanntesten Logos im \u00dcberblick\",\"item\":\"https:\\\/\\\/www.designenlassen.de\\\/blog\\\/bekannte-logos\\\/\"},{\"@type\":\"ListItem\",\"position\":3,\"name\":\"Philips Logo\"}]},{\"@type\":\"WebSite\",\"@id\":\"https:\\\/\\\/www.designenlassen.de\\\/blog\\\/#website\",\"url\":\"https:\\\/\\\/www.designenlassen.de\\\/blog\\\/\",\"name\":\"designenlassen.de Blog\",\"description\":\"Inspirationen, Tipps und Ideen f\u00fcr Designer sowie Gr\u00fcnder und Kleinbetriebe.\",\"potentialAction\":[{\"@type\":\"SearchAction\",\"target\":{\"@type\":\"EntryPoint\",\"urlTemplate\":\"https:\\\/\\\/www.designenlassen.de\\\/blog\\\/?s={search_term_string}\"},\"query-input\":{\"@type\":\"PropertyValueSpecification\",\"valueRequired\":true,\"valueName\":\"search_term_string\"}}],\"inLanguage\":\"de\"}]}<\/script>\n<!-- \/ Yoast SEO plugin. -->","yoast_head_json":{"title":"Philips Logo \u25ba Bilder, Geschichte, Entwicklung & u.v.m","description":"Erfahre alles Wichtige \u00fcber das Philips-Logo: Geschichte \u2713 Ursprung \u2713 Entwicklung \u2713 Bedeutung \u2713 u.v.m. \u25ba Jetzt ansehen!","robots":{"index":"index","follow":"follow","max-snippet":"max-snippet:-1","max-image-preview":"max-image-preview:large","max-video-preview":"max-video-preview:-1"},"canonical":"https:\/\/www.designenlassen.de\/blog\/bekannte-logos\/philips-logo\/","og_locale":"de_DE","og_type":"article","og_title":"Philips Logo \u25ba Bilder, Geschichte, Entwicklung & u.v.m","og_description":"Erfahre alles Wichtige \u00fcber das Philips-Logo: Geschichte \u2713 Ursprung \u2713 Entwicklung \u2713 Bedeutung \u2713 u.v.m. \u25ba Jetzt ansehen!","og_url":"https:\/\/www.designenlassen.de\/blog\/bekannte-logos\/philips-logo\/","og_site_name":"designenlassen.de Blog","article_modified_time":"2024-05-16T07:37:54+00:00","og_image":[{"width":600,"height":600,"url":"https:\/\/www.designenlassen.de\/blog\/wp-content\/uploads\/2024\/03\/philips.png","type":"image\/png"}],"twitter_card":"summary_large_image","twitter_misc":{"Gesch\u00e4tzte Lesezeit":"6\u00a0Minuten"},"schema":{"@context":"https:\/\/schema.org","@graph":[{"@type":"WebPage","@id":"https:\/\/www.designenlassen.de\/blog\/bekannte-logos\/philips-logo\/","url":"https:\/\/www.designenlassen.de\/blog\/bekannte-logos\/philips-logo\/","name":"Philips Logo \u25ba Bilder, Geschichte, Entwicklung & u.v.m","isPartOf":{"@id":"https:\/\/www.designenlassen.de\/blog\/#website"},"primaryImageOfPage":{"@id":"https:\/\/www.designenlassen.de\/blog\/bekannte-logos\/philips-logo\/#primaryimage"},"image":{"@id":"https:\/\/www.designenlassen.de\/blog\/bekannte-logos\/philips-logo\/#primaryimage"},"thumbnailUrl":"https:\/\/www.designenlassen.de\/blog\/wp-content\/uploads\/2024\/03\/philips.png","datePublished":"2024-03-06T07:53:02+00:00","dateModified":"2024-05-16T07:37:54+00:00","description":"Erfahre alles Wichtige \u00fcber das Philips-Logo: Geschichte \u2713 Ursprung \u2713 Entwicklung \u2713 Bedeutung \u2713 u.v.m. \u25ba Jetzt ansehen!","breadcrumb":{"@id":"https:\/\/www.designenlassen.de\/blog\/bekannte-logos\/philips-logo\/#breadcrumb"},"inLanguage":"de","potentialAction":[{"@type":"ReadAction","target":["https:\/\/www.designenlassen.de\/blog\/bekannte-logos\/philips-logo\/"]}]},{"@type":"ImageObject","inLanguage":"de","@id":"https:\/\/www.designenlassen.de\/blog\/bekannte-logos\/philips-logo\/#primaryimage","url":"https:\/\/www.designenlassen.de\/blog\/wp-content\/uploads\/2024\/03\/philips.png","contentUrl":"https:\/\/www.designenlassen.de\/blog\/wp-content\/uploads\/2024\/03\/philips.png","width":600,"height":600},{"@type":"BreadcrumbList","@id":"https:\/\/www.designenlassen.de\/blog\/bekannte-logos\/philips-logo\/#breadcrumb","itemListElement":[{"@type":"ListItem","position":1,"name":"Start","item":"https:\/\/www.designenlassen.de\/blog\/"},{"@type":"ListItem","position":2,"name":"Die 180 bekanntesten Logos im \u00dcberblick","item":"https:\/\/www.designenlassen.de\/blog\/bekannte-logos\/"},{"@type":"ListItem","position":3,"name":"Philips Logo"}]},{"@type":"WebSite","@id":"https:\/\/www.designenlassen.de\/blog\/#website","url":"https:\/\/www.designenlassen.de\/blog\/","name":"designenlassen.de Blog","description":"Inspirationen, Tipps und Ideen f\u00fcr Designer sowie Gr\u00fcnder und Kleinbetriebe.","potentialAction":[{"@type":"SearchAction","target":{"@type":"EntryPoint","urlTemplate":"https:\/\/www.designenlassen.de\/blog\/?s={search_term_string}"},"query-input":{"@type":"PropertyValueSpecification","valueRequired":true,"valueName":"search_term_string"}}],"inLanguage":"de"}]}},"_links":{"self":[{"href":"https:\/\/www.designenlassen.de\/blog\/wp-json\/wp\/v2\/pages\/29676","targetHints":{"allow":["GET"]}}],"collection":[{"href":"https:\/\/www.designenlassen.de\/blog\/wp-json\/wp\/v2\/pages"}],"about":[{"href":"https:\/\/www.designenlassen.de\/blog\/wp-json\/wp\/v2\/types\/page"}],"author":[{"embeddable":true,"href":"https:\/\/www.designenlassen.de\/blog\/wp-json\/wp\/v2\/users\/27"}],"replies":[{"embeddable":true,"href":"https:\/\/www.designenlassen.de\/blog\/wp-json\/wp\/v2\/comments?post=29676"}],"version-history":[{"count":6,"href":"https:\/\/www.designenlassen.de\/blog\/wp-json\/wp\/v2\/pages\/29676\/revisions"}],"predecessor-version":[{"id":31715,"href":"https:\/\/www.designenlassen.de\/blog\/wp-json\/wp\/v2\/pages\/29676\/revisions\/31715"}],"up":[{"embeddable":true,"href":"https:\/\/www.designenlassen.de\/blog\/wp-json\/wp\/v2\/pages\/27972"}],"wp:featuredmedia":[{"embeddable":true,"href":"https:\/\/www.designenlassen.de\/blog\/wp-json\/wp\/v2\/media\/29679"}],"wp:attachment":[{"href":"https:\/\/www.designenlassen.de\/blog\/wp-json\/wp\/v2\/media?parent=29676"}],"curies":[{"name":"wp","href":"https:\/\/api.w.org\/{rel}","templated":true}]}}