{"id":30131,"date":"2024-03-14T14:55:27","date_gmt":"2024-03-14T12:55:27","guid":{"rendered":"https:\/\/www.designenlassen.de\/blog\/?page_id=30131"},"modified":"2024-05-16T10:02:04","modified_gmt":"2024-05-16T08:02:04","slug":"varta-logo","status":"publish","type":"page","link":"https:\/\/www.designenlassen.de\/blog\/bekannte-logos\/varta-logo\/","title":{"rendered":"Varta Logo"},"content":{"rendered":"\n<figure class=\"wp-block-image size-full\"><img fetchpriority=\"high\" decoding=\"async\" width=\"1280\" height=\"211\" src=\"https:\/\/www.designenlassen.de\/blog\/wp-content\/uploads\/2024\/03\/Varta-Logo.svg_.png\" alt=\"\" class=\"wp-image-30133\" srcset=\"https:\/\/www.designenlassen.de\/blog\/wp-content\/uploads\/2024\/03\/Varta-Logo.svg_.png 1280w, https:\/\/www.designenlassen.de\/blog\/wp-content\/uploads\/2024\/03\/Varta-Logo.svg_-300x49.png 300w, https:\/\/www.designenlassen.de\/blog\/wp-content\/uploads\/2024\/03\/Varta-Logo.svg_-1024x169.png 1024w, https:\/\/www.designenlassen.de\/blog\/wp-content\/uploads\/2024\/03\/Varta-Logo.svg_-768x127.png 768w\" sizes=\"(max-width: 1280px) 100vw, 1280px\" \/><figcaption class=\"wp-element-caption\"><strong>\u00a9<\/strong> Varta \/ varta-ag.com<\/figcaption><\/figure>\n\n\n\n<p>Varta, ein Name, der seit \u00fcber einem Jahrhundert mit&nbsp;<strong>Energie<\/strong>&nbsp;und&nbsp;<strong>Innovation<\/strong>&nbsp;verbunden ist, hat sich zu einem der f\u00fchrenden Hersteller von Batterien und Energiespeicherl\u00f6sungen entwickelt. Gegr\u00fcndet im Jahre 1887, hat Varta die Entwicklung von Batterietechnologien ma\u00dfgeblich beeinflusst und ist heute ein global <a href=\"https:\/\/www.designenlassen.de\/blog\/bekannte-logos\/\">bekanntes<\/a> Symbol f\u00fcr Qualit\u00e4t und Zuverl\u00e4ssigkeit.<\/p>\n\n\n\n<div class=\"wp-block-buttons is-content-justification-center is-layout-flex wp-container-core-buttons-is-layout-16018d1d wp-block-buttons-is-layout-flex\">\n<div class=\"wp-block-button is-style-fill\"><a class=\"wp-block-button__link has-white-color has-text-color has-background has-text-align-left wp-element-button\" href=\"https:\/\/www.designenlassen.de\/logo-design?utm_source=blog&amp;utm_medium=button&amp;utm_campaign=logo-sammlung\" style=\"background-color:#091182\">Jetzt Logo erstellen<\/a><\/div>\n<\/div>\n\n\n\n\n\n<h2 class=\"wp-block-heading\">Innovation und Technologie<\/h2>\n\n\n\n<p>Mit einem starken Fokus auf Forschung und Entwicklung treibt Varta die Grenzen der Batterietechnologie st\u00e4ndig voran. Die neuesten Produktlinien zeichnen sich durch&nbsp;hohe Energiedichte,&nbsp;Langlebigkeit&nbsp;und&nbsp;Umweltfreundlichkeit&nbsp;aus. Varta-Batterien sind nicht nur in Haushaltsger\u00e4ten, sondern auch in der Automobilindustrie, in medizinischen Ger\u00e4ten und in der Industrieautomation zu finden.<\/p>\n\n\n\n<h2 class=\"wp-block-heading\">Nachhaltigkeit und Verantwortung<\/h2>\n\n\n\n<p>Als Unternehmen, das sich der Nachhaltigkeit verschrieben hat, setzt Varta auf umweltfreundliche Produktionsprozesse und die Wiederverwertung von Materialien. Durch die Einf\u00fchrung von&nbsp;<strong>recycelbaren Verpackungen<\/strong>&nbsp;und die Reduzierung des CO2-Fu\u00dfabdrucks leistet Varta einen wichtigen Beitrag zum Umweltschutz.<\/p>\n\n\n\n<h2 class=\"wp-block-heading\">Das Varta-Logo<\/h2>\n\n\n\n<p>Der Varta-Beam, der dem Lichtstrahl einer Taschenlampe nachempfunden ist und Teil des Logos ist, erh\u00e4lt nun etwas mehr Platz. Gleichzeitig werden die Buchstaben &#8222;V&#8220; und &#8222;A&#8220;, die auch im <a href=\"https:\/\/www.designenlassen.de\/blog\/logo-entwicklung-leicht-gemacht-8-aspekte-die-man-unbedingt-beachten-sollte\/\">Logo<\/a> vorhanden sind, verbreitert und den Proportionen der <a href=\"https:\/\/www.designenlassen.de\/blog\/wortmarke-vs-wort-bildmarke-das-musst-du-wissen\/\">Bildmarke<\/a> angepasst. <\/p>\n\n\n\n<p>Andreas Fritz, Head of Group Marketing bei Varta AG, kommentiert den neuen Markenauftritt wie folgt: &#8222;Mit dem neuen Markenauftritt vollziehen wir bei VARTA einen Wandel, der das Unternehmen mit seiner Haltung und seinem neuen Selbstverst\u00e4ndnis nach au\u00dfen sichtbar macht. Marke, Logo und unternehmerische Entwicklungen stehen im Einklang f\u00fcr eine starke Zukunft.&#8220;<\/p>\n\n\n\n<h2 class=\"wp-block-heading\">Varta in der Zukunft<\/h2>\n\n\n\n<p>Blickt man in die Zukunft, so ist klar, dass Varta weiterhin eine Schl\u00fcsselrolle in der Entwicklung fortschrittlicher Batterietechnologien spielen wird. Mit Investitionen in die Forschung von&nbsp;Solid-State-Batterien&nbsp;und der Erweiterung des Portfolios um&nbsp;erneuerbare Energiespeicherl\u00f6sungen&nbsp;ist Varta bestens positioniert, um den Anforderungen einer sich wandelnden Welt gerecht zu werden.<\/p>\n\n\n\n<div style=\"height:0px\" aria-hidden=\"true\" class=\"wp-block-spacer\"><\/div>\n\n\n\n<div style=\"height:0px\" aria-hidden=\"true\" class=\"wp-block-spacer\"><\/div>\n\n\n\n<div style=\"height:0px\" aria-hidden=\"true\" class=\"wp-block-spacer\"><\/div>\n\n\n\n<div style=\"height:0px\" aria-hidden=\"true\" class=\"wp-block-spacer\"><\/div>\n\n\n\n<div style=\"height:0px\" aria-hidden=\"true\" class=\"wp-block-spacer\"><\/div>\n\n\n\n<div style=\"height:0px\" aria-hidden=\"true\" class=\"wp-block-spacer\"><\/div>\n\n\n\n<div style=\"height:0px\" aria-hidden=\"true\" class=\"wp-block-spacer\"><\/div>\n\n\n\n<div style=\"height:0px\" aria-hidden=\"true\" class=\"wp-block-spacer\"><\/div>\n\n\n\n<div style=\"height:0px\" aria-hidden=\"true\" class=\"wp-block-spacer\"><\/div>\n\n\n\n<div style=\"height:0px\" aria-hidden=\"true\" class=\"wp-block-spacer\"><\/div>\n\n\n\n<div class=\"sof\">\n<h2>Individuelles Design oder Logo gesucht?<\/h2>\n<p>Bei designenlassen.de findest Du \u00fcber <b>100.000 Designer, die Dir ein einzigartiges Design nach Deinen W\u00fcnschen kreieren.<\/b> Starte jetzt Deinen eigenen Designwettbewerb und erhalte zahlreiche individuelle Vorschl\u00e4ge.<br><\/p>\n\n\n\n<\/div>\n\n\n\n<div class=\"wp-block-buttons is-content-justification-center is-layout-flex wp-container-core-buttons-is-layout-16018d1d wp-block-buttons-is-layout-flex\">\n<div class=\"wp-block-button is-style-fill\"><a class=\"wp-block-button__link has-white-color has-text-color has-background has-text-align-left wp-element-button\" href=\"https:\/\/www.designenlassen.de\/logo-design?utm_source=blog&amp;utm_medium=button&amp;utm_campaign=logo-sammlung\" style=\"background-color:#091182\">Jetzt Logo erstellen<\/a><\/div>\n<\/div>\n\n\n\n<div style=\"height:34px\" aria-hidden=\"true\" class=\"wp-block-spacer\"><\/div>\n\n\n\n<h2 class=\"wp-block-heading\">Von uns erstellte Logos<\/h2>\n\n\n\n<figure class=\"wp-block-gallery has-nested-images columns-default is-cropped wp-block-gallery-1 is-layout-flex wp-block-gallery-is-layout-flex\">\n<figure class=\"wp-block-image size-large\"><img decoding=\"async\" width=\"500\" height=\"500\" data-id=\"27809\" src=\"https:\/\/www.designenlassen.de\/blog\/wp-content\/uploads\/2024\/01\/696966_elektriker-logo-zimmnau2.jpg\" alt=\"\" class=\"wp-image-27809\" srcset=\"https:\/\/www.designenlassen.de\/blog\/wp-content\/uploads\/2024\/01\/696966_elektriker-logo-zimmnau2.jpg 500w, https:\/\/www.designenlassen.de\/blog\/wp-content\/uploads\/2024\/01\/696966_elektriker-logo-zimmnau2-300x300.jpg 300w, https:\/\/www.designenlassen.de\/blog\/wp-content\/uploads\/2024\/01\/696966_elektriker-logo-zimmnau2-150x150.jpg 150w\" sizes=\"(max-width: 500px) 100vw, 500px\" \/><\/figure>\n\n\n\n<figure class=\"wp-block-image size-large\"><img decoding=\"async\" width=\"500\" height=\"393\" data-id=\"27814\" src=\"https:\/\/www.designenlassen.de\/blog\/wp-content\/uploads\/2024\/01\/831449_elektriker-logo-kub.jpg\" alt=\"\" class=\"wp-image-27814\" srcset=\"https:\/\/www.designenlassen.de\/blog\/wp-content\/uploads\/2024\/01\/831449_elektriker-logo-kub.jpg 500w, https:\/\/www.designenlassen.de\/blog\/wp-content\/uploads\/2024\/01\/831449_elektriker-logo-kub-300x236.jpg 300w\" sizes=\"(max-width: 500px) 100vw, 500px\" \/><\/figure>\n\n\n\n<figure class=\"wp-block-image size-large\"><img loading=\"lazy\" decoding=\"async\" width=\"500\" height=\"500\" data-id=\"27813\" src=\"https:\/\/www.designenlassen.de\/blog\/wp-content\/uploads\/2024\/01\/736782_elektriker-logo-et-keiser3.png\" alt=\"\" class=\"wp-image-27813\" srcset=\"https:\/\/www.designenlassen.de\/blog\/wp-content\/uploads\/2024\/01\/736782_elektriker-logo-et-keiser3.png 500w, https:\/\/www.designenlassen.de\/blog\/wp-content\/uploads\/2024\/01\/736782_elektriker-logo-et-keiser3-300x300.png 300w, https:\/\/www.designenlassen.de\/blog\/wp-content\/uploads\/2024\/01\/736782_elektriker-logo-et-keiser3-150x150.png 150w\" sizes=\"(max-width: 500px) 100vw, 500px\" \/><\/figure>\n\n\n\n<figure class=\"wp-block-image size-large\"><img loading=\"lazy\" decoding=\"async\" width=\"500\" height=\"375\" data-id=\"27789\" src=\"https:\/\/www.designenlassen.de\/blog\/wp-content\/uploads\/2024\/01\/554488_elektriker-logo-kowolik2.jpg\" alt=\"\" class=\"wp-image-27789\" srcset=\"https:\/\/www.designenlassen.de\/blog\/wp-content\/uploads\/2024\/01\/554488_elektriker-logo-kowolik2.jpg 500w, https:\/\/www.designenlassen.de\/blog\/wp-content\/uploads\/2024\/01\/554488_elektriker-logo-kowolik2-300x225.jpg 300w\" sizes=\"(max-width: 500px) 100vw, 500px\" \/><\/figure>\n\n\n\n<figure class=\"wp-block-image size-large\"><img loading=\"lazy\" decoding=\"async\" width=\"378\" height=\"500\" data-id=\"27792\" src=\"https:\/\/www.designenlassen.de\/blog\/wp-content\/uploads\/2024\/01\/569389_elektriker-logo-sua.jpg\" alt=\"\" class=\"wp-image-27792\" srcset=\"https:\/\/www.designenlassen.de\/blog\/wp-content\/uploads\/2024\/01\/569389_elektriker-logo-sua.jpg 378w, https:\/\/www.designenlassen.de\/blog\/wp-content\/uploads\/2024\/01\/569389_elektriker-logo-sua-227x300.jpg 227w\" sizes=\"(max-width: 378px) 100vw, 378px\" \/><\/figure>\n\n\n\n<figure class=\"wp-block-image size-large\"><img loading=\"lazy\" decoding=\"async\" width=\"500\" height=\"462\" data-id=\"27780\" src=\"https:\/\/www.designenlassen.de\/blog\/wp-content\/uploads\/2024\/01\/453847_elektriker-logo-huelscher2.jpg\" alt=\"\" class=\"wp-image-27780\" srcset=\"https:\/\/www.designenlassen.de\/blog\/wp-content\/uploads\/2024\/01\/453847_elektriker-logo-huelscher2.jpg 500w, https:\/\/www.designenlassen.de\/blog\/wp-content\/uploads\/2024\/01\/453847_elektriker-logo-huelscher2-300x277.jpg 300w\" sizes=\"(max-width: 500px) 100vw, 500px\" \/><\/figure>\n\n\n\n<figure class=\"wp-block-image size-large\"><img loading=\"lazy\" decoding=\"async\" width=\"500\" height=\"500\" data-id=\"27777\" src=\"https:\/\/www.designenlassen.de\/blog\/wp-content\/uploads\/2024\/01\/449656_elektriker-logo-schmid3.jpg\" alt=\"\" class=\"wp-image-27777\" srcset=\"https:\/\/www.designenlassen.de\/blog\/wp-content\/uploads\/2024\/01\/449656_elektriker-logo-schmid3.jpg 500w, https:\/\/www.designenlassen.de\/blog\/wp-content\/uploads\/2024\/01\/449656_elektriker-logo-schmid3-300x300.jpg 300w, https:\/\/www.designenlassen.de\/blog\/wp-content\/uploads\/2024\/01\/449656_elektriker-logo-schmid3-150x150.jpg 150w\" sizes=\"(max-width: 500px) 100vw, 500px\" \/><\/figure>\n\n\n\n<figure class=\"wp-block-image size-large\"><img loading=\"lazy\" decoding=\"async\" width=\"500\" height=\"420\" data-id=\"27776\" src=\"https:\/\/www.designenlassen.de\/blog\/wp-content\/uploads\/2024\/01\/449656_elektriker-logo-schmid2.jpg\" alt=\"\" class=\"wp-image-27776\" srcset=\"https:\/\/www.designenlassen.de\/blog\/wp-content\/uploads\/2024\/01\/449656_elektriker-logo-schmid2.jpg 500w, https:\/\/www.designenlassen.de\/blog\/wp-content\/uploads\/2024\/01\/449656_elektriker-logo-schmid2-300x252.jpg 300w\" sizes=\"(max-width: 500px) 100vw, 500px\" \/><\/figure>\n\n\n\n<figure class=\"wp-block-image size-large\"><img loading=\"lazy\" decoding=\"async\" width=\"800\" height=\"513\" data-id=\"23294\" src=\"https:\/\/www.designenlassen.de\/blog\/wp-content\/uploads\/2021\/02\/Thor-Charge-Logo-fuer-Elektriker-781133-Aleksandar.jpg\" alt=\"Thor-Charge-Logo-fuer-Elektriker\" class=\"wp-image-23294\" srcset=\"https:\/\/www.designenlassen.de\/blog\/wp-content\/uploads\/2021\/02\/Thor-Charge-Logo-fuer-Elektriker-781133-Aleksandar.jpg 800w, https:\/\/www.designenlassen.de\/blog\/wp-content\/uploads\/2021\/02\/Thor-Charge-Logo-fuer-Elektriker-781133-Aleksandar-300x192.jpg 300w, https:\/\/www.designenlassen.de\/blog\/wp-content\/uploads\/2021\/02\/Thor-Charge-Logo-fuer-Elektriker-781133-Aleksandar-768x492.jpg 768w\" sizes=\"(max-width: 800px) 100vw, 800px\" \/><\/figure>\n<\/figure>\n\n\n\n<p class=\"has-text-align-center\"><a href=\"https:\/\/www.designenlassen.de\/blog\/category\/inspiration\/\">Mehr Designs entdecken<\/a><\/p>\n\n\n\n<h2 class=\"wp-block-heading\">FAQs: Die wichtigsten Fragen zum Varta-Logo<\/h2>\n\n\n\n<div style=\"height:34px\" aria-hidden=\"true\" class=\"wp-block-spacer\"><\/div>\n\n\n\n<h3 class=\"wp-block-heading\">F\u00fcr was steht Varta?<\/h3>\n\n\n\n<p>Die Varta AG ist die Abk\u00fcrzung f\u00fcr Vertrieb, Aufladung und Reparatur transportabler Akkumulatoren.<\/p>\n\n\n\n<h3 class=\"wp-block-heading\">Wof\u00fcr steht das Varta-Logo?<\/h3>\n\n\n\n<p>Als Technologieunternehmen hat sich VARTA bei der \u00dcberarbeitung seines Markenauftritts f\u00fcr eine konsequente Weiterentwicklung seines Logos entschieden. Der markante VARTA-&#8222;Beam&#8220;, der urspr\u00fcngliche Lichtstrahl einer Taschenlampe in V-Form, der schon immer Teil des <a href=\"http:\/\/designenlassen.de\/logo-design\">Logo-Designs<\/a> war, wurde als Kernbestandteil beibehalten und weiterentwickelt. Im neuen Auftritt erh\u00e4lt er eine gr\u00f6\u00dfere Pr\u00e4senz, wodurch dem Logo mit Wort- und Bildmarke mehr Flexibilit\u00e4t in der Anwendung verliehen wird.<\/p>\n\n\n\n<h2 class=\"wp-block-heading\">Fazit<\/h2>\n\n\n\n<p>Varta steht f\u00fcr Tradition, Innovation und Verantwortung. Das Varta-Logo ist mehr als nur ein Symbol; es ist ein Versprechen f\u00fcr Qualit\u00e4t und eine nachhaltige Zukunft. Mit jedem Produkt, das das Varta-Logo tr\u00e4gt, k\u00f6nnen sich Kunden sicher sein, dass sie eine L\u00f6sung erhalten, die auf dem neuesten Stand der Technik ist und mit Blick auf die Umwelt entwickelt wurde. Varta ist und bleibt ein Pionier in der Welt der Energie.<\/p>\n\n\n\n<div class=\"wp-block-buttons is-content-justification-center is-layout-flex wp-container-core-buttons-is-layout-16018d1d wp-block-buttons-is-layout-flex\">\n<div class=\"wp-block-button is-style-fill\"><a class=\"wp-block-button__link has-white-color has-text-color has-background has-text-align-left wp-element-button\" href=\"https:\/\/www.designenlassen.de\/logo-design?utm_source=blog&amp;utm_medium=button&amp;utm_campaign=logo-sammlung\" style=\"background-color:#091182\">Jetzt Logo erstellen<\/a><\/div>\n<\/div>\n\n\n\n<div style=\"height:38px\" aria-hidden=\"true\" class=\"wp-block-spacer\"><\/div>\n\n\n\n<h2 class=\"wp-block-heading\">Weiterf\u00fchrende Informationen<\/h2>\n\n\n\n<ul class=\"wp-block-list\">\n<li><a href=\"https:\/\/www.varta-ag.com\/de\/ueber-varta\/unternehmen\/geschichte\">Geschichte<\/a><\/li>\n<\/ul>\n\n\n\n<p><strong>Bildquelle:<\/strong><\/p>\n\n\n\n<ul class=\"wp-block-list\">\n<li><a href=\"https:\/\/de.m.wikipedia.org\/wiki\/Datei:Varta-Logo.svg\">Foto von Wikipedia<\/a><\/li>\n<\/ul>\n","protected":false},"excerpt":{"rendered":"<p>Varta, ein Name, der seit \u00fcber einem Jahrhundert mit&nbsp;Energie&nbsp;und&nbsp;Innovation&nbsp;verbunden ist, hat sich zu einem der f\u00fchrenden&hellip;<\/p>\n","protected":false},"author":27,"featured_media":30134,"parent":27972,"menu_order":0,"comment_status":"closed","ping_status":"closed","template":"","meta":{"_lmt_disableupdate":"","_lmt_disable":"","footnotes":""},"class_list":["post-30131","page","type-page","status-publish","has-post-thumbnail","hentry"],"yoast_head":"<!-- This site is optimized with the Yoast SEO plugin v27.5 - https:\/\/yoast.com\/product\/yoast-seo-wordpress\/ -->\n<title>Varta Logo \u25ba Bilder, Geschichte, Entwicklung &amp; u.v.m<\/title>\n<meta name=\"description\" content=\"Erfahre alles Wichtige \u00fcber das Varta-Logo: Geschichte \u2713 Ursprung \u2713 Entwicklung \u2713 Bedeutung \u2713 u.v.m. \u25ba Jetzt ansehen!\" \/>\n<meta name=\"robots\" content=\"index, follow, max-snippet:-1, max-image-preview:large, max-video-preview:-1\" \/>\n<link rel=\"canonical\" href=\"https:\/\/www.designenlassen.de\/blog\/bekannte-logos\/varta-logo\/\" \/>\n<meta property=\"og:locale\" content=\"de_DE\" \/>\n<meta property=\"og:type\" content=\"article\" \/>\n<meta property=\"og:title\" content=\"Varta Logo \u25ba Bilder, Geschichte, Entwicklung &amp; u.v.m\" \/>\n<meta property=\"og:description\" content=\"Erfahre alles Wichtige \u00fcber das Varta-Logo: Geschichte \u2713 Ursprung \u2713 Entwicklung \u2713 Bedeutung \u2713 u.v.m. \u25ba Jetzt ansehen!\" \/>\n<meta property=\"og:url\" content=\"https:\/\/www.designenlassen.de\/blog\/bekannte-logos\/varta-logo\/\" \/>\n<meta property=\"og:site_name\" content=\"designenlassen.de Blog\" \/>\n<meta property=\"article:modified_time\" content=\"2024-05-16T08:02:04+00:00\" \/>\n<meta property=\"og:image\" content=\"https:\/\/www.designenlassen.de\/blog\/wp-content\/uploads\/2024\/03\/varta.png\" \/>\n\t<meta property=\"og:image:width\" content=\"600\" \/>\n\t<meta property=\"og:image:height\" content=\"600\" \/>\n\t<meta property=\"og:image:type\" content=\"image\/png\" \/>\n<meta name=\"twitter:card\" content=\"summary_large_image\" \/>\n<meta name=\"twitter:label1\" content=\"Gesch\u00e4tzte Lesezeit\" \/>\n\t<meta name=\"twitter:data1\" content=\"5\u00a0Minuten\" \/>\n<script type=\"application\/ld+json\" class=\"yoast-schema-graph\">{\"@context\":\"https:\\\/\\\/schema.org\",\"@graph\":[{\"@type\":\"WebPage\",\"@id\":\"https:\\\/\\\/www.designenlassen.de\\\/blog\\\/bekannte-logos\\\/varta-logo\\\/\",\"url\":\"https:\\\/\\\/www.designenlassen.de\\\/blog\\\/bekannte-logos\\\/varta-logo\\\/\",\"name\":\"Varta Logo \u25ba Bilder, Geschichte, Entwicklung & u.v.m\",\"isPartOf\":{\"@id\":\"https:\\\/\\\/www.designenlassen.de\\\/blog\\\/#website\"},\"primaryImageOfPage\":{\"@id\":\"https:\\\/\\\/www.designenlassen.de\\\/blog\\\/bekannte-logos\\\/varta-logo\\\/#primaryimage\"},\"image\":{\"@id\":\"https:\\\/\\\/www.designenlassen.de\\\/blog\\\/bekannte-logos\\\/varta-logo\\\/#primaryimage\"},\"thumbnailUrl\":\"https:\\\/\\\/www.designenlassen.de\\\/blog\\\/wp-content\\\/uploads\\\/2024\\\/03\\\/varta.png\",\"datePublished\":\"2024-03-14T12:55:27+00:00\",\"dateModified\":\"2024-05-16T08:02:04+00:00\",\"description\":\"Erfahre alles Wichtige \u00fcber das Varta-Logo: Geschichte \u2713 Ursprung \u2713 Entwicklung \u2713 Bedeutung \u2713 u.v.m. \u25ba Jetzt ansehen!\",\"breadcrumb\":{\"@id\":\"https:\\\/\\\/www.designenlassen.de\\\/blog\\\/bekannte-logos\\\/varta-logo\\\/#breadcrumb\"},\"inLanguage\":\"de\",\"potentialAction\":[{\"@type\":\"ReadAction\",\"target\":[\"https:\\\/\\\/www.designenlassen.de\\\/blog\\\/bekannte-logos\\\/varta-logo\\\/\"]}]},{\"@type\":\"ImageObject\",\"inLanguage\":\"de\",\"@id\":\"https:\\\/\\\/www.designenlassen.de\\\/blog\\\/bekannte-logos\\\/varta-logo\\\/#primaryimage\",\"url\":\"https:\\\/\\\/www.designenlassen.de\\\/blog\\\/wp-content\\\/uploads\\\/2024\\\/03\\\/varta.png\",\"contentUrl\":\"https:\\\/\\\/www.designenlassen.de\\\/blog\\\/wp-content\\\/uploads\\\/2024\\\/03\\\/varta.png\",\"width\":600,\"height\":600},{\"@type\":\"BreadcrumbList\",\"@id\":\"https:\\\/\\\/www.designenlassen.de\\\/blog\\\/bekannte-logos\\\/varta-logo\\\/#breadcrumb\",\"itemListElement\":[{\"@type\":\"ListItem\",\"position\":1,\"name\":\"Start\",\"item\":\"https:\\\/\\\/www.designenlassen.de\\\/blog\\\/\"},{\"@type\":\"ListItem\",\"position\":2,\"name\":\"Die 180 bekanntesten Logos im \u00dcberblick\",\"item\":\"https:\\\/\\\/www.designenlassen.de\\\/blog\\\/bekannte-logos\\\/\"},{\"@type\":\"ListItem\",\"position\":3,\"name\":\"Varta Logo\"}]},{\"@type\":\"WebSite\",\"@id\":\"https:\\\/\\\/www.designenlassen.de\\\/blog\\\/#website\",\"url\":\"https:\\\/\\\/www.designenlassen.de\\\/blog\\\/\",\"name\":\"designenlassen.de Blog\",\"description\":\"Inspirationen, Tipps und Ideen f\u00fcr Designer sowie Gr\u00fcnder und Kleinbetriebe.\",\"potentialAction\":[{\"@type\":\"SearchAction\",\"target\":{\"@type\":\"EntryPoint\",\"urlTemplate\":\"https:\\\/\\\/www.designenlassen.de\\\/blog\\\/?s={search_term_string}\"},\"query-input\":{\"@type\":\"PropertyValueSpecification\",\"valueRequired\":true,\"valueName\":\"search_term_string\"}}],\"inLanguage\":\"de\"}]}<\/script>\n<!-- \/ Yoast SEO plugin. -->","yoast_head_json":{"title":"Varta Logo \u25ba Bilder, Geschichte, Entwicklung & u.v.m","description":"Erfahre alles Wichtige \u00fcber das Varta-Logo: Geschichte \u2713 Ursprung \u2713 Entwicklung \u2713 Bedeutung \u2713 u.v.m. \u25ba Jetzt ansehen!","robots":{"index":"index","follow":"follow","max-snippet":"max-snippet:-1","max-image-preview":"max-image-preview:large","max-video-preview":"max-video-preview:-1"},"canonical":"https:\/\/www.designenlassen.de\/blog\/bekannte-logos\/varta-logo\/","og_locale":"de_DE","og_type":"article","og_title":"Varta Logo \u25ba Bilder, Geschichte, Entwicklung & u.v.m","og_description":"Erfahre alles Wichtige \u00fcber das Varta-Logo: Geschichte \u2713 Ursprung \u2713 Entwicklung \u2713 Bedeutung \u2713 u.v.m. \u25ba Jetzt ansehen!","og_url":"https:\/\/www.designenlassen.de\/blog\/bekannte-logos\/varta-logo\/","og_site_name":"designenlassen.de Blog","article_modified_time":"2024-05-16T08:02:04+00:00","og_image":[{"width":600,"height":600,"url":"https:\/\/www.designenlassen.de\/blog\/wp-content\/uploads\/2024\/03\/varta.png","type":"image\/png"}],"twitter_card":"summary_large_image","twitter_misc":{"Gesch\u00e4tzte Lesezeit":"5\u00a0Minuten"},"schema":{"@context":"https:\/\/schema.org","@graph":[{"@type":"WebPage","@id":"https:\/\/www.designenlassen.de\/blog\/bekannte-logos\/varta-logo\/","url":"https:\/\/www.designenlassen.de\/blog\/bekannte-logos\/varta-logo\/","name":"Varta Logo \u25ba Bilder, Geschichte, Entwicklung & u.v.m","isPartOf":{"@id":"https:\/\/www.designenlassen.de\/blog\/#website"},"primaryImageOfPage":{"@id":"https:\/\/www.designenlassen.de\/blog\/bekannte-logos\/varta-logo\/#primaryimage"},"image":{"@id":"https:\/\/www.designenlassen.de\/blog\/bekannte-logos\/varta-logo\/#primaryimage"},"thumbnailUrl":"https:\/\/www.designenlassen.de\/blog\/wp-content\/uploads\/2024\/03\/varta.png","datePublished":"2024-03-14T12:55:27+00:00","dateModified":"2024-05-16T08:02:04+00:00","description":"Erfahre alles Wichtige \u00fcber das Varta-Logo: Geschichte \u2713 Ursprung \u2713 Entwicklung \u2713 Bedeutung \u2713 u.v.m. \u25ba Jetzt ansehen!","breadcrumb":{"@id":"https:\/\/www.designenlassen.de\/blog\/bekannte-logos\/varta-logo\/#breadcrumb"},"inLanguage":"de","potentialAction":[{"@type":"ReadAction","target":["https:\/\/www.designenlassen.de\/blog\/bekannte-logos\/varta-logo\/"]}]},{"@type":"ImageObject","inLanguage":"de","@id":"https:\/\/www.designenlassen.de\/blog\/bekannte-logos\/varta-logo\/#primaryimage","url":"https:\/\/www.designenlassen.de\/blog\/wp-content\/uploads\/2024\/03\/varta.png","contentUrl":"https:\/\/www.designenlassen.de\/blog\/wp-content\/uploads\/2024\/03\/varta.png","width":600,"height":600},{"@type":"BreadcrumbList","@id":"https:\/\/www.designenlassen.de\/blog\/bekannte-logos\/varta-logo\/#breadcrumb","itemListElement":[{"@type":"ListItem","position":1,"name":"Start","item":"https:\/\/www.designenlassen.de\/blog\/"},{"@type":"ListItem","position":2,"name":"Die 180 bekanntesten Logos im \u00dcberblick","item":"https:\/\/www.designenlassen.de\/blog\/bekannte-logos\/"},{"@type":"ListItem","position":3,"name":"Varta Logo"}]},{"@type":"WebSite","@id":"https:\/\/www.designenlassen.de\/blog\/#website","url":"https:\/\/www.designenlassen.de\/blog\/","name":"designenlassen.de Blog","description":"Inspirationen, Tipps und Ideen f\u00fcr Designer sowie Gr\u00fcnder und Kleinbetriebe.","potentialAction":[{"@type":"SearchAction","target":{"@type":"EntryPoint","urlTemplate":"https:\/\/www.designenlassen.de\/blog\/?s={search_term_string}"},"query-input":{"@type":"PropertyValueSpecification","valueRequired":true,"valueName":"search_term_string"}}],"inLanguage":"de"}]}},"_links":{"self":[{"href":"https:\/\/www.designenlassen.de\/blog\/wp-json\/wp\/v2\/pages\/30131","targetHints":{"allow":["GET"]}}],"collection":[{"href":"https:\/\/www.designenlassen.de\/blog\/wp-json\/wp\/v2\/pages"}],"about":[{"href":"https:\/\/www.designenlassen.de\/blog\/wp-json\/wp\/v2\/types\/page"}],"author":[{"embeddable":true,"href":"https:\/\/www.designenlassen.de\/blog\/wp-json\/wp\/v2\/users\/27"}],"replies":[{"embeddable":true,"href":"https:\/\/www.designenlassen.de\/blog\/wp-json\/wp\/v2\/comments?post=30131"}],"version-history":[{"count":6,"href":"https:\/\/www.designenlassen.de\/blog\/wp-json\/wp\/v2\/pages\/30131\/revisions"}],"predecessor-version":[{"id":31761,"href":"https:\/\/www.designenlassen.de\/blog\/wp-json\/wp\/v2\/pages\/30131\/revisions\/31761"}],"up":[{"embeddable":true,"href":"https:\/\/www.designenlassen.de\/blog\/wp-json\/wp\/v2\/pages\/27972"}],"wp:featuredmedia":[{"embeddable":true,"href":"https:\/\/www.designenlassen.de\/blog\/wp-json\/wp\/v2\/media\/30134"}],"wp:attachment":[{"href":"https:\/\/www.designenlassen.de\/blog\/wp-json\/wp\/v2\/media?parent=30131"}],"curies":[{"name":"wp","href":"https:\/\/api.w.org\/{rel}","templated":true}]}}